{"id":660,"date":"2025-09-17T18:46:03","date_gmt":"2025-09-17T16:46:03","guid":{"rendered":"https:\/\/middlechild.hr\/?page_id=660"},"modified":"2026-02-25T14:07:57","modified_gmt":"2026-02-25T13:07:57","slug":"nacin-dostave","status":"publish","type":"page","link":"https:\/\/middlechild.hr\/en\/nacin-dostave\/","title":{"rendered":"Delivery method"},"content":{"rendered":"<div data-elementor-type=\"wp-page\" data-elementor-id=\"660\" class=\"elementor elementor-660\" data-elementor-post-type=\"page\">\n\t\t\t\t\t\t<section class=\"elementor-section elementor-top-section elementor-element elementor-element-67e80bcc elementor-section-height-min-height elementor-section-boxed elementor-section-height-default elementor-section-items-middle\" data-id=\"67e80bcc\" data-element_type=\"section\" data-e-type=\"section\" data-settings=\"{&quot;background_background&quot;:&quot;classic&quot;}\">\n\t\t\t\t\t\t<div class=\"elementor-container elementor-column-gap-default\">\n\t\t\t\t\t<div class=\"elementor-column elementor-col-100 elementor-top-column elementor-element elementor-element-185c6c72\" data-id=\"185c6c72\" data-element_type=\"column\" data-e-type=\"column\">\n\t\t\t<div class=\"elementor-widget-wrap elementor-element-populated\">\n\t\t\t\t\t\t<div class=\"elementor-element elementor-element-160ee5bc elementor-widget elementor-widget-heading\" data-id=\"160ee5bc\" data-element_type=\"widget\" data-e-type=\"widget\" data-widget_type=\"heading.default\">\n\t\t\t\t<div class=\"elementor-widget-container\">\n\t\t\t\t\t<h1 class=\"elementor-heading-title elementor-size-default\">Delivery method<\/h1>\t\t\t\t<\/div>\n\t\t\t\t<\/div>\n\t\t\t\t<div class=\"elementor-element elementor-element-3b4e4a5 elementor-widget-divider--separator-type-pattern elementor-widget-divider--view-line elementor-widget elementor-widget-divider\" data-id=\"3b4e4a5\" data-element_type=\"widget\" data-e-type=\"widget\" data-widget_type=\"divider.default\">\n\t\t\t\t<div class=\"elementor-widget-container\">\n\t\t\t\t\t\t\t<div class=\"elementor-divider\" style=\"--divider-pattern-url: url(&quot;data:image\/svg+xml,%3Csvg xmlns=&#039;http:\/\/www.w3.org\/2000\/svg&#039; preserveAspectRatio=&#039;none&#039; overflow=&#039;visible&#039; height=&#039;100%&#039; viewBox=&#039;0 0 24 24&#039; fill=&#039;none&#039; stroke=&#039;black&#039; stroke-width=&#039;4&#039; stroke-linecap=&#039;square&#039; stroke-miterlimit=&#039;10&#039;%3E%3Cpath d=&#039;M0,21c3.3,0,8.3-0.9,15.7-7.1c6.6-5.4,4.4-9.3,2.4-10.3c-3.4-1.8-7.7,1.3-7.3,8.8C11.2,20,17.1,21,24,21&#039;\/%3E%3C\/svg%3E&quot;);\">\n\t\t\t<span class=\"elementor-divider-separator\">\n\t\t\t\t\t\t<\/span>\n\t\t<\/div>\n\t\t\t\t\t\t<\/div>\n\t\t\t\t<\/div>\n\t\t\t\t\t<\/div>\n\t\t<\/div>\n\t\t\t\t\t<\/div>\n\t\t<\/section>\n\t\t<div class=\"elementor-element elementor-element-3321d531 e-flex e-con-boxed e-con e-parent\" data-id=\"3321d531\" data-element_type=\"container\" data-e-type=\"container\">\n\t\t\t\t\t<div class=\"e-con-inner\">\n\t\t\t\t<div class=\"elementor-element elementor-element-72361930 elementor-widget elementor-widget-text-editor\" data-id=\"72361930\" data-element_type=\"widget\" data-e-type=\"widget\" data-widget_type=\"text-editor.default\">\n\t\t\t\t<div class=\"elementor-widget-container\">\n\t\t\t\t\t\t\t\t\t<p><b>SUBJECT SERVICE AND COSTS (valid for delivery in the territory of the Republic of Croatia)<\/b><\/p><p><span style=\"font-weight: 400;\">Delivery is carried out through an authorized delivery service in the territory of the Republic of Croatia within the deadlines indicated at the time of purchase. Delivery deadlines are informative and do not constitute an essential component of the contract.<\/span><\/p><p><span style=\"font-weight: 400;\">Ordered items are sent to the delivery service GLS as a package, within 5 working days from the date of receipt of the order or payment (possibly earlier). Exceptionally, due to the sale of a particular item or unforeseen circumstances, it is possible that the delivery lasts longer than the stated deadline, of which you will be notified by e-mail.<\/span><\/p><p><span style=\"font-weight: 400;\">The sales contract is concluded at the moment of acceptance of the buyer's offer, and the product will be shipped within 5 working days (Saturday, Sunday and non-working days excluded) upon receipt of the payment of the purchase price, except for the payment of the product on delivery.<\/span><\/p><p><span style=\"font-weight: 400;\">If the buyer chooses the method of payment on delivery, the sales contract is concluded at the moment of acceptance of the offer, and the product will be shipped to the delivery service within 5 working days (Saturday, Sunday and non-working days excluded) after the conclusion of the sales contract.<\/span><\/p><p><span style=\"font-weight: 400;\">*Note: delivery time may deviate from this in some periods of the year, for example, we list days of large order volumes such as Black Friday, Christmas, etc. In this case, we ask for understanding, and we will additionally inform customers on our website.<\/span><\/p><p><span style=\"font-weight: 400;\">The product will be delivered to the buyer on the territory of the Republic of Croatia within 5 working days (Saturdays, Sundays and non-working days excluded) from the moment of making the purchase from the delivery of the product to the delivery service, except for delivery to the Croatian islands. Delivery to the Croatian islands is made according to the following table:<\/span><\/p><p><img fetchpriority=\"high\" decoding=\"async\" class=\"alignnone size-full wp-image-1950\" src=\"https:\/\/middlechild.hr\/wp-content\/uploads\/2026\/01\/Picture1.png\" alt=\"\" width=\"1404\" height=\"981\" srcset=\"https:\/\/middlechild.hr\/wp-content\/uploads\/2026\/01\/Picture1.png 1404w, https:\/\/middlechild.hr\/wp-content\/uploads\/2026\/01\/Picture1-300x210.png 300w, https:\/\/middlechild.hr\/wp-content\/uploads\/2026\/01\/Picture1-1024x715.png 1024w, https:\/\/middlechild.hr\/wp-content\/uploads\/2026\/01\/Picture1-768x537.png 768w, https:\/\/middlechild.hr\/wp-content\/uploads\/2026\/01\/Picture1-18x12.png 18w, https:\/\/middlechild.hr\/wp-content\/uploads\/2026\/01\/Picture1-600x419.png 600w, https:\/\/middlechild.hr\/wp-content\/uploads\/2026\/01\/Picture1-64x45.png 64w\" sizes=\"(max-width: 1404px) 100vw, 1404px\" \/><\/p><p><span style=\"font-weight: 400;\">Delivery to the Croatian islands not listed in the table above shall be made via Croatian Post, at the latest within 10 working days (Saturdays, Sundays and non-working days are excluded).<\/span><\/p><p><span style=\"font-weight: 400;\">Delivery deadlines are informative and do not constitute an essential component of the contract.<\/span><\/p><p><span style=\"font-weight: 400;\">Delivery costs are fully paid by the buyer, unless the value of the ordered shipment exceeds \u20ac 70,00 or is otherwise stated on the website <\/span><span style=\"font-weight: 400;\">www.middlechild.hr<\/span><span style=\"font-weight: 400;\">.<\/span><span style=\"font-weight: 400;\"> Delivery price within the Republic of Croatia is:<\/span><\/p><ul><li style=\"font-weight: 400;\" aria-level=\"1\"><span style=\"font-weight: 400;\">GLS at home 4.50 \u20ac<\/span><\/li><\/ul><ul><li style=\"font-weight: 400;\" aria-level=\"1\"><span style=\"font-weight: 400;\">GLS packomat 3,50 \u20ac\u00a0<\/span><\/li><\/ul><p><span style=\"font-weight: 400;\">*Note: these amounts relate only to delivery within the Republic of Croatia, and the price of delivery to other EU member states will be visible when ordering. There are no free deliveries to other EU countries.\u00a0<\/span><\/p><p><span style=\"font-weight: 400;\">If the courier service changes the delivery price, the seller will clearly indicate the new price in the web shop.<\/span><\/p><p><span style=\"font-weight: 400;\">Delivery prices are shown with VAT included.<\/span><\/p><p><span style=\"font-weight: 400;\">Unfortunately, we are not able to influence the speed of delivery or possible complications during delivery caused by the delivery service.<\/span><\/p><p><span style=\"font-weight: 400;\">*Note: delivery time may deviate from this in some periods of the year, for example, we list days of large order volumes such as Black Friday, Christmas, etc. In this case, we ask for understanding, and we will additionally inform customers on our website.<\/span><\/p><p><span style=\"font-weight: 400;\">The buyer is recommended to inspect the shipment at pick-up, but this does not affect his legal rights in case of subsequently identified defects.<\/span><\/p><p><span style=\"font-weight: 400;\">Customers can change the delivery address through the portal and in conversation with the driver of the delivery service or decide to pick up the package in person in parcels.<\/span><\/p><p><span style=\"font-weight: 400;\">If the Buyer who refused to receive the goods re-orders the goods via <\/span><span style=\"font-weight: 400;\">www.middlechild.hr<\/span><span style=\"font-weight: 400;\"> The Seller reserves the right to refuse further processing of the order as well as the right to charge.<\/span><\/p><p><span style=\"font-weight: 400;\">Middle Child<\/span><span style=\"font-weight: 400;\"> reserves the right not to send orders with incorrect\/incomplete contact information as well as orders with e-mail and\/or phone to which no one is responsible.<\/span><\/p>\t\t\t\t\t\t\t\t<\/div>\n\t\t\t\t<\/div>\n\t\t\t\t\t<\/div>\n\t\t\t\t<\/div>\n\t\t\t\t<\/div>","protected":false},"excerpt":{"rendered":"<p>SUBJECT SERVICE AND COSTS (valid for delivery in the territory of the Republic of Croatia) Delivery is carried out through an authorized delivery service in the territory of the Republic of Croatia within the deadlines indicated at the time of purchase. Delivery deadlines are informative and do not constitute an essential component of the contract. Ordered items are sent to the delivery service GLS as a package, within 5 working days from the [...]<\/p>","protected":false},"author":1,"featured_media":0,"parent":0,"menu_order":0,"comment_status":"closed","ping_status":"closed","template":"elementor_header_footer","meta":{"footnotes":""},"class_list":["post-660","page","type-page","status-publish","hentry"],"yoast_head":"<!-- This site is optimized with the Yoast SEO plugin v27.2 - https:\/\/yoast.com\/product\/yoast-seo-wordpress\/ -->\n<title>Na\u010din dostave - Middle Child<\/title>\n<meta name=\"description\" content=\"Saznajte sve o na\u010dinu dostave: tro\u0161kovi, rokovi i opcije slanja kako biste brzo i sigurno primili svoju narud\u017ebu uz jasne informacije i povoljnu dostavu.\" \/>\n<meta name=\"robots\" content=\"index, follow, max-snippet:-1, max-image-preview:large, max-video-preview:-1\" \/>\n<link rel=\"canonical\" href=\"https:\/\/middlechild.hr\/en\/nacin-dostave\/\" \/>\n<meta property=\"og:locale\" content=\"en_GB\" \/>\n<meta property=\"og:type\" content=\"article\" \/>\n<meta property=\"og:title\" content=\"Na\u010din dostave - Middle Child\" \/>\n<meta property=\"og:description\" content=\"Saznajte sve o na\u010dinu dostave: tro\u0161kovi, rokovi i opcije slanja kako biste brzo i sigurno primili svoju narud\u017ebu uz jasne informacije i povoljnu dostavu.\" \/>\n<meta property=\"og:url\" content=\"https:\/\/middlechild.hr\/en\/nacin-dostave\/\" \/>\n<meta property=\"og:site_name\" content=\"Middle Child\" \/>\n<meta property=\"article:modified_time\" content=\"2026-02-25T13:07:57+00:00\" \/>\n<meta property=\"og:image\" content=\"https:\/\/middlechild.hr\/wp-content\/uploads\/2026\/01\/Picture1.png\" \/>\n<meta name=\"twitter:card\" content=\"summary_large_image\" \/>\n<meta name=\"twitter:label1\" content=\"Estimated reading time\" \/>\n\t<meta name=\"twitter:data1\" content=\"4 minutes\" \/>\n<script type=\"application\/ld+json\" class=\"yoast-schema-graph\">{\"@context\":\"https:\/\/schema.org\",\"@graph\":[{\"@type\":\"WebPage\",\"@id\":\"https:\/\/middlechild.hr\/nacin-dostave\/\",\"url\":\"https:\/\/middlechild.hr\/nacin-dostave\/\",\"name\":\"Na\u010din dostave - Middle Child\",\"isPartOf\":{\"@id\":\"https:\/\/middlechild.hr\/#website\"},\"primaryImageOfPage\":{\"@id\":\"https:\/\/middlechild.hr\/nacin-dostave\/#primaryimage\"},\"image\":{\"@id\":\"https:\/\/middlechild.hr\/nacin-dostave\/#primaryimage\"},\"thumbnailUrl\":\"https:\/\/middlechild.hr\/wp-content\/uploads\/2026\/01\/Picture1.png\",\"datePublished\":\"2025-09-17T16:46:03+00:00\",\"dateModified\":\"2026-02-25T13:07:57+00:00\",\"description\":\"Saznajte sve o na\u010dinu dostave: tro\u0161kovi, rokovi i opcije slanja kako biste brzo i sigurno primili svoju narud\u017ebu uz jasne informacije i povoljnu dostavu.\",\"breadcrumb\":{\"@id\":\"https:\/\/middlechild.hr\/nacin-dostave\/#breadcrumb\"},\"inLanguage\":\"en-GB\",\"potentialAction\":[{\"@type\":\"ReadAction\",\"target\":[\"https:\/\/middlechild.hr\/nacin-dostave\/\"]}]},{\"@type\":\"ImageObject\",\"inLanguage\":\"en-GB\",\"@id\":\"https:\/\/middlechild.hr\/nacin-dostave\/#primaryimage\",\"url\":\"https:\/\/middlechild.hr\/wp-content\/uploads\/2026\/01\/Picture1.png\",\"contentUrl\":\"https:\/\/middlechild.hr\/wp-content\/uploads\/2026\/01\/Picture1.png\"},{\"@type\":\"BreadcrumbList\",\"@id\":\"https:\/\/middlechild.hr\/nacin-dostave\/#breadcrumb\",\"itemListElement\":[{\"@type\":\"ListItem\",\"position\":1,\"name\":\"Po\u010detna stranica\",\"item\":\"https:\/\/middlechild.hr\/\"},{\"@type\":\"ListItem\",\"position\":2,\"name\":\"Na\u010din dostave\"}]},{\"@type\":\"WebSite\",\"@id\":\"https:\/\/middlechild.hr\/#website\",\"url\":\"https:\/\/middlechild.hr\/\",\"name\":\"Middle Child\",\"description\":\"\",\"publisher\":{\"@id\":\"https:\/\/middlechild.hr\/#organization\"},\"potentialAction\":[{\"@type\":\"SearchAction\",\"target\":{\"@type\":\"EntryPoint\",\"urlTemplate\":\"https:\/\/middlechild.hr\/?s={search_term_string}\"},\"query-input\":{\"@type\":\"PropertyValueSpecification\",\"valueRequired\":true,\"valueName\":\"search_term_string\"}}],\"inLanguage\":\"en-GB\"},{\"@type\":\"Organization\",\"@id\":\"https:\/\/middlechild.hr\/#organization\",\"name\":\"Middle Child\",\"url\":\"https:\/\/middlechild.hr\/\",\"logo\":{\"@type\":\"ImageObject\",\"inLanguage\":\"en-GB\",\"@id\":\"https:\/\/middlechild.hr\/#\/schema\/logo\/image\/\",\"url\":\"https:\/\/middlechild.hr\/wp-content\/uploads\/2025\/09\/Novi-Projekt.png\",\"contentUrl\":\"https:\/\/middlechild.hr\/wp-content\/uploads\/2025\/09\/Novi-Projekt.png\",\"width\":953,\"height\":185,\"caption\":\"Middle Child\"},\"image\":{\"@id\":\"https:\/\/middlechild.hr\/#\/schema\/logo\/image\/\"}}]}<\/script>\n<!-- \/ Yoast SEO plugin. -->","yoast_head_json":{"title":"Na\u010din dostave - Middle Child","description":"Saznajte sve o na\u010dinu dostave: tro\u0161kovi, rokovi i opcije slanja kako biste brzo i sigurno primili svoju narud\u017ebu uz jasne informacije i povoljnu dostavu.","robots":{"index":"index","follow":"follow","max-snippet":"max-snippet:-1","max-image-preview":"max-image-preview:large","max-video-preview":"max-video-preview:-1"},"canonical":"https:\/\/middlechild.hr\/en\/nacin-dostave\/","og_locale":"en_GB","og_type":"article","og_title":"Na\u010din dostave - Middle Child","og_description":"Saznajte sve o na\u010dinu dostave: tro\u0161kovi, rokovi i opcije slanja kako biste brzo i sigurno primili svoju narud\u017ebu uz jasne informacije i povoljnu dostavu.","og_url":"https:\/\/middlechild.hr\/en\/nacin-dostave\/","og_site_name":"Middle Child","article_modified_time":"2026-02-25T13:07:57+00:00","og_image":[{"url":"https:\/\/middlechild.hr\/wp-content\/uploads\/2026\/01\/Picture1.png","type":"","width":"","height":""}],"twitter_card":"summary_large_image","twitter_misc":{"Estimated reading time":"4 minutes"},"schema":{"@context":"https:\/\/schema.org","@graph":[{"@type":"WebPage","@id":"https:\/\/middlechild.hr\/nacin-dostave\/","url":"https:\/\/middlechild.hr\/nacin-dostave\/","name":"Na\u010din dostave - Middle Child","isPartOf":{"@id":"https:\/\/middlechild.hr\/#website"},"primaryImageOfPage":{"@id":"https:\/\/middlechild.hr\/nacin-dostave\/#primaryimage"},"image":{"@id":"https:\/\/middlechild.hr\/nacin-dostave\/#primaryimage"},"thumbnailUrl":"https:\/\/middlechild.hr\/wp-content\/uploads\/2026\/01\/Picture1.png","datePublished":"2025-09-17T16:46:03+00:00","dateModified":"2026-02-25T13:07:57+00:00","description":"Saznajte sve o na\u010dinu dostave: tro\u0161kovi, rokovi i opcije slanja kako biste brzo i sigurno primili svoju narud\u017ebu uz jasne informacije i povoljnu dostavu.","breadcrumb":{"@id":"https:\/\/middlechild.hr\/nacin-dostave\/#breadcrumb"},"inLanguage":"en-GB","potentialAction":[{"@type":"ReadAction","target":["https:\/\/middlechild.hr\/nacin-dostave\/"]}]},{"@type":"ImageObject","inLanguage":"en-GB","@id":"https:\/\/middlechild.hr\/nacin-dostave\/#primaryimage","url":"https:\/\/middlechild.hr\/wp-content\/uploads\/2026\/01\/Picture1.png","contentUrl":"https:\/\/middlechild.hr\/wp-content\/uploads\/2026\/01\/Picture1.png"},{"@type":"BreadcrumbList","@id":"https:\/\/middlechild.hr\/nacin-dostave\/#breadcrumb","itemListElement":[{"@type":"ListItem","position":1,"name":"Po\u010detna stranica","item":"https:\/\/middlechild.hr\/"},{"@type":"ListItem","position":2,"name":"Na\u010din dostave"}]},{"@type":"WebSite","@id":"https:\/\/middlechild.hr\/#website","url":"https:\/\/middlechild.hr\/","name":"Middle Child","description":"","publisher":{"@id":"https:\/\/middlechild.hr\/#organization"},"potentialAction":[{"@type":"SearchAction","target":{"@type":"EntryPoint","urlTemplate":"https:\/\/middlechild.hr\/?s={search_term_string}"},"query-input":{"@type":"PropertyValueSpecification","valueRequired":true,"valueName":"search_term_string"}}],"inLanguage":"en-GB"},{"@type":"Organization","@id":"https:\/\/middlechild.hr\/#organization","name":"Middle Child","url":"https:\/\/middlechild.hr\/","logo":{"@type":"ImageObject","inLanguage":"en-GB","@id":"https:\/\/middlechild.hr\/#\/schema\/logo\/image\/","url":"https:\/\/middlechild.hr\/wp-content\/uploads\/2025\/09\/Novi-Projekt.png","contentUrl":"https:\/\/middlechild.hr\/wp-content\/uploads\/2025\/09\/Novi-Projekt.png","width":953,"height":185,"caption":"Middle Child"},"image":{"@id":"https:\/\/middlechild.hr\/#\/schema\/logo\/image\/"}}]}},"jetpack_sharing_enabled":true,"_links":{"self":[{"href":"https:\/\/middlechild.hr\/en\/wp-json\/wp\/v2\/pages\/660","targetHints":{"allow":["GET"]}}],"collection":[{"href":"https:\/\/middlechild.hr\/en\/wp-json\/wp\/v2\/pages"}],"about":[{"href":"https:\/\/middlechild.hr\/en\/wp-json\/wp\/v2\/types\/page"}],"author":[{"embeddable":true,"href":"https:\/\/middlechild.hr\/en\/wp-json\/wp\/v2\/users\/1"}],"replies":[{"embeddable":true,"href":"https:\/\/middlechild.hr\/en\/wp-json\/wp\/v2\/comments?post=660"}],"version-history":[{"count":19,"href":"https:\/\/middlechild.hr\/en\/wp-json\/wp\/v2\/pages\/660\/revisions"}],"predecessor-version":[{"id":2161,"href":"https:\/\/middlechild.hr\/en\/wp-json\/wp\/v2\/pages\/660\/revisions\/2161"}],"wp:attachment":[{"href":"https:\/\/middlechild.hr\/en\/wp-json\/wp\/v2\/media?parent=660"}],"curies":[{"name":"wp","href":"https:\/\/api.w.org\/{rel}","templated":true}]}}