{"id":666,"date":"2025-09-17T18:47:57","date_gmt":"2025-09-17T16:47:57","guid":{"rendered":"https:\/\/middlechild.hr\/?page_id=666"},"modified":"2026-02-25T14:07:56","modified_gmt":"2026-02-25T13:07:56","slug":"nacini-placanja","status":"publish","type":"page","link":"https:\/\/middlechild.hr\/en\/nacini-placanja\/","title":{"rendered":"Payment methods"},"content":{"rendered":"<div data-elementor-type=\"wp-page\" data-elementor-id=\"666\" class=\"elementor elementor-666\" data-elementor-post-type=\"page\">\n\t\t\t\t\t\t<section class=\"elementor-section elementor-top-section elementor-element elementor-element-5c65bbca elementor-section-height-min-height elementor-section-boxed elementor-section-height-default elementor-section-items-middle\" data-id=\"5c65bbca\" data-element_type=\"section\" data-e-type=\"section\" data-settings=\"{&quot;background_background&quot;:&quot;classic&quot;}\">\n\t\t\t\t\t\t<div class=\"elementor-container elementor-column-gap-default\">\n\t\t\t\t\t<div class=\"elementor-column elementor-col-100 elementor-top-column elementor-element elementor-element-5c39048e\" data-id=\"5c39048e\" data-element_type=\"column\" data-e-type=\"column\">\n\t\t\t<div class=\"elementor-widget-wrap elementor-element-populated\">\n\t\t\t\t\t\t<div class=\"elementor-element elementor-element-78565724 elementor-widget elementor-widget-heading\" data-id=\"78565724\" data-element_type=\"widget\" data-e-type=\"widget\" data-widget_type=\"heading.default\">\n\t\t\t\t<div class=\"elementor-widget-container\">\n\t\t\t\t\t<h1 class=\"elementor-heading-title elementor-size-default\">Payment methods<\/h1>\t\t\t\t<\/div>\n\t\t\t\t<\/div>\n\t\t\t\t<div class=\"elementor-element elementor-element-65603206 elementor-widget-divider--separator-type-pattern elementor-widget-divider--view-line elementor-widget elementor-widget-divider\" data-id=\"65603206\" data-element_type=\"widget\" data-e-type=\"widget\" data-widget_type=\"divider.default\">\n\t\t\t\t<div class=\"elementor-widget-container\">\n\t\t\t\t\t\t\t<div class=\"elementor-divider\" style=\"--divider-pattern-url: url(&quot;data:image\/svg+xml,%3Csvg xmlns=&#039;http:\/\/www.w3.org\/2000\/svg&#039; preserveAspectRatio=&#039;none&#039; overflow=&#039;visible&#039; height=&#039;100%&#039; viewBox=&#039;0 0 24 24&#039; fill=&#039;none&#039; stroke=&#039;black&#039; stroke-width=&#039;4&#039; stroke-linecap=&#039;square&#039; stroke-miterlimit=&#039;10&#039;%3E%3Cpath d=&#039;M0,21c3.3,0,8.3-0.9,15.7-7.1c6.6-5.4,4.4-9.3,2.4-10.3c-3.4-1.8-7.7,1.3-7.3,8.8C11.2,20,17.1,21,24,21&#039;\/%3E%3C\/svg%3E&quot;);\">\n\t\t\t<span class=\"elementor-divider-separator\">\n\t\t\t\t\t\t<\/span>\n\t\t<\/div>\n\t\t\t\t\t\t<\/div>\n\t\t\t\t<\/div>\n\t\t\t\t\t<\/div>\n\t\t<\/div>\n\t\t\t\t\t<\/div>\n\t\t<\/section>\n\t\t<div class=\"elementor-element elementor-element-4616f473 e-flex e-con-boxed e-con e-parent\" data-id=\"4616f473\" data-element_type=\"container\" data-e-type=\"container\">\n\t\t\t\t\t<div class=\"e-con-inner\">\n\t\t\t\t<div class=\"elementor-element elementor-element-6d70a160 elementor-widget elementor-widget-text-editor\" data-id=\"6d70a160\" data-element_type=\"widget\" data-e-type=\"widget\" data-widget_type=\"text-editor.default\">\n\t\t\t\t<div class=\"elementor-widget-container\">\n\t\t\t\t\t\t\t\t\t<p><span style=\"font-weight: 400;\">The Buyer undertakes to pay for the ordered products by one of the following payment methods:<\/span><\/p><p><b>Single Credit or Debit Card <\/b><span style=\"font-weight: 400;\">\u2013 payment directly via the internet using a card payment service: Visa Electron, MasterCard, Maestro and Visa.<\/span><\/p><p><b>By depositing into an account<\/b><span style=\"font-weight: 400;\"> \u2013 the information required for payment, including the account number to which the customer is to pay the order amount, is sent to the e-mail address specified at the order. The buyer can make the payment using internet banking or by payment at the bank branch office, post office, FINI, etc. to our giro account IBAN: HR2423600001102833096 (Zagreba\u010dka banka d.d.).<\/span><\/p><p><span style=\"font-weight: 400;\">After completing the order, the buyer should send a confirmation of the payment to the e-mail address: <\/span><span style=\"font-weight: 400;\">hello@middlechild<\/span><span style=\"font-weight: 400;\">.hr<\/span><span style=\"font-weight: 400;\">.<\/span><\/p><p><span style=\"font-weight: 400;\">Ordered items are sent to the address specified in the order within 5 working days, and after receiving the payment confirmation.<\/span><\/p><p><b>Cash on delivery<\/b><span style=\"font-weight: 400;\">\u00a0 \u2013 allows the buyer to pay the amount of the order to the courier at the time of delivery to the address. Cash on delivery is made exclusively in cash (possible only for RC).<\/span><\/p><p><span style=\"font-weight: 400;\">All prices are in euros and include VAT. The buyer can make the payment in the ways indicated on the website at the time of purchase.<\/span><\/p>\t\t\t\t\t\t\t\t<\/div>\n\t\t\t\t<\/div>\n\t\t\t\t\t<\/div>\n\t\t\t\t<\/div>\n\t\t\t\t<\/div>","protected":false},"excerpt":{"rendered":"<p>The Buyer undertakes to pay for the ordered products by one of the following payment methods: One-time by credit or debit card \u2013 payment directly online using a card payment service: Visa Electron, MasterCard, Maestro and Visa. By payment to the account \u2013 the information required for payment is sent to the e-mail address indicated at the order, including the account number to which the customer needs to [...]<\/p>","protected":false},"author":1,"featured_media":0,"parent":0,"menu_order":0,"comment_status":"closed","ping_status":"closed","template":"elementor_header_footer","meta":{"footnotes":""},"class_list":["post-666","page","type-page","status-publish","hentry"],"yoast_head":"<!-- This site is optimized with the Yoast SEO plugin v27.2 - https:\/\/yoast.com\/product\/yoast-seo-wordpress\/ -->\n<title>Na\u010dini pla\u0107anja - Middle Child<\/title>\n<meta name=\"description\" content=\"Na\u010dini pla\u0107anja stranica prikazuje dostupne metode pla\u0107anja, sigurnost transakcija i jasne informacije kako bi kupci imali jednostavno iskustvo kupnje\" \/>\n<meta name=\"robots\" content=\"index, follow, max-snippet:-1, max-image-preview:large, max-video-preview:-1\" \/>\n<link rel=\"canonical\" href=\"https:\/\/middlechild.hr\/en\/nacini-placanja\/\" \/>\n<meta property=\"og:locale\" content=\"en_GB\" \/>\n<meta property=\"og:type\" content=\"article\" \/>\n<meta property=\"og:title\" content=\"Na\u010dini pla\u0107anja - Middle Child\" \/>\n<meta property=\"og:description\" content=\"Na\u010dini pla\u0107anja stranica prikazuje dostupne metode pla\u0107anja, sigurnost transakcija i jasne informacije kako bi kupci imali jednostavno iskustvo kupnje\" \/>\n<meta property=\"og:url\" content=\"https:\/\/middlechild.hr\/en\/nacini-placanja\/\" \/>\n<meta property=\"og:site_name\" content=\"Middle Child\" \/>\n<meta property=\"article:modified_time\" content=\"2026-02-25T13:07:56+00:00\" \/>\n<meta name=\"twitter:card\" content=\"summary_large_image\" \/>\n<meta name=\"twitter:label1\" content=\"Estimated reading time\" \/>\n\t<meta name=\"twitter:data1\" content=\"1 minute\" \/>\n<script type=\"application\/ld+json\" class=\"yoast-schema-graph\">{\"@context\":\"https:\/\/schema.org\",\"@graph\":[{\"@type\":\"WebPage\",\"@id\":\"https:\/\/middlechild.hr\/nacini-placanja\/\",\"url\":\"https:\/\/middlechild.hr\/nacini-placanja\/\",\"name\":\"Na\u010dini pla\u0107anja - Middle Child\",\"isPartOf\":{\"@id\":\"https:\/\/middlechild.hr\/#website\"},\"datePublished\":\"2025-09-17T16:47:57+00:00\",\"dateModified\":\"2026-02-25T13:07:56+00:00\",\"description\":\"Na\u010dini pla\u0107anja stranica prikazuje dostupne metode pla\u0107anja, sigurnost transakcija i jasne informacije kako bi kupci imali jednostavno iskustvo kupnje\",\"breadcrumb\":{\"@id\":\"https:\/\/middlechild.hr\/nacini-placanja\/#breadcrumb\"},\"inLanguage\":\"en-GB\",\"potentialAction\":[{\"@type\":\"ReadAction\",\"target\":[\"https:\/\/middlechild.hr\/nacini-placanja\/\"]}]},{\"@type\":\"BreadcrumbList\",\"@id\":\"https:\/\/middlechild.hr\/nacini-placanja\/#breadcrumb\",\"itemListElement\":[{\"@type\":\"ListItem\",\"position\":1,\"name\":\"Po\u010detna stranica\",\"item\":\"https:\/\/middlechild.hr\/\"},{\"@type\":\"ListItem\",\"position\":2,\"name\":\"Na\u010dini pla\u0107anja\"}]},{\"@type\":\"WebSite\",\"@id\":\"https:\/\/middlechild.hr\/#website\",\"url\":\"https:\/\/middlechild.hr\/\",\"name\":\"Middle Child\",\"description\":\"\",\"publisher\":{\"@id\":\"https:\/\/middlechild.hr\/#organization\"},\"potentialAction\":[{\"@type\":\"SearchAction\",\"target\":{\"@type\":\"EntryPoint\",\"urlTemplate\":\"https:\/\/middlechild.hr\/?s={search_term_string}\"},\"query-input\":{\"@type\":\"PropertyValueSpecification\",\"valueRequired\":true,\"valueName\":\"search_term_string\"}}],\"inLanguage\":\"en-GB\"},{\"@type\":\"Organization\",\"@id\":\"https:\/\/middlechild.hr\/#organization\",\"name\":\"Middle Child\",\"url\":\"https:\/\/middlechild.hr\/\",\"logo\":{\"@type\":\"ImageObject\",\"inLanguage\":\"en-GB\",\"@id\":\"https:\/\/middlechild.hr\/#\/schema\/logo\/image\/\",\"url\":\"https:\/\/middlechild.hr\/wp-content\/uploads\/2025\/09\/Novi-Projekt.png\",\"contentUrl\":\"https:\/\/middlechild.hr\/wp-content\/uploads\/2025\/09\/Novi-Projekt.png\",\"width\":953,\"height\":185,\"caption\":\"Middle Child\"},\"image\":{\"@id\":\"https:\/\/middlechild.hr\/#\/schema\/logo\/image\/\"}}]}<\/script>\n<!-- \/ Yoast SEO plugin. -->","yoast_head_json":{"title":"Na\u010dini pla\u0107anja - Middle Child","description":"Na\u010dini pla\u0107anja stranica prikazuje dostupne metode pla\u0107anja, sigurnost transakcija i jasne informacije kako bi kupci imali jednostavno iskustvo kupnje","robots":{"index":"index","follow":"follow","max-snippet":"max-snippet:-1","max-image-preview":"max-image-preview:large","max-video-preview":"max-video-preview:-1"},"canonical":"https:\/\/middlechild.hr\/en\/nacini-placanja\/","og_locale":"en_GB","og_type":"article","og_title":"Na\u010dini pla\u0107anja - Middle Child","og_description":"Na\u010dini pla\u0107anja stranica prikazuje dostupne metode pla\u0107anja, sigurnost transakcija i jasne informacije kako bi kupci imali jednostavno iskustvo kupnje","og_url":"https:\/\/middlechild.hr\/en\/nacini-placanja\/","og_site_name":"Middle Child","article_modified_time":"2026-02-25T13:07:56+00:00","twitter_card":"summary_large_image","twitter_misc":{"Estimated reading time":"1 minute"},"schema":{"@context":"https:\/\/schema.org","@graph":[{"@type":"WebPage","@id":"https:\/\/middlechild.hr\/nacini-placanja\/","url":"https:\/\/middlechild.hr\/nacini-placanja\/","name":"Na\u010dini pla\u0107anja - Middle Child","isPartOf":{"@id":"https:\/\/middlechild.hr\/#website"},"datePublished":"2025-09-17T16:47:57+00:00","dateModified":"2026-02-25T13:07:56+00:00","description":"Na\u010dini pla\u0107anja stranica prikazuje dostupne metode pla\u0107anja, sigurnost transakcija i jasne informacije kako bi kupci imali jednostavno iskustvo kupnje","breadcrumb":{"@id":"https:\/\/middlechild.hr\/nacini-placanja\/#breadcrumb"},"inLanguage":"en-GB","potentialAction":[{"@type":"ReadAction","target":["https:\/\/middlechild.hr\/nacini-placanja\/"]}]},{"@type":"BreadcrumbList","@id":"https:\/\/middlechild.hr\/nacini-placanja\/#breadcrumb","itemListElement":[{"@type":"ListItem","position":1,"name":"Po\u010detna stranica","item":"https:\/\/middlechild.hr\/"},{"@type":"ListItem","position":2,"name":"Na\u010dini pla\u0107anja"}]},{"@type":"WebSite","@id":"https:\/\/middlechild.hr\/#website","url":"https:\/\/middlechild.hr\/","name":"Middle Child","description":"","publisher":{"@id":"https:\/\/middlechild.hr\/#organization"},"potentialAction":[{"@type":"SearchAction","target":{"@type":"EntryPoint","urlTemplate":"https:\/\/middlechild.hr\/?s={search_term_string}"},"query-input":{"@type":"PropertyValueSpecification","valueRequired":true,"valueName":"search_term_string"}}],"inLanguage":"en-GB"},{"@type":"Organization","@id":"https:\/\/middlechild.hr\/#organization","name":"Middle Child","url":"https:\/\/middlechild.hr\/","logo":{"@type":"ImageObject","inLanguage":"en-GB","@id":"https:\/\/middlechild.hr\/#\/schema\/logo\/image\/","url":"https:\/\/middlechild.hr\/wp-content\/uploads\/2025\/09\/Novi-Projekt.png","contentUrl":"https:\/\/middlechild.hr\/wp-content\/uploads\/2025\/09\/Novi-Projekt.png","width":953,"height":185,"caption":"Middle Child"},"image":{"@id":"https:\/\/middlechild.hr\/#\/schema\/logo\/image\/"}}]}},"jetpack_sharing_enabled":true,"_links":{"self":[{"href":"https:\/\/middlechild.hr\/en\/wp-json\/wp\/v2\/pages\/666","targetHints":{"allow":["GET"]}}],"collection":[{"href":"https:\/\/middlechild.hr\/en\/wp-json\/wp\/v2\/pages"}],"about":[{"href":"https:\/\/middlechild.hr\/en\/wp-json\/wp\/v2\/types\/page"}],"author":[{"embeddable":true,"href":"https:\/\/middlechild.hr\/en\/wp-json\/wp\/v2\/users\/1"}],"replies":[{"embeddable":true,"href":"https:\/\/middlechild.hr\/en\/wp-json\/wp\/v2\/comments?post=666"}],"version-history":[{"count":28,"href":"https:\/\/middlechild.hr\/en\/wp-json\/wp\/v2\/pages\/666\/revisions"}],"predecessor-version":[{"id":2158,"href":"https:\/\/middlechild.hr\/en\/wp-json\/wp\/v2\/pages\/666\/revisions\/2158"}],"wp:attachment":[{"href":"https:\/\/middlechild.hr\/en\/wp-json\/wp\/v2\/media?parent=666"}],"curies":[{"name":"wp","href":"https:\/\/api.w.org\/{rel}","templated":true}]}}