{"id":698,"date":"2025-09-17T19:22:57","date_gmt":"2025-09-17T17:22:57","guid":{"rendered":"https:\/\/middlechild.hr\/?page_id=698"},"modified":"2026-04-16T16:54:59","modified_gmt":"2026-04-16T14:54:59","slug":"o-nama","status":"publish","type":"page","link":"https:\/\/middlechild.hr\/en\/o-nama\/","title":{"rendered":"About us"},"content":{"rendered":"<div data-elementor-type=\"wp-page\" data-elementor-id=\"698\" class=\"elementor elementor-698\" data-elementor-post-type=\"page\">\n\t\t\t\t\t\t<section class=\"elementor-section elementor-top-section elementor-element elementor-element-fb2eddb elementor-section-content-middle elementor-section-boxed elementor-section-height-default elementor-section-height-default\" data-id=\"fb2eddb\" data-element_type=\"section\" data-e-type=\"section\">\n\t\t\t\t\t\t<div class=\"elementor-container elementor-column-gap-default\">\n\t\t\t\t\t<div class=\"elementor-column elementor-col-50 elementor-top-column elementor-element elementor-element-3c294c77\" data-id=\"3c294c77\" data-element_type=\"column\" data-e-type=\"column\">\n\t\t\t<div class=\"elementor-widget-wrap elementor-element-populated\">\n\t\t\t\t\t\t<div class=\"elementor-element elementor-element-2500ab78 elementor-widget elementor-widget-heading\" data-id=\"2500ab78\" data-element_type=\"widget\" data-e-type=\"widget\" data-widget_type=\"heading.default\">\n\t\t\t\t<div class=\"elementor-widget-container\">\n\t\t\t\t\t<h1 class=\"elementor-heading-title elementor-size-default\">Welcome to Middle Child<\/h1>\t\t\t\t<\/div>\n\t\t\t\t<\/div>\n\t\t\t\t<div class=\"elementor-element elementor-element-163579c elementor-widget elementor-widget-heading\" data-id=\"163579c\" data-element_type=\"widget\" data-e-type=\"widget\" data-widget_type=\"heading.default\">\n\t\t\t\t<div class=\"elementor-widget-container\">\n\t\t\t\t\t<h2 class=\"elementor-heading-title elementor-size-default\">A place dedicated to all those who know that there is never the average among all.<\/h2>\t\t\t\t<\/div>\n\t\t\t\t<\/div>\n\t\t\t\t<div class=\"elementor-element elementor-element-2df7a006 elementor-widget elementor-widget-text-editor\" data-id=\"2df7a006\" data-element_type=\"widget\" data-e-type=\"widget\" data-widget_type=\"text-editor.default\">\n\t\t\t\t<div class=\"elementor-widget-container\">\n\t\t\t\t\t\t\t\t\t<p><b>Our story is simple\u00a0<\/b><\/p><p><span style=\"font-weight: 400;\">We wanted to create a space where design, security and emotion meet in perfect balance. Every product you find with us is selected with the care, thoughtfulness and belief that quality does not have to be<\/span> <span style=\"font-weight: 400;\">Noisy to be exceptional.<\/span><\/p><p><b>Our offer includes HeOrShe \u2013 a brand whose motto<\/b> <b>\u2018Safe But Chic\u2019 <\/b><span style=\"font-weight: 400;\">proves that baby products can be both uncompromisingly safe and elegant. Their bottles, pacifiers and accessories are made with love for the details and understanding of every moment of parenting.<\/span><\/p><p><b>There is also Zoy Zoii, whose motto<\/b> <b>\u2018Children are born artists\u2019 <\/b><span style=\"font-weight: 400;\">Reminds that every child is a little masterpiece. Their backpacks combine functionality, comfort and artistic spirit \u2013 creating the perfect balance between play, imagination and everyday adventures.<\/span><\/p><p><span style=\"font-weight: 400;\">Middle Child is more than a webshop. It is a carefully arranged place for parents who appreciate aesthetics, comfort and purpose.<\/span><\/p><p><span style=\"font-weight: 400;\"><br \/><\/span><span style=\"font-weight: 400;\">For those who choose products that last, who tell the story, and who with their existence make childhood even more beautiful.<\/span><\/p><p><span style=\"font-weight: 400;\">Because between all the choices \u2013 we choose what is never average.<\/span><\/p>\t\t\t\t\t\t\t\t<\/div>\n\t\t\t\t<\/div>\n\t\t\t\t\t<\/div>\n\t\t<\/div>\n\t\t\t\t<div class=\"elementor-column elementor-col-50 elementor-top-column elementor-element elementor-element-d5e5f50\" data-id=\"d5e5f50\" data-element_type=\"column\" data-e-type=\"column\">\n\t\t\t<div class=\"elementor-widget-wrap elementor-element-populated\">\n\t\t\t\t\t\t<div class=\"elementor-element elementor-element-1af8ebb3 elementor-widget__width-auto e-transform elementor-widget elementor-widget-image\" data-id=\"1af8ebb3\" data-element_type=\"widget\" data-e-type=\"widget\" data-settings=\"{&quot;_transform_rotateZ_effect&quot;:{&quot;unit&quot;:&quot;px&quot;,&quot;size&quot;:5,&quot;sizes&quot;:[]},&quot;_transform_rotateZ_effect_tablet&quot;:{&quot;unit&quot;:&quot;deg&quot;,&quot;size&quot;:&quot;&quot;,&quot;sizes&quot;:[]},&quot;_transform_rotateZ_effect_mobile&quot;:{&quot;unit&quot;:&quot;deg&quot;,&quot;size&quot;:&quot;&quot;,&quot;sizes&quot;:[]}}\" data-widget_type=\"image.default\">\n\t\t\t\t<div class=\"elementor-widget-container\">\n\t\t\t\t\t\t\t\t\t\t\t\t\t\t\t<img fetchpriority=\"high\" decoding=\"async\" width=\"2560\" height=\"1708\" src=\"https:\/\/middlechild.hr\/wp-content\/uploads\/2025\/09\/baby-5-1.jpg\" class=\"attachment-full size-full wp-image-794\" alt=\"\" srcset=\"https:\/\/middlechild.hr\/wp-content\/uploads\/2025\/09\/baby-5-1.jpg 2560w, https:\/\/middlechild.hr\/wp-content\/uploads\/2025\/09\/baby-5-1-300x200.jpg 300w, https:\/\/middlechild.hr\/wp-content\/uploads\/2025\/09\/baby-5-1-1024x683.jpg 1024w, https:\/\/middlechild.hr\/wp-content\/uploads\/2025\/09\/baby-5-1-768x512.jpg 768w, https:\/\/middlechild.hr\/wp-content\/uploads\/2025\/09\/baby-5-1-1536x1025.jpg 1536w, https:\/\/middlechild.hr\/wp-content\/uploads\/2025\/09\/baby-5-1-2048x1366.jpg 2048w, https:\/\/middlechild.hr\/wp-content\/uploads\/2025\/09\/baby-5-1-600x400.jpg 600w, https:\/\/middlechild.hr\/wp-content\/uploads\/2025\/09\/baby-5-1-64x43.jpg 64w\" sizes=\"(max-width: 2560px) 100vw, 2560px\" \/>\t\t\t\t\t\t\t\t\t\t\t\t\t\t\t<\/div>\n\t\t\t\t<\/div>\n\t\t\t\t\t<\/div>\n\t\t<\/div>\n\t\t\t\t\t<\/div>\n\t\t<\/section>\n\t\t\t\t<section class=\"elementor-section elementor-top-section elementor-element elementor-element-503bfa9 elementor-reverse-mobile elementor-section-content-middle elementor-section-boxed elementor-section-height-default elementor-section-height-default\" data-id=\"503bfa9\" data-element_type=\"section\" data-e-type=\"section\" data-settings=\"{&quot;background_background&quot;:&quot;classic&quot;}\">\n\t\t\t\t\t\t<div class=\"elementor-container elementor-column-gap-default\">\n\t\t\t\t\t<div class=\"elementor-column elementor-col-50 elementor-top-column elementor-element elementor-element-7c4739f\" data-id=\"7c4739f\" data-element_type=\"column\" data-e-type=\"column\">\n\t\t\t<div class=\"elementor-widget-wrap elementor-element-populated\">\n\t\t\t\t\t\t<div class=\"elementor-element elementor-element-c75eba2 elementor-widget elementor-widget-image\" data-id=\"c75eba2\" data-element_type=\"widget\" data-e-type=\"widget\" data-widget_type=\"image.default\">\n\t\t\t\t<div class=\"elementor-widget-container\">\n\t\t\t\t\t\t\t\t\t\t\t\t\t\t\t<img decoding=\"async\" width=\"790\" height=\"922\" src=\"https:\/\/middlechild.hr\/wp-content\/uploads\/2025\/10\/Donut-Serija-2.jpg\" class=\"attachment-large size-large wp-image-1244\" alt=\"\" srcset=\"https:\/\/middlechild.hr\/wp-content\/uploads\/2025\/10\/Donut-Serija-2.jpg 790w, https:\/\/middlechild.hr\/wp-content\/uploads\/2025\/10\/Donut-Serija-2-257x300.jpg 257w, https:\/\/middlechild.hr\/wp-content\/uploads\/2025\/10\/Donut-Serija-2-768x896.jpg 768w, https:\/\/middlechild.hr\/wp-content\/uploads\/2025\/10\/Donut-Serija-2-600x700.jpg 600w, https:\/\/middlechild.hr\/wp-content\/uploads\/2025\/10\/Donut-Serija-2-64x75.jpg 64w\" sizes=\"(max-width: 790px) 100vw, 790px\" \/>\t\t\t\t\t\t\t\t\t\t\t\t\t\t\t<\/div>\n\t\t\t\t<\/div>\n\t\t\t\t\t<\/div>\n\t\t<\/div>\n\t\t\t\t<div class=\"elementor-column elementor-col-50 elementor-top-column elementor-element elementor-element-6376b80\" data-id=\"6376b80\" data-element_type=\"column\" data-e-type=\"column\">\n\t\t\t<div class=\"elementor-widget-wrap elementor-element-populated\">\n\t\t\t\t\t\t<div class=\"elementor-element elementor-element-45ba460 elementor-widget elementor-widget-heading\" data-id=\"45ba460\" data-element_type=\"widget\" data-e-type=\"widget\" data-widget_type=\"heading.default\">\n\t\t\t\t<div class=\"elementor-widget-container\">\n\t\t\t\t\t<h2 class=\"elementor-heading-title elementor-size-default\">Our mission: Safety, Functionality and Smile<\/h2>\t\t\t\t<\/div>\n\t\t\t\t<\/div>\n\t\t\t\t<div class=\"elementor-element elementor-element-0d4190d elementor-widget elementor-widget-text-editor\" data-id=\"0d4190d\" data-element_type=\"widget\" data-e-type=\"widget\" data-widget_type=\"text-editor.default\">\n\t\t\t\t<div class=\"elementor-widget-container\">\n\t\t\t\t\t\t\t\t\t<p>Our goal is not only to offer products, but also to enable children and parents an everyday life filled with safety, convenience and a smile. Each product from our offer has been carefully selected so that the little ones can enjoy their daily activities while enjoying comfort and quality.<\/p><p>Children are born artists. Through play, creativity and imagination, they shape the world around them. Our products encourage this unique energy \u2013 because every child deserves the opportunity to be an artist, researcher and adventurer.<\/p>\t\t\t\t\t\t\t\t<\/div>\n\t\t\t\t<\/div>\n\t\t\t\t\t<\/div>\n\t\t<\/div>\n\t\t\t\t\t<\/div>\n\t\t<\/section>\n\t\t\t\t<section class=\"elementor-section elementor-top-section elementor-element elementor-element-66ab09bb elementor-section-content-middle elementor-section-boxed elementor-section-height-default elementor-section-height-default\" data-id=\"66ab09bb\" data-element_type=\"section\" data-e-type=\"section\">\n\t\t\t\t\t\t<div class=\"elementor-container elementor-column-gap-default\">\n\t\t\t\t\t<div class=\"elementor-column elementor-col-50 elementor-top-column elementor-element elementor-element-5bfc62ae\" data-id=\"5bfc62ae\" data-element_type=\"column\" data-e-type=\"column\">\n\t\t\t<div class=\"elementor-widget-wrap elementor-element-populated\">\n\t\t\t\t\t\t<div class=\"elementor-element elementor-element-1a9b55d4 elementor-widget-mobile__width-initial elementor-widget elementor-widget-heading\" data-id=\"1a9b55d4\" data-element_type=\"widget\" data-e-type=\"widget\" data-widget_type=\"heading.default\">\n\t\t\t\t<div class=\"elementor-widget-container\">\n\t\t\t\t\t<h2 class=\"elementor-heading-title elementor-size-default\">Why choose us?<\/h2>\t\t\t\t<\/div>\n\t\t\t\t<\/div>\n\t\t\t\t<div class=\"elementor-element elementor-element-21875fe6 elementor-widget elementor-widget-text-editor\" data-id=\"21875fe6\" data-element_type=\"widget\" data-e-type=\"widget\" data-widget_type=\"text-editor.default\">\n\t\t\t\t<div class=\"elementor-widget-container\">\n\t\t\t\t\t\t\t\t\t<p>Today, parents are looking for products that are safe, quality, long-lasting and at the same time fun. We have combined all these elements to offer you solutions that make everyday life easier and encourage children to play, be creative and independent.<\/p><p>We believe that everyday objects, such as bottles, toys or backpacks, can be much more than \u201cneeds\u201d \u2013 they can be a source of inspiration and joy. That's why we have carefully selected products that combine quality, safety and design, allowing children to express themselves, learn and grow through play.<\/p>\t\t\t\t\t\t\t\t<\/div>\n\t\t\t\t<\/div>\n\t\t\t\t\t<\/div>\n\t\t<\/div>\n\t\t\t\t<div class=\"elementor-column elementor-col-50 elementor-top-column elementor-element elementor-element-43c984ad\" data-id=\"43c984ad\" data-element_type=\"column\" data-e-type=\"column\">\n\t\t\t<div class=\"elementor-widget-wrap elementor-element-populated\">\n\t\t\t\t\t\t<div class=\"elementor-element elementor-element-3955f70 elementor-widget elementor-widget-image\" data-id=\"3955f70\" data-element_type=\"widget\" data-e-type=\"widget\" data-widget_type=\"image.default\">\n\t\t\t\t<div class=\"elementor-widget-container\">\n\t\t\t\t\t\t\t\t\t\t\t\t\t\t\t<img decoding=\"async\" width=\"800\" height=\"450\" src=\"https:\/\/middlechild.hr\/wp-content\/uploads\/2025\/10\/133359-1024x576.png\" class=\"attachment-large size-large wp-image-1258\" alt=\"\" srcset=\"https:\/\/middlechild.hr\/wp-content\/uploads\/2025\/10\/133359-1024x576.png 1024w, https:\/\/middlechild.hr\/wp-content\/uploads\/2025\/10\/133359-300x169.png 300w, https:\/\/middlechild.hr\/wp-content\/uploads\/2025\/10\/133359-768x432.png 768w, https:\/\/middlechild.hr\/wp-content\/uploads\/2025\/10\/133359-1536x864.png 1536w, https:\/\/middlechild.hr\/wp-content\/uploads\/2025\/10\/133359-2048x1152.png 2048w, https:\/\/middlechild.hr\/wp-content\/uploads\/2025\/10\/133359-600x338.png 600w, https:\/\/middlechild.hr\/wp-content\/uploads\/2025\/10\/133359-64x36.png 64w\" sizes=\"(max-width: 800px) 100vw, 800px\" \/>\t\t\t\t\t\t\t\t\t\t\t\t\t\t\t<\/div>\n\t\t\t\t<\/div>\n\t\t\t\t\t<\/div>\n\t\t<\/div>\n\t\t\t\t\t<\/div>\n\t\t<\/section>\n\t\t\t\t<section class=\"elementor-section elementor-top-section elementor-element elementor-element-b7a4802 elementor-section-boxed elementor-section-height-default elementor-section-height-default\" data-id=\"b7a4802\" data-element_type=\"section\" data-e-type=\"section\" data-settings=\"{&quot;background_background&quot;:&quot;classic&quot;}\">\n\t\t\t\t\t\t\t<div class=\"elementor-background-overlay\"><\/div>\n\t\t\t\t\t\t\t<div class=\"elementor-container elementor-column-gap-default\">\n\t\t\t\t\t<div class=\"elementor-column elementor-col-100 elementor-top-column elementor-element elementor-element-6a0568a9\" data-id=\"6a0568a9\" data-element_type=\"column\" data-e-type=\"column\">\n\t\t\t<div class=\"elementor-widget-wrap elementor-element-populated\">\n\t\t\t\t\t\t<div class=\"elementor-element elementor-element-5601feeb elementor-widget elementor-widget-heading\" data-id=\"5601feeb\" data-element_type=\"widget\" data-e-type=\"widget\" data-widget_type=\"heading.default\">\n\t\t\t\t<div class=\"elementor-widget-container\">\n\t\t\t\t\t<h2 class=\"elementor-heading-title elementor-size-default\">More than a shop \u2013 a place where imagination grows<\/h2>\t\t\t\t<\/div>\n\t\t\t\t<\/div>\n\t\t\t\t<div class=\"elementor-element elementor-element-14c19ec9 elementor-widget elementor-widget-text-editor\" data-id=\"14c19ec9\" data-element_type=\"widget\" data-e-type=\"widget\" data-widget_type=\"text-editor.default\">\n\t\t\t\t<div class=\"elementor-widget-container\">\n\t\t\t\t\t\t\t\t\t<p>You're in the right place here. Our store is not just an ordinary website, but a space where imagination, quality and convenience come together. With brands like <strong>HEORSHE<\/strong> i <strong>Zoy Zoii<\/strong>, we create an offer that supports the growth, development and imagination of every child \u2013 from the first steps to the big adventures.<\/p><p><strong>Where Design Meets Childhood<\/strong><\/p>\t\t\t\t\t\t\t\t<\/div>\n\t\t\t\t<\/div>\n\t\t\t\t<div class=\"elementor-element elementor-element-2efa7fd2 elementor-align-center elementor-widget elementor-widget-button\" data-id=\"2efa7fd2\" data-element_type=\"widget\" data-e-type=\"widget\" data-widget_type=\"button.default\">\n\t\t\t\t<div class=\"elementor-widget-container\">\n\t\t\t\t\t\t\t\t\t<div class=\"elementor-button-wrapper\">\n\t\t\t\t\t<a class=\"elementor-button elementor-button-link elementor-size-md\" href=\"https:\/\/middlechild.hr\/en\/trgovina\/\">\n\t\t\t\t\t\t<span class=\"elementor-button-content-wrapper\">\n\t\t\t\t\t\t\t\t\t<span class=\"elementor-button-text\">Trade<\/span>\n\t\t\t\t\t<\/span>\n\t\t\t\t\t<\/a>\n\t\t\t\t<\/div>\n\t\t\t\t\t\t\t\t<\/div>\n\t\t\t\t<\/div>\n\t\t\t\t\t<\/div>\n\t\t<\/div>\n\t\t\t\t\t<\/div>\n\t\t<\/section>\n\t\t\t\t<\/div>","protected":false},"excerpt":{"rendered":"<p>Welcome to the Middle Child Place dedicated to all those who know that there is never the average among all. Our story is simple We wanted to create a space where design, security and emotion meet in perfect balance. Every product you find with us is selected with the care, thoughtfulness and belief that quality does not have to be noisy [...]<\/p>","protected":false},"author":1,"featured_media":0,"parent":0,"menu_order":0,"comment_status":"closed","ping_status":"closed","template":"elementor_header_footer","meta":{"footnotes":""},"class_list":["post-698","page","type-page","status-publish","hentry"],"yoast_head":"<!-- This site is optimized with the Yoast SEO plugin v27.2 - https:\/\/yoast.com\/product\/yoast-seo-wordpress\/ -->\n<title>Upoznajte na\u0161u pri\u010du o ljubavi prema djeci | Middle Child<\/title>\n<meta name=\"description\" content=\"Upoznajte Middle Child pri\u010du o strasti prema kvalitetnoj dje\u010djoj opremi. Fokusirani smo na vrhunski dizajn, sigurnost materijala i proizvode koji vesele mali\u0161ane.\" \/>\n<meta name=\"robots\" content=\"index, follow, max-snippet:-1, max-image-preview:large, max-video-preview:-1\" \/>\n<link rel=\"canonical\" href=\"https:\/\/middlechild.hr\/en\/o-nama\/\" \/>\n<meta property=\"og:locale\" content=\"en_GB\" \/>\n<meta property=\"og:type\" content=\"article\" \/>\n<meta property=\"og:title\" content=\"Upoznajte na\u0161u pri\u010du o ljubavi prema djeci | Middle Child\" \/>\n<meta property=\"og:description\" content=\"Upoznajte Middle Child pri\u010du o strasti prema kvalitetnoj dje\u010djoj opremi. Fokusirani smo na vrhunski dizajn, sigurnost materijala i proizvode koji vesele mali\u0161ane.\" \/>\n<meta property=\"og:url\" content=\"https:\/\/middlechild.hr\/en\/o-nama\/\" \/>\n<meta property=\"og:site_name\" content=\"Middle Child\" \/>\n<meta property=\"article:modified_time\" content=\"2026-04-16T14:54:59+00:00\" \/>\n<meta property=\"og:image\" content=\"https:\/\/middlechild.hr\/wp-content\/uploads\/2025\/09\/baby-5-1.jpg\" \/>\n<meta name=\"twitter:card\" content=\"summary_large_image\" \/>\n<meta name=\"twitter:label1\" content=\"Estimated reading time\" \/>\n\t<meta name=\"twitter:data1\" content=\"3 minutes\" \/>\n<script type=\"application\/ld+json\" class=\"yoast-schema-graph\">{\"@context\":\"https:\/\/schema.org\",\"@graph\":[{\"@type\":\"WebPage\",\"@id\":\"https:\/\/middlechild.hr\/o-nama\/\",\"url\":\"https:\/\/middlechild.hr\/o-nama\/\",\"name\":\"Upoznajte na\u0161u pri\u010du o ljubavi prema djeci | Middle Child\",\"isPartOf\":{\"@id\":\"https:\/\/middlechild.hr\/#website\"},\"primaryImageOfPage\":{\"@id\":\"https:\/\/middlechild.hr\/o-nama\/#primaryimage\"},\"image\":{\"@id\":\"https:\/\/middlechild.hr\/o-nama\/#primaryimage\"},\"thumbnailUrl\":\"https:\/\/middlechild.hr\/wp-content\/uploads\/2025\/09\/baby-5-1.jpg\",\"datePublished\":\"2025-09-17T17:22:57+00:00\",\"dateModified\":\"2026-04-16T14:54:59+00:00\",\"description\":\"Upoznajte Middle Child pri\u010du o strasti prema kvalitetnoj dje\u010djoj opremi. Fokusirani smo na vrhunski dizajn, sigurnost materijala i proizvode koji vesele mali\u0161ane.\",\"breadcrumb\":{\"@id\":\"https:\/\/middlechild.hr\/o-nama\/#breadcrumb\"},\"inLanguage\":\"en-GB\",\"potentialAction\":[{\"@type\":\"ReadAction\",\"target\":[\"https:\/\/middlechild.hr\/o-nama\/\"]}]},{\"@type\":\"ImageObject\",\"inLanguage\":\"en-GB\",\"@id\":\"https:\/\/middlechild.hr\/o-nama\/#primaryimage\",\"url\":\"https:\/\/middlechild.hr\/wp-content\/uploads\/2025\/09\/baby-5-1.jpg\",\"contentUrl\":\"https:\/\/middlechild.hr\/wp-content\/uploads\/2025\/09\/baby-5-1.jpg\"},{\"@type\":\"BreadcrumbList\",\"@id\":\"https:\/\/middlechild.hr\/o-nama\/#breadcrumb\",\"itemListElement\":[{\"@type\":\"ListItem\",\"position\":1,\"name\":\"Po\u010detna stranica\",\"item\":\"https:\/\/middlechild.hr\/\"},{\"@type\":\"ListItem\",\"position\":2,\"name\":\"O nama\"}]},{\"@type\":\"WebSite\",\"@id\":\"https:\/\/middlechild.hr\/#website\",\"url\":\"https:\/\/middlechild.hr\/\",\"name\":\"Middle Child\",\"description\":\"\",\"publisher\":{\"@id\":\"https:\/\/middlechild.hr\/#organization\"},\"potentialAction\":[{\"@type\":\"SearchAction\",\"target\":{\"@type\":\"EntryPoint\",\"urlTemplate\":\"https:\/\/middlechild.hr\/?s={search_term_string}\"},\"query-input\":{\"@type\":\"PropertyValueSpecification\",\"valueRequired\":true,\"valueName\":\"search_term_string\"}}],\"inLanguage\":\"en-GB\"},{\"@type\":\"Organization\",\"@id\":\"https:\/\/middlechild.hr\/#organization\",\"name\":\"Middle Child\",\"url\":\"https:\/\/middlechild.hr\/\",\"logo\":{\"@type\":\"ImageObject\",\"inLanguage\":\"en-GB\",\"@id\":\"https:\/\/middlechild.hr\/#\/schema\/logo\/image\/\",\"url\":\"https:\/\/middlechild.hr\/wp-content\/uploads\/2025\/09\/Novi-Projekt.png\",\"contentUrl\":\"https:\/\/middlechild.hr\/wp-content\/uploads\/2025\/09\/Novi-Projekt.png\",\"width\":953,\"height\":185,\"caption\":\"Middle Child\"},\"image\":{\"@id\":\"https:\/\/middlechild.hr\/#\/schema\/logo\/image\/\"}}]}<\/script>\n<!-- \/ Yoast SEO plugin. -->","yoast_head_json":{"title":"Upoznajte na\u0161u pri\u010du o ljubavi prema djeci | Middle Child","description":"Upoznajte Middle Child pri\u010du o strasti prema kvalitetnoj dje\u010djoj opremi. Fokusirani smo na vrhunski dizajn, sigurnost materijala i proizvode koji vesele mali\u0161ane.","robots":{"index":"index","follow":"follow","max-snippet":"max-snippet:-1","max-image-preview":"max-image-preview:large","max-video-preview":"max-video-preview:-1"},"canonical":"https:\/\/middlechild.hr\/en\/o-nama\/","og_locale":"en_GB","og_type":"article","og_title":"Upoznajte na\u0161u pri\u010du o ljubavi prema djeci | Middle Child","og_description":"Upoznajte Middle Child pri\u010du o strasti prema kvalitetnoj dje\u010djoj opremi. Fokusirani smo na vrhunski dizajn, sigurnost materijala i proizvode koji vesele mali\u0161ane.","og_url":"https:\/\/middlechild.hr\/en\/o-nama\/","og_site_name":"Middle Child","article_modified_time":"2026-04-16T14:54:59+00:00","og_image":[{"url":"https:\/\/middlechild.hr\/wp-content\/uploads\/2025\/09\/baby-5-1.jpg","type":"","width":"","height":""}],"twitter_card":"summary_large_image","twitter_misc":{"Estimated reading time":"3 minutes"},"schema":{"@context":"https:\/\/schema.org","@graph":[{"@type":"WebPage","@id":"https:\/\/middlechild.hr\/o-nama\/","url":"https:\/\/middlechild.hr\/o-nama\/","name":"Upoznajte na\u0161u pri\u010du o ljubavi prema djeci | Middle Child","isPartOf":{"@id":"https:\/\/middlechild.hr\/#website"},"primaryImageOfPage":{"@id":"https:\/\/middlechild.hr\/o-nama\/#primaryimage"},"image":{"@id":"https:\/\/middlechild.hr\/o-nama\/#primaryimage"},"thumbnailUrl":"https:\/\/middlechild.hr\/wp-content\/uploads\/2025\/09\/baby-5-1.jpg","datePublished":"2025-09-17T17:22:57+00:00","dateModified":"2026-04-16T14:54:59+00:00","description":"Upoznajte Middle Child pri\u010du o strasti prema kvalitetnoj dje\u010djoj opremi. Fokusirani smo na vrhunski dizajn, sigurnost materijala i proizvode koji vesele mali\u0161ane.","breadcrumb":{"@id":"https:\/\/middlechild.hr\/o-nama\/#breadcrumb"},"inLanguage":"en-GB","potentialAction":[{"@type":"ReadAction","target":["https:\/\/middlechild.hr\/o-nama\/"]}]},{"@type":"ImageObject","inLanguage":"en-GB","@id":"https:\/\/middlechild.hr\/o-nama\/#primaryimage","url":"https:\/\/middlechild.hr\/wp-content\/uploads\/2025\/09\/baby-5-1.jpg","contentUrl":"https:\/\/middlechild.hr\/wp-content\/uploads\/2025\/09\/baby-5-1.jpg"},{"@type":"BreadcrumbList","@id":"https:\/\/middlechild.hr\/o-nama\/#breadcrumb","itemListElement":[{"@type":"ListItem","position":1,"name":"Po\u010detna stranica","item":"https:\/\/middlechild.hr\/"},{"@type":"ListItem","position":2,"name":"O nama"}]},{"@type":"WebSite","@id":"https:\/\/middlechild.hr\/#website","url":"https:\/\/middlechild.hr\/","name":"Middle Child","description":"","publisher":{"@id":"https:\/\/middlechild.hr\/#organization"},"potentialAction":[{"@type":"SearchAction","target":{"@type":"EntryPoint","urlTemplate":"https:\/\/middlechild.hr\/?s={search_term_string}"},"query-input":{"@type":"PropertyValueSpecification","valueRequired":true,"valueName":"search_term_string"}}],"inLanguage":"en-GB"},{"@type":"Organization","@id":"https:\/\/middlechild.hr\/#organization","name":"Middle Child","url":"https:\/\/middlechild.hr\/","logo":{"@type":"ImageObject","inLanguage":"en-GB","@id":"https:\/\/middlechild.hr\/#\/schema\/logo\/image\/","url":"https:\/\/middlechild.hr\/wp-content\/uploads\/2025\/09\/Novi-Projekt.png","contentUrl":"https:\/\/middlechild.hr\/wp-content\/uploads\/2025\/09\/Novi-Projekt.png","width":953,"height":185,"caption":"Middle Child"},"image":{"@id":"https:\/\/middlechild.hr\/#\/schema\/logo\/image\/"}}]}},"jetpack_sharing_enabled":true,"_links":{"self":[{"href":"https:\/\/middlechild.hr\/en\/wp-json\/wp\/v2\/pages\/698","targetHints":{"allow":["GET"]}}],"collection":[{"href":"https:\/\/middlechild.hr\/en\/wp-json\/wp\/v2\/pages"}],"about":[{"href":"https:\/\/middlechild.hr\/en\/wp-json\/wp\/v2\/types\/page"}],"author":[{"embeddable":true,"href":"https:\/\/middlechild.hr\/en\/wp-json\/wp\/v2\/users\/1"}],"replies":[{"embeddable":true,"href":"https:\/\/middlechild.hr\/en\/wp-json\/wp\/v2\/comments?post=698"}],"version-history":[{"count":62,"href":"https:\/\/middlechild.hr\/en\/wp-json\/wp\/v2\/pages\/698\/revisions"}],"predecessor-version":[{"id":2310,"href":"https:\/\/middlechild.hr\/en\/wp-json\/wp\/v2\/pages\/698\/revisions\/2310"}],"wp:attachment":[{"href":"https:\/\/middlechild.hr\/en\/wp-json\/wp\/v2\/media?parent=698"}],"curies":[{"name":"wp","href":"https:\/\/api.w.org\/{rel}","templated":true}]}}