{"id":104,"date":"2026-01-27T11:44:17","date_gmt":"2026-01-27T10:44:17","guid":{"rendered":"https:\/\/middlechild.hr\/?post_type=product&#038;p=104"},"modified":"2026-04-06T09:57:27","modified_gmt":"2026-04-06T07:57:27","slug":"zoy-zoii-sweet-rainbow","status":"publish","type":"product","link":"https:\/\/middlechild.hr\/en\/product\/zoy-zoii-sweet-rainbow\/","title":{"rendered":"Zoy Zoii Sweet Rainbow"},"content":{"rendered":"<p data-start=\"0\" data-end=\"270\">Irresistibly colourful, fun and practical - 3D Sweet Rainbow from the B1 Donut Series, available in <a href=\"https:\/\/middlechild.hr\/en\/\">Middle Child<\/a> Offer, not without reason one of the best selling Zoy Zoii backpacks. This cheerful model inspired by a long and sweet glaze turns every outing into pure joy and play.<\/p>\n<p data-start=\"0\" data-end=\"270\"><a href=\"https:\/\/youtu.be\/qgP6L0jcQPs\">click rabbit<\/a><\/p>\n<p><iframe title=\"Zoyzoii\u00ae B1 Donut Series Rainbow Backpack\" width=\"800\" height=\"450\" src=\"https:\/\/www.youtube.com\/embed\/qgP6L0jcQPs?feature=oembed\" frameborder=\"0\" allow=\"accelerometer; autoplay; clipboard-write; encrypted-media; gyroscope; picture-in-picture; web-share\" referrerpolicy=\"strict-origin-when-cross-origin\" allowfullscreen><\/iframe><\/p>","protected":false},"excerpt":{"rendered":"<p>THE LAST WANT TO FEEL CHILDREN AND SOLDIERS!<\/p>\n<p>Irresistibly colorful,<\/p>\n<p>Fun and practical - 3D Sweet Rainbow from B1 Donut Series is not without reason the best selling Zoy Zoii backpack! This cheerful model in the form of a long and sweet glaze turns every exit into pure joy.<\/p>\n<p>Designed for small dreamers who love colors, sweets and fun, and made with attention to the quality and comfort that parents appreciate.<\/p>\n<p>A choice that delights \u2013 because when children choose, Sweet Rainbow is often the first on the list.<\/p>\n<p><strong>Main Features:<\/strong><\/p>\n<p><strong>Attractive design:<\/strong> Unique 3D rainbow design that stimulates children's imagination and curiosity.<\/p>\n<p><strong>Easy and comfortable:<\/strong> Made of durable, high-quality EVA material, which provides a lightweight (490 g) but solid structure.<\/p>\n<p><strong>Spacious and organized:<\/strong> A thoughtfully designed interior space with enough space for books, snacks and other necessary trifles.<\/p>\n<p><strong>Soft, adjustable shoulder straps:<\/strong> Wide, padded shoulder straps provide maximum comfort, even for longer days.<\/p>\n<p><strong>Non-slip H-button: \u00a0<\/strong>It evenly distributes weight over the shoulders and back, reducing stress. Keep your backpack firmly in place and during the most lively children's activities.<\/p>\n<p><strong>Ergonomic design with spinal support:<\/strong> Designed to monitor the natural curvature of the child's spine, ensuring optimal support and comfort.<\/p>\n<p><strong>Soft and durable handle:<\/strong> The comfortable top handle makes it easy to carry in your hand when needed.<\/p>\n<p><strong>Cute pendants on the zipper:<\/strong> It comes with fruit pendants that also serve as a toy, adding an extra dose of fun!<\/p>\n<p><strong>The perfect choice for a gift:<\/strong> It comes in a beautiful gift-packing, which makes it an excellent gift for children aged 3 to 8.<\/p>\n<p>For children who love color, imagination and adventure. Whether they wear it to school or play, this backpack brings serenity and self-confidence to every step of the little explorers.<\/p>\n<p><strong>Brand:<\/strong> Zoy Zoii<br \/>\n<strong>Main material:<\/strong> EVA + polyester<br \/>\n<strong>Size:<\/strong> One size<br \/>\n<strong>Dimensions <\/strong>(approximately): 285 mm (width) \u00d7 140 mm (depth) \u00d7 285 mm (height)<\/p>\n<p><strong>Weight: <\/strong>490 g<\/p>\n<p><strong>N.B.:<\/strong> Dimensions are taken with a fully loaded bag, so minor deviations may occur.<\/p>\n<p>https:\/\/youtu.be\/qgP6L0jcQPs<\/p>\n<p>&nbsp;<\/p>","protected":false},"featured_media":1409,"template":"","meta":[],"product_brand":[],"product_cat":[23,101,44,19,52],"product_tag":[],"class_list":{"0":"post-104","1":"product","2":"type-product","3":"status-publish","4":"has-post-thumbnail","6":"product_cat-eva","7":"product_cat-3d-ruksak","8":"product_cat-donut-serija","9":"product_cat-ruksak","10":"product_cat-zoy-zoii","12":"first","13":"instock","14":"taxable","15":"shipping-taxable","16":"purchasable","17":"product-type-simple","18":"wpzoom-wc-spi-has-enabled"},"yoast_head":"<!-- This site is optimized with the Yoast SEO plugin v27.2 - https:\/\/yoast.com\/product\/yoast-seo-wordpress\/ -->\n<title>Rainbow ruksak s motivom duge za djevoj\u010dice | Middle Child<\/title>\n<meta name=\"description\" content=\"Zoy Zoii Sweet Rainbow ruksak s motivom duge unosi boje u djetinjstvo. \u010cvrsta struktura \u0161titi stvari unutar torbe, dok podesive naramenice pru\u017eaju punu udobnost.\" \/>\n<meta name=\"robots\" content=\"index, follow, max-snippet:-1, max-image-preview:large, max-video-preview:-1\" \/>\n<link rel=\"canonical\" href=\"https:\/\/middlechild.hr\/en\/product\/zoy-zoii-sweet-rainbow\/\" \/>\n<meta property=\"og:locale\" content=\"en_GB\" \/>\n<meta property=\"og:type\" content=\"article\" \/>\n<meta property=\"og:title\" content=\"Rainbow ruksak s motivom duge za djevoj\u010dice | Middle Child\" \/>\n<meta property=\"og:description\" content=\"Zoy Zoii Sweet Rainbow ruksak s motivom duge unosi boje u djetinjstvo. \u010cvrsta struktura \u0161titi stvari unutar torbe, dok podesive naramenice pru\u017eaju punu udobnost.\" \/>\n<meta property=\"og:url\" content=\"https:\/\/middlechild.hr\/en\/product\/zoy-zoii-sweet-rainbow\/\" \/>\n<meta property=\"og:site_name\" content=\"Middle Child\" \/>\n<meta property=\"article:modified_time\" content=\"2026-04-06T07:57:27+00:00\" \/>\n<meta property=\"og:image\" content=\"https:\/\/middlechild.hr\/wp-content\/uploads\/2025\/05\/zoyzoii-donut-series-kids-backpack-rainbow-1.webp\" \/>\n\t<meta property=\"og:image:width\" content=\"1080\" \/>\n\t<meta property=\"og:image:height\" content=\"1080\" \/>\n\t<meta property=\"og:image:type\" content=\"image\/webp\" \/>\n<meta name=\"twitter:card\" content=\"summary_large_image\" \/>\n<meta name=\"twitter:label1\" content=\"Estimated reading time\" \/>\n\t<meta name=\"twitter:data1\" content=\"1 minute\" \/>\n<script type=\"application\/ld+json\" class=\"yoast-schema-graph\">{\"@context\":\"https:\/\/schema.org\",\"@graph\":[{\"@type\":\"WebPage\",\"@id\":\"https:\/\/middlechild.hr\/proizvod\/zoy-zoii-sweet-rainbow\/\",\"url\":\"https:\/\/middlechild.hr\/proizvod\/zoy-zoii-sweet-rainbow\/\",\"name\":\"Rainbow ruksak s motivom duge za djevoj\u010dice | Middle Child\",\"isPartOf\":{\"@id\":\"https:\/\/middlechild.hr\/#website\"},\"primaryImageOfPage\":{\"@id\":\"https:\/\/middlechild.hr\/proizvod\/zoy-zoii-sweet-rainbow\/#primaryimage\"},\"image\":{\"@id\":\"https:\/\/middlechild.hr\/proizvod\/zoy-zoii-sweet-rainbow\/#primaryimage\"},\"thumbnailUrl\":\"https:\/\/middlechild.hr\/wp-content\/uploads\/2025\/05\/zoyzoii-donut-series-kids-backpack-rainbow-1.webp\",\"datePublished\":\"2026-01-27T10:44:17+00:00\",\"dateModified\":\"2026-04-06T07:57:27+00:00\",\"description\":\"Zoy Zoii Sweet Rainbow ruksak s motivom duge unosi boje u djetinjstvo. \u010cvrsta struktura \u0161titi stvari unutar torbe, dok podesive naramenice pru\u017eaju punu udobnost.\",\"breadcrumb\":{\"@id\":\"https:\/\/middlechild.hr\/proizvod\/zoy-zoii-sweet-rainbow\/#breadcrumb\"},\"inLanguage\":\"en-GB\",\"potentialAction\":[{\"@type\":\"ReadAction\",\"target\":[\"https:\/\/middlechild.hr\/proizvod\/zoy-zoii-sweet-rainbow\/\"]}]},{\"@type\":\"ImageObject\",\"inLanguage\":\"en-GB\",\"@id\":\"https:\/\/middlechild.hr\/proizvod\/zoy-zoii-sweet-rainbow\/#primaryimage\",\"url\":\"https:\/\/middlechild.hr\/wp-content\/uploads\/2025\/05\/zoyzoii-donut-series-kids-backpack-rainbow-1.webp\",\"contentUrl\":\"https:\/\/middlechild.hr\/wp-content\/uploads\/2025\/05\/zoyzoii-donut-series-kids-backpack-rainbow-1.webp\",\"width\":1080,\"height\":1080,\"caption\":\"Zoy Zoii Sweet Rainbow\"},{\"@type\":\"BreadcrumbList\",\"@id\":\"https:\/\/middlechild.hr\/proizvod\/zoy-zoii-sweet-rainbow\/#breadcrumb\",\"itemListElement\":[{\"@type\":\"ListItem\",\"position\":1,\"name\":\"Po\u010detna stranica\",\"item\":\"https:\/\/middlechild.hr\/\"},{\"@type\":\"ListItem\",\"position\":2,\"name\":\"Trgovina\",\"item\":\"https:\/\/middlechild.hr\/trgovina\/\"},{\"@type\":\"ListItem\",\"position\":3,\"name\":\"Zoy Zoii Sweet Rainbow\"}]},{\"@type\":\"WebSite\",\"@id\":\"https:\/\/middlechild.hr\/#website\",\"url\":\"https:\/\/middlechild.hr\/\",\"name\":\"Middle Child\",\"description\":\"\",\"publisher\":{\"@id\":\"https:\/\/middlechild.hr\/#organization\"},\"potentialAction\":[{\"@type\":\"SearchAction\",\"target\":{\"@type\":\"EntryPoint\",\"urlTemplate\":\"https:\/\/middlechild.hr\/?s={search_term_string}\"},\"query-input\":{\"@type\":\"PropertyValueSpecification\",\"valueRequired\":true,\"valueName\":\"search_term_string\"}}],\"inLanguage\":\"en-GB\"},{\"@type\":\"Organization\",\"@id\":\"https:\/\/middlechild.hr\/#organization\",\"name\":\"Middle Child\",\"url\":\"https:\/\/middlechild.hr\/\",\"logo\":{\"@type\":\"ImageObject\",\"inLanguage\":\"en-GB\",\"@id\":\"https:\/\/middlechild.hr\/#\/schema\/logo\/image\/\",\"url\":\"https:\/\/middlechild.hr\/wp-content\/uploads\/2025\/09\/Novi-Projekt.png\",\"contentUrl\":\"https:\/\/middlechild.hr\/wp-content\/uploads\/2025\/09\/Novi-Projekt.png\",\"width\":953,\"height\":185,\"caption\":\"Middle Child\"},\"image\":{\"@id\":\"https:\/\/middlechild.hr\/#\/schema\/logo\/image\/\"}}]}<\/script>\n<!-- \/ Yoast SEO plugin. -->","yoast_head_json":{"title":"Rainbow ruksak s motivom duge za djevoj\u010dice | Middle Child","description":"Zoy Zoii Sweet Rainbow ruksak s motivom duge unosi boje u djetinjstvo. \u010cvrsta struktura \u0161titi stvari unutar torbe, dok podesive naramenice pru\u017eaju punu udobnost.","robots":{"index":"index","follow":"follow","max-snippet":"max-snippet:-1","max-image-preview":"max-image-preview:large","max-video-preview":"max-video-preview:-1"},"canonical":"https:\/\/middlechild.hr\/en\/product\/zoy-zoii-sweet-rainbow\/","og_locale":"en_GB","og_type":"article","og_title":"Rainbow ruksak s motivom duge za djevoj\u010dice | Middle Child","og_description":"Zoy Zoii Sweet Rainbow ruksak s motivom duge unosi boje u djetinjstvo. \u010cvrsta struktura \u0161titi stvari unutar torbe, dok podesive naramenice pru\u017eaju punu udobnost.","og_url":"https:\/\/middlechild.hr\/en\/product\/zoy-zoii-sweet-rainbow\/","og_site_name":"Middle Child","article_modified_time":"2026-04-06T07:57:27+00:00","og_image":[{"width":1080,"height":1080,"url":"https:\/\/middlechild.hr\/wp-content\/uploads\/2025\/05\/zoyzoii-donut-series-kids-backpack-rainbow-1.webp","type":"image\/webp"}],"twitter_card":"summary_large_image","twitter_misc":{"Estimated reading time":"1 minute"},"schema":{"@context":"https:\/\/schema.org","@graph":[{"@type":"WebPage","@id":"https:\/\/middlechild.hr\/proizvod\/zoy-zoii-sweet-rainbow\/","url":"https:\/\/middlechild.hr\/proizvod\/zoy-zoii-sweet-rainbow\/","name":"Rainbow ruksak s motivom duge za djevoj\u010dice | Middle Child","isPartOf":{"@id":"https:\/\/middlechild.hr\/#website"},"primaryImageOfPage":{"@id":"https:\/\/middlechild.hr\/proizvod\/zoy-zoii-sweet-rainbow\/#primaryimage"},"image":{"@id":"https:\/\/middlechild.hr\/proizvod\/zoy-zoii-sweet-rainbow\/#primaryimage"},"thumbnailUrl":"https:\/\/middlechild.hr\/wp-content\/uploads\/2025\/05\/zoyzoii-donut-series-kids-backpack-rainbow-1.webp","datePublished":"2026-01-27T10:44:17+00:00","dateModified":"2026-04-06T07:57:27+00:00","description":"Zoy Zoii Sweet Rainbow ruksak s motivom duge unosi boje u djetinjstvo. \u010cvrsta struktura \u0161titi stvari unutar torbe, dok podesive naramenice pru\u017eaju punu udobnost.","breadcrumb":{"@id":"https:\/\/middlechild.hr\/proizvod\/zoy-zoii-sweet-rainbow\/#breadcrumb"},"inLanguage":"en-GB","potentialAction":[{"@type":"ReadAction","target":["https:\/\/middlechild.hr\/proizvod\/zoy-zoii-sweet-rainbow\/"]}]},{"@type":"ImageObject","inLanguage":"en-GB","@id":"https:\/\/middlechild.hr\/proizvod\/zoy-zoii-sweet-rainbow\/#primaryimage","url":"https:\/\/middlechild.hr\/wp-content\/uploads\/2025\/05\/zoyzoii-donut-series-kids-backpack-rainbow-1.webp","contentUrl":"https:\/\/middlechild.hr\/wp-content\/uploads\/2025\/05\/zoyzoii-donut-series-kids-backpack-rainbow-1.webp","width":1080,"height":1080,"caption":"Zoy Zoii Sweet Rainbow"},{"@type":"BreadcrumbList","@id":"https:\/\/middlechild.hr\/proizvod\/zoy-zoii-sweet-rainbow\/#breadcrumb","itemListElement":[{"@type":"ListItem","position":1,"name":"Po\u010detna stranica","item":"https:\/\/middlechild.hr\/"},{"@type":"ListItem","position":2,"name":"Trgovina","item":"https:\/\/middlechild.hr\/trgovina\/"},{"@type":"ListItem","position":3,"name":"Zoy Zoii Sweet Rainbow"}]},{"@type":"WebSite","@id":"https:\/\/middlechild.hr\/#website","url":"https:\/\/middlechild.hr\/","name":"Middle Child","description":"","publisher":{"@id":"https:\/\/middlechild.hr\/#organization"},"potentialAction":[{"@type":"SearchAction","target":{"@type":"EntryPoint","urlTemplate":"https:\/\/middlechild.hr\/?s={search_term_string}"},"query-input":{"@type":"PropertyValueSpecification","valueRequired":true,"valueName":"search_term_string"}}],"inLanguage":"en-GB"},{"@type":"Organization","@id":"https:\/\/middlechild.hr\/#organization","name":"Middle Child","url":"https:\/\/middlechild.hr\/","logo":{"@type":"ImageObject","inLanguage":"en-GB","@id":"https:\/\/middlechild.hr\/#\/schema\/logo\/image\/","url":"https:\/\/middlechild.hr\/wp-content\/uploads\/2025\/09\/Novi-Projekt.png","contentUrl":"https:\/\/middlechild.hr\/wp-content\/uploads\/2025\/09\/Novi-Projekt.png","width":953,"height":185,"caption":"Middle Child"},"image":{"@id":"https:\/\/middlechild.hr\/#\/schema\/logo\/image\/"}}]}},"jetpack_sharing_enabled":true,"_links":{"self":[{"href":"https:\/\/middlechild.hr\/en\/wp-json\/wp\/v2\/product\/104","targetHints":{"allow":["GET"]}}],"collection":[{"href":"https:\/\/middlechild.hr\/en\/wp-json\/wp\/v2\/product"}],"about":[{"href":"https:\/\/middlechild.hr\/en\/wp-json\/wp\/v2\/types\/product"}],"wp:featuredmedia":[{"embeddable":true,"href":"https:\/\/middlechild.hr\/en\/wp-json\/wp\/v2\/media\/1409"}],"wp:attachment":[{"href":"https:\/\/middlechild.hr\/en\/wp-json\/wp\/v2\/media?parent=104"}],"wp:term":[{"taxonomy":"product_brand","embeddable":true,"href":"https:\/\/middlechild.hr\/en\/wp-json\/wp\/v2\/product_brand?post=104"},{"taxonomy":"product_cat","embeddable":true,"href":"https:\/\/middlechild.hr\/en\/wp-json\/wp\/v2\/product_cat?post=104"},{"taxonomy":"product_tag","embeddable":true,"href":"https:\/\/middlechild.hr\/en\/wp-json\/wp\/v2\/product_tag?post=104"}],"curies":[{"name":"wp","href":"https:\/\/api.w.org\/{rel}","templated":true}]}}