{"id":117,"date":"2025-11-19T21:30:50","date_gmt":"2025-11-19T20:30:50","guid":{"rendered":"https:\/\/middlechild.hr\/?post_type=product&#038;p=117"},"modified":"2026-04-06T09:53:58","modified_gmt":"2026-04-06T07:53:58","slug":"zoy-zoii-spaceship","status":"publish","type":"product","link":"https:\/\/middlechild.hr\/en\/product\/zoy-zoii-spaceship\/","title":{"rendered":"Zoy Zoii Spaceship"},"content":{"rendered":"<h2>Zoy Zoii Spaceship<\/h2>\n<p data-start=\"69\" data-end=\"221\">Zoy Zoii Spaceship Backpack from the B8 Dream Series, available in the Middle Child range, is perfect for children who love space, rockets and star exploration.<\/p>\n<p data-start=\"223\" data-end=\"359\">In a combination of blue, white and red, it looks like a real spacecraft. Its attractive 3D design immediately attracts attention.<\/p>\n<p data-start=\"361\" data-end=\"498\">This backpack stimulates children's imagination and inspires small astronauts on new missions. It is also lightweight, practical and comfortable to wear on a daily basis.<\/p>\n<p data-start=\"500\" data-end=\"545\" data-is-last-node=\"\" data-is-only-node=\"\">With a real backpack, borders no longer exist.<\/p>\n<p><iframe title=\"Zoy Zoii\u00ae B8 Dream Series Backpack Space Battleship\" width=\"800\" height=\"450\" src=\"https:\/\/www.youtube.com\/embed\/-C3B9CnHbc4?feature=oembed\" frameborder=\"0\" allow=\"accelerometer; autoplay; clipboard-write; encrypted-media; gyroscope; picture-in-picture; web-share\" referrerpolicy=\"strict-origin-when-cross-origin\" allowfullscreen><\/iframe><\/p>\n<p>&nbsp;<\/p>\n<p>&nbsp;<\/p>","protected":false},"excerpt":{"rendered":"<p><strong>FOR A LITTLE ASTRONAUTE WITH GREAT DREAMS!<\/strong><\/p>\n<p>Ready to take off and for any adventure\u2014whether on or off Earth?!<\/p>\n<p>Zoy Zoii 3D Spaceship Backpack from the B8 Dream Series is perfect for children who love space, rockets and adventures among the stars! Combining blue, white and red, this backpack not only looks like a real rocket - it also inspires children's imagination to explore worlds far above the clouds by providing fun and functionality for every space mission!<\/p>\n<p>Because with a real backpack, the borders no longer exist!<\/p>\n<p><strong>Main Features:<\/strong><\/p>\n<p><strong>Attractive design:<\/strong> Unique 3D rocket design that awakens children's curiosity and imagination.<\/p>\n<p><strong>Easy and comfortable:<\/strong> Made of durable, high-quality EVA material, which provides a lightweight (456 g) but solid structure.<\/p>\n<p><strong>Spacious and organized:<\/strong> A cleverly designed interior space with enough space for books, snacks and all the necessary trifles.<\/p>\n<p><strong>Soft, adjustable shoulder straps:<\/strong> Wide, padded shoulder straps provide maximum comfort, even during long days.<\/p>\n<p><strong>Non-slip H-button: \u00a0<\/strong>It evenly distributes weight over the shoulders and back, reducing stress. Keep your backpack firmly in place and during the most lively children's activities.<\/p>\n<p><strong>Ergonomic design with spinal support:<\/strong> Monitors the natural curvature of the child's spine, ensuring optimal support and comfort.<\/p>\n<p><strong>Interactive details:<\/strong> It includes PVC stickers and a toy on the zipper, adding a fun and playful element that encourages creativity.<\/p>\n<p><strong>The perfect choice for a gift:<\/strong> It comes in elegant gift-packing, making it an ideal gift for children aged 3 to 8.<\/p>\n<p>Light but sturdy constructions and ergonomic design make it ideal for everyday use \u2013 whether going to a kindergarten, a trip, or a mission around the house. It is spacious enough for all small \u201cspace necessities\u201d and fun enough to turn every day into an adventure.<\/p>\n<p><strong>Brand:<\/strong> Zoy Zoii<br \/>\n<strong>Main material:<\/strong> Glossy skin + EVA + polyester<br \/>\n<strong>Size:<\/strong> One size<br \/>\n<strong>Dimensions (approximately):<\/strong> 290 mm (width) \u00d7 130 mm (depth) \u00d7 220 mm (height)<br \/>\n<strong>Weight:<\/strong> 456 g<\/p>\n<p><strong>N.B.:<\/strong> Dimensions are measured with a fully loaded bag, so minor deviations may occur.<\/p>\n<p>https:\/\/youtu.be\/-C3B9CnHbc4<\/p>\n<p>&nbsp;<\/p>","protected":false},"featured_media":118,"template":"","meta":[],"product_brand":[],"product_cat":[23,101,49,19,52],"product_tag":[],"class_list":{"0":"post-117","1":"product","2":"type-product","3":"status-publish","4":"has-post-thumbnail","6":"product_cat-eva","7":"product_cat-3d-ruksak","8":"product_cat-dream-serija","9":"product_cat-ruksak","10":"product_cat-zoy-zoii","12":"first","13":"instock","14":"taxable","15":"shipping-taxable","16":"purchasable","17":"product-type-simple","18":"wpzoom-wc-spi-has-enabled"},"yoast_head":"<!-- This site is optimized with the Yoast SEO plugin v27.2 - https:\/\/yoast.com\/product\/yoast-seo-wordpress\/ -->\n<title>Spaceship ruksak u obliku svemirskog broda | Middle Child<\/title>\n<meta name=\"description\" content=\"Zoy Zoii Ice Cream ruksak u obliku sladoleda najsla\u0111i je dodatak za ljetne dane. Anatomski oblik i \u010dvrsta struktura osiguravaju udobnost i za\u0161titu dje\u010djih stvari.\" \/>\n<meta name=\"robots\" content=\"index, follow, max-snippet:-1, max-image-preview:large, max-video-preview:-1\" \/>\n<link rel=\"canonical\" href=\"https:\/\/middlechild.hr\/en\/product\/zoy-zoii-spaceship\/\" \/>\n<meta property=\"og:locale\" content=\"en_GB\" \/>\n<meta property=\"og:type\" content=\"article\" \/>\n<meta property=\"og:title\" content=\"Spaceship ruksak u obliku svemirskog broda | Middle Child\" \/>\n<meta property=\"og:description\" content=\"Zoy Zoii Ice Cream ruksak u obliku sladoleda najsla\u0111i je dodatak za ljetne dane. Anatomski oblik i \u010dvrsta struktura osiguravaju udobnost i za\u0161titu dje\u010djih stvari.\" \/>\n<meta property=\"og:url\" content=\"https:\/\/middlechild.hr\/en\/product\/zoy-zoii-spaceship\/\" \/>\n<meta property=\"og:site_name\" content=\"Middle Child\" \/>\n<meta property=\"article:modified_time\" content=\"2026-04-06T07:53:58+00:00\" \/>\n<meta property=\"og:image\" content=\"https:\/\/middlechild.hr\/wp-content\/uploads\/2025\/05\/9.png\" \/>\n\t<meta property=\"og:image:width\" content=\"800\" \/>\n\t<meta property=\"og:image:height\" content=\"800\" \/>\n\t<meta property=\"og:image:type\" content=\"image\/png\" \/>\n<meta name=\"twitter:card\" content=\"summary_large_image\" \/>\n<meta name=\"twitter:label1\" content=\"Estimated reading time\" \/>\n\t<meta name=\"twitter:data1\" content=\"1 minute\" \/>\n<script type=\"application\/ld+json\" class=\"yoast-schema-graph\">{\"@context\":\"https:\/\/schema.org\",\"@graph\":[{\"@type\":\"WebPage\",\"@id\":\"https:\/\/middlechild.hr\/proizvod\/zoy-zoii-spaceship\/\",\"url\":\"https:\/\/middlechild.hr\/proizvod\/zoy-zoii-spaceship\/\",\"name\":\"Spaceship ruksak u obliku svemirskog broda | Middle Child\",\"isPartOf\":{\"@id\":\"https:\/\/middlechild.hr\/#website\"},\"primaryImageOfPage\":{\"@id\":\"https:\/\/middlechild.hr\/proizvod\/zoy-zoii-spaceship\/#primaryimage\"},\"image\":{\"@id\":\"https:\/\/middlechild.hr\/proizvod\/zoy-zoii-spaceship\/#primaryimage\"},\"thumbnailUrl\":\"https:\/\/middlechild.hr\/wp-content\/uploads\/2025\/05\/9.png\",\"datePublished\":\"2025-11-19T20:30:50+00:00\",\"dateModified\":\"2026-04-06T07:53:58+00:00\",\"description\":\"Zoy Zoii Ice Cream ruksak u obliku sladoleda najsla\u0111i je dodatak za ljetne dane. Anatomski oblik i \u010dvrsta struktura osiguravaju udobnost i za\u0161titu dje\u010djih stvari.\",\"breadcrumb\":{\"@id\":\"https:\/\/middlechild.hr\/proizvod\/zoy-zoii-spaceship\/#breadcrumb\"},\"inLanguage\":\"en-GB\",\"potentialAction\":[{\"@type\":\"ReadAction\",\"target\":[\"https:\/\/middlechild.hr\/proizvod\/zoy-zoii-spaceship\/\"]}]},{\"@type\":\"ImageObject\",\"inLanguage\":\"en-GB\",\"@id\":\"https:\/\/middlechild.hr\/proizvod\/zoy-zoii-spaceship\/#primaryimage\",\"url\":\"https:\/\/middlechild.hr\/wp-content\/uploads\/2025\/05\/9.png\",\"contentUrl\":\"https:\/\/middlechild.hr\/wp-content\/uploads\/2025\/05\/9.png\",\"width\":800,\"height\":800,\"caption\":\"Zoy Zoii Spaceship\"},{\"@type\":\"BreadcrumbList\",\"@id\":\"https:\/\/middlechild.hr\/proizvod\/zoy-zoii-spaceship\/#breadcrumb\",\"itemListElement\":[{\"@type\":\"ListItem\",\"position\":1,\"name\":\"Po\u010detna stranica\",\"item\":\"https:\/\/middlechild.hr\/\"},{\"@type\":\"ListItem\",\"position\":2,\"name\":\"Trgovina\",\"item\":\"https:\/\/middlechild.hr\/trgovina\/\"},{\"@type\":\"ListItem\",\"position\":3,\"name\":\"Zoy Zoii Spaceship\"}]},{\"@type\":\"WebSite\",\"@id\":\"https:\/\/middlechild.hr\/#website\",\"url\":\"https:\/\/middlechild.hr\/\",\"name\":\"Middle Child\",\"description\":\"\",\"publisher\":{\"@id\":\"https:\/\/middlechild.hr\/#organization\"},\"potentialAction\":[{\"@type\":\"SearchAction\",\"target\":{\"@type\":\"EntryPoint\",\"urlTemplate\":\"https:\/\/middlechild.hr\/?s={search_term_string}\"},\"query-input\":{\"@type\":\"PropertyValueSpecification\",\"valueRequired\":true,\"valueName\":\"search_term_string\"}}],\"inLanguage\":\"en-GB\"},{\"@type\":\"Organization\",\"@id\":\"https:\/\/middlechild.hr\/#organization\",\"name\":\"Middle Child\",\"url\":\"https:\/\/middlechild.hr\/\",\"logo\":{\"@type\":\"ImageObject\",\"inLanguage\":\"en-GB\",\"@id\":\"https:\/\/middlechild.hr\/#\/schema\/logo\/image\/\",\"url\":\"https:\/\/middlechild.hr\/wp-content\/uploads\/2025\/09\/Novi-Projekt.png\",\"contentUrl\":\"https:\/\/middlechild.hr\/wp-content\/uploads\/2025\/09\/Novi-Projekt.png\",\"width\":953,\"height\":185,\"caption\":\"Middle Child\"},\"image\":{\"@id\":\"https:\/\/middlechild.hr\/#\/schema\/logo\/image\/\"}}]}<\/script>\n<!-- \/ Yoast SEO plugin. -->","yoast_head_json":{"title":"Spaceship ruksak u obliku svemirskog broda | Middle Child","description":"Zoy Zoii Ice Cream ruksak u obliku sladoleda najsla\u0111i je dodatak za ljetne dane. Anatomski oblik i \u010dvrsta struktura osiguravaju udobnost i za\u0161titu dje\u010djih stvari.","robots":{"index":"index","follow":"follow","max-snippet":"max-snippet:-1","max-image-preview":"max-image-preview:large","max-video-preview":"max-video-preview:-1"},"canonical":"https:\/\/middlechild.hr\/en\/product\/zoy-zoii-spaceship\/","og_locale":"en_GB","og_type":"article","og_title":"Spaceship ruksak u obliku svemirskog broda | Middle Child","og_description":"Zoy Zoii Ice Cream ruksak u obliku sladoleda najsla\u0111i je dodatak za ljetne dane. Anatomski oblik i \u010dvrsta struktura osiguravaju udobnost i za\u0161titu dje\u010djih stvari.","og_url":"https:\/\/middlechild.hr\/en\/product\/zoy-zoii-spaceship\/","og_site_name":"Middle Child","article_modified_time":"2026-04-06T07:53:58+00:00","og_image":[{"width":800,"height":800,"url":"https:\/\/middlechild.hr\/wp-content\/uploads\/2025\/05\/9.png","type":"image\/png"}],"twitter_card":"summary_large_image","twitter_misc":{"Estimated reading time":"1 minute"},"schema":{"@context":"https:\/\/schema.org","@graph":[{"@type":"WebPage","@id":"https:\/\/middlechild.hr\/proizvod\/zoy-zoii-spaceship\/","url":"https:\/\/middlechild.hr\/proizvod\/zoy-zoii-spaceship\/","name":"Spaceship ruksak u obliku svemirskog broda | Middle Child","isPartOf":{"@id":"https:\/\/middlechild.hr\/#website"},"primaryImageOfPage":{"@id":"https:\/\/middlechild.hr\/proizvod\/zoy-zoii-spaceship\/#primaryimage"},"image":{"@id":"https:\/\/middlechild.hr\/proizvod\/zoy-zoii-spaceship\/#primaryimage"},"thumbnailUrl":"https:\/\/middlechild.hr\/wp-content\/uploads\/2025\/05\/9.png","datePublished":"2025-11-19T20:30:50+00:00","dateModified":"2026-04-06T07:53:58+00:00","description":"Zoy Zoii Ice Cream ruksak u obliku sladoleda najsla\u0111i je dodatak za ljetne dane. Anatomski oblik i \u010dvrsta struktura osiguravaju udobnost i za\u0161titu dje\u010djih stvari.","breadcrumb":{"@id":"https:\/\/middlechild.hr\/proizvod\/zoy-zoii-spaceship\/#breadcrumb"},"inLanguage":"en-GB","potentialAction":[{"@type":"ReadAction","target":["https:\/\/middlechild.hr\/proizvod\/zoy-zoii-spaceship\/"]}]},{"@type":"ImageObject","inLanguage":"en-GB","@id":"https:\/\/middlechild.hr\/proizvod\/zoy-zoii-spaceship\/#primaryimage","url":"https:\/\/middlechild.hr\/wp-content\/uploads\/2025\/05\/9.png","contentUrl":"https:\/\/middlechild.hr\/wp-content\/uploads\/2025\/05\/9.png","width":800,"height":800,"caption":"Zoy Zoii Spaceship"},{"@type":"BreadcrumbList","@id":"https:\/\/middlechild.hr\/proizvod\/zoy-zoii-spaceship\/#breadcrumb","itemListElement":[{"@type":"ListItem","position":1,"name":"Po\u010detna stranica","item":"https:\/\/middlechild.hr\/"},{"@type":"ListItem","position":2,"name":"Trgovina","item":"https:\/\/middlechild.hr\/trgovina\/"},{"@type":"ListItem","position":3,"name":"Zoy Zoii Spaceship"}]},{"@type":"WebSite","@id":"https:\/\/middlechild.hr\/#website","url":"https:\/\/middlechild.hr\/","name":"Middle Child","description":"","publisher":{"@id":"https:\/\/middlechild.hr\/#organization"},"potentialAction":[{"@type":"SearchAction","target":{"@type":"EntryPoint","urlTemplate":"https:\/\/middlechild.hr\/?s={search_term_string}"},"query-input":{"@type":"PropertyValueSpecification","valueRequired":true,"valueName":"search_term_string"}}],"inLanguage":"en-GB"},{"@type":"Organization","@id":"https:\/\/middlechild.hr\/#organization","name":"Middle Child","url":"https:\/\/middlechild.hr\/","logo":{"@type":"ImageObject","inLanguage":"en-GB","@id":"https:\/\/middlechild.hr\/#\/schema\/logo\/image\/","url":"https:\/\/middlechild.hr\/wp-content\/uploads\/2025\/09\/Novi-Projekt.png","contentUrl":"https:\/\/middlechild.hr\/wp-content\/uploads\/2025\/09\/Novi-Projekt.png","width":953,"height":185,"caption":"Middle Child"},"image":{"@id":"https:\/\/middlechild.hr\/#\/schema\/logo\/image\/"}}]}},"jetpack_sharing_enabled":true,"_links":{"self":[{"href":"https:\/\/middlechild.hr\/en\/wp-json\/wp\/v2\/product\/117","targetHints":{"allow":["GET"]}}],"collection":[{"href":"https:\/\/middlechild.hr\/en\/wp-json\/wp\/v2\/product"}],"about":[{"href":"https:\/\/middlechild.hr\/en\/wp-json\/wp\/v2\/types\/product"}],"wp:featuredmedia":[{"embeddable":true,"href":"https:\/\/middlechild.hr\/en\/wp-json\/wp\/v2\/media\/118"}],"wp:attachment":[{"href":"https:\/\/middlechild.hr\/en\/wp-json\/wp\/v2\/media?parent=117"}],"wp:term":[{"taxonomy":"product_brand","embeddable":true,"href":"https:\/\/middlechild.hr\/en\/wp-json\/wp\/v2\/product_brand?post=117"},{"taxonomy":"product_cat","embeddable":true,"href":"https:\/\/middlechild.hr\/en\/wp-json\/wp\/v2\/product_cat?post=117"},{"taxonomy":"product_tag","embeddable":true,"href":"https:\/\/middlechild.hr\/en\/wp-json\/wp\/v2\/product_tag?post=117"}],"curies":[{"name":"wp","href":"https:\/\/api.w.org\/{rel}","templated":true}]}}