{"id":122,"date":"2025-05-14T17:17:59","date_gmt":"2025-05-14T15:17:59","guid":{"rendered":"https:\/\/middlechild.hr\/?post_type=product&#038;p=122"},"modified":"2026-04-06T09:50:42","modified_gmt":"2026-04-06T07:50:42","slug":"zoy-zoii-strawberry","status":"publish","type":"product","link":"https:\/\/middlechild.hr\/en\/product\/zoy-zoii-strawberry\/","title":{"rendered":"Zoy Zoii Strawberry"},"content":{"rendered":"<p data-start=\"25\" data-end=\"204\">For children who love color, play and sweet fruit motifs! <strong data-start=\"78\" data-end=\"130\">Zoy Zoii 3D Strawberry Backpack from B8 Fruit Series<\/strong>, available in the offer <strong data-start=\"150\" data-end=\"166\">Middle Child<\/strong>, combines playful design and practicality.<\/p>\n<p data-start=\"206\" data-end=\"375\">Inspired by the sweetest fruits of summer, this <strong data-start=\"245\" data-end=\"275\">Zoy Zoii Strawberry Backpack<\/strong> in the form of strawberries wins with a cheerful red color. Its charming appearance immediately attracts the attention of children.<\/p>\n<p data-start=\"377\" data-end=\"472\">The backpack is lightweight and comfortable to wear. At the same time, it is durable enough for everyday use.<\/p>\n<p data-start=\"474\" data-end=\"581\">It is ideal for kindergartens, excursions and family walks. Children can wear snacks, toys or small things in it.<\/p>\n<p>With <a href=\"https:\/\/middlechild.hr\/en\/product-category\/zoy-zoii\/\">Zoy Zoii<\/a>The 3D Strawberry backpack from Middle Child offers children not only carry their belongings \u2013 but also joy, colours and a dose of fruity fun in every adventure.<\/p>\n<p><iframe title=\"Zoy Zoii\u00ae B8 Fruit Series\" width=\"800\" height=\"450\" src=\"https:\/\/www.youtube.com\/embed\/7H4FwkFqR1I?feature=oembed\" frameborder=\"0\" allow=\"accelerometer; autoplay; clipboard-write; encrypted-media; gyroscope; picture-in-picture; web-share\" referrerpolicy=\"strict-origin-when-cross-origin\" allowfullscreen><\/iframe><\/p>","protected":false},"excerpt":{"rendered":"<p><strong>A FEELING OF HIGH ENTERTAINMENT IN EVERY DAY AVANTURA!<\/strong><\/p>\n<p>Zoy Zoii 3D Strawberry Backpack from the B8 Fruit Series brings a blend of irresistible design and functionality! Inspired by the sweetest fruit of summer, this strawberry-shaped backpack will delight every little explorer with its cheerful color, solid construction and light craftsmanship. With this backpack, children carry not only things with them \u2013 but joy, colours and a dose of fruity fun!<\/p>\n<p><strong>Main Features:<\/strong><\/p>\n<p><strong>Attractive design:<\/strong> Unique 3D strawberry design that stimulates children's imagination and curiosity.<\/p>\n<p><strong>Easy and comfortable:<\/strong> Made of durable, high-quality EVA material, which provides a lightweight (361.5 g) but solid and stable structure.<\/p>\n<p><strong>Spacious and organized:<\/strong> A cleverly designed interior space with enough space for books, snacks and other trifles.<\/p>\n<p><strong>Soft, adjustable shoulder straps:<\/strong> Wide, padded shoulder straps provide maximum comfort, even during long days.<\/p>\n<p><strong>Non-slip H-button: \u00a0<\/strong>It evenly distributes weight over the shoulders and back, reducing stress. Keep your backpack firmly in place and during the most lively children's activities.<\/p>\n<p><strong>Ergonomic design with spinal support:<\/strong> Designed to accompany the natural curvature of the child's spine, providing optimal support and comfort.<\/p>\n<p><strong>Soft and durable handle:<\/strong> The comfortable top handle makes it easy to carry in your hand when needed.<\/p>\n<p><strong>Exclusive fasteners on the zipper:<\/strong> It comes with fruit pendants that also serve as a small toy, adding an extra dose of fun and interactivity.<\/p>\n<p><strong>The perfect choice for a gift:<\/strong> It comes in a beautiful gift-package, making it an ideal gift for children aged 3 to 8.<\/p>\n<p>From school days to weekend trips, Zoy Zoii Strawberry backpack offers the perfect combination of functionality, style and comfort.<\/p>\n<p><strong>Brand:<\/strong> Zoy Zoii<br \/>\n<strong>Main material:<\/strong> EVA + polyester<br \/>\n<strong>Size:<\/strong> One size<br \/>\n<strong>Dimensions (approximately):<\/strong> 298 mm (width) \u00d7 120 mm (depth) \u00d7 212,2 mm (height)<br \/>\n<strong>Weight:<\/strong> 361,5 g<\/p>\n<p><strong>N.B.:<\/strong> Dimensions are taken with a fully loaded bag, so minor deviations may occur.<\/p>\n<p>&nbsp;<\/p>","protected":false},"featured_media":220,"template":"","meta":[],"product_brand":[],"product_cat":[23,101,75,19,52],"product_tag":[],"class_list":{"0":"post-122","1":"product","2":"type-product","3":"status-publish","4":"has-post-thumbnail","6":"product_cat-eva","7":"product_cat-3d-ruksak","8":"product_cat-fruit-serija","9":"product_cat-ruksak","10":"product_cat-zoy-zoii","12":"first","13":"instock","14":"taxable","15":"shipping-taxable","16":"purchasable","17":"product-type-simple","18":"wpzoom-wc-spi-has-enabled"},"yoast_head":"<!-- This site is optimized with the Yoast SEO plugin v27.2 - https:\/\/yoast.com\/product\/yoast-seo-wordpress\/ -->\n<title>Jagoda dje\u010dji ruksak za vesele svakodnevne | Middle Child<\/title>\n<meta name=\"description\" content=\"Zoy Zoii Strawberry dje\u010dji 3D ruksak s dizajnom jagode, lagan i izdr\u017eljiv, idealan za vrti\u0107, \u0161kolu, izlete i kao zabavan poklon koji \u0107e razveseliti va\u0161e mali\u0161ane.\" \/>\n<meta name=\"robots\" content=\"index, follow, max-snippet:-1, max-image-preview:large, max-video-preview:-1\" \/>\n<link rel=\"canonical\" href=\"https:\/\/middlechild.hr\/en\/product\/zoy-zoii-strawberry\/\" \/>\n<meta property=\"og:locale\" content=\"en_GB\" \/>\n<meta property=\"og:type\" content=\"article\" \/>\n<meta property=\"og:title\" content=\"Jagoda dje\u010dji ruksak za vesele svakodnevne | Middle Child\" \/>\n<meta property=\"og:description\" content=\"Zoy Zoii Strawberry dje\u010dji 3D ruksak s dizajnom jagode, lagan i izdr\u017eljiv, idealan za vrti\u0107, \u0161kolu, izlete i kao zabavan poklon koji \u0107e razveseliti va\u0161e mali\u0161ane.\" \/>\n<meta property=\"og:url\" content=\"https:\/\/middlechild.hr\/en\/product\/zoy-zoii-strawberry\/\" \/>\n<meta property=\"og:site_name\" content=\"Middle Child\" \/>\n<meta property=\"article:modified_time\" content=\"2026-04-06T07:50:42+00:00\" \/>\n<meta property=\"og:image\" content=\"https:\/\/middlechild.hr\/wp-content\/uploads\/2025\/05\/2-9.jpg\" \/>\n\t<meta property=\"og:image:width\" content=\"1000\" \/>\n\t<meta property=\"og:image:height\" content=\"1000\" \/>\n\t<meta property=\"og:image:type\" content=\"image\/jpeg\" \/>\n<meta name=\"twitter:card\" content=\"summary_large_image\" \/>\n<meta name=\"twitter:label1\" content=\"Estimated reading time\" \/>\n\t<meta name=\"twitter:data1\" content=\"1 minute\" \/>\n<script type=\"application\/ld+json\" class=\"yoast-schema-graph\">{\"@context\":\"https:\/\/schema.org\",\"@graph\":[{\"@type\":\"WebPage\",\"@id\":\"https:\/\/middlechild.hr\/proizvod\/zoy-zoii-strawberry\/\",\"url\":\"https:\/\/middlechild.hr\/proizvod\/zoy-zoii-strawberry\/\",\"name\":\"Jagoda dje\u010dji ruksak za vesele svakodnevne | Middle Child\",\"isPartOf\":{\"@id\":\"https:\/\/middlechild.hr\/#website\"},\"primaryImageOfPage\":{\"@id\":\"https:\/\/middlechild.hr\/proizvod\/zoy-zoii-strawberry\/#primaryimage\"},\"image\":{\"@id\":\"https:\/\/middlechild.hr\/proizvod\/zoy-zoii-strawberry\/#primaryimage\"},\"thumbnailUrl\":\"https:\/\/middlechild.hr\/wp-content\/uploads\/2025\/05\/2-9.jpg\",\"datePublished\":\"2025-05-14T15:17:59+00:00\",\"dateModified\":\"2026-04-06T07:50:42+00:00\",\"description\":\"Zoy Zoii Strawberry dje\u010dji 3D ruksak s dizajnom jagode, lagan i izdr\u017eljiv, idealan za vrti\u0107, \u0161kolu, izlete i kao zabavan poklon koji \u0107e razveseliti va\u0161e mali\u0161ane.\",\"breadcrumb\":{\"@id\":\"https:\/\/middlechild.hr\/proizvod\/zoy-zoii-strawberry\/#breadcrumb\"},\"inLanguage\":\"en-GB\",\"potentialAction\":[{\"@type\":\"ReadAction\",\"target\":[\"https:\/\/middlechild.hr\/proizvod\/zoy-zoii-strawberry\/\"]}]},{\"@type\":\"ImageObject\",\"inLanguage\":\"en-GB\",\"@id\":\"https:\/\/middlechild.hr\/proizvod\/zoy-zoii-strawberry\/#primaryimage\",\"url\":\"https:\/\/middlechild.hr\/wp-content\/uploads\/2025\/05\/2-9.jpg\",\"contentUrl\":\"https:\/\/middlechild.hr\/wp-content\/uploads\/2025\/05\/2-9.jpg\",\"width\":1000,\"height\":1000,\"caption\":\"Zoy Zoii Strawberry\"},{\"@type\":\"BreadcrumbList\",\"@id\":\"https:\/\/middlechild.hr\/proizvod\/zoy-zoii-strawberry\/#breadcrumb\",\"itemListElement\":[{\"@type\":\"ListItem\",\"position\":1,\"name\":\"Po\u010detna stranica\",\"item\":\"https:\/\/middlechild.hr\/\"},{\"@type\":\"ListItem\",\"position\":2,\"name\":\"Trgovina\",\"item\":\"https:\/\/middlechild.hr\/trgovina\/\"},{\"@type\":\"ListItem\",\"position\":3,\"name\":\"Zoy Zoii Strawberry\"}]},{\"@type\":\"WebSite\",\"@id\":\"https:\/\/middlechild.hr\/#website\",\"url\":\"https:\/\/middlechild.hr\/\",\"name\":\"Middle Child\",\"description\":\"\",\"publisher\":{\"@id\":\"https:\/\/middlechild.hr\/#organization\"},\"potentialAction\":[{\"@type\":\"SearchAction\",\"target\":{\"@type\":\"EntryPoint\",\"urlTemplate\":\"https:\/\/middlechild.hr\/?s={search_term_string}\"},\"query-input\":{\"@type\":\"PropertyValueSpecification\",\"valueRequired\":true,\"valueName\":\"search_term_string\"}}],\"inLanguage\":\"en-GB\"},{\"@type\":\"Organization\",\"@id\":\"https:\/\/middlechild.hr\/#organization\",\"name\":\"Middle Child\",\"url\":\"https:\/\/middlechild.hr\/\",\"logo\":{\"@type\":\"ImageObject\",\"inLanguage\":\"en-GB\",\"@id\":\"https:\/\/middlechild.hr\/#\/schema\/logo\/image\/\",\"url\":\"https:\/\/middlechild.hr\/wp-content\/uploads\/2025\/09\/Novi-Projekt.png\",\"contentUrl\":\"https:\/\/middlechild.hr\/wp-content\/uploads\/2025\/09\/Novi-Projekt.png\",\"width\":953,\"height\":185,\"caption\":\"Middle Child\"},\"image\":{\"@id\":\"https:\/\/middlechild.hr\/#\/schema\/logo\/image\/\"}}]}<\/script>\n<!-- \/ Yoast SEO plugin. -->","yoast_head_json":{"title":"Jagoda dje\u010dji ruksak za vesele svakodnevne | Middle Child","description":"Zoy Zoii Strawberry dje\u010dji 3D ruksak s dizajnom jagode, lagan i izdr\u017eljiv, idealan za vrti\u0107, \u0161kolu, izlete i kao zabavan poklon koji \u0107e razveseliti va\u0161e mali\u0161ane.","robots":{"index":"index","follow":"follow","max-snippet":"max-snippet:-1","max-image-preview":"max-image-preview:large","max-video-preview":"max-video-preview:-1"},"canonical":"https:\/\/middlechild.hr\/en\/product\/zoy-zoii-strawberry\/","og_locale":"en_GB","og_type":"article","og_title":"Jagoda dje\u010dji ruksak za vesele svakodnevne | Middle Child","og_description":"Zoy Zoii Strawberry dje\u010dji 3D ruksak s dizajnom jagode, lagan i izdr\u017eljiv, idealan za vrti\u0107, \u0161kolu, izlete i kao zabavan poklon koji \u0107e razveseliti va\u0161e mali\u0161ane.","og_url":"https:\/\/middlechild.hr\/en\/product\/zoy-zoii-strawberry\/","og_site_name":"Middle Child","article_modified_time":"2026-04-06T07:50:42+00:00","og_image":[{"width":1000,"height":1000,"url":"https:\/\/middlechild.hr\/wp-content\/uploads\/2025\/05\/2-9.jpg","type":"image\/jpeg"}],"twitter_card":"summary_large_image","twitter_misc":{"Estimated reading time":"1 minute"},"schema":{"@context":"https:\/\/schema.org","@graph":[{"@type":"WebPage","@id":"https:\/\/middlechild.hr\/proizvod\/zoy-zoii-strawberry\/","url":"https:\/\/middlechild.hr\/proizvod\/zoy-zoii-strawberry\/","name":"Jagoda dje\u010dji ruksak za vesele svakodnevne | Middle Child","isPartOf":{"@id":"https:\/\/middlechild.hr\/#website"},"primaryImageOfPage":{"@id":"https:\/\/middlechild.hr\/proizvod\/zoy-zoii-strawberry\/#primaryimage"},"image":{"@id":"https:\/\/middlechild.hr\/proizvod\/zoy-zoii-strawberry\/#primaryimage"},"thumbnailUrl":"https:\/\/middlechild.hr\/wp-content\/uploads\/2025\/05\/2-9.jpg","datePublished":"2025-05-14T15:17:59+00:00","dateModified":"2026-04-06T07:50:42+00:00","description":"Zoy Zoii Strawberry dje\u010dji 3D ruksak s dizajnom jagode, lagan i izdr\u017eljiv, idealan za vrti\u0107, \u0161kolu, izlete i kao zabavan poklon koji \u0107e razveseliti va\u0161e mali\u0161ane.","breadcrumb":{"@id":"https:\/\/middlechild.hr\/proizvod\/zoy-zoii-strawberry\/#breadcrumb"},"inLanguage":"en-GB","potentialAction":[{"@type":"ReadAction","target":["https:\/\/middlechild.hr\/proizvod\/zoy-zoii-strawberry\/"]}]},{"@type":"ImageObject","inLanguage":"en-GB","@id":"https:\/\/middlechild.hr\/proizvod\/zoy-zoii-strawberry\/#primaryimage","url":"https:\/\/middlechild.hr\/wp-content\/uploads\/2025\/05\/2-9.jpg","contentUrl":"https:\/\/middlechild.hr\/wp-content\/uploads\/2025\/05\/2-9.jpg","width":1000,"height":1000,"caption":"Zoy Zoii Strawberry"},{"@type":"BreadcrumbList","@id":"https:\/\/middlechild.hr\/proizvod\/zoy-zoii-strawberry\/#breadcrumb","itemListElement":[{"@type":"ListItem","position":1,"name":"Po\u010detna stranica","item":"https:\/\/middlechild.hr\/"},{"@type":"ListItem","position":2,"name":"Trgovina","item":"https:\/\/middlechild.hr\/trgovina\/"},{"@type":"ListItem","position":3,"name":"Zoy Zoii Strawberry"}]},{"@type":"WebSite","@id":"https:\/\/middlechild.hr\/#website","url":"https:\/\/middlechild.hr\/","name":"Middle Child","description":"","publisher":{"@id":"https:\/\/middlechild.hr\/#organization"},"potentialAction":[{"@type":"SearchAction","target":{"@type":"EntryPoint","urlTemplate":"https:\/\/middlechild.hr\/?s={search_term_string}"},"query-input":{"@type":"PropertyValueSpecification","valueRequired":true,"valueName":"search_term_string"}}],"inLanguage":"en-GB"},{"@type":"Organization","@id":"https:\/\/middlechild.hr\/#organization","name":"Middle Child","url":"https:\/\/middlechild.hr\/","logo":{"@type":"ImageObject","inLanguage":"en-GB","@id":"https:\/\/middlechild.hr\/#\/schema\/logo\/image\/","url":"https:\/\/middlechild.hr\/wp-content\/uploads\/2025\/09\/Novi-Projekt.png","contentUrl":"https:\/\/middlechild.hr\/wp-content\/uploads\/2025\/09\/Novi-Projekt.png","width":953,"height":185,"caption":"Middle Child"},"image":{"@id":"https:\/\/middlechild.hr\/#\/schema\/logo\/image\/"}}]}},"jetpack_sharing_enabled":true,"_links":{"self":[{"href":"https:\/\/middlechild.hr\/en\/wp-json\/wp\/v2\/product\/122","targetHints":{"allow":["GET"]}}],"collection":[{"href":"https:\/\/middlechild.hr\/en\/wp-json\/wp\/v2\/product"}],"about":[{"href":"https:\/\/middlechild.hr\/en\/wp-json\/wp\/v2\/types\/product"}],"wp:featuredmedia":[{"embeddable":true,"href":"https:\/\/middlechild.hr\/en\/wp-json\/wp\/v2\/media\/220"}],"wp:attachment":[{"href":"https:\/\/middlechild.hr\/en\/wp-json\/wp\/v2\/media?parent=122"}],"wp:term":[{"taxonomy":"product_brand","embeddable":true,"href":"https:\/\/middlechild.hr\/en\/wp-json\/wp\/v2\/product_brand?post=122"},{"taxonomy":"product_cat","embeddable":true,"href":"https:\/\/middlechild.hr\/en\/wp-json\/wp\/v2\/product_cat?post=122"},{"taxonomy":"product_tag","embeddable":true,"href":"https:\/\/middlechild.hr\/en\/wp-json\/wp\/v2\/product_tag?post=122"}],"curies":[{"name":"wp","href":"https:\/\/api.w.org\/{rel}","templated":true}]}}