{"id":1298,"date":"2025-10-18T12:17:30","date_gmt":"2025-10-18T10:17:30","guid":{"rendered":"https:\/\/middlechild.hr\/?post_type=product&#038;p=1298"},"modified":"2026-04-16T16:48:27","modified_gmt":"2026-04-16T14:48:27","slug":"zoy-zoii-digitalni-fotoaparat-yellow-star","status":"publish","type":"product","link":"https:\/\/middlechild.hr\/en\/product\/zoy-zoii-digitalni-fotoaparat-yellow-star\/","title":{"rendered":"Zoy Zoii Travel Kid Digital Camera Yellow Star"},"content":{"rendered":"<p data-start=\"0\" data-end=\"168\"><span dir=\"auto\" style=\"vertical-align: inherit;\"><span dir=\"auto\" style=\"vertical-align: inherit;\">The Zoy Zoii Travel Kid Digital Camera Yellow Star, available in <\/span><\/span><a href=\"https:\/\/middlechild.hr\/en\/\"><span dir=\"auto\" style=\"vertical-align: inherit;\"><span dir=\"auto\" style=\"vertical-align: inherit;\">the Middle Child<\/span><\/span><\/a><span dir=\"auto\" style=\"vertical-align: inherit;\"><span dir=\"auto\" style=\"vertical-align: inherit;\"> range, is an adorable companion that turns every child\u2019s adventure into a colorful memory.<\/span><\/span><\/p>\n<p data-start=\"170\" data-end=\"321\"><span dir=\"auto\" style=\"vertical-align: inherit;\"><span dir=\"auto\" style=\"vertical-align: inherit;\">The model from the E28 Series is designed for little explorers from 3 to 12 years old. It creative, imagination and independent discovery of the world through play.<\/span><\/span><\/p>\n<p data-start=\"323\" data-end=\"567\" data-is-last-node=\"\" data-is-only-node=\"\"><span dir=\"auto\" style=\"vertical-align: inherit;\"><span dir=\"auto\" style=\"vertical-align: inherit;\">This multifunctional camera allows children to create their own collection of memories and express their perspective through photography. With the Zoy Zoii Travel Kid Digital Camera Yellow Star, fun and learning come together \u2013 in every frame.<\/span><\/span><\/p>\n<p>&nbsp;<\/p>\n<p><iframe title=\"Zoy Zoii\u00ae E28 Travel Kid&#039;s Camera\" width=\"800\" height=\"450\" src=\"https:\/\/www.youtube.com\/embed\/m_gVIX4qIlw?feature=oembed\" frameborder=\"0\" allow=\"accelerometer; autoplay; clipboard-write; encrypted-media; gyroscope; picture-in-picture; web-share\" referrerpolicy=\"strict-origin-when-cross-origin\" allowfullscreen><\/iframe><\/p>\n<p>&nbsp;<\/p>\n<p>&nbsp;<\/p>","protected":false},"excerpt":{"rendered":"<p><strong><span dir=\"auto\" style=\"vertical-align: inherit;\"><span dir=\"auto\" style=\"vertical-align: inherit;\">CAPTURE THE FUN, CAPTURE THE MAGIC!<\/span><\/span><\/strong><\/p>\n<p><span dir=\"auto\" style=\"vertical-align: inherit;\"><span dir=\"auto\" style=\"vertical-align: inherit;\">Introducing the Zoy Zoii Travel Kid Digital Camera from the E28 Series \u2013 an adorable companion that turns every child\u2019s adventure into a colorful memory. Designed especially for little explorers aged 3 to 12, this multifunctional camera creativity, imagination and independent exploration of the world \u2013 all through play! Let your child start his own collection of memories, develop creativity and enjoy every frame \u2013 with the Zoy Zoii Travel Kid Digital Camera, fun and learning come together.<\/span><\/span><\/p>\n<p><span dir=\"auto\" style=\"vertical-align: inherit;\"><span dir=\"auto\" style=\"vertical-align: inherit;\">Because every adventure deserves to be called!<\/span><\/span><\/p>\n<p><strong><span dir=\"auto\" style=\"vertical-align: inherit;\"><span dir=\"auto\" style=\"vertical-align: inherit;\">Main Features:<\/span><\/span><\/strong><\/p>\n<ul>\n<li><strong><span dir=\"auto\" style=\"vertical-align: inherit;\"><span dir=\"auto\" style=\"vertical-align: inherit;\">Dual Camera (Front and Rear) -<\/span><\/span><\/strong><span dir=\"auto\" style=\"vertical-align: inherit;\"><span dir=\"auto\" style=\"vertical-align: inherit;\"> Capture photos and 720P HD videos with ease.<\/span><\/span><\/li>\n<li><strong><span dir=\"auto\" style=\"vertical-align: inherit;\"><span dir=\"auto\" style=\"vertical-align: inherit;\">Fun and creative modes \u2013<\/span><\/span><\/strong><span dir=\"auto\" style=\"vertical-align: inherit;\"><span dir=\"auto\" style=\"vertical-align: inherit;\"> Includes portraits, games and playback for endless fun.<\/span><\/span><\/li>\n<li><strong><span dir=\"auto\" style=\"vertical-align: inherit;\"><span dir=\"auto\" style=\"vertical-align: inherit;\">Multi-language support \u2013<\/span><\/span><\/strong><span dir=\"auto\" style=\"vertical-align: inherit;\"><span dir=\"auto\" style=\"vertical-align: inherit;\"> Includes 10 languages \u200b\u200blike English, German, Italian, and more.<\/span><\/span><\/li>\n<li><strong><span dir=\"auto\" style=\"vertical-align: inherit;\"><span dir=\"auto\" style=\"vertical-align: inherit;\">Spacious memory \u2013<\/span><\/span><\/strong><span dir=\"auto\" style=\"vertical-align: inherit;\"><span dir=\"auto\" style=\"vertical-align: inherit;\"> Comes with a 32GB memory card to store all your photos and videos.<\/span><\/span><\/li>\n<li><strong><span dir=\"auto\" style=\"vertical-align: inherit;\"><span dir=\"auto\" style=\"vertical-align: inherit;\">Lightweight and Durable \u2013<\/span><\/span><\/strong><span dir=\"auto\" style=\"vertical-align: inherit;\"><span dir=\"auto\" style=\"vertical-align: inherit;\"> Made of high-quality materials like PC+ABS+Silicone for safe and comfortable use.<\/span><\/span><\/li>\n<li><strong><span dir=\"auto\" style=\"vertical-align: inherit;\"><span dir=\"auto\" style=\"vertical-align: inherit;\">Battery charger -<\/span><\/span><\/strong><span dir=\"auto\" style=\"vertical-align: inherit;\"><span dir=\"auto\" style=\"vertical-align: inherit;\"> 1000mAh lithium-ion battery, ideal for long-lasting play.<\/span><\/span><\/li>\n<li><strong><span dir=\"auto\" style=\"vertical-align: inherit;\"><span dir=\"auto\" style=\"vertical-align: inherit;\">Compact and easy to carry \u2013<\/span><\/span><\/strong><span dir=\"auto\" style=\"vertical-align: inherit;\"><span dir=\"auto\" style=\"vertical-align: inherit;\"> Weighs only 121g, making it perfect for small hands.<\/span><\/span><\/li>\n<li><strong><span dir=\"auto\" style=\"vertical-align: inherit;\"><span dir=\"auto\" style=\"vertical-align: inherit;\">3.0-inch IPS display -<\/span><\/span><\/strong><span dir=\"auto\" style=\"vertical-align: inherit;\"><span dir=\"auto\" style=\"vertical-align: inherit;\"> A sharp and clear display for easy viewing of photos and videos.<\/span><\/span><\/li>\n<\/ul>\n<p><strong><span dir=\"auto\" style=\"vertical-align: inherit;\"><span dir=\"auto\" style=\"vertical-align: inherit;\">Specifications:<\/span><\/span><\/strong><\/p>\n<ul>\n<li><strong><span dir=\"auto\" style=\"vertical-align: inherit;\"><span dir=\"auto\" style=\"vertical-align: inherit;\">Material:<\/span><\/span><\/strong><span dir=\"auto\" style=\"vertical-align: inherit;\"><span dir=\"auto\" style=\"vertical-align: inherit;\"> PC + ABS + Silicone + Polyester<\/span><\/span><\/li>\n<li><strong><span dir=\"auto\" style=\"vertical-align: inherit;\"><span dir=\"auto\" style=\"vertical-align: inherit;\">Battery:<\/span><\/span><\/strong><span dir=\"auto\" style=\"vertical-align: inherit;\"><span dir=\"auto\" style=\"vertical-align: inherit;\"> 1000mAh polymer lithium-ion (3.7V, 3.7Wh)<\/span><\/span><\/li>\n<li><strong><span dir=\"auto\" style=\"vertical-align: inherit;\"><span dir=\"auto\" style=\"vertical-align: inherit;\">Camera pixels:<\/span><\/span><\/strong><span dir=\"auto\" style=\"vertical-align: inherit;\"><span dir=\"auto\" style=\"vertical-align: inherit;\"> 100W front and rear dual camera<\/span><\/span><\/li>\n<li><strong><span dir=\"auto\" style=\"vertical-align: inherit;\"><span dir=\"auto\" style=\"vertical-align: inherit;\">Memory support:<\/span><\/span><\/strong><span dir=\"auto\" style=\"vertical-align: inherit;\"><span dir=\"auto\" style=\"vertical-align: inherit;\"> 32GB memory card<\/span><\/span><\/li>\n<li><strong><span dir=\"auto\" style=\"vertical-align: inherit;\"><span dir=\"auto\" style=\"vertical-align: inherit;\">Dimensions:<\/span><\/span><\/strong><span dir=\"auto\" style=\"vertical-align: inherit;\"><span dir=\"auto\" style=\"vertical-align: inherit;\"> 98 mm x 83 mm x 46 mm<\/span><\/span><\/li>\n<li><strong><span dir=\"auto\" style=\"vertical-align: inherit;\"><span dir=\"auto\" style=\"vertical-align: inherit;\">Weight:<\/span><\/span><\/strong><span dir=\"auto\" style=\"vertical-align: inherit;\"><span dir=\"auto\" style=\"vertical-align: inherit;\"> 121 g (without shoulder strap)<\/span><\/span><\/li>\n<li><strong><span dir=\"auto\" style=\"vertical-align: inherit;\"><span dir=\"auto\" style=\"vertical-align: inherit;\">Input:<\/span><\/span><\/strong><span dir=\"auto\" style=\"vertical-align: inherit;\"><span dir=\"auto\" style=\"vertical-align: inherit;\"> 5V=1A (via Type-C data cable)<\/span><\/span><\/li>\n<\/ul>\n<p><strong><span dir=\"auto\" style=\"vertical-align: inherit;\"><span dir=\"auto\" style=\"vertical-align: inherit;\">Safety and maintenance:<\/span><\/span><\/strong><\/p>\n<ul>\n<li><span dir=\"auto\" style=\"vertical-align: inherit;\"><span dir=\"auto\" style=\"vertical-align: inherit;\">complementary for children over 3 years old.<\/span><\/span><\/li>\n<li><span dir=\"auto\" style=\"vertical-align: inherit;\"><span dir=\"auto\" style=\"vertical-align: inherit;\">Check the toy for any damage before use.<\/span><\/span><\/li>\n<li><span dir=\"auto\" style=\"vertical-align: inherit;\"><span dir=\"auto\" style=\"vertical-align: inherit;\">Clean absorb and follow the specifications for safe use and proper maintenance <\/span><\/span><strong><span dir=\"auto\" style=\"vertical-align: inherit;\"><span dir=\"auto\" style=\"vertical-align: inherit;\">.<\/span><\/span><\/strong><\/li>\n<\/ul>\n<p>https:\/\/youtu.be\/m_gVIX4qIlw<\/p>\n<h2 style=\"font-size: 28px;\"><span dir=\"auto\" style=\"vertical-align: inherit;\"><span dir=\"auto\" style=\"vertical-align: inherit;\">Zoy Zoii Kids Camera - Creative Digital Camera for Kids<\/span><\/span><\/h2>\n<p><span dir=\"auto\" style=\"vertical-align: inherit;\"><span dir=\"auto\" style=\"vertical-align: inherit;\">The Zoy Zoii Kids Camera is designed to inspire creativity, imagination and exploration in children. It is designed to fit small hands, is easy to use and is lasting enough for everyday activities. This kids camera allows children to capture their adventures through photos and videos, while developing an interest in visual expression. Through play, children develop fine motor skills, creative thinking and an eye for detail.<\/span><\/span><\/p>","protected":false},"featured_media":1299,"template":"","meta":[],"product_brand":[],"product_cat":[91,50,52],"product_tag":[],"class_list":{"0":"post-1298","1":"product","2":"type-product","3":"status-publish","4":"has-post-thumbnail","6":"product_cat-gadget","7":"product_cat-kid-camera-serija","8":"product_cat-zoy-zoii","10":"first","11":"instock","12":"taxable","13":"shipping-taxable","14":"purchasable","15":"product-type-simple","16":"wpzoom-wc-spi-has-enabled"},"yoast_head":"<!-- This site is optimized with the Yoast SEO plugin v27.2 - https:\/\/yoast.com\/product\/yoast-seo-wordpress\/ -->\n<title>Zoy Zoii Travel Kid Digitalni Fotoaparat Yellow Star | Middle Child<\/title>\n<meta name=\"description\" content=\"Zoy Zoii Travel Kid Digitalni Fotoaparat Yellow Star \u2013 lagan, siguran i jednostavan za kori\u0161tenje. Savr\u0161en poklon za djecu koji poti\u010de kreativnost i igru.\" \/>\n<meta name=\"robots\" content=\"index, follow, max-snippet:-1, max-image-preview:large, max-video-preview:-1\" \/>\n<link rel=\"canonical\" href=\"https:\/\/middlechild.hr\/en\/product\/zoy-zoii-digitalni-fotoaparat-yellow-star\/\" \/>\n<meta property=\"og:locale\" content=\"en_GB\" \/>\n<meta property=\"og:type\" content=\"article\" \/>\n<meta property=\"og:title\" content=\"Zoy Zoii Travel Kid Digitalni Fotoaparat Yellow Star | Middle Child\" \/>\n<meta property=\"og:description\" content=\"Zoy Zoii Travel Kid Digitalni Fotoaparat Yellow Star \u2013 lagan, siguran i jednostavan za kori\u0161tenje. Savr\u0161en poklon za djecu koji poti\u010de kreativnost i igru.\" \/>\n<meta property=\"og:url\" content=\"https:\/\/middlechild.hr\/en\/product\/zoy-zoii-digitalni-fotoaparat-yellow-star\/\" \/>\n<meta property=\"og:site_name\" content=\"Middle Child\" \/>\n<meta property=\"article:modified_time\" content=\"2026-04-16T14:48:27+00:00\" \/>\n<meta property=\"og:image\" content=\"https:\/\/middlechild.hr\/wp-content\/uploads\/2025\/10\/yellow.jpg\" \/>\n\t<meta property=\"og:image:width\" content=\"800\" \/>\n\t<meta property=\"og:image:height\" content=\"800\" \/>\n\t<meta property=\"og:image:type\" content=\"image\/jpeg\" \/>\n<meta name=\"twitter:card\" content=\"summary_large_image\" \/>\n<meta name=\"twitter:label1\" content=\"Estimated reading time\" \/>\n\t<meta name=\"twitter:data1\" content=\"1 minute\" \/>\n<script type=\"application\/ld+json\" class=\"yoast-schema-graph\">{\"@context\":\"https:\/\/schema.org\",\"@graph\":[{\"@type\":\"WebPage\",\"@id\":\"https:\/\/middlechild.hr\/proizvod\/zoy-zoii-digitalni-fotoaparat-yellow-star\/\",\"url\":\"https:\/\/middlechild.hr\/proizvod\/zoy-zoii-digitalni-fotoaparat-yellow-star\/\",\"name\":\"Zoy Zoii Travel Kid Digitalni Fotoaparat Yellow Star | Middle Child\",\"isPartOf\":{\"@id\":\"https:\/\/middlechild.hr\/#website\"},\"primaryImageOfPage\":{\"@id\":\"https:\/\/middlechild.hr\/proizvod\/zoy-zoii-digitalni-fotoaparat-yellow-star\/#primaryimage\"},\"image\":{\"@id\":\"https:\/\/middlechild.hr\/proizvod\/zoy-zoii-digitalni-fotoaparat-yellow-star\/#primaryimage\"},\"thumbnailUrl\":\"https:\/\/middlechild.hr\/wp-content\/uploads\/2025\/10\/yellow.jpg\",\"datePublished\":\"2025-10-18T10:17:30+00:00\",\"dateModified\":\"2026-04-16T14:48:27+00:00\",\"description\":\"Zoy Zoii Travel Kid Digitalni Fotoaparat Yellow Star \u2013 lagan, siguran i jednostavan za kori\u0161tenje. Savr\u0161en poklon za djecu koji poti\u010de kreativnost i igru.\",\"breadcrumb\":{\"@id\":\"https:\/\/middlechild.hr\/proizvod\/zoy-zoii-digitalni-fotoaparat-yellow-star\/#breadcrumb\"},\"inLanguage\":\"en-GB\",\"potentialAction\":[{\"@type\":\"ReadAction\",\"target\":[\"https:\/\/middlechild.hr\/proizvod\/zoy-zoii-digitalni-fotoaparat-yellow-star\/\"]}]},{\"@type\":\"ImageObject\",\"inLanguage\":\"en-GB\",\"@id\":\"https:\/\/middlechild.hr\/proizvod\/zoy-zoii-digitalni-fotoaparat-yellow-star\/#primaryimage\",\"url\":\"https:\/\/middlechild.hr\/wp-content\/uploads\/2025\/10\/yellow.jpg\",\"contentUrl\":\"https:\/\/middlechild.hr\/wp-content\/uploads\/2025\/10\/yellow.jpg\",\"width\":800,\"height\":800,\"caption\":\"Kid Digital Camera\"},{\"@type\":\"BreadcrumbList\",\"@id\":\"https:\/\/middlechild.hr\/proizvod\/zoy-zoii-digitalni-fotoaparat-yellow-star\/#breadcrumb\",\"itemListElement\":[{\"@type\":\"ListItem\",\"position\":1,\"name\":\"Po\u010detna stranica\",\"item\":\"https:\/\/middlechild.hr\/\"},{\"@type\":\"ListItem\",\"position\":2,\"name\":\"Trgovina\",\"item\":\"https:\/\/middlechild.hr\/trgovina\/\"},{\"@type\":\"ListItem\",\"position\":3,\"name\":\"Zoy Zoii Travel Kid Digitalni Fotoaparat Yellow Star\"}]},{\"@type\":\"WebSite\",\"@id\":\"https:\/\/middlechild.hr\/#website\",\"url\":\"https:\/\/middlechild.hr\/\",\"name\":\"Middle Child\",\"description\":\"\",\"publisher\":{\"@id\":\"https:\/\/middlechild.hr\/#organization\"},\"potentialAction\":[{\"@type\":\"SearchAction\",\"target\":{\"@type\":\"EntryPoint\",\"urlTemplate\":\"https:\/\/middlechild.hr\/?s={search_term_string}\"},\"query-input\":{\"@type\":\"PropertyValueSpecification\",\"valueRequired\":true,\"valueName\":\"search_term_string\"}}],\"inLanguage\":\"en-GB\"},{\"@type\":\"Organization\",\"@id\":\"https:\/\/middlechild.hr\/#organization\",\"name\":\"Middle Child\",\"url\":\"https:\/\/middlechild.hr\/\",\"logo\":{\"@type\":\"ImageObject\",\"inLanguage\":\"en-GB\",\"@id\":\"https:\/\/middlechild.hr\/#\/schema\/logo\/image\/\",\"url\":\"https:\/\/middlechild.hr\/wp-content\/uploads\/2025\/09\/Novi-Projekt.png\",\"contentUrl\":\"https:\/\/middlechild.hr\/wp-content\/uploads\/2025\/09\/Novi-Projekt.png\",\"width\":953,\"height\":185,\"caption\":\"Middle Child\"},\"image\":{\"@id\":\"https:\/\/middlechild.hr\/#\/schema\/logo\/image\/\"}}]}<\/script>\n<!-- \/ Yoast SEO plugin. -->","yoast_head_json":{"title":"Zoy Zoii Travel Kid Digitalni Fotoaparat Yellow Star | Middle Child","description":"Zoy Zoii Travel Kid Digitalni Fotoaparat Yellow Star \u2013 lagan, siguran i jednostavan za kori\u0161tenje. Savr\u0161en poklon za djecu koji poti\u010de kreativnost i igru.","robots":{"index":"index","follow":"follow","max-snippet":"max-snippet:-1","max-image-preview":"max-image-preview:large","max-video-preview":"max-video-preview:-1"},"canonical":"https:\/\/middlechild.hr\/en\/product\/zoy-zoii-digitalni-fotoaparat-yellow-star\/","og_locale":"en_GB","og_type":"article","og_title":"Zoy Zoii Travel Kid Digitalni Fotoaparat Yellow Star | Middle Child","og_description":"Zoy Zoii Travel Kid Digitalni Fotoaparat Yellow Star \u2013 lagan, siguran i jednostavan za kori\u0161tenje. Savr\u0161en poklon za djecu koji poti\u010de kreativnost i igru.","og_url":"https:\/\/middlechild.hr\/en\/product\/zoy-zoii-digitalni-fotoaparat-yellow-star\/","og_site_name":"Middle Child","article_modified_time":"2026-04-16T14:48:27+00:00","og_image":[{"width":800,"height":800,"url":"https:\/\/middlechild.hr\/wp-content\/uploads\/2025\/10\/yellow.jpg","type":"image\/jpeg"}],"twitter_card":"summary_large_image","twitter_misc":{"Estimated reading time":"1 minute"},"schema":{"@context":"https:\/\/schema.org","@graph":[{"@type":"WebPage","@id":"https:\/\/middlechild.hr\/proizvod\/zoy-zoii-digitalni-fotoaparat-yellow-star\/","url":"https:\/\/middlechild.hr\/proizvod\/zoy-zoii-digitalni-fotoaparat-yellow-star\/","name":"Zoy Zoii Travel Kid Digitalni Fotoaparat Yellow Star | Middle Child","isPartOf":{"@id":"https:\/\/middlechild.hr\/#website"},"primaryImageOfPage":{"@id":"https:\/\/middlechild.hr\/proizvod\/zoy-zoii-digitalni-fotoaparat-yellow-star\/#primaryimage"},"image":{"@id":"https:\/\/middlechild.hr\/proizvod\/zoy-zoii-digitalni-fotoaparat-yellow-star\/#primaryimage"},"thumbnailUrl":"https:\/\/middlechild.hr\/wp-content\/uploads\/2025\/10\/yellow.jpg","datePublished":"2025-10-18T10:17:30+00:00","dateModified":"2026-04-16T14:48:27+00:00","description":"Zoy Zoii Travel Kid Digitalni Fotoaparat Yellow Star \u2013 lagan, siguran i jednostavan za kori\u0161tenje. Savr\u0161en poklon za djecu koji poti\u010de kreativnost i igru.","breadcrumb":{"@id":"https:\/\/middlechild.hr\/proizvod\/zoy-zoii-digitalni-fotoaparat-yellow-star\/#breadcrumb"},"inLanguage":"en-GB","potentialAction":[{"@type":"ReadAction","target":["https:\/\/middlechild.hr\/proizvod\/zoy-zoii-digitalni-fotoaparat-yellow-star\/"]}]},{"@type":"ImageObject","inLanguage":"en-GB","@id":"https:\/\/middlechild.hr\/proizvod\/zoy-zoii-digitalni-fotoaparat-yellow-star\/#primaryimage","url":"https:\/\/middlechild.hr\/wp-content\/uploads\/2025\/10\/yellow.jpg","contentUrl":"https:\/\/middlechild.hr\/wp-content\/uploads\/2025\/10\/yellow.jpg","width":800,"height":800,"caption":"Kid Digital Camera"},{"@type":"BreadcrumbList","@id":"https:\/\/middlechild.hr\/proizvod\/zoy-zoii-digitalni-fotoaparat-yellow-star\/#breadcrumb","itemListElement":[{"@type":"ListItem","position":1,"name":"Po\u010detna stranica","item":"https:\/\/middlechild.hr\/"},{"@type":"ListItem","position":2,"name":"Trgovina","item":"https:\/\/middlechild.hr\/trgovina\/"},{"@type":"ListItem","position":3,"name":"Zoy Zoii Travel Kid Digitalni Fotoaparat Yellow Star"}]},{"@type":"WebSite","@id":"https:\/\/middlechild.hr\/#website","url":"https:\/\/middlechild.hr\/","name":"Middle Child","description":"","publisher":{"@id":"https:\/\/middlechild.hr\/#organization"},"potentialAction":[{"@type":"SearchAction","target":{"@type":"EntryPoint","urlTemplate":"https:\/\/middlechild.hr\/?s={search_term_string}"},"query-input":{"@type":"PropertyValueSpecification","valueRequired":true,"valueName":"search_term_string"}}],"inLanguage":"en-GB"},{"@type":"Organization","@id":"https:\/\/middlechild.hr\/#organization","name":"Middle Child","url":"https:\/\/middlechild.hr\/","logo":{"@type":"ImageObject","inLanguage":"en-GB","@id":"https:\/\/middlechild.hr\/#\/schema\/logo\/image\/","url":"https:\/\/middlechild.hr\/wp-content\/uploads\/2025\/09\/Novi-Projekt.png","contentUrl":"https:\/\/middlechild.hr\/wp-content\/uploads\/2025\/09\/Novi-Projekt.png","width":953,"height":185,"caption":"Middle Child"},"image":{"@id":"https:\/\/middlechild.hr\/#\/schema\/logo\/image\/"}}]}},"jetpack_sharing_enabled":true,"_links":{"self":[{"href":"https:\/\/middlechild.hr\/en\/wp-json\/wp\/v2\/product\/1298","targetHints":{"allow":["GET"]}}],"collection":[{"href":"https:\/\/middlechild.hr\/en\/wp-json\/wp\/v2\/product"}],"about":[{"href":"https:\/\/middlechild.hr\/en\/wp-json\/wp\/v2\/types\/product"}],"wp:featuredmedia":[{"embeddable":true,"href":"https:\/\/middlechild.hr\/en\/wp-json\/wp\/v2\/media\/1299"}],"wp:attachment":[{"href":"https:\/\/middlechild.hr\/en\/wp-json\/wp\/v2\/media?parent=1298"}],"wp:term":[{"taxonomy":"product_brand","embeddable":true,"href":"https:\/\/middlechild.hr\/en\/wp-json\/wp\/v2\/product_brand?post=1298"},{"taxonomy":"product_cat","embeddable":true,"href":"https:\/\/middlechild.hr\/en\/wp-json\/wp\/v2\/product_cat?post=1298"},{"taxonomy":"product_tag","embeddable":true,"href":"https:\/\/middlechild.hr\/en\/wp-json\/wp\/v2\/product_tag?post=1298"}],"curies":[{"name":"wp","href":"https:\/\/api.w.org\/{rel}","templated":true}]}}