{"id":133,"date":"2025-05-14T17:39:18","date_gmt":"2025-05-14T15:39:18","guid":{"rendered":"https:\/\/middlechild.hr\/?post_type=product&#038;p=133"},"modified":"2026-03-06T12:16:59","modified_gmt":"2026-03-06T11:16:59","slug":"zoy-zoii-bunny-2","status":"publish","type":"product","link":"https:\/\/middlechild.hr\/en\/product\/zoy-zoii-bunny-2\/","title":{"rendered":"Zoy Zoii Bunny With Safety Leash"},"content":{"rendered":"<p>Looking for the perfect gift that will cheer up the child and give the parents peace? Zoy Zoii Bunny With Safety Leash backpack, available in Middle Child's offer, is a great choice for small explorers.<\/p>\n<p>This cute Zoy Zoii Bunny backpack from the B28 Animal Series comes in the form of a gentle beige rabbit. It combines playful design, safety and convenience for every day. Children like to take it to kindergarten, for excursions or for a walk.<\/p>\n<p>A built-in safety leash with a soft grip helps parents to keep the child at a safe distance at all times. It is ideal for busy streets, travel and long walks.<\/p>\n<p>Light and comfortable, this Zoy Zoii children's leash backpack provides freedom of movement for children and extra peace of mind for parents.<\/p>\n<p>With <a href=\"https:\/\/middlechild.hr\/en\/product-category\/zoy-zoii\/\">Zoy Zoii<\/a> Bunny With Safety Leash from Middle Child offer, safety and entertainment go together.<\/p>\n<p><iframe title=\"Zoy Zoii\u00ae B28 Animal Series With Safety Leash\" width=\"800\" height=\"450\" src=\"https:\/\/www.youtube.com\/embed\/yzdgdrGm0ZI?feature=oembed\" frameborder=\"0\" allow=\"accelerometer; autoplay; clipboard-write; encrypted-media; gyroscope; picture-in-picture; web-share\" referrerpolicy=\"strict-origin-when-cross-origin\" allowfullscreen><\/iframe><\/p>","protected":false},"excerpt":{"rendered":"<p><strong>Secure in every corner!<\/strong><\/p>\n<p>Looking for the perfect gift that will delight the child and give the parents peace?!<br \/>\nZoy Zoii Bunny The backpack from the B28 Animal Series brings an irresistible combination of safety, playful design and everyday convenience - all packed in a cute beige rabbit. A built-in safety leash with a soft grip allows parents to keep the child at a safe distance at all times \u2013 ideal for busy streets, journeys or long walks.<\/p>\n<p>Give safety and a smile \u2013 with a backpack that thinks of everything, and if you receive it for your ears you may be even more surprised.<\/p>\n<p><strong>Main Features:<\/strong><\/p>\n<p><strong>Cute animal design:<\/strong> Inspired by a small rabbit, it brings joy to children and adds a cute look to any outfit.<\/p>\n<p><strong>Extremely lightweight and elastic SBR material:<\/strong> Made from a soft, high-elastic SBR (stirol-butadien rubber), it provides an extremely light feel while maintaining superior elasticity and durability for everyday adventures.<\/p>\n<p><strong>CPSIA certificate:<\/strong> Made of high-quality, non-toxic materials that meet CPSIA safety standards, ensuring it is safe for everyday use by children.<\/p>\n<p><strong>Safety and design against loss:<\/strong> The optional anti-loss safety strip (for younger children) keeps the child close in the crowd.<\/p>\n<p><strong>Audio-generating interactive ear:<\/strong> The soft animal ear produces sound when the child touches them, increasing sensory play and making the backpack even more fun.<\/p>\n<p><strong>Safe and easy to use:<\/strong> The sturdy zipper keeps things safe and provides easy access.<\/p>\n<p><strong>H-shaped system for even weight distribution:<\/strong> It evenly distributes weight over the shoulders and back, reducing the load.<\/p>\n<p><strong>Soft, adjustable shoulder straps:<\/strong> Wide, padded shoulder straps provide maximum comfort, even during long days.<\/p>\n<p><strong>Spacious and organized:<\/strong> Smart interior layout with enough space for books, snacks and all necessities.<\/p>\n<p><strong>The perfect choice for a gift:<\/strong> It comes in a nice package, which makes it a great gift for children.<\/p>\n<p>From school days to outdoor research, <strong>Zoy Zoii Bunny Animal Series Backpack <\/strong>it's not just a backpack \u2014 it's a reliable companion for every little explorer. With a sturdy yet lightweight construction, it is designed to accompany active little adventurers!<\/p>\n<p><strong>Brand:<\/strong> Zoy Zoii<br \/>\n<strong>Main material:<\/strong> 70% SBR, 30% Polyester<br \/>\n<strong>Size:<\/strong> One size<br \/>\n<strong>Dimensions:<\/strong> approximately 230 mm (w) \u00d7 195 mm (d) \u00d7 130 mm (v)<br \/>\n<strong>Weight:<\/strong> 290 g<\/p>\n<p><strong>N.B.:<\/strong> The dimensions are measured while the backpack is fully loaded; Minor deviations are possible.<\/p>\n<p>&nbsp;<\/p>\n<p>https:\/\/youtu.be\/yzdgdrGm0ZI<\/p>","protected":false},"featured_media":218,"template":"","meta":[],"product_brand":[],"product_cat":[24,94,19,102,52],"product_tag":[],"class_list":{"0":"post-133","1":"product","2":"type-product","3":"status-publish","4":"has-post-thumbnail","6":"product_cat-neopren","7":"product_cat-animal-serija","8":"product_cat-ruksak","9":"product_cat-safety-leash-ruksak","10":"product_cat-zoy-zoii","12":"first","13":"instock","14":"taxable","15":"shipping-taxable","16":"purchasable","17":"product-type-simple","18":"wpzoom-wc-spi-has-enabled"},"yoast_head":"<!-- This site is optimized with the Yoast SEO plugin v27.2 - https:\/\/yoast.com\/product\/yoast-seo-wordpress\/ -->\n<title>Zoy Zoii Bunny With Safety Leash - Middle Child<\/title>\n<meta name=\"description\" content=\"Zoy Zoii Bunny ima razigran dizajn, kvalitetne materijale i ugodnu teksturu, savr\u0161en za svakodnevnu upotrebu ili kao simpati\u010dan dodatak za no\u0161enje.\" \/>\n<meta name=\"robots\" content=\"index, follow, max-snippet:-1, max-image-preview:large, max-video-preview:-1\" \/>\n<link rel=\"canonical\" href=\"https:\/\/middlechild.hr\/en\/product\/zoy-zoii-bunny-2\/\" \/>\n<meta property=\"og:locale\" content=\"en_GB\" \/>\n<meta property=\"og:type\" content=\"article\" \/>\n<meta property=\"og:title\" content=\"Zoy Zoii Bunny With Safety Leash - Middle Child\" \/>\n<meta property=\"og:description\" content=\"Zoy Zoii Bunny ima razigran dizajn, kvalitetne materijale i ugodnu teksturu, savr\u0161en za svakodnevnu upotrebu ili kao simpati\u010dan dodatak za no\u0161enje.\" \/>\n<meta property=\"og:url\" content=\"https:\/\/middlechild.hr\/en\/product\/zoy-zoii-bunny-2\/\" \/>\n<meta property=\"og:site_name\" content=\"Middle Child\" \/>\n<meta property=\"article:modified_time\" content=\"2026-03-06T11:16:59+00:00\" \/>\n<meta property=\"og:image\" content=\"https:\/\/middlechild.hr\/wp-content\/uploads\/2025\/05\/7.png\" \/>\n\t<meta property=\"og:image:width\" content=\"800\" \/>\n\t<meta property=\"og:image:height\" content=\"800\" \/>\n\t<meta property=\"og:image:type\" content=\"image\/png\" \/>\n<meta name=\"twitter:card\" content=\"summary_large_image\" \/>\n<meta name=\"twitter:label1\" content=\"Estimated reading time\" \/>\n\t<meta name=\"twitter:data1\" content=\"1 minute\" \/>\n<script type=\"application\/ld+json\" class=\"yoast-schema-graph\">{\"@context\":\"https:\/\/schema.org\",\"@graph\":[{\"@type\":\"WebPage\",\"@id\":\"https:\/\/middlechild.hr\/proizvod\/zoy-zoii-bunny-2\/\",\"url\":\"https:\/\/middlechild.hr\/proizvod\/zoy-zoii-bunny-2\/\",\"name\":\"Zoy Zoii Bunny With Safety Leash - Middle Child\",\"isPartOf\":{\"@id\":\"https:\/\/middlechild.hr\/#website\"},\"primaryImageOfPage\":{\"@id\":\"https:\/\/middlechild.hr\/proizvod\/zoy-zoii-bunny-2\/#primaryimage\"},\"image\":{\"@id\":\"https:\/\/middlechild.hr\/proizvod\/zoy-zoii-bunny-2\/#primaryimage\"},\"thumbnailUrl\":\"https:\/\/middlechild.hr\/wp-content\/uploads\/2025\/05\/7.png\",\"datePublished\":\"2025-05-14T15:39:18+00:00\",\"dateModified\":\"2026-03-06T11:16:59+00:00\",\"description\":\"Zoy Zoii Bunny ima razigran dizajn, kvalitetne materijale i ugodnu teksturu, savr\u0161en za svakodnevnu upotrebu ili kao simpati\u010dan dodatak za no\u0161enje.\",\"breadcrumb\":{\"@id\":\"https:\/\/middlechild.hr\/proizvod\/zoy-zoii-bunny-2\/#breadcrumb\"},\"inLanguage\":\"en-GB\",\"potentialAction\":[{\"@type\":\"ReadAction\",\"target\":[\"https:\/\/middlechild.hr\/proizvod\/zoy-zoii-bunny-2\/\"]}]},{\"@type\":\"ImageObject\",\"inLanguage\":\"en-GB\",\"@id\":\"https:\/\/middlechild.hr\/proizvod\/zoy-zoii-bunny-2\/#primaryimage\",\"url\":\"https:\/\/middlechild.hr\/wp-content\/uploads\/2025\/05\/7.png\",\"contentUrl\":\"https:\/\/middlechild.hr\/wp-content\/uploads\/2025\/05\/7.png\",\"width\":800,\"height\":800,\"caption\":\"Zoy Zoii Bunny With Safety Leash\"},{\"@type\":\"BreadcrumbList\",\"@id\":\"https:\/\/middlechild.hr\/proizvod\/zoy-zoii-bunny-2\/#breadcrumb\",\"itemListElement\":[{\"@type\":\"ListItem\",\"position\":1,\"name\":\"Po\u010detna stranica\",\"item\":\"https:\/\/middlechild.hr\/\"},{\"@type\":\"ListItem\",\"position\":2,\"name\":\"Trgovina\",\"item\":\"https:\/\/middlechild.hr\/trgovina\/\"},{\"@type\":\"ListItem\",\"position\":3,\"name\":\"Zoy Zoii Bunny With Safety Leash\"}]},{\"@type\":\"WebSite\",\"@id\":\"https:\/\/middlechild.hr\/#website\",\"url\":\"https:\/\/middlechild.hr\/\",\"name\":\"Middle Child\",\"description\":\"\",\"publisher\":{\"@id\":\"https:\/\/middlechild.hr\/#organization\"},\"potentialAction\":[{\"@type\":\"SearchAction\",\"target\":{\"@type\":\"EntryPoint\",\"urlTemplate\":\"https:\/\/middlechild.hr\/?s={search_term_string}\"},\"query-input\":{\"@type\":\"PropertyValueSpecification\",\"valueRequired\":true,\"valueName\":\"search_term_string\"}}],\"inLanguage\":\"en-GB\"},{\"@type\":\"Organization\",\"@id\":\"https:\/\/middlechild.hr\/#organization\",\"name\":\"Middle Child\",\"url\":\"https:\/\/middlechild.hr\/\",\"logo\":{\"@type\":\"ImageObject\",\"inLanguage\":\"en-GB\",\"@id\":\"https:\/\/middlechild.hr\/#\/schema\/logo\/image\/\",\"url\":\"https:\/\/middlechild.hr\/wp-content\/uploads\/2025\/09\/Novi-Projekt.png\",\"contentUrl\":\"https:\/\/middlechild.hr\/wp-content\/uploads\/2025\/09\/Novi-Projekt.png\",\"width\":953,\"height\":185,\"caption\":\"Middle Child\"},\"image\":{\"@id\":\"https:\/\/middlechild.hr\/#\/schema\/logo\/image\/\"}}]}<\/script>\n<!-- \/ Yoast SEO plugin. -->","yoast_head_json":{"title":"Zoy Zoii Bunny With Safety Leash - Middle Child","description":"Zoy Zoii Bunny ima razigran dizajn, kvalitetne materijale i ugodnu teksturu, savr\u0161en za svakodnevnu upotrebu ili kao simpati\u010dan dodatak za no\u0161enje.","robots":{"index":"index","follow":"follow","max-snippet":"max-snippet:-1","max-image-preview":"max-image-preview:large","max-video-preview":"max-video-preview:-1"},"canonical":"https:\/\/middlechild.hr\/en\/product\/zoy-zoii-bunny-2\/","og_locale":"en_GB","og_type":"article","og_title":"Zoy Zoii Bunny With Safety Leash - Middle Child","og_description":"Zoy Zoii Bunny ima razigran dizajn, kvalitetne materijale i ugodnu teksturu, savr\u0161en za svakodnevnu upotrebu ili kao simpati\u010dan dodatak za no\u0161enje.","og_url":"https:\/\/middlechild.hr\/en\/product\/zoy-zoii-bunny-2\/","og_site_name":"Middle Child","article_modified_time":"2026-03-06T11:16:59+00:00","og_image":[{"width":800,"height":800,"url":"https:\/\/middlechild.hr\/wp-content\/uploads\/2025\/05\/7.png","type":"image\/png"}],"twitter_card":"summary_large_image","twitter_misc":{"Estimated reading time":"1 minute"},"schema":{"@context":"https:\/\/schema.org","@graph":[{"@type":"WebPage","@id":"https:\/\/middlechild.hr\/proizvod\/zoy-zoii-bunny-2\/","url":"https:\/\/middlechild.hr\/proizvod\/zoy-zoii-bunny-2\/","name":"Zoy Zoii Bunny With Safety Leash - Middle Child","isPartOf":{"@id":"https:\/\/middlechild.hr\/#website"},"primaryImageOfPage":{"@id":"https:\/\/middlechild.hr\/proizvod\/zoy-zoii-bunny-2\/#primaryimage"},"image":{"@id":"https:\/\/middlechild.hr\/proizvod\/zoy-zoii-bunny-2\/#primaryimage"},"thumbnailUrl":"https:\/\/middlechild.hr\/wp-content\/uploads\/2025\/05\/7.png","datePublished":"2025-05-14T15:39:18+00:00","dateModified":"2026-03-06T11:16:59+00:00","description":"Zoy Zoii Bunny ima razigran dizajn, kvalitetne materijale i ugodnu teksturu, savr\u0161en za svakodnevnu upotrebu ili kao simpati\u010dan dodatak za no\u0161enje.","breadcrumb":{"@id":"https:\/\/middlechild.hr\/proizvod\/zoy-zoii-bunny-2\/#breadcrumb"},"inLanguage":"en-GB","potentialAction":[{"@type":"ReadAction","target":["https:\/\/middlechild.hr\/proizvod\/zoy-zoii-bunny-2\/"]}]},{"@type":"ImageObject","inLanguage":"en-GB","@id":"https:\/\/middlechild.hr\/proizvod\/zoy-zoii-bunny-2\/#primaryimage","url":"https:\/\/middlechild.hr\/wp-content\/uploads\/2025\/05\/7.png","contentUrl":"https:\/\/middlechild.hr\/wp-content\/uploads\/2025\/05\/7.png","width":800,"height":800,"caption":"Zoy Zoii Bunny With Safety Leash"},{"@type":"BreadcrumbList","@id":"https:\/\/middlechild.hr\/proizvod\/zoy-zoii-bunny-2\/#breadcrumb","itemListElement":[{"@type":"ListItem","position":1,"name":"Po\u010detna stranica","item":"https:\/\/middlechild.hr\/"},{"@type":"ListItem","position":2,"name":"Trgovina","item":"https:\/\/middlechild.hr\/trgovina\/"},{"@type":"ListItem","position":3,"name":"Zoy Zoii Bunny With Safety Leash"}]},{"@type":"WebSite","@id":"https:\/\/middlechild.hr\/#website","url":"https:\/\/middlechild.hr\/","name":"Middle Child","description":"","publisher":{"@id":"https:\/\/middlechild.hr\/#organization"},"potentialAction":[{"@type":"SearchAction","target":{"@type":"EntryPoint","urlTemplate":"https:\/\/middlechild.hr\/?s={search_term_string}"},"query-input":{"@type":"PropertyValueSpecification","valueRequired":true,"valueName":"search_term_string"}}],"inLanguage":"en-GB"},{"@type":"Organization","@id":"https:\/\/middlechild.hr\/#organization","name":"Middle Child","url":"https:\/\/middlechild.hr\/","logo":{"@type":"ImageObject","inLanguage":"en-GB","@id":"https:\/\/middlechild.hr\/#\/schema\/logo\/image\/","url":"https:\/\/middlechild.hr\/wp-content\/uploads\/2025\/09\/Novi-Projekt.png","contentUrl":"https:\/\/middlechild.hr\/wp-content\/uploads\/2025\/09\/Novi-Projekt.png","width":953,"height":185,"caption":"Middle Child"},"image":{"@id":"https:\/\/middlechild.hr\/#\/schema\/logo\/image\/"}}]}},"jetpack_sharing_enabled":true,"_links":{"self":[{"href":"https:\/\/middlechild.hr\/en\/wp-json\/wp\/v2\/product\/133","targetHints":{"allow":["GET"]}}],"collection":[{"href":"https:\/\/middlechild.hr\/en\/wp-json\/wp\/v2\/product"}],"about":[{"href":"https:\/\/middlechild.hr\/en\/wp-json\/wp\/v2\/types\/product"}],"wp:featuredmedia":[{"embeddable":true,"href":"https:\/\/middlechild.hr\/en\/wp-json\/wp\/v2\/media\/218"}],"wp:attachment":[{"href":"https:\/\/middlechild.hr\/en\/wp-json\/wp\/v2\/media?parent=133"}],"wp:term":[{"taxonomy":"product_brand","embeddable":true,"href":"https:\/\/middlechild.hr\/en\/wp-json\/wp\/v2\/product_brand?post=133"},{"taxonomy":"product_cat","embeddable":true,"href":"https:\/\/middlechild.hr\/en\/wp-json\/wp\/v2\/product_cat?post=133"},{"taxonomy":"product_tag","embeddable":true,"href":"https:\/\/middlechild.hr\/en\/wp-json\/wp\/v2\/product_tag?post=133"}],"curies":[{"name":"wp","href":"https:\/\/api.w.org\/{rel}","templated":true}]}}