{"id":1424,"date":"2025-11-10T11:41:10","date_gmt":"2025-11-10T10:41:10","guid":{"rendered":"https:\/\/middlechild.hr\/?post_type=product&#038;p=1424"},"modified":"2026-04-07T08:05:08","modified_gmt":"2026-04-07T06:05:08","slug":"zoy-zoii-pink-fox-termo-boca","status":"publish","type":"product","link":"https:\/\/middlechild.hr\/en\/product\/zoy-zoii-pink-fox-termo-boca\/","title":{"rendered":"Zoy Zoii Pink Fox Termo Boca"},"content":{"rendered":"<p>&nbsp;<\/p>\n<p data-start=\"0\" data-end=\"119\">Zoy Zoii Pink Fox Termo Boca, available in <a href=\"https:\/\/middlechild.hr\/en\/\">Middle Child<\/a> offers, turns daily drinking water into a fun habit.<\/p>\n<p data-start=\"121\" data-end=\"362\">Forget the persuasion \u2013 with this sweet thermos bottle, children will want to reach for a sip on their own. The model from the E8 Animal Series with a pink fox motif quickly becomes a favorite companion at school, on excursions and during everyday adventures.<\/p>\n<p data-start=\"364\" data-end=\"525\" data-is-last-node=\"\" data-is-only-node=\"\">Cheerful design and practical craftsmanship encourage children to drink more water. With the Zoy Zoii Thermal Bottle, hydration becomes a game \u2013 and a smile is always part of every sip.<\/p>\n<p><iframe title=\"Zoy Zoii\u00ae E8 Animal Series Thermos Bottle\" width=\"800\" height=\"450\" src=\"https:\/\/www.youtube.com\/embed\/3E8XSrWz4wU?feature=oembed\" frameborder=\"0\" allow=\"accelerometer; autoplay; clipboard-write; encrypted-media; gyroscope; picture-in-picture; web-share\" referrerpolicy=\"strict-origin-when-cross-origin\" allowfullscreen><\/iframe><\/p>\n<p>&nbsp;<\/p>","protected":false},"excerpt":{"rendered":"<p><strong>LIST AND GREAT CASES OF AVANTURA!<\/strong><\/p>\n<p>Forget about the struggles over drinking water \u2013 with this irresistibly sweet thermos bottle, children will want to reach for a sip on their own. Zoy Zoii thermos bottle from the E8 Animal Series, with the charming motifs of the pink fox, becomes their favourite companion \u2013 at school, on excursions and on daily mini-missions. It motivates children to drink more water \u2013 thanks to cheerful characters and practical design, the bottle becomes a game, not an obligation.<\/p>\n<p>With the Zoy Zoii thermos bottle, children not only stay hydrated \u2013 they do it with a smile!<\/p>\n<p><strong>Characteristics:<\/strong><\/p>\n<p><strong>316 Stainless steel:<\/strong> Made of high-quality 316 stainless steel, it provides superior resistance to oxidation and corrosion, and ensures a non-toxic and long-lasting design.<\/p>\n<p><strong>Food grade silicone:<\/strong> Non-toxic and safe for children, it provides an environmentally friendly drinking solution.<\/p>\n<p><strong>Safety lock and anti-spill cover:<\/strong> It prevents accidental spills and ensures safe use.<\/p>\n<p><strong>Easy cleaning and disassembly:<\/strong> The thermos can be completely disassembled for thorough cleaning, preventing the growth of bacteria and ensuring hygiene.<\/p>\n<p><strong>Long-term insulation:<\/strong> Keeps the drink warm or cold for hours, keeping the ideal temperature throughout the day.<\/p>\n<p><strong>Lightweight and portable:<\/strong> Designed to be lightweight and easy to carry, ideal for school or outdoor adventures.<\/p>\n<p><strong>Waterproof and resistant cover:<\/strong> The Oxford fabric cover protects the thermos and makes it comfortable to wear.<\/p>\n<p><strong>Fun animal motifs:<\/strong> Available in multiple designs with attached DIY stickers to boost creativity.<\/p>\n<p><strong>The perfect choice for a gift:<\/strong> It comes in beautiful gift-packaging, making it an ideal gift for children aged 2-16 years.<\/p>\n<p><strong>Brand:<\/strong> Zoy Zoii<br \/>\n<strong>Main material:<\/strong> Food grade PP + 316 stainless steel (inner layer) + 304 stainless steel (outer shell) + food grade silicone + Oxford fabric cover<br \/>\n<strong>Capacity:<\/strong> 450 ml<br \/>\n<strong>Dimensions:<\/strong> approximately 79 mm (w) \u00d7 79 mm (d) \u00d7 185 mm (v)<br \/>\n<strong>Weight:<\/strong> 265 g<\/p>\n<p><strong>N.B.:<\/strong> Dimensions are measured manually, so minor deviations are possible.<\/p>\n<p>https:\/\/youtu.be\/3E8XSrWz4wU<\/p>","protected":false},"featured_media":1425,"template":"","meta":[],"product_brand":[],"product_cat":[51,98,26,25],"product_tag":[],"class_list":{"0":"post-1424","1":"product","2":"type-product","3":"status-publish","4":"has-post-thumbnail","6":"product_cat-animal-serija-serije-zoy-zoii","7":"product_cat-food-grade-pp-316-stainless-steel-liner-304-shell-food-grade-silicone-oxford-cloth-sleeve","8":"product_cat-termo-boce","9":"product_cat-accessories","11":"first","12":"instock","13":"taxable","14":"shipping-taxable","15":"purchasable","16":"product-type-simple","17":"wpzoom-wc-spi-has-enabled"},"yoast_head":"<!-- This site is optimized with the Yoast SEO plugin v27.2 - https:\/\/yoast.com\/product\/yoast-seo-wordpress\/ -->\n<title>Pink Fox termo boca od nehr\u0111aju\u0107eg \u010delika | Middle Child<\/title>\n<meta name=\"description\" content=\"Zoy Zoii Lion ruksak s motivom lava donosi hrabrost u svaku dje\u010dju pustolovinu. Mekane naramenice i \u010dvrst materijal \u010dine ga savr\u0161enim izborom za svakodnevnu igru.\" \/>\n<meta name=\"robots\" content=\"index, follow, max-snippet:-1, max-image-preview:large, max-video-preview:-1\" \/>\n<link rel=\"canonical\" href=\"https:\/\/middlechild.hr\/en\/product\/zoy-zoii-pink-fox-termo-boca\/\" \/>\n<meta property=\"og:locale\" content=\"en_GB\" \/>\n<meta property=\"og:type\" content=\"article\" \/>\n<meta property=\"og:title\" content=\"Pink Fox termo boca od nehr\u0111aju\u0107eg \u010delika | Middle Child\" \/>\n<meta property=\"og:description\" content=\"Zoy Zoii Lion ruksak s motivom lava donosi hrabrost u svaku dje\u010dju pustolovinu. Mekane naramenice i \u010dvrst materijal \u010dine ga savr\u0161enim izborom za svakodnevnu igru.\" \/>\n<meta property=\"og:url\" content=\"https:\/\/middlechild.hr\/en\/product\/zoy-zoii-pink-fox-termo-boca\/\" \/>\n<meta property=\"og:site_name\" content=\"Middle Child\" \/>\n<meta property=\"article:modified_time\" content=\"2026-04-07T06:05:08+00:00\" \/>\n<meta property=\"og:image\" content=\"https:\/\/middlechild.hr\/wp-content\/uploads\/2025\/10\/zoyzoii-forest-series-thermos-bottle-fox-1.webp\" \/>\n\t<meta property=\"og:image:width\" content=\"1080\" \/>\n\t<meta property=\"og:image:height\" content=\"1080\" \/>\n\t<meta property=\"og:image:type\" content=\"image\/webp\" \/>\n<meta name=\"twitter:card\" content=\"summary_large_image\" \/>\n<meta name=\"twitter:label1\" content=\"Estimated reading time\" \/>\n\t<meta name=\"twitter:data1\" content=\"1 minute\" \/>\n<script type=\"application\/ld+json\" class=\"yoast-schema-graph\">{\"@context\":\"https:\/\/schema.org\",\"@graph\":[{\"@type\":\"WebPage\",\"@id\":\"https:\/\/middlechild.hr\/proizvod\/zoy-zoii-pink-fox-termo-boca\/\",\"url\":\"https:\/\/middlechild.hr\/proizvod\/zoy-zoii-pink-fox-termo-boca\/\",\"name\":\"Pink Fox termo boca od nehr\u0111aju\u0107eg \u010delika | Middle Child\",\"isPartOf\":{\"@id\":\"https:\/\/middlechild.hr\/#website\"},\"primaryImageOfPage\":{\"@id\":\"https:\/\/middlechild.hr\/proizvod\/zoy-zoii-pink-fox-termo-boca\/#primaryimage\"},\"image\":{\"@id\":\"https:\/\/middlechild.hr\/proizvod\/zoy-zoii-pink-fox-termo-boca\/#primaryimage\"},\"thumbnailUrl\":\"https:\/\/middlechild.hr\/wp-content\/uploads\/2025\/10\/zoyzoii-forest-series-thermos-bottle-fox-1.webp\",\"datePublished\":\"2025-11-10T10:41:10+00:00\",\"dateModified\":\"2026-04-07T06:05:08+00:00\",\"description\":\"Zoy Zoii Lion ruksak s motivom lava donosi hrabrost u svaku dje\u010dju pustolovinu. Mekane naramenice i \u010dvrst materijal \u010dine ga savr\u0161enim izborom za svakodnevnu igru.\",\"breadcrumb\":{\"@id\":\"https:\/\/middlechild.hr\/proizvod\/zoy-zoii-pink-fox-termo-boca\/#breadcrumb\"},\"inLanguage\":\"en-GB\",\"potentialAction\":[{\"@type\":\"ReadAction\",\"target\":[\"https:\/\/middlechild.hr\/proizvod\/zoy-zoii-pink-fox-termo-boca\/\"]}]},{\"@type\":\"ImageObject\",\"inLanguage\":\"en-GB\",\"@id\":\"https:\/\/middlechild.hr\/proizvod\/zoy-zoii-pink-fox-termo-boca\/#primaryimage\",\"url\":\"https:\/\/middlechild.hr\/wp-content\/uploads\/2025\/10\/zoyzoii-forest-series-thermos-bottle-fox-1.webp\",\"contentUrl\":\"https:\/\/middlechild.hr\/wp-content\/uploads\/2025\/10\/zoyzoii-forest-series-thermos-bottle-fox-1.webp\",\"width\":1080,\"height\":1080,\"caption\":\"Zoy Zoii Pink Fox Termo Boca\"},{\"@type\":\"BreadcrumbList\",\"@id\":\"https:\/\/middlechild.hr\/proizvod\/zoy-zoii-pink-fox-termo-boca\/#breadcrumb\",\"itemListElement\":[{\"@type\":\"ListItem\",\"position\":1,\"name\":\"Po\u010detna stranica\",\"item\":\"https:\/\/middlechild.hr\/\"},{\"@type\":\"ListItem\",\"position\":2,\"name\":\"Trgovina\",\"item\":\"https:\/\/middlechild.hr\/trgovina\/\"},{\"@type\":\"ListItem\",\"position\":3,\"name\":\"Zoy Zoii Pink Fox Termo Boca\"}]},{\"@type\":\"WebSite\",\"@id\":\"https:\/\/middlechild.hr\/#website\",\"url\":\"https:\/\/middlechild.hr\/\",\"name\":\"Middle Child\",\"description\":\"\",\"publisher\":{\"@id\":\"https:\/\/middlechild.hr\/#organization\"},\"potentialAction\":[{\"@type\":\"SearchAction\",\"target\":{\"@type\":\"EntryPoint\",\"urlTemplate\":\"https:\/\/middlechild.hr\/?s={search_term_string}\"},\"query-input\":{\"@type\":\"PropertyValueSpecification\",\"valueRequired\":true,\"valueName\":\"search_term_string\"}}],\"inLanguage\":\"en-GB\"},{\"@type\":\"Organization\",\"@id\":\"https:\/\/middlechild.hr\/#organization\",\"name\":\"Middle Child\",\"url\":\"https:\/\/middlechild.hr\/\",\"logo\":{\"@type\":\"ImageObject\",\"inLanguage\":\"en-GB\",\"@id\":\"https:\/\/middlechild.hr\/#\/schema\/logo\/image\/\",\"url\":\"https:\/\/middlechild.hr\/wp-content\/uploads\/2025\/09\/Novi-Projekt.png\",\"contentUrl\":\"https:\/\/middlechild.hr\/wp-content\/uploads\/2025\/09\/Novi-Projekt.png\",\"width\":953,\"height\":185,\"caption\":\"Middle Child\"},\"image\":{\"@id\":\"https:\/\/middlechild.hr\/#\/schema\/logo\/image\/\"}}]}<\/script>\n<!-- \/ Yoast SEO plugin. -->","yoast_head_json":{"title":"Pink Fox termo boca od nehr\u0111aju\u0107eg \u010delika | Middle Child","description":"Zoy Zoii Lion ruksak s motivom lava donosi hrabrost u svaku dje\u010dju pustolovinu. Mekane naramenice i \u010dvrst materijal \u010dine ga savr\u0161enim izborom za svakodnevnu igru.","robots":{"index":"index","follow":"follow","max-snippet":"max-snippet:-1","max-image-preview":"max-image-preview:large","max-video-preview":"max-video-preview:-1"},"canonical":"https:\/\/middlechild.hr\/en\/product\/zoy-zoii-pink-fox-termo-boca\/","og_locale":"en_GB","og_type":"article","og_title":"Pink Fox termo boca od nehr\u0111aju\u0107eg \u010delika | Middle Child","og_description":"Zoy Zoii Lion ruksak s motivom lava donosi hrabrost u svaku dje\u010dju pustolovinu. Mekane naramenice i \u010dvrst materijal \u010dine ga savr\u0161enim izborom za svakodnevnu igru.","og_url":"https:\/\/middlechild.hr\/en\/product\/zoy-zoii-pink-fox-termo-boca\/","og_site_name":"Middle Child","article_modified_time":"2026-04-07T06:05:08+00:00","og_image":[{"width":1080,"height":1080,"url":"https:\/\/middlechild.hr\/wp-content\/uploads\/2025\/10\/zoyzoii-forest-series-thermos-bottle-fox-1.webp","type":"image\/webp"}],"twitter_card":"summary_large_image","twitter_misc":{"Estimated reading time":"1 minute"},"schema":{"@context":"https:\/\/schema.org","@graph":[{"@type":"WebPage","@id":"https:\/\/middlechild.hr\/proizvod\/zoy-zoii-pink-fox-termo-boca\/","url":"https:\/\/middlechild.hr\/proizvod\/zoy-zoii-pink-fox-termo-boca\/","name":"Pink Fox termo boca od nehr\u0111aju\u0107eg \u010delika | Middle Child","isPartOf":{"@id":"https:\/\/middlechild.hr\/#website"},"primaryImageOfPage":{"@id":"https:\/\/middlechild.hr\/proizvod\/zoy-zoii-pink-fox-termo-boca\/#primaryimage"},"image":{"@id":"https:\/\/middlechild.hr\/proizvod\/zoy-zoii-pink-fox-termo-boca\/#primaryimage"},"thumbnailUrl":"https:\/\/middlechild.hr\/wp-content\/uploads\/2025\/10\/zoyzoii-forest-series-thermos-bottle-fox-1.webp","datePublished":"2025-11-10T10:41:10+00:00","dateModified":"2026-04-07T06:05:08+00:00","description":"Zoy Zoii Lion ruksak s motivom lava donosi hrabrost u svaku dje\u010dju pustolovinu. Mekane naramenice i \u010dvrst materijal \u010dine ga savr\u0161enim izborom za svakodnevnu igru.","breadcrumb":{"@id":"https:\/\/middlechild.hr\/proizvod\/zoy-zoii-pink-fox-termo-boca\/#breadcrumb"},"inLanguage":"en-GB","potentialAction":[{"@type":"ReadAction","target":["https:\/\/middlechild.hr\/proizvod\/zoy-zoii-pink-fox-termo-boca\/"]}]},{"@type":"ImageObject","inLanguage":"en-GB","@id":"https:\/\/middlechild.hr\/proizvod\/zoy-zoii-pink-fox-termo-boca\/#primaryimage","url":"https:\/\/middlechild.hr\/wp-content\/uploads\/2025\/10\/zoyzoii-forest-series-thermos-bottle-fox-1.webp","contentUrl":"https:\/\/middlechild.hr\/wp-content\/uploads\/2025\/10\/zoyzoii-forest-series-thermos-bottle-fox-1.webp","width":1080,"height":1080,"caption":"Zoy Zoii Pink Fox Termo Boca"},{"@type":"BreadcrumbList","@id":"https:\/\/middlechild.hr\/proizvod\/zoy-zoii-pink-fox-termo-boca\/#breadcrumb","itemListElement":[{"@type":"ListItem","position":1,"name":"Po\u010detna stranica","item":"https:\/\/middlechild.hr\/"},{"@type":"ListItem","position":2,"name":"Trgovina","item":"https:\/\/middlechild.hr\/trgovina\/"},{"@type":"ListItem","position":3,"name":"Zoy Zoii Pink Fox Termo Boca"}]},{"@type":"WebSite","@id":"https:\/\/middlechild.hr\/#website","url":"https:\/\/middlechild.hr\/","name":"Middle Child","description":"","publisher":{"@id":"https:\/\/middlechild.hr\/#organization"},"potentialAction":[{"@type":"SearchAction","target":{"@type":"EntryPoint","urlTemplate":"https:\/\/middlechild.hr\/?s={search_term_string}"},"query-input":{"@type":"PropertyValueSpecification","valueRequired":true,"valueName":"search_term_string"}}],"inLanguage":"en-GB"},{"@type":"Organization","@id":"https:\/\/middlechild.hr\/#organization","name":"Middle Child","url":"https:\/\/middlechild.hr\/","logo":{"@type":"ImageObject","inLanguage":"en-GB","@id":"https:\/\/middlechild.hr\/#\/schema\/logo\/image\/","url":"https:\/\/middlechild.hr\/wp-content\/uploads\/2025\/09\/Novi-Projekt.png","contentUrl":"https:\/\/middlechild.hr\/wp-content\/uploads\/2025\/09\/Novi-Projekt.png","width":953,"height":185,"caption":"Middle Child"},"image":{"@id":"https:\/\/middlechild.hr\/#\/schema\/logo\/image\/"}}]}},"jetpack_sharing_enabled":true,"_links":{"self":[{"href":"https:\/\/middlechild.hr\/en\/wp-json\/wp\/v2\/product\/1424","targetHints":{"allow":["GET"]}}],"collection":[{"href":"https:\/\/middlechild.hr\/en\/wp-json\/wp\/v2\/product"}],"about":[{"href":"https:\/\/middlechild.hr\/en\/wp-json\/wp\/v2\/types\/product"}],"wp:featuredmedia":[{"embeddable":true,"href":"https:\/\/middlechild.hr\/en\/wp-json\/wp\/v2\/media\/1425"}],"wp:attachment":[{"href":"https:\/\/middlechild.hr\/en\/wp-json\/wp\/v2\/media?parent=1424"}],"wp:term":[{"taxonomy":"product_brand","embeddable":true,"href":"https:\/\/middlechild.hr\/en\/wp-json\/wp\/v2\/product_brand?post=1424"},{"taxonomy":"product_cat","embeddable":true,"href":"https:\/\/middlechild.hr\/en\/wp-json\/wp\/v2\/product_cat?post=1424"},{"taxonomy":"product_tag","embeddable":true,"href":"https:\/\/middlechild.hr\/en\/wp-json\/wp\/v2\/product_tag?post=1424"}],"curies":[{"name":"wp","href":"https:\/\/api.w.org\/{rel}","templated":true}]}}