{"id":157,"date":"2025-05-16T13:35:36","date_gmt":"2025-05-16T11:35:36","guid":{"rendered":"https:\/\/middlechild.hr\/?post_type=product&#038;p=157"},"modified":"2026-03-06T11:58:20","modified_gmt":"2026-03-06T10:58:20","slug":"zoy-zoii-kabanica","status":"publish","type":"product","link":"https:\/\/middlechild.hr\/en\/product\/zoy-zoii-kabanica\/","title":{"rendered":"Zoy Zoii Rainbow Raincoat"},"content":{"rendered":"<p>When the drops fall - the party is just starting! Zoy Zoii Rainbow raincoat, available on offer <a href=\"https:\/\/middlechild.hr\/en\/\">Middle Child<\/a>, it was created for small explorers who love to play outdoors no matter the weather.<\/p>\n<p>This baby raincoat from the B21 Series has a playful design that brings color and joy to every rainy day. Lightweight material provides comfort, while waterproof protection helps keep children dry during play.<\/p>\n<p>Whether walking in the park, catching rainbows or jumping in puddles, Zoy Zoii Rainbow Rainbow Rainbow follows every adventure. It is easy to carry and ideal for kindergarten, excursions or daily walks.<\/p>\n<p>With Zoy Zoii raincoat from Middle Child's offer, rain is no longer an obstacle \u2013 it is the beginning of a new adventure<\/p>\n<p><iframe title=\"Zoy Zoii\u00aeB21 Kids Raincoat\" width=\"800\" height=\"450\" src=\"https:\/\/www.youtube.com\/embed\/UlS26CtnmE0?feature=oembed\" frameborder=\"0\" allow=\"accelerometer; autoplay; clipboard-write; encrypted-media; gyroscope; picture-in-picture; web-share\" referrerpolicy=\"strict-origin-when-cross-origin\" allowfullscreen><\/iframe><\/p>","protected":false},"excerpt":{"rendered":"<p><strong>FOR CHILDREN WHICH ARE THROUGH THE PUSTOLOVINA!<\/strong><\/p>\n<p>When the drops fall - the party is just starting!<\/p>\n<p>Zoy Zoii baby raincoat from the B21 Series is perfect for small explorers who do not allow time to stop them. With a playful design, lightweight material and superior protection, this raincoat provides safety and comfort \u2013 even when the sky decides to spill rain kisses. Whether they hunt rainbows, explore parks or play outdoors during the rain - with this raincoat, your little ones will be dry, protected and irresistibly sweet.<\/p>\n<p>Zoy Zoii raincoat - because the real adventure does not stop at the first drop!<\/p>\n<p><strong>Main Features:<\/strong><\/p>\n<p><strong>Water resistance<\/strong>: Full rain protection, even in the humidest conditions.<br \/>\n<strong>Ultra-Aerial Material<\/strong>: It ensures comfort and prevents sweating, allowing long-term wear.<br \/>\n<strong>Light and Comfortable<\/strong>: This jacket allows freedom of movement and is ideal for all outdoor activities, without restrictions.<\/p>\n<p><strong>Transparent visor hood:<\/strong>\u00a0Protects the face and eyes from raindrops, without disturbing the view.<\/p>\n<p><strong>Non-adhesive Material<\/strong>: Keeps children dry and comfortable, without inconvenience, even after prolonged wear<\/p>\n<p><strong>Ideal: <\/strong>For parents looking for a functional, safe and visually attractive raincoat for their child.<\/p>\n<p><strong>Maintenance: <\/strong>When the raincoat gets dirty, wipe it with a warm, damp cloth. After use, dry it with a dry towel and store.<br \/>\nAvoid storage in places with high temperature and humidity and in direct light, as the characteristics of the material may lead to discoloration.<\/p>\n<p><strong>Brand: Zoy Zoii<\/strong><\/p>\n<p><strong>Material: Polyester fibres<\/strong><\/p>\n<p><strong>Motif: Long<br \/>\nWeight: 120g<br \/>\nSize: S sizes (suitable for children height 80-95 cm )<\/strong><\/p>\n<p>This Zoy Zoii raincoat is perfect for all small explorers who want to enjoy the magic of rainy days, not being afraid of wet clothes!<\/p>\n<p>https:\/\/youtu.be\/UlS26CtnmE0<\/p>","protected":false},"featured_media":1474,"template":"","meta":[],"product_brand":[],"product_cat":[97,46,27,25],"product_tag":[],"class_list":{"0":"post-157","1":"product","2":"type-product","3":"status-publish","4":"has-post-thumbnail","6":"product_cat-100-poliester","7":"product_cat-b21-serija","8":"product_cat-kabanice","9":"product_cat-accessories","11":"first","12":"instock","13":"taxable","14":"shipping-taxable","15":"purchasable","16":"product-type-simple","17":"wpzoom-wc-spi-has-enabled"},"yoast_head":"<!-- This site is optimized with the Yoast SEO plugin v27.2 - https:\/\/yoast.com\/product\/yoast-seo-wordpress\/ -->\n<title>Zoy Zoii Rainbow Kabanica - Middle Child<\/title>\n<meta name=\"description\" content=\"Zoy Zoii kabanica osigurava pouzdanu za\u0161titu od ki\u0161e, udoban kroj i kvalitetan materijal za no\u0161enje kad pada ki\u0161a te omogu\u0107uje suhe dane bez mokre odje\u0107e.\" \/>\n<meta name=\"robots\" content=\"index, follow, max-snippet:-1, max-image-preview:large, max-video-preview:-1\" \/>\n<link rel=\"canonical\" href=\"https:\/\/middlechild.hr\/en\/product\/zoy-zoii-kabanica\/\" \/>\n<meta property=\"og:locale\" content=\"en_GB\" \/>\n<meta property=\"og:type\" content=\"article\" \/>\n<meta property=\"og:title\" content=\"Zoy Zoii Rainbow Kabanica - Middle Child\" \/>\n<meta property=\"og:description\" content=\"Zoy Zoii kabanica osigurava pouzdanu za\u0161titu od ki\u0161e, udoban kroj i kvalitetan materijal za no\u0161enje kad pada ki\u0161a te omogu\u0107uje suhe dane bez mokre odje\u0107e.\" \/>\n<meta property=\"og:url\" content=\"https:\/\/middlechild.hr\/en\/product\/zoy-zoii-kabanica\/\" \/>\n<meta property=\"og:site_name\" content=\"Middle Child\" \/>\n<meta property=\"article:modified_time\" content=\"2026-03-06T10:58:20+00:00\" \/>\n<meta property=\"og:image\" content=\"https:\/\/middlechild.hr\/wp-content\/uploads\/2025\/05\/6-10.jpg\" \/>\n\t<meta property=\"og:image:width\" content=\"800\" \/>\n\t<meta property=\"og:image:height\" content=\"800\" \/>\n\t<meta property=\"og:image:type\" content=\"image\/jpeg\" \/>\n<meta name=\"twitter:card\" content=\"summary_large_image\" \/>\n<meta name=\"twitter:label1\" content=\"Estimated reading time\" \/>\n\t<meta name=\"twitter:data1\" content=\"1 minute\" \/>\n<script type=\"application\/ld+json\" class=\"yoast-schema-graph\">{\"@context\":\"https:\/\/schema.org\",\"@graph\":[{\"@type\":\"WebPage\",\"@id\":\"https:\/\/middlechild.hr\/proizvod\/zoy-zoii-kabanica\/\",\"url\":\"https:\/\/middlechild.hr\/proizvod\/zoy-zoii-kabanica\/\",\"name\":\"Zoy Zoii Rainbow Kabanica - Middle Child\",\"isPartOf\":{\"@id\":\"https:\/\/middlechild.hr\/#website\"},\"primaryImageOfPage\":{\"@id\":\"https:\/\/middlechild.hr\/proizvod\/zoy-zoii-kabanica\/#primaryimage\"},\"image\":{\"@id\":\"https:\/\/middlechild.hr\/proizvod\/zoy-zoii-kabanica\/#primaryimage\"},\"thumbnailUrl\":\"https:\/\/middlechild.hr\/wp-content\/uploads\/2025\/05\/6-10.jpg\",\"datePublished\":\"2025-05-16T11:35:36+00:00\",\"dateModified\":\"2026-03-06T10:58:20+00:00\",\"description\":\"Zoy Zoii kabanica osigurava pouzdanu za\u0161titu od ki\u0161e, udoban kroj i kvalitetan materijal za no\u0161enje kad pada ki\u0161a te omogu\u0107uje suhe dane bez mokre odje\u0107e.\",\"breadcrumb\":{\"@id\":\"https:\/\/middlechild.hr\/proizvod\/zoy-zoii-kabanica\/#breadcrumb\"},\"inLanguage\":\"en-GB\",\"potentialAction\":[{\"@type\":\"ReadAction\",\"target\":[\"https:\/\/middlechild.hr\/proizvod\/zoy-zoii-kabanica\/\"]}]},{\"@type\":\"ImageObject\",\"inLanguage\":\"en-GB\",\"@id\":\"https:\/\/middlechild.hr\/proizvod\/zoy-zoii-kabanica\/#primaryimage\",\"url\":\"https:\/\/middlechild.hr\/wp-content\/uploads\/2025\/05\/6-10.jpg\",\"contentUrl\":\"https:\/\/middlechild.hr\/wp-content\/uploads\/2025\/05\/6-10.jpg\",\"width\":800,\"height\":800,\"caption\":\"Zoy Zoii Rainbow Kabanica\"},{\"@type\":\"BreadcrumbList\",\"@id\":\"https:\/\/middlechild.hr\/proizvod\/zoy-zoii-kabanica\/#breadcrumb\",\"itemListElement\":[{\"@type\":\"ListItem\",\"position\":1,\"name\":\"Po\u010detna stranica\",\"item\":\"https:\/\/middlechild.hr\/\"},{\"@type\":\"ListItem\",\"position\":2,\"name\":\"Trgovina\",\"item\":\"https:\/\/middlechild.hr\/trgovina\/\"},{\"@type\":\"ListItem\",\"position\":3,\"name\":\"Zoy Zoii Rainbow Kabanica\"}]},{\"@type\":\"WebSite\",\"@id\":\"https:\/\/middlechild.hr\/#website\",\"url\":\"https:\/\/middlechild.hr\/\",\"name\":\"Middle Child\",\"description\":\"\",\"publisher\":{\"@id\":\"https:\/\/middlechild.hr\/#organization\"},\"potentialAction\":[{\"@type\":\"SearchAction\",\"target\":{\"@type\":\"EntryPoint\",\"urlTemplate\":\"https:\/\/middlechild.hr\/?s={search_term_string}\"},\"query-input\":{\"@type\":\"PropertyValueSpecification\",\"valueRequired\":true,\"valueName\":\"search_term_string\"}}],\"inLanguage\":\"en-GB\"},{\"@type\":\"Organization\",\"@id\":\"https:\/\/middlechild.hr\/#organization\",\"name\":\"Middle Child\",\"url\":\"https:\/\/middlechild.hr\/\",\"logo\":{\"@type\":\"ImageObject\",\"inLanguage\":\"en-GB\",\"@id\":\"https:\/\/middlechild.hr\/#\/schema\/logo\/image\/\",\"url\":\"https:\/\/middlechild.hr\/wp-content\/uploads\/2025\/09\/Novi-Projekt.png\",\"contentUrl\":\"https:\/\/middlechild.hr\/wp-content\/uploads\/2025\/09\/Novi-Projekt.png\",\"width\":953,\"height\":185,\"caption\":\"Middle Child\"},\"image\":{\"@id\":\"https:\/\/middlechild.hr\/#\/schema\/logo\/image\/\"}}]}<\/script>\n<!-- \/ Yoast SEO plugin. -->","yoast_head_json":{"title":"Zoy Zoii Rainbow Kabanica - Middle Child","description":"Zoy Zoii kabanica osigurava pouzdanu za\u0161titu od ki\u0161e, udoban kroj i kvalitetan materijal za no\u0161enje kad pada ki\u0161a te omogu\u0107uje suhe dane bez mokre odje\u0107e.","robots":{"index":"index","follow":"follow","max-snippet":"max-snippet:-1","max-image-preview":"max-image-preview:large","max-video-preview":"max-video-preview:-1"},"canonical":"https:\/\/middlechild.hr\/en\/product\/zoy-zoii-kabanica\/","og_locale":"en_GB","og_type":"article","og_title":"Zoy Zoii Rainbow Kabanica - Middle Child","og_description":"Zoy Zoii kabanica osigurava pouzdanu za\u0161titu od ki\u0161e, udoban kroj i kvalitetan materijal za no\u0161enje kad pada ki\u0161a te omogu\u0107uje suhe dane bez mokre odje\u0107e.","og_url":"https:\/\/middlechild.hr\/en\/product\/zoy-zoii-kabanica\/","og_site_name":"Middle Child","article_modified_time":"2026-03-06T10:58:20+00:00","og_image":[{"width":800,"height":800,"url":"https:\/\/middlechild.hr\/wp-content\/uploads\/2025\/05\/6-10.jpg","type":"image\/jpeg"}],"twitter_card":"summary_large_image","twitter_misc":{"Estimated reading time":"1 minute"},"schema":{"@context":"https:\/\/schema.org","@graph":[{"@type":"WebPage","@id":"https:\/\/middlechild.hr\/proizvod\/zoy-zoii-kabanica\/","url":"https:\/\/middlechild.hr\/proizvod\/zoy-zoii-kabanica\/","name":"Zoy Zoii Rainbow Kabanica - Middle Child","isPartOf":{"@id":"https:\/\/middlechild.hr\/#website"},"primaryImageOfPage":{"@id":"https:\/\/middlechild.hr\/proizvod\/zoy-zoii-kabanica\/#primaryimage"},"image":{"@id":"https:\/\/middlechild.hr\/proizvod\/zoy-zoii-kabanica\/#primaryimage"},"thumbnailUrl":"https:\/\/middlechild.hr\/wp-content\/uploads\/2025\/05\/6-10.jpg","datePublished":"2025-05-16T11:35:36+00:00","dateModified":"2026-03-06T10:58:20+00:00","description":"Zoy Zoii kabanica osigurava pouzdanu za\u0161titu od ki\u0161e, udoban kroj i kvalitetan materijal za no\u0161enje kad pada ki\u0161a te omogu\u0107uje suhe dane bez mokre odje\u0107e.","breadcrumb":{"@id":"https:\/\/middlechild.hr\/proizvod\/zoy-zoii-kabanica\/#breadcrumb"},"inLanguage":"en-GB","potentialAction":[{"@type":"ReadAction","target":["https:\/\/middlechild.hr\/proizvod\/zoy-zoii-kabanica\/"]}]},{"@type":"ImageObject","inLanguage":"en-GB","@id":"https:\/\/middlechild.hr\/proizvod\/zoy-zoii-kabanica\/#primaryimage","url":"https:\/\/middlechild.hr\/wp-content\/uploads\/2025\/05\/6-10.jpg","contentUrl":"https:\/\/middlechild.hr\/wp-content\/uploads\/2025\/05\/6-10.jpg","width":800,"height":800,"caption":"Zoy Zoii Rainbow Kabanica"},{"@type":"BreadcrumbList","@id":"https:\/\/middlechild.hr\/proizvod\/zoy-zoii-kabanica\/#breadcrumb","itemListElement":[{"@type":"ListItem","position":1,"name":"Po\u010detna stranica","item":"https:\/\/middlechild.hr\/"},{"@type":"ListItem","position":2,"name":"Trgovina","item":"https:\/\/middlechild.hr\/trgovina\/"},{"@type":"ListItem","position":3,"name":"Zoy Zoii Rainbow Kabanica"}]},{"@type":"WebSite","@id":"https:\/\/middlechild.hr\/#website","url":"https:\/\/middlechild.hr\/","name":"Middle Child","description":"","publisher":{"@id":"https:\/\/middlechild.hr\/#organization"},"potentialAction":[{"@type":"SearchAction","target":{"@type":"EntryPoint","urlTemplate":"https:\/\/middlechild.hr\/?s={search_term_string}"},"query-input":{"@type":"PropertyValueSpecification","valueRequired":true,"valueName":"search_term_string"}}],"inLanguage":"en-GB"},{"@type":"Organization","@id":"https:\/\/middlechild.hr\/#organization","name":"Middle Child","url":"https:\/\/middlechild.hr\/","logo":{"@type":"ImageObject","inLanguage":"en-GB","@id":"https:\/\/middlechild.hr\/#\/schema\/logo\/image\/","url":"https:\/\/middlechild.hr\/wp-content\/uploads\/2025\/09\/Novi-Projekt.png","contentUrl":"https:\/\/middlechild.hr\/wp-content\/uploads\/2025\/09\/Novi-Projekt.png","width":953,"height":185,"caption":"Middle Child"},"image":{"@id":"https:\/\/middlechild.hr\/#\/schema\/logo\/image\/"}}]}},"jetpack_sharing_enabled":true,"_links":{"self":[{"href":"https:\/\/middlechild.hr\/en\/wp-json\/wp\/v2\/product\/157","targetHints":{"allow":["GET"]}}],"collection":[{"href":"https:\/\/middlechild.hr\/en\/wp-json\/wp\/v2\/product"}],"about":[{"href":"https:\/\/middlechild.hr\/en\/wp-json\/wp\/v2\/types\/product"}],"wp:featuredmedia":[{"embeddable":true,"href":"https:\/\/middlechild.hr\/en\/wp-json\/wp\/v2\/media\/1474"}],"wp:attachment":[{"href":"https:\/\/middlechild.hr\/en\/wp-json\/wp\/v2\/media?parent=157"}],"wp:term":[{"taxonomy":"product_brand","embeddable":true,"href":"https:\/\/middlechild.hr\/en\/wp-json\/wp\/v2\/product_brand?post=157"},{"taxonomy":"product_cat","embeddable":true,"href":"https:\/\/middlechild.hr\/en\/wp-json\/wp\/v2\/product_cat?post=157"},{"taxonomy":"product_tag","embeddable":true,"href":"https:\/\/middlechild.hr\/en\/wp-json\/wp\/v2\/product_tag?post=157"}],"curies":[{"name":"wp","href":"https:\/\/api.w.org\/{rel}","templated":true}]}}