{"id":1897,"date":"2026-01-27T11:47:02","date_gmt":"2026-01-27T10:47:02","guid":{"rendered":"https:\/\/middlechild.hr\/?post_type=product&#038;p=1897"},"modified":"2026-04-06T09:55:26","modified_gmt":"2026-04-06T07:55:26","slug":"zoy-zoii-apple-tree","status":"publish","type":"product","link":"https:\/\/middlechild.hr\/en\/product\/zoy-zoii-apple-tree\/","title":{"rendered":"Zoy Zoii Apple Tree"},"content":{"rendered":"<p><span dir=\"auto\" style=\"vertical-align: inherit;\"><span dir=\"auto\" style=\"vertical-align: inherit;\">For little explorers who believe that the most beautiful stories are born in nature and that every tree hides a new adventure, <\/span><\/span><a href=\"https:\/\/middlechild.hr\/en\/product-category\/zoy-zoii\/\"><span dir=\"auto\" style=\"vertical-align: inherit;\"><span dir=\"auto\" style=\"vertical-align: inherit;\">the Zoy Zoii<\/span><\/span><\/a><span dir=\"auto\" style=\"vertical-align: inherit;\"><span dir=\"auto\" style=\"vertical-align: inherit;\"> Apple Tree Backpack is more than just an ordinary backpack \u2013 it is a stronger companion for play, imagination, discovery, and every new adventure.<\/span><\/span><\/p>\n<p>&nbsp;<\/p>\n<p><span dir=\"auto\" style=\"vertical-align: inherit;\"><span dir=\"auto\" style=\"vertical-align: inherit;\">https:\/\/youtu.be\/6IuhgZS6zD8<\/span><\/span><\/p>","protected":false},"excerpt":{"rendered":"<p><strong><span dir=\"auto\" style=\"vertical-align: inherit;\"><span dir=\"auto\" style=\"vertical-align: inherit;\">ONE APPLE, A THOUSAND STORIES!<\/span><\/span><\/strong><\/p>\n<p><span dir=\"auto\" style=\"vertical-align: inherit;\"><span dir=\"auto\" style=\"vertical-align: inherit;\">For little explorers who believe that the most beautiful stories are born in nature and that every tree hides a new adventure. The Zoy Zoii apple-shaped backpack from the B50 Mushroom series is not just a backpack \u2013 it is a compatible companion in a world of play, imagination and discovery. Inspired by the warmth of an orchard and the safety of nature, its gentle, playful design sounds a sense of joy and calm to every child\u2019s day. It seems as if it has finally straight from a fairy-tale apple forest, ready to accompany your child on every new adventure.<\/span><\/span><\/p>\n<p><strong><span dir=\"auto\" style=\"vertical-align: inherit;\"><span dir=\"auto\" style=\"vertical-align: inherit;\">Main features:<\/span><\/span><\/strong><\/p>\n<ul>\n<li><strong><span dir=\"auto\" style=\"vertical-align: inherit;\"><span dir=\"auto\" style=\"vertical-align: inherit;\">Extremely lightweight and elastic SBR material:<\/span><\/span><\/strong><span dir=\"auto\" style=\"vertical-align: inherit;\"><span dir=\"auto\" style=\"vertical-align: inherit;\"> Made from soft, highly elastic SBR rubber (styrene-butadiene rubber), this backpack provides an extremely lightweight feel with outstanding elasticity and durability for everyday adventures.<\/span><\/span><\/li>\n<li><strong><span dir=\"auto\" style=\"vertical-align: inherit;\"><span dir=\"auto\" style=\"vertical-align: inherit;\">Ergonomic design for better support:<\/span><\/span><\/strong><span dir=\"auto\" style=\"vertical-align: inherit;\"><span dir=\"auto\" style=\"vertical-align: inherit;\"> Soft, padded shoulder straps and a breathable back panel provide extra comfort even during extended wear.<\/span><\/span><\/li>\n<li><strong><span dir=\"auto\" style=\"vertical-align: inherit;\"><span dir=\"auto\" style=\"vertical-align: inherit;\">Secure and easy to use:<\/span><\/span><\/strong><span dir=\"auto\" style=\"vertical-align: inherit;\"><span dir=\"auto\" style=\"vertical-align: inherit;\"> A sturdy zipper keeps things secure, with easy access to impossible.<\/span><\/span><\/li>\n<li><strong><span dir=\"auto\" style=\"vertical-align: inherit;\"><span dir=\"auto\" style=\"vertical-align: inherit;\">Soft, adjustable straps:<\/span><\/span><\/strong><span dir=\"auto\" style=\"vertical-align: inherit;\"><span dir=\"auto\" style=\"vertical-align: inherit;\"> Wide, padded straps provide maximum comfort all day long.<\/span><\/span><\/li>\n<li><strong><span dir=\"auto\" style=\"vertical-align: inherit;\"><span dir=\"auto\" style=\"vertical-align: inherit;\">H-Shaped Weight Distribution System:<\/span><\/span><\/strong><span dir=\"auto\" style=\"vertical-align: inherit;\"><span dir=\"auto\" style=\"vertical-align: inherit;\"> Evenly distributes weight across the shoulders and back, reducing strain and tension. Breathable mesh lining improves airflow and reduces sweating.<\/span><\/span><\/li>\n<li><strong><span dir=\"auto\" style=\"vertical-align: inherit;\"><span dir=\"auto\" style=\"vertical-align: inherit;\">Reflective strips:<\/span><\/span><\/strong><span dir=\"auto\" style=\"vertical-align: inherit;\"><span dir=\"auto\" style=\"vertical-align: inherit;\"> Shoulder straps with reflective strips for better visibility and safety for children.<\/span><\/span><\/li>\n<li><strong><span dir=\"auto\" style=\"vertical-align: inherit;\"><span dir=\"auto\" style=\"vertical-align: inherit;\">Perfect gift choice:<\/span><\/span><\/strong><span dir=\"auto\" style=\"vertical-align: inherit;\"><span dir=\"auto\" style=\"vertical-align: inherit;\"> Comes in beautiful packaging, making it a great gift for children ages 3 to 10.<\/span><\/span><\/li>\n<\/ul>\n<p>&nbsp;<\/p>\n<p><span dir=\"auto\" style=\"vertical-align: inherit;\"><span dir=\"auto\" style=\"vertical-align: inherit;\">The Zoy Zoii Apple Tree Backpack is made for kids who love to explore the world around them. Designed to carry their favorite knick-knacks, snacks, and small valuables, this backpack is more than just an accessory \u2014 it\u2019s a responding companion for any kid\u2019s adventure.<\/span><\/span><\/p>\n<p><strong><span dir=\"auto\" style=\"vertical-align: inherit;\"><span dir=\"auto\" style=\"vertical-align: inherit;\">Brand:<\/span><\/span><\/strong><span dir=\"auto\" style=\"vertical-align: inherit;\"><span dir=\"auto\" style=\"vertical-align: inherit;\"> Zoy Zoii <\/span><\/span><br \/>\n<strong><span dir=\"auto\" style=\"vertical-align: inherit;\"><span dir=\"auto\" style=\"vertical-align: inherit;\">Main material:<\/span><\/span><\/strong><span dir=\"auto\" style=\"vertical-align: inherit;\"><span dir=\"auto\" style=\"vertical-align: inherit;\"> 100% polyester fiber <\/span><\/span><br \/>\n<strong><span dir=\"auto\" style=\"vertical-align: inherit;\"><span dir=\"auto\" style=\"vertical-align: inherit;\">Size:<\/span><\/span><\/strong><span dir=\"auto\" style=\"vertical-align: inherit;\"><span dir=\"auto\" style=\"vertical-align: inherit;\"> M<\/span><\/span><\/p>\n<p><strong><span dir=\"auto\" style=\"vertical-align: inherit;\"><span dir=\"auto\" style=\"vertical-align: inherit;\">Approximate parameters:<\/span><\/span><\/strong><\/p>\n<ul>\n<li><strong><span dir=\"auto\" style=\"vertical-align: inherit;\"><span dir=\"auto\" style=\"vertical-align: inherit;\">M:<\/span><\/span><\/strong><span dir=\"auto\" style=\"vertical-align: inherit;\"><span dir=\"auto\" style=\"vertical-align: inherit;\"> 203 mm (W) \u00d7 102 mm (D) \u00d7 254 mm (H)<\/span><\/span><\/li>\n<\/ul>\n<ul>\n<li><strong><span dir=\"auto\" style=\"vertical-align: inherit;\"><span dir=\"auto\" style=\"vertical-align: inherit;\">M:<\/span><\/span><\/strong><span dir=\"auto\" style=\"vertical-align: inherit;\"><span dir=\"auto\" style=\"vertical-align: inherit;\"> 325 g<\/span><\/span><\/li>\n<\/ul>\n<p>&nbsp;<\/p>\n<p><strong><span dir=\"auto\" style=\"vertical-align: inherit;\"><span dir=\"auto\" style=\"vertical-align: inherit;\">Note:<\/span><\/span><\/strong><span dir=\"auto\" style=\"vertical-align: inherit;\"><span dir=\"auto\" style=\"vertical-align: inherit;\"> Dimensions are exceeded with the bag fully loaded; slight variations are possible.<\/span><\/span><\/p>\n<p>&nbsp;<\/p>\n<p>https:\/\/youtu.be\/z1odbT5vsX8<\/p>","protected":false},"featured_media":1898,"template":"","meta":[],"product_brand":[],"product_cat":[97,104,73,19,52],"product_tag":[],"class_list":{"0":"post-1897","1":"product","2":"type-product","3":"status-publish","4":"has-post-thumbnail","6":"product_cat-100-poliester","7":"product_cat-mushroom-ruksak","8":"product_cat-mushroom-serija","9":"product_cat-ruksak","10":"product_cat-zoy-zoii","12":"first","13":"instock","14":"taxable","15":"shipping-taxable","16":"purchasable","17":"product-type-simple","18":"wpzoom-wc-spi-has-enabled"},"yoast_head":"<!-- This site is optimized with the Yoast SEO plugin v27.2 - https:\/\/yoast.com\/product\/yoast-seo-wordpress\/ -->\n<title>Dje\u010dji ruksak jabuka za vrti\u0107 i slobodno | Middle Child<\/title>\n<meta name=\"description\" content=\"Zoy Zoii dje\u010dji ruksaci spajaju vrhunsku kvalitetu i najzabavnije oblike na tr\u017ei\u0161tu. Odaberite modele koji poti\u010du dje\u010dju ma\u0161tu i osiguravaju maksimalnu udobnost.\" \/>\n<meta name=\"robots\" content=\"index, follow, max-snippet:-1, max-image-preview:large, max-video-preview:-1\" \/>\n<link rel=\"canonical\" href=\"https:\/\/middlechild.hr\/en\/product\/zoy-zoii-apple-tree\/\" \/>\n<meta property=\"og:locale\" content=\"en_GB\" \/>\n<meta property=\"og:type\" content=\"article\" \/>\n<meta property=\"og:title\" content=\"Dje\u010dji ruksak jabuka za vrti\u0107 i slobodno | Middle Child\" \/>\n<meta property=\"og:description\" content=\"Zoy Zoii dje\u010dji ruksaci spajaju vrhunsku kvalitetu i najzabavnije oblike na tr\u017ei\u0161tu. Odaberite modele koji poti\u010du dje\u010dju ma\u0161tu i osiguravaju maksimalnu udobnost.\" \/>\n<meta property=\"og:url\" content=\"https:\/\/middlechild.hr\/en\/product\/zoy-zoii-apple-tree\/\" \/>\n<meta property=\"og:site_name\" content=\"Middle Child\" \/>\n<meta property=\"article:modified_time\" content=\"2026-04-06T07:55:26+00:00\" \/>\n<meta property=\"og:image\" content=\"https:\/\/middlechild.hr\/wp-content\/uploads\/2026\/01\/B50-Apple.png\" \/>\n\t<meta property=\"og:image:width\" content=\"800\" \/>\n\t<meta property=\"og:image:height\" content=\"800\" \/>\n\t<meta property=\"og:image:type\" content=\"image\/png\" \/>\n<meta name=\"twitter:card\" content=\"summary_large_image\" \/>\n<meta name=\"twitter:label1\" content=\"Estimated reading time\" \/>\n\t<meta name=\"twitter:data1\" content=\"1 minute\" \/>\n<script type=\"application\/ld+json\" class=\"yoast-schema-graph\">{\"@context\":\"https:\/\/schema.org\",\"@graph\":[{\"@type\":\"WebPage\",\"@id\":\"https:\/\/middlechild.hr\/proizvod\/zoy-zoii-apple-tree\/\",\"url\":\"https:\/\/middlechild.hr\/proizvod\/zoy-zoii-apple-tree\/\",\"name\":\"Dje\u010dji ruksak jabuka za vrti\u0107 i slobodno | Middle Child\",\"isPartOf\":{\"@id\":\"https:\/\/middlechild.hr\/#website\"},\"primaryImageOfPage\":{\"@id\":\"https:\/\/middlechild.hr\/proizvod\/zoy-zoii-apple-tree\/#primaryimage\"},\"image\":{\"@id\":\"https:\/\/middlechild.hr\/proizvod\/zoy-zoii-apple-tree\/#primaryimage\"},\"thumbnailUrl\":\"https:\/\/middlechild.hr\/wp-content\/uploads\/2026\/01\/B50-Apple.png\",\"datePublished\":\"2026-01-27T10:47:02+00:00\",\"dateModified\":\"2026-04-06T07:55:26+00:00\",\"description\":\"Zoy Zoii dje\u010dji ruksaci spajaju vrhunsku kvalitetu i najzabavnije oblike na tr\u017ei\u0161tu. Odaberite modele koji poti\u010du dje\u010dju ma\u0161tu i osiguravaju maksimalnu udobnost.\",\"breadcrumb\":{\"@id\":\"https:\/\/middlechild.hr\/proizvod\/zoy-zoii-apple-tree\/#breadcrumb\"},\"inLanguage\":\"en-GB\",\"potentialAction\":[{\"@type\":\"ReadAction\",\"target\":[\"https:\/\/middlechild.hr\/proizvod\/zoy-zoii-apple-tree\/\"]}]},{\"@type\":\"ImageObject\",\"inLanguage\":\"en-GB\",\"@id\":\"https:\/\/middlechild.hr\/proizvod\/zoy-zoii-apple-tree\/#primaryimage\",\"url\":\"https:\/\/middlechild.hr\/wp-content\/uploads\/2026\/01\/B50-Apple.png\",\"contentUrl\":\"https:\/\/middlechild.hr\/wp-content\/uploads\/2026\/01\/B50-Apple.png\",\"width\":800,\"height\":800,\"caption\":\"Zoy Zoii Apple Tree\"},{\"@type\":\"BreadcrumbList\",\"@id\":\"https:\/\/middlechild.hr\/proizvod\/zoy-zoii-apple-tree\/#breadcrumb\",\"itemListElement\":[{\"@type\":\"ListItem\",\"position\":1,\"name\":\"Po\u010detna stranica\",\"item\":\"https:\/\/middlechild.hr\/\"},{\"@type\":\"ListItem\",\"position\":2,\"name\":\"Trgovina\",\"item\":\"https:\/\/middlechild.hr\/trgovina\/\"},{\"@type\":\"ListItem\",\"position\":3,\"name\":\"Zoy Zoii Apple Tree\"}]},{\"@type\":\"WebSite\",\"@id\":\"https:\/\/middlechild.hr\/#website\",\"url\":\"https:\/\/middlechild.hr\/\",\"name\":\"Middle Child\",\"description\":\"\",\"publisher\":{\"@id\":\"https:\/\/middlechild.hr\/#organization\"},\"potentialAction\":[{\"@type\":\"SearchAction\",\"target\":{\"@type\":\"EntryPoint\",\"urlTemplate\":\"https:\/\/middlechild.hr\/?s={search_term_string}\"},\"query-input\":{\"@type\":\"PropertyValueSpecification\",\"valueRequired\":true,\"valueName\":\"search_term_string\"}}],\"inLanguage\":\"en-GB\"},{\"@type\":\"Organization\",\"@id\":\"https:\/\/middlechild.hr\/#organization\",\"name\":\"Middle Child\",\"url\":\"https:\/\/middlechild.hr\/\",\"logo\":{\"@type\":\"ImageObject\",\"inLanguage\":\"en-GB\",\"@id\":\"https:\/\/middlechild.hr\/#\/schema\/logo\/image\/\",\"url\":\"https:\/\/middlechild.hr\/wp-content\/uploads\/2025\/09\/Novi-Projekt.png\",\"contentUrl\":\"https:\/\/middlechild.hr\/wp-content\/uploads\/2025\/09\/Novi-Projekt.png\",\"width\":953,\"height\":185,\"caption\":\"Middle Child\"},\"image\":{\"@id\":\"https:\/\/middlechild.hr\/#\/schema\/logo\/image\/\"}}]}<\/script>\n<!-- \/ Yoast SEO plugin. -->","yoast_head_json":{"title":"Dje\u010dji ruksak jabuka za vrti\u0107 i slobodno | Middle Child","description":"Zoy Zoii dje\u010dji ruksaci spajaju vrhunsku kvalitetu i najzabavnije oblike na tr\u017ei\u0161tu. Odaberite modele koji poti\u010du dje\u010dju ma\u0161tu i osiguravaju maksimalnu udobnost.","robots":{"index":"index","follow":"follow","max-snippet":"max-snippet:-1","max-image-preview":"max-image-preview:large","max-video-preview":"max-video-preview:-1"},"canonical":"https:\/\/middlechild.hr\/en\/product\/zoy-zoii-apple-tree\/","og_locale":"en_GB","og_type":"article","og_title":"Dje\u010dji ruksak jabuka za vrti\u0107 i slobodno | Middle Child","og_description":"Zoy Zoii dje\u010dji ruksaci spajaju vrhunsku kvalitetu i najzabavnije oblike na tr\u017ei\u0161tu. Odaberite modele koji poti\u010du dje\u010dju ma\u0161tu i osiguravaju maksimalnu udobnost.","og_url":"https:\/\/middlechild.hr\/en\/product\/zoy-zoii-apple-tree\/","og_site_name":"Middle Child","article_modified_time":"2026-04-06T07:55:26+00:00","og_image":[{"width":800,"height":800,"url":"https:\/\/middlechild.hr\/wp-content\/uploads\/2026\/01\/B50-Apple.png","type":"image\/png"}],"twitter_card":"summary_large_image","twitter_misc":{"Estimated reading time":"1 minute"},"schema":{"@context":"https:\/\/schema.org","@graph":[{"@type":"WebPage","@id":"https:\/\/middlechild.hr\/proizvod\/zoy-zoii-apple-tree\/","url":"https:\/\/middlechild.hr\/proizvod\/zoy-zoii-apple-tree\/","name":"Dje\u010dji ruksak jabuka za vrti\u0107 i slobodno | Middle Child","isPartOf":{"@id":"https:\/\/middlechild.hr\/#website"},"primaryImageOfPage":{"@id":"https:\/\/middlechild.hr\/proizvod\/zoy-zoii-apple-tree\/#primaryimage"},"image":{"@id":"https:\/\/middlechild.hr\/proizvod\/zoy-zoii-apple-tree\/#primaryimage"},"thumbnailUrl":"https:\/\/middlechild.hr\/wp-content\/uploads\/2026\/01\/B50-Apple.png","datePublished":"2026-01-27T10:47:02+00:00","dateModified":"2026-04-06T07:55:26+00:00","description":"Zoy Zoii dje\u010dji ruksaci spajaju vrhunsku kvalitetu i najzabavnije oblike na tr\u017ei\u0161tu. Odaberite modele koji poti\u010du dje\u010dju ma\u0161tu i osiguravaju maksimalnu udobnost.","breadcrumb":{"@id":"https:\/\/middlechild.hr\/proizvod\/zoy-zoii-apple-tree\/#breadcrumb"},"inLanguage":"en-GB","potentialAction":[{"@type":"ReadAction","target":["https:\/\/middlechild.hr\/proizvod\/zoy-zoii-apple-tree\/"]}]},{"@type":"ImageObject","inLanguage":"en-GB","@id":"https:\/\/middlechild.hr\/proizvod\/zoy-zoii-apple-tree\/#primaryimage","url":"https:\/\/middlechild.hr\/wp-content\/uploads\/2026\/01\/B50-Apple.png","contentUrl":"https:\/\/middlechild.hr\/wp-content\/uploads\/2026\/01\/B50-Apple.png","width":800,"height":800,"caption":"Zoy Zoii Apple Tree"},{"@type":"BreadcrumbList","@id":"https:\/\/middlechild.hr\/proizvod\/zoy-zoii-apple-tree\/#breadcrumb","itemListElement":[{"@type":"ListItem","position":1,"name":"Po\u010detna stranica","item":"https:\/\/middlechild.hr\/"},{"@type":"ListItem","position":2,"name":"Trgovina","item":"https:\/\/middlechild.hr\/trgovina\/"},{"@type":"ListItem","position":3,"name":"Zoy Zoii Apple Tree"}]},{"@type":"WebSite","@id":"https:\/\/middlechild.hr\/#website","url":"https:\/\/middlechild.hr\/","name":"Middle Child","description":"","publisher":{"@id":"https:\/\/middlechild.hr\/#organization"},"potentialAction":[{"@type":"SearchAction","target":{"@type":"EntryPoint","urlTemplate":"https:\/\/middlechild.hr\/?s={search_term_string}"},"query-input":{"@type":"PropertyValueSpecification","valueRequired":true,"valueName":"search_term_string"}}],"inLanguage":"en-GB"},{"@type":"Organization","@id":"https:\/\/middlechild.hr\/#organization","name":"Middle Child","url":"https:\/\/middlechild.hr\/","logo":{"@type":"ImageObject","inLanguage":"en-GB","@id":"https:\/\/middlechild.hr\/#\/schema\/logo\/image\/","url":"https:\/\/middlechild.hr\/wp-content\/uploads\/2025\/09\/Novi-Projekt.png","contentUrl":"https:\/\/middlechild.hr\/wp-content\/uploads\/2025\/09\/Novi-Projekt.png","width":953,"height":185,"caption":"Middle Child"},"image":{"@id":"https:\/\/middlechild.hr\/#\/schema\/logo\/image\/"}}]}},"jetpack_sharing_enabled":true,"_links":{"self":[{"href":"https:\/\/middlechild.hr\/en\/wp-json\/wp\/v2\/product\/1897","targetHints":{"allow":["GET"]}}],"collection":[{"href":"https:\/\/middlechild.hr\/en\/wp-json\/wp\/v2\/product"}],"about":[{"href":"https:\/\/middlechild.hr\/en\/wp-json\/wp\/v2\/types\/product"}],"wp:featuredmedia":[{"embeddable":true,"href":"https:\/\/middlechild.hr\/en\/wp-json\/wp\/v2\/media\/1898"}],"wp:attachment":[{"href":"https:\/\/middlechild.hr\/en\/wp-json\/wp\/v2\/media?parent=1897"}],"wp:term":[{"taxonomy":"product_brand","embeddable":true,"href":"https:\/\/middlechild.hr\/en\/wp-json\/wp\/v2\/product_brand?post=1897"},{"taxonomy":"product_cat","embeddable":true,"href":"https:\/\/middlechild.hr\/en\/wp-json\/wp\/v2\/product_cat?post=1897"},{"taxonomy":"product_tag","embeddable":true,"href":"https:\/\/middlechild.hr\/en\/wp-json\/wp\/v2\/product_tag?post=1897"}],"curies":[{"name":"wp","href":"https:\/\/api.w.org\/{rel}","templated":true}]}}