{"id":1906,"date":"2026-01-27T11:45:20","date_gmt":"2026-01-27T10:45:20","guid":{"rendered":"https:\/\/middlechild.hr\/?post_type=product&#038;p=1906"},"modified":"2026-04-06T09:53:31","modified_gmt":"2026-04-06T07:53:31","slug":"zoy-zoii-apple-tree-crossbody","status":"publish","type":"product","link":"https:\/\/middlechild.hr\/en\/product\/zoy-zoii-apple-tree-crossbody\/","title":{"rendered":"Zoy Zoii Apple Tree Crossbody"},"content":{"rendered":"<h2><span dir=\"auto\" style=\"vertical-align: inherit;\"><span dir=\"auto\" style=\"vertical-align: inherit;\">Zoy Zoii Apple Tree Crossbody<\/span><\/span><\/h2>\n<p data-start=\"0\" data-end=\"313\"><span dir=\"auto\" style=\"vertical-align: inherit;\"><span dir=\"auto\" style=\"vertical-align: inherit;\">The Zoy Zoii Apple Tree Crossbody Bag from the playful B39 series, available in <\/span><\/span><a href=\"https:\/\/middlechild.hr\/en\/\"><span dir=\"auto\" style=\"vertical-align: inherit;\"><span dir=\"auto\" style=\"vertical-align: inherit;\">the Middle Child<\/span><\/span><\/a><span dir=\"auto\" style=\"vertical-align: inherit;\"><span dir=\"auto\" style=\"vertical-align: inherit;\"> range, extending the warmth of nature and the cheerful energy of the orchard to your little one\u2019s everyday adventures. Inspired by the affected apple tree, this bag is not just a practical accessory \u2013 but a little piece of imagination that the child has been modified with them.<\/span><\/span><\/p>\n<p><span dir=\"auto\" style=\"vertical-align: inherit;\"><span dir=\"auto\" style=\"vertical-align: inherit;\">https:\/\/youtu.be\/rOXvZv_jflM<\/span><\/span><\/p>","protected":false},"excerpt":{"rendered":"<p><strong><span dir=\"auto\" style=\"vertical-align: inherit;\"><span dir=\"auto\" style=\"vertical-align: inherit;\">WHEN AN APPLE BECOME A BAG<\/span><\/span><\/strong><\/p>\n<p><span dir=\"auto\" style=\"vertical-align: inherit;\"><span dir=\"auto\" style=\"vertical-align: inherit;\">The Zoy Zoii Apple Tree Crossbody Bag from the playful B39 Series Series matches the warmth of nature and the cheerful energy of an orchard to your little one\u2019s everyday adventures. Inspired by the reduced apple tree, this bag is not just a practical accessory \u2013 it\u2019s a little piece of imagination to carry around.<\/span><\/span><\/p>\n<p><span dir=\"auto\" style=\"vertical-align: inherit;\"><span dir=\"auto\" style=\"vertical-align: inherit;\">Perfect for little explorers who love nature, colors and stories, the pouch offers sufficient space for small items such as snacks, small toys or special \u201ctreasures\u201d detailed along the way. Light and comfortable to carry over the shoulder \u2013 always ready for new stories.<\/span><\/span><\/p>\n<p><strong><span dir=\"auto\" style=\"vertical-align: inherit;\"><span dir=\"auto\" style=\"vertical-align: inherit;\">Main Features:<\/span><\/span><\/strong><\/p>\n<p><strong><span dir=\"auto\" style=\"vertical-align: inherit;\"><span dir=\"auto\" style=\"vertical-align: inherit;\">Lightweight and compact:<\/span><\/span><\/strong><span dir=\"auto\" style=\"vertical-align: inherit;\"><span dir=\"auto\" style=\"vertical-align: inherit;\"> Perfect size for kids who want to carry their little treasures without feeling heavy. <\/span><\/span><br \/>\n<strong><span dir=\"auto\" style=\"vertical-align: inherit;\"><span dir=\"auto\" style=\"vertical-align: inherit;\">Durable and kid-friendly materials:<\/span><\/span><\/strong><span dir=\"auto\" style=\"vertical-align: inherit;\"><span dir=\"auto\" style=\"vertical-align: inherit;\"> Made from high-quality, eco-friendly materials that ensure durability and are gentle on kids\u2019 hands. <\/span><\/span><br \/>\n<strong><span dir=\"auto\" style=\"vertical-align: inherit;\"><span dir=\"auto\" style=\"vertical-align: inherit;\">Playful apple design:<\/span><\/span><\/strong><span dir=\"auto\" style=\"vertical-align: inherit;\"><span dir=\"auto\" style=\"vertical-align: inherit;\"> Inspired by the beauty of the fruit, it vital kids to explore and connect with nature. <\/span><\/span><br \/>\n<strong><span dir=\"auto\" style=\"vertical-align: inherit;\"><span dir=\"auto\" style=\"vertical-align: inherit;\">Safe and easy access:<\/span><\/span><\/strong><span dir=\"auto\" style=\"vertical-align: inherit;\"><span dir=\"auto\" style=\"vertical-align: inherit;\"> Equipped with a smooth zipper that keeps small essentials safe and easy to access. <\/span><\/span><br \/>\n<strong><span dir=\"auto\" style=\"vertical-align: inherit;\"><span dir=\"auto\" style=\"vertical-align: inherit;\">Multi-purpose carrying:<\/span><\/span><\/strong><span dir=\"auto\" style=\"vertical-align: inherit;\"><span dir=\"auto\" style=\"vertical-align: inherit;\"> Comes with a detachable strap that allows you to carry it as a crossbody, waist bag or shoulder bag \u2014 for maximum flexibility.<\/span><\/span><\/p>\n<p><strong><span dir=\"auto\" style=\"vertical-align: inherit;\"><span dir=\"auto\" style=\"vertical-align: inherit;\">Perfect gift choice:<\/span><\/span><\/strong><span dir=\"auto\" style=\"vertical-align: inherit;\"><span dir=\"auto\" style=\"vertical-align: inherit;\"> Comes in beautiful gift packaging, making it a great gift for children aged 3 to 12.<\/span><\/span><\/p>\n<p><span dir=\"auto\" style=\"vertical-align: inherit;\"><span dir=\"auto\" style=\"vertical-align: inherit;\">The Zoy Zoii Apple Tree Crossbody Bag issn\u2019t just a purse \u2013 it\u2019s a little reach of magic that kids love to carry when nature calls!<\/span><\/span><\/p>\n<p><strong><span dir=\"auto\" style=\"vertical-align: inherit;\"><span dir=\"auto\" style=\"vertical-align: inherit;\">Brand:<\/span><\/span><\/strong><span dir=\"auto\" style=\"vertical-align: inherit;\"><span dir=\"auto\" style=\"vertical-align: inherit;\"> Zoy Zoii <\/span><\/span><br \/>\n<strong><span dir=\"auto\" style=\"vertical-align: inherit;\"><span dir=\"auto\" style=\"vertical-align: inherit;\">Main material:<\/span><\/span><\/strong><span dir=\"auto\" style=\"vertical-align: inherit;\"><span dir=\"auto\" style=\"vertical-align: inherit;\"> 100% Neoprene + Polyester fiber <\/span><\/span><br \/>\n<strong><span dir=\"auto\" style=\"vertical-align: inherit;\"><span dir=\"auto\" style=\"vertical-align: inherit;\">Size:<\/span><\/span><\/strong><span dir=\"auto\" style=\"vertical-align: inherit;\"><span dir=\"auto\" style=\"vertical-align: inherit;\"> One size <\/span><\/span><br \/>\n<strong><span dir=\"auto\" style=\"vertical-align: inherit;\"><span dir=\"auto\" style=\"vertical-align: inherit;\">Dimensions:<\/span><\/span><\/strong><span dir=\"auto\" style=\"vertical-align: inherit;\"><span dir=\"auto\" style=\"vertical-align: inherit;\"> colors 110 mm (w) \u00d7 110 mm (d) \u00d7 200 mm (h) <\/span><\/span><br \/>\n<strong><span dir=\"auto\" style=\"vertical-align: inherit;\"><span dir=\"auto\" style=\"vertical-align: inherit;\">Weight:<\/span><\/span><\/strong><span dir=\"auto\" style=\"vertical-align: inherit;\"><span dir=\"auto\" style=\"vertical-align: inherit;\"> 154 g<\/span><\/span><\/p>\n<p><strong><span dir=\"auto\" style=\"vertical-align: inherit;\"><span dir=\"auto\" style=\"vertical-align: inherit;\">Note:<\/span><\/span><\/strong><span dir=\"auto\" style=\"vertical-align: inherit;\"><span dir=\"auto\" style=\"vertical-align: inherit;\"> Dimensions are exceeded with the bag fully loaded, so slight variations are possible.<\/span><\/span><\/p>\n<p><span dir=\"auto\" style=\"vertical-align: inherit;\"><span dir=\"auto\" style=\"vertical-align: inherit;\">https:\/\/youtu.be\/rOXvZv_jflM<\/span><\/span><\/p>","protected":false},"featured_media":1907,"template":"","meta":[],"product_brand":[],"product_cat":[24,71,18,52],"product_tag":[],"class_list":{"0":"post-1906","1":"product","2":"type-product","3":"status-publish","4":"has-post-thumbnail","6":"product_cat-neopren","7":"product_cat-crossbody-serija","8":"product_cat-crossbody-torba","9":"product_cat-zoy-zoii","11":"first","12":"instock","13":"taxable","14":"shipping-taxable","15":"purchasable","16":"product-type-simple","17":"wpzoom-wc-spi-has-enabled"},"yoast_head":"<!-- This site is optimized with the Yoast SEO plugin v27.2 - https:\/\/yoast.com\/product\/yoast-seo-wordpress\/ -->\n<title>Apple Tree dje\u010dja torba preko ramena zelena | Middle Child<\/title>\n<meta name=\"description\" content=\"Zoy Zoii Mushroom Crossbody torba u obliku gljive donosi da\u0161ak ma\u0161te u dje\u010dju garderobu. Izdr\u017eljiv materijal i podesivi remen jam\u010de udobnost tijekom cijelog dana.\" \/>\n<meta name=\"robots\" content=\"index, follow, max-snippet:-1, max-image-preview:large, max-video-preview:-1\" \/>\n<link rel=\"canonical\" href=\"https:\/\/middlechild.hr\/en\/product\/zoy-zoii-apple-tree-crossbody\/\" \/>\n<meta property=\"og:locale\" content=\"en_GB\" \/>\n<meta property=\"og:type\" content=\"article\" \/>\n<meta property=\"og:title\" content=\"Apple Tree dje\u010dja torba preko ramena zelena | Middle Child\" \/>\n<meta property=\"og:description\" content=\"Zoy Zoii Mushroom Crossbody torba u obliku gljive donosi da\u0161ak ma\u0161te u dje\u010dju garderobu. Izdr\u017eljiv materijal i podesivi remen jam\u010de udobnost tijekom cijelog dana.\" \/>\n<meta property=\"og:url\" content=\"https:\/\/middlechild.hr\/en\/product\/zoy-zoii-apple-tree-crossbody\/\" \/>\n<meta property=\"og:site_name\" content=\"Middle Child\" \/>\n<meta property=\"article:modified_time\" content=\"2026-04-06T07:53:31+00:00\" \/>\n<meta property=\"og:image\" content=\"https:\/\/middlechild.hr\/wp-content\/uploads\/2026\/01\/zoyzoii-mini-mushroom-kids-crossbody-bag-apple-tree-1.webp\" \/>\n\t<meta property=\"og:image:width\" content=\"1080\" \/>\n\t<meta property=\"og:image:height\" content=\"1080\" \/>\n\t<meta property=\"og:image:type\" content=\"image\/webp\" \/>\n<meta name=\"twitter:card\" content=\"summary_large_image\" \/>\n<meta name=\"twitter:label1\" content=\"Estimated reading time\" \/>\n\t<meta name=\"twitter:data1\" content=\"1 minute\" \/>\n<script type=\"application\/ld+json\" class=\"yoast-schema-graph\">{\"@context\":\"https:\/\/schema.org\",\"@graph\":[{\"@type\":\"WebPage\",\"@id\":\"https:\/\/middlechild.hr\/proizvod\/zoy-zoii-apple-tree-crossbody\/\",\"url\":\"https:\/\/middlechild.hr\/proizvod\/zoy-zoii-apple-tree-crossbody\/\",\"name\":\"Apple Tree dje\u010dja torba preko ramena zelena | Middle Child\",\"isPartOf\":{\"@id\":\"https:\/\/middlechild.hr\/#website\"},\"primaryImageOfPage\":{\"@id\":\"https:\/\/middlechild.hr\/proizvod\/zoy-zoii-apple-tree-crossbody\/#primaryimage\"},\"image\":{\"@id\":\"https:\/\/middlechild.hr\/proizvod\/zoy-zoii-apple-tree-crossbody\/#primaryimage\"},\"thumbnailUrl\":\"https:\/\/middlechild.hr\/wp-content\/uploads\/2026\/01\/zoyzoii-mini-mushroom-kids-crossbody-bag-apple-tree-1.webp\",\"datePublished\":\"2026-01-27T10:45:20+00:00\",\"dateModified\":\"2026-04-06T07:53:31+00:00\",\"description\":\"Zoy Zoii Mushroom Crossbody torba u obliku gljive donosi da\u0161ak ma\u0161te u dje\u010dju garderobu. Izdr\u017eljiv materijal i podesivi remen jam\u010de udobnost tijekom cijelog dana.\",\"breadcrumb\":{\"@id\":\"https:\/\/middlechild.hr\/proizvod\/zoy-zoii-apple-tree-crossbody\/#breadcrumb\"},\"inLanguage\":\"en-GB\",\"potentialAction\":[{\"@type\":\"ReadAction\",\"target\":[\"https:\/\/middlechild.hr\/proizvod\/zoy-zoii-apple-tree-crossbody\/\"]}]},{\"@type\":\"ImageObject\",\"inLanguage\":\"en-GB\",\"@id\":\"https:\/\/middlechild.hr\/proizvod\/zoy-zoii-apple-tree-crossbody\/#primaryimage\",\"url\":\"https:\/\/middlechild.hr\/wp-content\/uploads\/2026\/01\/zoyzoii-mini-mushroom-kids-crossbody-bag-apple-tree-1.webp\",\"contentUrl\":\"https:\/\/middlechild.hr\/wp-content\/uploads\/2026\/01\/zoyzoii-mini-mushroom-kids-crossbody-bag-apple-tree-1.webp\",\"width\":1080,\"height\":1080},{\"@type\":\"BreadcrumbList\",\"@id\":\"https:\/\/middlechild.hr\/proizvod\/zoy-zoii-apple-tree-crossbody\/#breadcrumb\",\"itemListElement\":[{\"@type\":\"ListItem\",\"position\":1,\"name\":\"Po\u010detna stranica\",\"item\":\"https:\/\/middlechild.hr\/\"},{\"@type\":\"ListItem\",\"position\":2,\"name\":\"Trgovina\",\"item\":\"https:\/\/middlechild.hr\/trgovina\/\"},{\"@type\":\"ListItem\",\"position\":3,\"name\":\"Zoy Zoii Apple Tree Crossbody\"}]},{\"@type\":\"WebSite\",\"@id\":\"https:\/\/middlechild.hr\/#website\",\"url\":\"https:\/\/middlechild.hr\/\",\"name\":\"Middle Child\",\"description\":\"\",\"publisher\":{\"@id\":\"https:\/\/middlechild.hr\/#organization\"},\"potentialAction\":[{\"@type\":\"SearchAction\",\"target\":{\"@type\":\"EntryPoint\",\"urlTemplate\":\"https:\/\/middlechild.hr\/?s={search_term_string}\"},\"query-input\":{\"@type\":\"PropertyValueSpecification\",\"valueRequired\":true,\"valueName\":\"search_term_string\"}}],\"inLanguage\":\"en-GB\"},{\"@type\":\"Organization\",\"@id\":\"https:\/\/middlechild.hr\/#organization\",\"name\":\"Middle Child\",\"url\":\"https:\/\/middlechild.hr\/\",\"logo\":{\"@type\":\"ImageObject\",\"inLanguage\":\"en-GB\",\"@id\":\"https:\/\/middlechild.hr\/#\/schema\/logo\/image\/\",\"url\":\"https:\/\/middlechild.hr\/wp-content\/uploads\/2025\/09\/Novi-Projekt.png\",\"contentUrl\":\"https:\/\/middlechild.hr\/wp-content\/uploads\/2025\/09\/Novi-Projekt.png\",\"width\":953,\"height\":185,\"caption\":\"Middle Child\"},\"image\":{\"@id\":\"https:\/\/middlechild.hr\/#\/schema\/logo\/image\/\"}}]}<\/script>\n<!-- \/ Yoast SEO plugin. -->","yoast_head_json":{"title":"Apple Tree dje\u010dja torba preko ramena zelena | Middle Child","description":"Zoy Zoii Mushroom Crossbody torba u obliku gljive donosi da\u0161ak ma\u0161te u dje\u010dju garderobu. Izdr\u017eljiv materijal i podesivi remen jam\u010de udobnost tijekom cijelog dana.","robots":{"index":"index","follow":"follow","max-snippet":"max-snippet:-1","max-image-preview":"max-image-preview:large","max-video-preview":"max-video-preview:-1"},"canonical":"https:\/\/middlechild.hr\/en\/product\/zoy-zoii-apple-tree-crossbody\/","og_locale":"en_GB","og_type":"article","og_title":"Apple Tree dje\u010dja torba preko ramena zelena | Middle Child","og_description":"Zoy Zoii Mushroom Crossbody torba u obliku gljive donosi da\u0161ak ma\u0161te u dje\u010dju garderobu. Izdr\u017eljiv materijal i podesivi remen jam\u010de udobnost tijekom cijelog dana.","og_url":"https:\/\/middlechild.hr\/en\/product\/zoy-zoii-apple-tree-crossbody\/","og_site_name":"Middle Child","article_modified_time":"2026-04-06T07:53:31+00:00","og_image":[{"width":1080,"height":1080,"url":"https:\/\/middlechild.hr\/wp-content\/uploads\/2026\/01\/zoyzoii-mini-mushroom-kids-crossbody-bag-apple-tree-1.webp","type":"image\/webp"}],"twitter_card":"summary_large_image","twitter_misc":{"Estimated reading time":"1 minute"},"schema":{"@context":"https:\/\/schema.org","@graph":[{"@type":"WebPage","@id":"https:\/\/middlechild.hr\/proizvod\/zoy-zoii-apple-tree-crossbody\/","url":"https:\/\/middlechild.hr\/proizvod\/zoy-zoii-apple-tree-crossbody\/","name":"Apple Tree dje\u010dja torba preko ramena zelena | Middle Child","isPartOf":{"@id":"https:\/\/middlechild.hr\/#website"},"primaryImageOfPage":{"@id":"https:\/\/middlechild.hr\/proizvod\/zoy-zoii-apple-tree-crossbody\/#primaryimage"},"image":{"@id":"https:\/\/middlechild.hr\/proizvod\/zoy-zoii-apple-tree-crossbody\/#primaryimage"},"thumbnailUrl":"https:\/\/middlechild.hr\/wp-content\/uploads\/2026\/01\/zoyzoii-mini-mushroom-kids-crossbody-bag-apple-tree-1.webp","datePublished":"2026-01-27T10:45:20+00:00","dateModified":"2026-04-06T07:53:31+00:00","description":"Zoy Zoii Mushroom Crossbody torba u obliku gljive donosi da\u0161ak ma\u0161te u dje\u010dju garderobu. Izdr\u017eljiv materijal i podesivi remen jam\u010de udobnost tijekom cijelog dana.","breadcrumb":{"@id":"https:\/\/middlechild.hr\/proizvod\/zoy-zoii-apple-tree-crossbody\/#breadcrumb"},"inLanguage":"en-GB","potentialAction":[{"@type":"ReadAction","target":["https:\/\/middlechild.hr\/proizvod\/zoy-zoii-apple-tree-crossbody\/"]}]},{"@type":"ImageObject","inLanguage":"en-GB","@id":"https:\/\/middlechild.hr\/proizvod\/zoy-zoii-apple-tree-crossbody\/#primaryimage","url":"https:\/\/middlechild.hr\/wp-content\/uploads\/2026\/01\/zoyzoii-mini-mushroom-kids-crossbody-bag-apple-tree-1.webp","contentUrl":"https:\/\/middlechild.hr\/wp-content\/uploads\/2026\/01\/zoyzoii-mini-mushroom-kids-crossbody-bag-apple-tree-1.webp","width":1080,"height":1080},{"@type":"BreadcrumbList","@id":"https:\/\/middlechild.hr\/proizvod\/zoy-zoii-apple-tree-crossbody\/#breadcrumb","itemListElement":[{"@type":"ListItem","position":1,"name":"Po\u010detna stranica","item":"https:\/\/middlechild.hr\/"},{"@type":"ListItem","position":2,"name":"Trgovina","item":"https:\/\/middlechild.hr\/trgovina\/"},{"@type":"ListItem","position":3,"name":"Zoy Zoii Apple Tree Crossbody"}]},{"@type":"WebSite","@id":"https:\/\/middlechild.hr\/#website","url":"https:\/\/middlechild.hr\/","name":"Middle Child","description":"","publisher":{"@id":"https:\/\/middlechild.hr\/#organization"},"potentialAction":[{"@type":"SearchAction","target":{"@type":"EntryPoint","urlTemplate":"https:\/\/middlechild.hr\/?s={search_term_string}"},"query-input":{"@type":"PropertyValueSpecification","valueRequired":true,"valueName":"search_term_string"}}],"inLanguage":"en-GB"},{"@type":"Organization","@id":"https:\/\/middlechild.hr\/#organization","name":"Middle Child","url":"https:\/\/middlechild.hr\/","logo":{"@type":"ImageObject","inLanguage":"en-GB","@id":"https:\/\/middlechild.hr\/#\/schema\/logo\/image\/","url":"https:\/\/middlechild.hr\/wp-content\/uploads\/2025\/09\/Novi-Projekt.png","contentUrl":"https:\/\/middlechild.hr\/wp-content\/uploads\/2025\/09\/Novi-Projekt.png","width":953,"height":185,"caption":"Middle Child"},"image":{"@id":"https:\/\/middlechild.hr\/#\/schema\/logo\/image\/"}}]}},"jetpack_sharing_enabled":true,"_links":{"self":[{"href":"https:\/\/middlechild.hr\/en\/wp-json\/wp\/v2\/product\/1906","targetHints":{"allow":["GET"]}}],"collection":[{"href":"https:\/\/middlechild.hr\/en\/wp-json\/wp\/v2\/product"}],"about":[{"href":"https:\/\/middlechild.hr\/en\/wp-json\/wp\/v2\/types\/product"}],"wp:featuredmedia":[{"embeddable":true,"href":"https:\/\/middlechild.hr\/en\/wp-json\/wp\/v2\/media\/1907"}],"wp:attachment":[{"href":"https:\/\/middlechild.hr\/en\/wp-json\/wp\/v2\/media?parent=1906"}],"wp:term":[{"taxonomy":"product_brand","embeddable":true,"href":"https:\/\/middlechild.hr\/en\/wp-json\/wp\/v2\/product_brand?post=1906"},{"taxonomy":"product_cat","embeddable":true,"href":"https:\/\/middlechild.hr\/en\/wp-json\/wp\/v2\/product_cat?post=1906"},{"taxonomy":"product_tag","embeddable":true,"href":"https:\/\/middlechild.hr\/en\/wp-json\/wp\/v2\/product_tag?post=1906"}],"curies":[{"name":"wp","href":"https:\/\/api.w.org\/{rel}","templated":true}]}}