{"id":1919,"date":"2026-01-27T11:41:58","date_gmt":"2026-01-27T10:41:58","guid":{"rendered":"https:\/\/middlechild.hr\/?post_type=product&#038;p=1919"},"modified":"2026-04-06T09:57:45","modified_gmt":"2026-04-06T07:57:45","slug":"heorshe-vezica-za-dudu-bijela","status":"publish","type":"product","link":"https:\/\/middlechild.hr\/en\/product\/heorshe-vezica-za-dudu-bijela\/","title":{"rendered":"HeOrShe Midget White"},"content":{"rendered":"<h2>HeOrShe Midget White<\/h2>\n<article class=\"text-token-text-primary w-full focus:outline-none [--shadow-height:45px] has-data-writing-block:pointer-events-none has-data-writing-block:-mt-(--shadow-height) has-data-writing-block:pt-(--shadow-height) [&amp;:has([data-writing-block])&gt;*]:pointer-events-auto scroll-mt-(--header-height)\" dir=\"auto\" tabindex=\"-1\" data-turn-id=\"aa981e7a-e8e6-4a5d-af40-ef9e47bf2298\" data-testid=\"conversation-turn-35\" data-scroll-anchor=\"false\" data-turn=\"user\"><\/article>\n<article class=\"text-token-text-primary w-full focus:outline-none [--shadow-height:45px] has-data-writing-block:pointer-events-none has-data-writing-block:-mt-(--shadow-height) has-data-writing-block:pt-(--shadow-height) [&amp;:has([data-writing-block])&gt;*]:pointer-events-auto scroll-mt-[calc(var(--header-height)+min(200px,max(70px,20svh)))]\" dir=\"auto\" tabindex=\"-1\" data-turn-id=\"request-699d9410-d50c-83a6-a576-7dc436d5a15f-6\" data-testid=\"conversation-turn-36\" data-scroll-anchor=\"true\" data-turn=\"assistant\">\n<div class=\"text-base my-auto mx-auto pb-10 [--thread-content-margin:--spacing(4)] @w-sm\/main:[--thread-content-margin:--spacing(6)] @w-lg\/main:[--thread-content-margin:--spacing(16)] px-(--thread-content-margin)\">\n<div class=\"[--thread-content-max-width:40rem] @w-lg\/main:[--thread-content-max-width:48rem] mx-auto max-w-(--thread-content-max-width) flex-1 group\/turn-messages focus-visible:outline-hidden relative flex w-full min-w-0 flex-col agent-turn\" tabindex=\"-1\">\n<div class=\"flex max-w-full flex-col grow\">\n<div class=\"min-h-8 text-message relative flex w-full flex-col items-end gap-2 text-start break-words whitespace-normal [.text-message+&amp;]:mt-1\" dir=\"auto\" data-message-author-role=\"assistant\" data-message-id=\"f3ba69b6-f0d2-4d04-bfe2-b161d0d752e7\" data-message-model-slug=\"gpt-5-2\">\n<div class=\"flex w-full flex-col gap-1 empty:hidden first:pt-[1px]\">\n<div class=\"markdown prose dark:prose-invert w-full wrap-break-word light markdown-new-styling\">\n<p data-start=\"0\" data-end=\"180\">HEORSHE teat tie, available in <a href=\"https:\/\/middlechild.hr\/en\/\">Middle Child<\/a> Offering a practical and elegant accessory designed to keep the mulberry at your fingertips \u2013 clean, safe and ready for use.<\/p>\n<p data-start=\"182\" data-end=\"416\" data-is-last-node=\"\" data-is-only-node=\"\">It is an ideal choice for parents on the move who want a combination of safety, functionality and modern design. Reliable fastening prevents the dude from falling and losing, while gentle and high-quality material ensures safe<\/p>\n<\/div>\n<\/div>\n<\/div>\n<\/div>\n<\/div>\n<\/div>\n<\/article>\n<p><strong>Safe materials:<\/strong><\/p>\n<ul>\n<li>Made of 100 % Food Grade Silicone<\/li>\n<li>No BPA, no phthalates, no latex, no lead, suitable for all ages.<\/li>\n<\/ul>\n<p><strong>Resilience:<\/strong><\/p>\n<ul>\n<li>soft, flexible and pleasant to the touch<\/li>\n<li>safe for babies and gentle on the skin<\/li>\n<li>Multifunctional clasps with plastic gears are safe and not easy to break.<\/li>\n<li>The buckle has plastic teeth, so it can be held tight without damaging the clothes.<\/li>\n<li>It can be stretched and washed without fading; soft but durable.<\/li>\n<li>Eco-friendly universal size suitable for most dude swindlers that have a ring part.<\/li>\n<\/ul>\n<p>&nbsp;<\/p>\n<p><strong>Why choose a HEORSHE tie for a pacifier?<\/strong><\/p>\n<p>\u2714 Safe, non-toxic and durable materials<br \/>\n\u2714 Safe buckle that prevents the dude from losing and getting dirty<br \/>\n\u2714 Beads safe for nibbling and easing teeth<br \/>\n\u2714 Modern, minimalist design<br \/>\n\u2714 Moistureproof, easy to clean and durable<\/p>\n<p><iframe title=\"HEORSHE Pacifier &amp; Chain\" width=\"800\" height=\"450\" src=\"https:\/\/www.youtube.com\/embed\/x4q-m1Dk5Kk?feature=oembed\" frameborder=\"0\" allow=\"accelerometer; autoplay; clipboard-write; encrypted-media; gyroscope; picture-in-picture; web-share\" referrerpolicy=\"strict-origin-when-cross-origin\" allowfullscreen><\/iframe><\/p>","protected":false},"excerpt":{"rendered":"<p><strong>HEORSHE Duda Connector - always at hand and flawlessly clean! <\/strong><\/p>\n<p>The HEORSHE mulberry tie is a practical and elegant accessory designed to keep the mulberry always at your fingertips \u2013 clean, safe and ready to use. It is the perfect choice for parents on the move who want a combination of security, functionality and style.<\/p>\n<p><strong>Safe, durable and gentle materials<\/strong><\/p>\n<p>The embroidery is made of BPA-free and non-toxic materials, completely safe for the baby's skin and teeth. The sturdy buckle securely attaches to the clothes without damaging the fabric, while the smooth beads are designed to be safe for nibbling, so the laces can also serve as a soothing accessory for teething.<\/p>\n<p><strong>Forget about lost or dirty dudes<\/strong><\/p>\n<p>There is no longer a need to constantly wash or look for a pacifier on a trolley and purse \u2013 HEORSHE Vezica keeps the pacifier in place and prevents it from falling onto unclean surfaces. It gives you peace and security wherever you are.<\/p>\n<p><strong>Modern and versatile design<\/strong><\/p>\n<p>Minimalist appearance and neutral colors make it perfectly fit with any combination, whether it is used by a girl or a boy. It is also ideal as a carefully selected gift for a newborn baby.<\/p>\n<p><strong>Easy maintenance<\/strong><\/p>\n<p>The link is easy to clean \u2013 it is enough to wipe or disinfect, and thanks to quality materials, it is resistant to daily use and wear.<\/p>\n<p>HEORSHE Embroidery For Duda - a small addition that brings great convenience!<br \/>\nKeep the pacifier clean, safe and always at your fingertips as the peace of mind of parents begins with small but important details.<\/p>\n<p>https:\/\/youtu.be\/x4q-m1Dk5Kk<\/p>","protected":false},"featured_media":1920,"template":"","meta":[],"product_brand":[],"product_cat":[53,69,106],"product_tag":[],"class_list":{"0":"post-1919","1":"product","2":"type-product","3":"status-publish","4":"has-post-thumbnail","6":"product_cat-heorshe","7":"product_cat-heorshe-accessories","8":"product_cat-pacifier-chain","10":"first","11":"instock","12":"taxable","13":"shipping-taxable","14":"purchasable","15":"product-type-simple","16":"wpzoom-wc-spi-has-enabled"},"yoast_head":"<!-- This site is optimized with the Yoast SEO plugin v27.2 - https:\/\/yoast.com\/product\/yoast-seo-wordpress\/ -->\n<title>Silikonska vezica za dudu u bijeloj boji | Middle Child<\/title>\n<meta name=\"description\" content=\"Saznajte sve o na\u010dinima i rokovima dostave Middle Child proizvoda na va\u0161u adresu. Nudimo pouzdanu dostavu i pratimo va\u0161e po\u0161iljke od skladi\u0161ta do ku\u0107nog praga.\" \/>\n<meta name=\"robots\" content=\"index, follow, max-snippet:-1, max-image-preview:large, max-video-preview:-1\" \/>\n<link rel=\"canonical\" href=\"https:\/\/middlechild.hr\/en\/product\/heorshe-vezica-za-dudu-bijela\/\" \/>\n<meta property=\"og:locale\" content=\"en_GB\" \/>\n<meta property=\"og:type\" content=\"article\" \/>\n<meta property=\"og:title\" content=\"Silikonska vezica za dudu u bijeloj boji | Middle Child\" \/>\n<meta property=\"og:description\" content=\"Saznajte sve o na\u010dinima i rokovima dostave Middle Child proizvoda na va\u0161u adresu. Nudimo pouzdanu dostavu i pratimo va\u0161e po\u0161iljke od skladi\u0161ta do ku\u0107nog praga.\" \/>\n<meta property=\"og:url\" content=\"https:\/\/middlechild.hr\/en\/product\/heorshe-vezica-za-dudu-bijela\/\" \/>\n<meta property=\"og:site_name\" content=\"Middle Child\" \/>\n<meta property=\"article:modified_time\" content=\"2026-04-06T07:57:45+00:00\" \/>\n<meta property=\"og:image\" content=\"https:\/\/middlechild.hr\/wp-content\/uploads\/2026\/01\/new-logo-white.png\" \/>\n\t<meta property=\"og:image:width\" content=\"800\" \/>\n\t<meta property=\"og:image:height\" content=\"800\" \/>\n\t<meta property=\"og:image:type\" content=\"image\/png\" \/>\n<meta name=\"twitter:card\" content=\"summary_large_image\" \/>\n<meta name=\"twitter:label1\" content=\"Estimated reading time\" \/>\n\t<meta name=\"twitter:data1\" content=\"2 minutes\" \/>\n<script type=\"application\/ld+json\" class=\"yoast-schema-graph\">{\"@context\":\"https:\/\/schema.org\",\"@graph\":[{\"@type\":\"WebPage\",\"@id\":\"https:\/\/middlechild.hr\/proizvod\/heorshe-vezica-za-dudu-bijela\/\",\"url\":\"https:\/\/middlechild.hr\/proizvod\/heorshe-vezica-za-dudu-bijela\/\",\"name\":\"Silikonska vezica za dudu u bijeloj boji | Middle Child\",\"isPartOf\":{\"@id\":\"https:\/\/middlechild.hr\/#website\"},\"primaryImageOfPage\":{\"@id\":\"https:\/\/middlechild.hr\/proizvod\/heorshe-vezica-za-dudu-bijela\/#primaryimage\"},\"image\":{\"@id\":\"https:\/\/middlechild.hr\/proizvod\/heorshe-vezica-za-dudu-bijela\/#primaryimage\"},\"thumbnailUrl\":\"https:\/\/middlechild.hr\/wp-content\/uploads\/2026\/01\/new-logo-white.png\",\"datePublished\":\"2026-01-27T10:41:58+00:00\",\"dateModified\":\"2026-04-06T07:57:45+00:00\",\"description\":\"Saznajte sve o na\u010dinima i rokovima dostave Middle Child proizvoda na va\u0161u adresu. Nudimo pouzdanu dostavu i pratimo va\u0161e po\u0161iljke od skladi\u0161ta do ku\u0107nog praga.\",\"breadcrumb\":{\"@id\":\"https:\/\/middlechild.hr\/proizvod\/heorshe-vezica-za-dudu-bijela\/#breadcrumb\"},\"inLanguage\":\"en-GB\",\"potentialAction\":[{\"@type\":\"ReadAction\",\"target\":[\"https:\/\/middlechild.hr\/proizvod\/heorshe-vezica-za-dudu-bijela\/\"]}]},{\"@type\":\"ImageObject\",\"inLanguage\":\"en-GB\",\"@id\":\"https:\/\/middlechild.hr\/proizvod\/heorshe-vezica-za-dudu-bijela\/#primaryimage\",\"url\":\"https:\/\/middlechild.hr\/wp-content\/uploads\/2026\/01\/new-logo-white.png\",\"contentUrl\":\"https:\/\/middlechild.hr\/wp-content\/uploads\/2026\/01\/new-logo-white.png\",\"width\":800,\"height\":800},{\"@type\":\"BreadcrumbList\",\"@id\":\"https:\/\/middlechild.hr\/proizvod\/heorshe-vezica-za-dudu-bijela\/#breadcrumb\",\"itemListElement\":[{\"@type\":\"ListItem\",\"position\":1,\"name\":\"Po\u010detna stranica\",\"item\":\"https:\/\/middlechild.hr\/\"},{\"@type\":\"ListItem\",\"position\":2,\"name\":\"Trgovina\",\"item\":\"https:\/\/middlechild.hr\/trgovina\/\"},{\"@type\":\"ListItem\",\"position\":3,\"name\":\"HeOrShe Vezica Za Dudu Bijela\"}]},{\"@type\":\"WebSite\",\"@id\":\"https:\/\/middlechild.hr\/#website\",\"url\":\"https:\/\/middlechild.hr\/\",\"name\":\"Middle Child\",\"description\":\"\",\"publisher\":{\"@id\":\"https:\/\/middlechild.hr\/#organization\"},\"potentialAction\":[{\"@type\":\"SearchAction\",\"target\":{\"@type\":\"EntryPoint\",\"urlTemplate\":\"https:\/\/middlechild.hr\/?s={search_term_string}\"},\"query-input\":{\"@type\":\"PropertyValueSpecification\",\"valueRequired\":true,\"valueName\":\"search_term_string\"}}],\"inLanguage\":\"en-GB\"},{\"@type\":\"Organization\",\"@id\":\"https:\/\/middlechild.hr\/#organization\",\"name\":\"Middle Child\",\"url\":\"https:\/\/middlechild.hr\/\",\"logo\":{\"@type\":\"ImageObject\",\"inLanguage\":\"en-GB\",\"@id\":\"https:\/\/middlechild.hr\/#\/schema\/logo\/image\/\",\"url\":\"https:\/\/middlechild.hr\/wp-content\/uploads\/2025\/09\/Novi-Projekt.png\",\"contentUrl\":\"https:\/\/middlechild.hr\/wp-content\/uploads\/2025\/09\/Novi-Projekt.png\",\"width\":953,\"height\":185,\"caption\":\"Middle Child\"},\"image\":{\"@id\":\"https:\/\/middlechild.hr\/#\/schema\/logo\/image\/\"}}]}<\/script>\n<!-- \/ Yoast SEO plugin. -->","yoast_head_json":{"title":"Silikonska vezica za dudu u bijeloj boji | Middle Child","description":"Saznajte sve o na\u010dinima i rokovima dostave Middle Child proizvoda na va\u0161u adresu. Nudimo pouzdanu dostavu i pratimo va\u0161e po\u0161iljke od skladi\u0161ta do ku\u0107nog praga.","robots":{"index":"index","follow":"follow","max-snippet":"max-snippet:-1","max-image-preview":"max-image-preview:large","max-video-preview":"max-video-preview:-1"},"canonical":"https:\/\/middlechild.hr\/en\/product\/heorshe-vezica-za-dudu-bijela\/","og_locale":"en_GB","og_type":"article","og_title":"Silikonska vezica za dudu u bijeloj boji | Middle Child","og_description":"Saznajte sve o na\u010dinima i rokovima dostave Middle Child proizvoda na va\u0161u adresu. Nudimo pouzdanu dostavu i pratimo va\u0161e po\u0161iljke od skladi\u0161ta do ku\u0107nog praga.","og_url":"https:\/\/middlechild.hr\/en\/product\/heorshe-vezica-za-dudu-bijela\/","og_site_name":"Middle Child","article_modified_time":"2026-04-06T07:57:45+00:00","og_image":[{"width":800,"height":800,"url":"https:\/\/middlechild.hr\/wp-content\/uploads\/2026\/01\/new-logo-white.png","type":"image\/png"}],"twitter_card":"summary_large_image","twitter_misc":{"Estimated reading time":"2 minutes"},"schema":{"@context":"https:\/\/schema.org","@graph":[{"@type":"WebPage","@id":"https:\/\/middlechild.hr\/proizvod\/heorshe-vezica-za-dudu-bijela\/","url":"https:\/\/middlechild.hr\/proizvod\/heorshe-vezica-za-dudu-bijela\/","name":"Silikonska vezica za dudu u bijeloj boji | Middle Child","isPartOf":{"@id":"https:\/\/middlechild.hr\/#website"},"primaryImageOfPage":{"@id":"https:\/\/middlechild.hr\/proizvod\/heorshe-vezica-za-dudu-bijela\/#primaryimage"},"image":{"@id":"https:\/\/middlechild.hr\/proizvod\/heorshe-vezica-za-dudu-bijela\/#primaryimage"},"thumbnailUrl":"https:\/\/middlechild.hr\/wp-content\/uploads\/2026\/01\/new-logo-white.png","datePublished":"2026-01-27T10:41:58+00:00","dateModified":"2026-04-06T07:57:45+00:00","description":"Saznajte sve o na\u010dinima i rokovima dostave Middle Child proizvoda na va\u0161u adresu. Nudimo pouzdanu dostavu i pratimo va\u0161e po\u0161iljke od skladi\u0161ta do ku\u0107nog praga.","breadcrumb":{"@id":"https:\/\/middlechild.hr\/proizvod\/heorshe-vezica-za-dudu-bijela\/#breadcrumb"},"inLanguage":"en-GB","potentialAction":[{"@type":"ReadAction","target":["https:\/\/middlechild.hr\/proizvod\/heorshe-vezica-za-dudu-bijela\/"]}]},{"@type":"ImageObject","inLanguage":"en-GB","@id":"https:\/\/middlechild.hr\/proizvod\/heorshe-vezica-za-dudu-bijela\/#primaryimage","url":"https:\/\/middlechild.hr\/wp-content\/uploads\/2026\/01\/new-logo-white.png","contentUrl":"https:\/\/middlechild.hr\/wp-content\/uploads\/2026\/01\/new-logo-white.png","width":800,"height":800},{"@type":"BreadcrumbList","@id":"https:\/\/middlechild.hr\/proizvod\/heorshe-vezica-za-dudu-bijela\/#breadcrumb","itemListElement":[{"@type":"ListItem","position":1,"name":"Po\u010detna stranica","item":"https:\/\/middlechild.hr\/"},{"@type":"ListItem","position":2,"name":"Trgovina","item":"https:\/\/middlechild.hr\/trgovina\/"},{"@type":"ListItem","position":3,"name":"HeOrShe Vezica Za Dudu Bijela"}]},{"@type":"WebSite","@id":"https:\/\/middlechild.hr\/#website","url":"https:\/\/middlechild.hr\/","name":"Middle Child","description":"","publisher":{"@id":"https:\/\/middlechild.hr\/#organization"},"potentialAction":[{"@type":"SearchAction","target":{"@type":"EntryPoint","urlTemplate":"https:\/\/middlechild.hr\/?s={search_term_string}"},"query-input":{"@type":"PropertyValueSpecification","valueRequired":true,"valueName":"search_term_string"}}],"inLanguage":"en-GB"},{"@type":"Organization","@id":"https:\/\/middlechild.hr\/#organization","name":"Middle Child","url":"https:\/\/middlechild.hr\/","logo":{"@type":"ImageObject","inLanguage":"en-GB","@id":"https:\/\/middlechild.hr\/#\/schema\/logo\/image\/","url":"https:\/\/middlechild.hr\/wp-content\/uploads\/2025\/09\/Novi-Projekt.png","contentUrl":"https:\/\/middlechild.hr\/wp-content\/uploads\/2025\/09\/Novi-Projekt.png","width":953,"height":185,"caption":"Middle Child"},"image":{"@id":"https:\/\/middlechild.hr\/#\/schema\/logo\/image\/"}}]}},"jetpack_sharing_enabled":true,"_links":{"self":[{"href":"https:\/\/middlechild.hr\/en\/wp-json\/wp\/v2\/product\/1919","targetHints":{"allow":["GET"]}}],"collection":[{"href":"https:\/\/middlechild.hr\/en\/wp-json\/wp\/v2\/product"}],"about":[{"href":"https:\/\/middlechild.hr\/en\/wp-json\/wp\/v2\/types\/product"}],"wp:featuredmedia":[{"embeddable":true,"href":"https:\/\/middlechild.hr\/en\/wp-json\/wp\/v2\/media\/1920"}],"wp:attachment":[{"href":"https:\/\/middlechild.hr\/en\/wp-json\/wp\/v2\/media?parent=1919"}],"wp:term":[{"taxonomy":"product_brand","embeddable":true,"href":"https:\/\/middlechild.hr\/en\/wp-json\/wp\/v2\/product_brand?post=1919"},{"taxonomy":"product_cat","embeddable":true,"href":"https:\/\/middlechild.hr\/en\/wp-json\/wp\/v2\/product_cat?post=1919"},{"taxonomy":"product_tag","embeddable":true,"href":"https:\/\/middlechild.hr\/en\/wp-json\/wp\/v2\/product_tag?post=1919"}],"curies":[{"name":"wp","href":"https:\/\/api.w.org\/{rel}","templated":true}]}}