{"id":1923,"date":"2026-01-16T11:32:19","date_gmt":"2026-01-16T10:32:19","guid":{"rendered":"https:\/\/middlechild.hr\/?post_type=product&#038;p=1923"},"modified":"2026-02-27T15:25:27","modified_gmt":"2026-02-27T14:25:27","slug":"heorshe-vezica-za-dudu-crna","status":"publish","type":"product","link":"https:\/\/middlechild.hr\/en\/product\/heorshe-vezica-za-dudu-crna\/","title":{"rendered":"HeOrShe Embroidery For The Rainbow Black"},"content":{"rendered":"<p><strong>Safe materials:<\/strong><\/p>\n<ul>\n<li>Made of 100 % Food Grade Silicone<\/li>\n<li>No BPA, no phthalates, no latex, no lead, suitable for all ages.<\/li>\n<\/ul>\n<p><strong>Resilience:<\/strong><\/p>\n<ul>\n<li>soft, flexible and pleasant to the touch<\/li>\n<li>safe for babies and gentle on the skin<\/li>\n<li>Multifunctional clasps with plastic gears are safe and not easy to break.<\/li>\n<li>The buckle has plastic teeth, so it can be held tight without damaging the clothes.<\/li>\n<li>It can be stretched and washed without fading; soft but durable.<\/li>\n<li>Eco-friendly universal size suitable for most dude swindlers that have a ring part.<\/li>\n<\/ul>\n<p>&nbsp;<\/p>\n<p><strong>Why choose a HEORSHE tie for a pacifier?<\/strong><\/p>\n<p>\u2714 Safe, non-toxic and durable materials<br \/>\n\u2714 Safe buckle that prevents the dude from losing and getting dirty<br \/>\n\u2714 Beads safe for nibbling and easing teeth<br \/>\n\u2714 Modern, minimalist design<br \/>\n\u2714 Moistureproof, easy to clean and durable<\/p>\n<p><iframe title=\"HEORSHE Pacifier &amp; Chain\" width=\"800\" height=\"450\" src=\"https:\/\/www.youtube.com\/embed\/x4q-m1Dk5Kk?feature=oembed\" frameborder=\"0\" allow=\"accelerometer; autoplay; clipboard-write; encrypted-media; gyroscope; picture-in-picture; web-share\" referrerpolicy=\"strict-origin-when-cross-origin\" allowfullscreen><\/iframe><\/p>","protected":false},"excerpt":{"rendered":"<p><strong>HEORSHE Duda Connector - always at hand and flawlessly clean! <\/strong><\/p>\n<p>The HEORSHE mulberry tie is a practical and elegant accessory designed to keep the mulberry always at your fingertips \u2013 clean, safe and ready to use. It is the perfect choice for parents on the move who want a combination of security, functionality and style.<\/p>\n<p><strong>Safe, durable and gentle materials<\/strong><\/p>\n<p>The embroidery is made of BPA-free and non-toxic materials, completely safe for the baby's skin and teeth. The sturdy buckle securely attaches to the clothes without damaging the fabric, while the smooth beads are designed to be safe for nibbling, so the laces can also serve as a soothing accessory for teething.<\/p>\n<p><strong>Forget about lost or dirty dudes<\/strong><\/p>\n<p>There is no longer a need to constantly wash or look for a pacifier on a trolley and purse \u2013 HEORSHE Vezica keeps the pacifier in place and prevents it from falling onto unclean surfaces. It gives you peace and security wherever you are.<\/p>\n<p><strong>Modern and versatile design<\/strong><\/p>\n<p>Minimalist appearance and neutral colors make it perfectly fit with any combination, whether it is used by a girl or a boy. It is also ideal as a carefully selected gift for a newborn baby.<\/p>\n<p><strong>Easy maintenance<\/strong><\/p>\n<p>The link is easy to clean \u2013 it is enough to wipe or disinfect, and thanks to quality materials, it is resistant to daily use and wear.<\/p>\n<p>HEORSHE Embroidery For Duda - a small addition that brings great convenience!<br \/>\nKeep the pacifier clean, safe and always at your fingertips as the peace of mind of parents begins with small but important details.<\/p>\n<p>https:\/\/youtu.be\/x4q-m1Dk5Kk<\/p>","protected":false},"featured_media":1924,"template":"","meta":[],"product_brand":[],"product_cat":[53,69,106],"product_tag":[],"class_list":{"0":"post-1923","1":"product","2":"type-product","3":"status-publish","4":"has-post-thumbnail","6":"product_cat-heorshe","7":"product_cat-heorshe-accessories","8":"product_cat-pacifier-chain","10":"first","11":"instock","12":"taxable","13":"shipping-taxable","14":"purchasable","15":"product-type-simple","16":"wpzoom-wc-spi-has-enabled"},"yoast_head":"<!-- This site is optimized with the Yoast SEO plugin v27.2 - https:\/\/yoast.com\/product\/yoast-seo-wordpress\/ -->\n<title>HeOrShe Vezica Za Dudu Crna - Middle Child<\/title>\n<meta name=\"description\" content=\"Heorshe vezica za dudu crna nudi prakti\u010dno pri\u010dvr\u0161\u0107ivanje dude, sprje\u010dava padanje i omogu\u0107uje jednostavno \u010di\u0161\u0107enje za sigurno svakodnevno kori\u0161tenje\" \/>\n<meta name=\"robots\" content=\"index, follow, max-snippet:-1, max-image-preview:large, max-video-preview:-1\" \/>\n<link rel=\"canonical\" href=\"https:\/\/middlechild.hr\/en\/product\/heorshe-vezica-za-dudu-crna\/\" \/>\n<meta property=\"og:locale\" content=\"en_GB\" \/>\n<meta property=\"og:type\" content=\"article\" \/>\n<meta property=\"og:title\" content=\"HeOrShe Vezica Za Dudu Crna - Middle Child\" \/>\n<meta property=\"og:description\" content=\"Heorshe vezica za dudu crna nudi prakti\u010dno pri\u010dvr\u0161\u0107ivanje dude, sprje\u010dava padanje i omogu\u0107uje jednostavno \u010di\u0161\u0107enje za sigurno svakodnevno kori\u0161tenje\" \/>\n<meta property=\"og:url\" content=\"https:\/\/middlechild.hr\/en\/product\/heorshe-vezica-za-dudu-crna\/\" \/>\n<meta property=\"og:site_name\" content=\"Middle Child\" \/>\n<meta property=\"article:modified_time\" content=\"2026-02-27T14:25:27+00:00\" \/>\n<meta property=\"og:image\" content=\"https:\/\/middlechild.hr\/wp-content\/uploads\/2026\/01\/BK-2.png\" \/>\n\t<meta property=\"og:image:width\" content=\"654\" \/>\n\t<meta property=\"og:image:height\" content=\"1466\" \/>\n\t<meta property=\"og:image:type\" content=\"image\/png\" \/>\n<meta name=\"twitter:card\" content=\"summary_large_image\" \/>\n<meta name=\"twitter:label1\" content=\"Estimated reading time\" \/>\n\t<meta name=\"twitter:data1\" content=\"1 minute\" \/>\n<script type=\"application\/ld+json\" class=\"yoast-schema-graph\">{\"@context\":\"https:\/\/schema.org\",\"@graph\":[{\"@type\":\"WebPage\",\"@id\":\"https:\/\/middlechild.hr\/proizvod\/heorshe-vezica-za-dudu-crna\/\",\"url\":\"https:\/\/middlechild.hr\/proizvod\/heorshe-vezica-za-dudu-crna\/\",\"name\":\"HeOrShe Vezica Za Dudu Crna - Middle Child\",\"isPartOf\":{\"@id\":\"https:\/\/middlechild.hr\/#website\"},\"primaryImageOfPage\":{\"@id\":\"https:\/\/middlechild.hr\/proizvod\/heorshe-vezica-za-dudu-crna\/#primaryimage\"},\"image\":{\"@id\":\"https:\/\/middlechild.hr\/proizvod\/heorshe-vezica-za-dudu-crna\/#primaryimage\"},\"thumbnailUrl\":\"https:\/\/middlechild.hr\/wp-content\/uploads\/2026\/01\/BK-2.png\",\"datePublished\":\"2026-01-16T10:32:19+00:00\",\"dateModified\":\"2026-02-27T14:25:27+00:00\",\"description\":\"Heorshe vezica za dudu crna nudi prakti\u010dno pri\u010dvr\u0161\u0107ivanje dude, sprje\u010dava padanje i omogu\u0107uje jednostavno \u010di\u0161\u0107enje za sigurno svakodnevno kori\u0161tenje\",\"breadcrumb\":{\"@id\":\"https:\/\/middlechild.hr\/proizvod\/heorshe-vezica-za-dudu-crna\/#breadcrumb\"},\"inLanguage\":\"en-GB\",\"potentialAction\":[{\"@type\":\"ReadAction\",\"target\":[\"https:\/\/middlechild.hr\/proizvod\/heorshe-vezica-za-dudu-crna\/\"]}]},{\"@type\":\"ImageObject\",\"inLanguage\":\"en-GB\",\"@id\":\"https:\/\/middlechild.hr\/proizvod\/heorshe-vezica-za-dudu-crna\/#primaryimage\",\"url\":\"https:\/\/middlechild.hr\/wp-content\/uploads\/2026\/01\/BK-2.png\",\"contentUrl\":\"https:\/\/middlechild.hr\/wp-content\/uploads\/2026\/01\/BK-2.png\",\"width\":654,\"height\":1466,\"caption\":\"HeOrShe Vezica Za Dudu Crna\"},{\"@type\":\"BreadcrumbList\",\"@id\":\"https:\/\/middlechild.hr\/proizvod\/heorshe-vezica-za-dudu-crna\/#breadcrumb\",\"itemListElement\":[{\"@type\":\"ListItem\",\"position\":1,\"name\":\"Po\u010detna stranica\",\"item\":\"https:\/\/middlechild.hr\/\"},{\"@type\":\"ListItem\",\"position\":2,\"name\":\"Trgovina\",\"item\":\"https:\/\/middlechild.hr\/trgovina\/\"},{\"@type\":\"ListItem\",\"position\":3,\"name\":\"HeOrShe Vezica Za Dudu Crna\"}]},{\"@type\":\"WebSite\",\"@id\":\"https:\/\/middlechild.hr\/#website\",\"url\":\"https:\/\/middlechild.hr\/\",\"name\":\"Middle Child\",\"description\":\"\",\"publisher\":{\"@id\":\"https:\/\/middlechild.hr\/#organization\"},\"potentialAction\":[{\"@type\":\"SearchAction\",\"target\":{\"@type\":\"EntryPoint\",\"urlTemplate\":\"https:\/\/middlechild.hr\/?s={search_term_string}\"},\"query-input\":{\"@type\":\"PropertyValueSpecification\",\"valueRequired\":true,\"valueName\":\"search_term_string\"}}],\"inLanguage\":\"en-GB\"},{\"@type\":\"Organization\",\"@id\":\"https:\/\/middlechild.hr\/#organization\",\"name\":\"Middle Child\",\"url\":\"https:\/\/middlechild.hr\/\",\"logo\":{\"@type\":\"ImageObject\",\"inLanguage\":\"en-GB\",\"@id\":\"https:\/\/middlechild.hr\/#\/schema\/logo\/image\/\",\"url\":\"https:\/\/middlechild.hr\/wp-content\/uploads\/2025\/09\/Novi-Projekt.png\",\"contentUrl\":\"https:\/\/middlechild.hr\/wp-content\/uploads\/2025\/09\/Novi-Projekt.png\",\"width\":953,\"height\":185,\"caption\":\"Middle Child\"},\"image\":{\"@id\":\"https:\/\/middlechild.hr\/#\/schema\/logo\/image\/\"}}]}<\/script>\n<!-- \/ Yoast SEO plugin. -->","yoast_head_json":{"title":"HeOrShe Vezica Za Dudu Crna - Middle Child","description":"Heorshe vezica za dudu crna nudi prakti\u010dno pri\u010dvr\u0161\u0107ivanje dude, sprje\u010dava padanje i omogu\u0107uje jednostavno \u010di\u0161\u0107enje za sigurno svakodnevno kori\u0161tenje","robots":{"index":"index","follow":"follow","max-snippet":"max-snippet:-1","max-image-preview":"max-image-preview:large","max-video-preview":"max-video-preview:-1"},"canonical":"https:\/\/middlechild.hr\/en\/product\/heorshe-vezica-za-dudu-crna\/","og_locale":"en_GB","og_type":"article","og_title":"HeOrShe Vezica Za Dudu Crna - Middle Child","og_description":"Heorshe vezica za dudu crna nudi prakti\u010dno pri\u010dvr\u0161\u0107ivanje dude, sprje\u010dava padanje i omogu\u0107uje jednostavno \u010di\u0161\u0107enje za sigurno svakodnevno kori\u0161tenje","og_url":"https:\/\/middlechild.hr\/en\/product\/heorshe-vezica-za-dudu-crna\/","og_site_name":"Middle Child","article_modified_time":"2026-02-27T14:25:27+00:00","og_image":[{"width":654,"height":1466,"url":"https:\/\/middlechild.hr\/wp-content\/uploads\/2026\/01\/BK-2.png","type":"image\/png"}],"twitter_card":"summary_large_image","twitter_misc":{"Estimated reading time":"1 minute"},"schema":{"@context":"https:\/\/schema.org","@graph":[{"@type":"WebPage","@id":"https:\/\/middlechild.hr\/proizvod\/heorshe-vezica-za-dudu-crna\/","url":"https:\/\/middlechild.hr\/proizvod\/heorshe-vezica-za-dudu-crna\/","name":"HeOrShe Vezica Za Dudu Crna - Middle Child","isPartOf":{"@id":"https:\/\/middlechild.hr\/#website"},"primaryImageOfPage":{"@id":"https:\/\/middlechild.hr\/proizvod\/heorshe-vezica-za-dudu-crna\/#primaryimage"},"image":{"@id":"https:\/\/middlechild.hr\/proizvod\/heorshe-vezica-za-dudu-crna\/#primaryimage"},"thumbnailUrl":"https:\/\/middlechild.hr\/wp-content\/uploads\/2026\/01\/BK-2.png","datePublished":"2026-01-16T10:32:19+00:00","dateModified":"2026-02-27T14:25:27+00:00","description":"Heorshe vezica za dudu crna nudi prakti\u010dno pri\u010dvr\u0161\u0107ivanje dude, sprje\u010dava padanje i omogu\u0107uje jednostavno \u010di\u0161\u0107enje za sigurno svakodnevno kori\u0161tenje","breadcrumb":{"@id":"https:\/\/middlechild.hr\/proizvod\/heorshe-vezica-za-dudu-crna\/#breadcrumb"},"inLanguage":"en-GB","potentialAction":[{"@type":"ReadAction","target":["https:\/\/middlechild.hr\/proizvod\/heorshe-vezica-za-dudu-crna\/"]}]},{"@type":"ImageObject","inLanguage":"en-GB","@id":"https:\/\/middlechild.hr\/proizvod\/heorshe-vezica-za-dudu-crna\/#primaryimage","url":"https:\/\/middlechild.hr\/wp-content\/uploads\/2026\/01\/BK-2.png","contentUrl":"https:\/\/middlechild.hr\/wp-content\/uploads\/2026\/01\/BK-2.png","width":654,"height":1466,"caption":"HeOrShe Vezica Za Dudu Crna"},{"@type":"BreadcrumbList","@id":"https:\/\/middlechild.hr\/proizvod\/heorshe-vezica-za-dudu-crna\/#breadcrumb","itemListElement":[{"@type":"ListItem","position":1,"name":"Po\u010detna stranica","item":"https:\/\/middlechild.hr\/"},{"@type":"ListItem","position":2,"name":"Trgovina","item":"https:\/\/middlechild.hr\/trgovina\/"},{"@type":"ListItem","position":3,"name":"HeOrShe Vezica Za Dudu Crna"}]},{"@type":"WebSite","@id":"https:\/\/middlechild.hr\/#website","url":"https:\/\/middlechild.hr\/","name":"Middle Child","description":"","publisher":{"@id":"https:\/\/middlechild.hr\/#organization"},"potentialAction":[{"@type":"SearchAction","target":{"@type":"EntryPoint","urlTemplate":"https:\/\/middlechild.hr\/?s={search_term_string}"},"query-input":{"@type":"PropertyValueSpecification","valueRequired":true,"valueName":"search_term_string"}}],"inLanguage":"en-GB"},{"@type":"Organization","@id":"https:\/\/middlechild.hr\/#organization","name":"Middle Child","url":"https:\/\/middlechild.hr\/","logo":{"@type":"ImageObject","inLanguage":"en-GB","@id":"https:\/\/middlechild.hr\/#\/schema\/logo\/image\/","url":"https:\/\/middlechild.hr\/wp-content\/uploads\/2025\/09\/Novi-Projekt.png","contentUrl":"https:\/\/middlechild.hr\/wp-content\/uploads\/2025\/09\/Novi-Projekt.png","width":953,"height":185,"caption":"Middle Child"},"image":{"@id":"https:\/\/middlechild.hr\/#\/schema\/logo\/image\/"}}]}},"jetpack_sharing_enabled":true,"_links":{"self":[{"href":"https:\/\/middlechild.hr\/en\/wp-json\/wp\/v2\/product\/1923","targetHints":{"allow":["GET"]}}],"collection":[{"href":"https:\/\/middlechild.hr\/en\/wp-json\/wp\/v2\/product"}],"about":[{"href":"https:\/\/middlechild.hr\/en\/wp-json\/wp\/v2\/types\/product"}],"wp:featuredmedia":[{"embeddable":true,"href":"https:\/\/middlechild.hr\/en\/wp-json\/wp\/v2\/media\/1924"}],"wp:attachment":[{"href":"https:\/\/middlechild.hr\/en\/wp-json\/wp\/v2\/media?parent=1923"}],"wp:term":[{"taxonomy":"product_brand","embeddable":true,"href":"https:\/\/middlechild.hr\/en\/wp-json\/wp\/v2\/product_brand?post=1923"},{"taxonomy":"product_cat","embeddable":true,"href":"https:\/\/middlechild.hr\/en\/wp-json\/wp\/v2\/product_cat?post=1923"},{"taxonomy":"product_tag","embeddable":true,"href":"https:\/\/middlechild.hr\/en\/wp-json\/wp\/v2\/product_tag?post=1923"}],"curies":[{"name":"wp","href":"https:\/\/api.w.org\/{rel}","templated":true}]}}