{"id":1937,"date":"2026-01-16T12:14:39","date_gmt":"2026-01-16T11:14:39","guid":{"rendered":"https:\/\/middlechild.hr\/?post_type=product&#038;p=1937"},"modified":"2026-04-06T09:47:17","modified_gmt":"2026-04-06T07:47:17","slug":"heorshe-ultra-transformer-poklopac-za-bocice-2","status":"publish","type":"product","link":"https:\/\/middlechild.hr\/en\/product\/heorshe-ultra-transformer-poklopac-za-bocice-2\/","title":{"rendered":"HeOrShe Ultra Transformer Cover for Bottles"},"content":{"rendered":"<p data-start=\"0\" data-end=\"106\"><strong data-start=\"0\" data-end=\"48\">HeOrShe Ultra Transformer Cover for Bottles<\/strong> \u2013 transform your bottle and simplify your life.<\/p>\n<p data-start=\"108\" data-end=\"436\">Ultra Transform cover is more than just a carry-on cover \u2013 it's an innovative transformation accessory <a href=\"https:\/\/middlechild.hr\/en\/product-category\/heorshe\/ultra-wide-neck-bocica-za-bebe\/\"><strong>Baby bottles<\/strong><\/a> It combines feeding, drinking and storage functions in one practical solution. It is designed to provide parents with maximum flexibility and longer-term use of the vial through different stages of child development.<\/p>\n<p data-start=\"438\" data-end=\"653\" data-is-last-node=\"\" data-is-only-node=\"\">The HeOrShe Ultra Transformer Bottle Cover is compatible with the Ultra Wide Neck 150 ml (5 oz) and 240 ml (8 oz) bottles, allowing easy adaptation to your baby\u2019s daily needs \u2013 at home or on the go.<\/p>\n<p><strong>Safe materials:<\/strong><\/p>\n<p><strong data-start=\"604\" data-end=\"635\">PP plastics (Polypropylene):<\/strong><\/p>\n<ul>\n<li>Lightweight, durable and safe plastic<\/li>\n<li>BPA free, PVC free, Phthalate free<\/li>\n<li>Easy to clean<\/li>\n<\/ul>\n<p><strong>Resilience:<\/strong><\/p>\n<ul>\n<li>safe for babies and gentle on the skin<\/li>\n<li>does not contain harmful chemicals<\/li>\n<li>resistant to moisture and easy to clean<\/li>\n<\/ul>","protected":false},"excerpt":{"rendered":"<p><strong>Ultra Transform cover - Multifunctional transformation for your vial<\/strong><\/p>\n<p>Transform your bottle, simplify your life!<\/p>\n<p>The Ultra Transform cover is more than just a carrying lid \u2013 it is an innovative transformation accessory that integrates feeding, drinking and storage functions. It is designed to be compatible with children's Ultra Wide Neck bottles of 150 ml (5 oz) and 240 ml (8 oz), offering flexible use to meet your baby's needs.<\/p>\n<ul>\n<li><strong>Feeding:<\/strong> Remove the lid and prepare the feeding bottle.<\/li>\n<li><strong>Drinking:<\/strong> Turn the bottle into a drink cup for extended use.<\/li>\n<li><strong>Storage:<\/strong> Safely store milk, formula or other beverages when the lid is closed.<\/li>\n<\/ul>\n<p>With its minimalist and elegant design, the Ultra Transform cover is perfect for travel and everyday use, making parenting more convenient.<\/p>\n<p><strong>One cover, endless possibilities!<\/strong><\/p>\n<ul>\n<li>Material: Silicone + PP (polypropylene), without BPA.<\/li>\n<li>Replaceable \u2013 it can be attached to the HEORSHE baby bottle, converting it into a storage container.<\/li>\n<li>Suitable for children's Ultra wide neck bottles<\/li>\n<\/ul>\n<p><strong>Compatibility:<\/strong><\/p>\n<ul>\n<li>Compatible with HEORSHE Ultra Wide Neck Baby Bottles<\/li>\n<li>Fits 160 ml and 240 ml vials<\/li>\n<\/ul>\n<p><strong>Ideal for:<\/strong><\/p>\n<ul>\n<li>Storage of food and liquids<\/li>\n<li>Travel and excursions<\/li>\n<li>Organization of children's meals<\/li>\n<li>Parents who value convenience and smart solutions<\/li>\n<\/ul>\n<p>The Ultra Transform cover allows you to convert feeding bottles into a hermetically sealed and safe storage container. One vial \u2013 different lids.<\/p>\n<p>&nbsp;<\/p>","protected":false},"featured_media":1939,"template":"","meta":[],"product_brand":[],"product_cat":[53,69,107],"product_tag":[],"class_list":{"0":"post-1937","1":"product","2":"type-product","3":"status-publish","4":"has-post-thumbnail","6":"product_cat-heorshe","7":"product_cat-heorshe-accessories","8":"product_cat-ultra-transformer-cap","10":"first","11":"instock","12":"taxable","13":"shipping-taxable","14":"purchasable","15":"product-type-simple","16":"wpzoom-wc-spi-has-enabled"},"yoast_head":"<!-- This site is optimized with the Yoast SEO plugin v27.2 - https:\/\/yoast.com\/product\/yoast-seo-wordpress\/ -->\n<title>Transformer poklopac za HeOrShe bo\u010dice bebe | Middle Child<\/title>\n<meta name=\"description\" content=\"Prakti\u010dan HeOrShe Ultra Transformer poklopac pretvara va\u0161u bo\u010dicu u spremnik za pohranu hrane ili grickalica. Izra\u0111en od sigurnog silikona za maksimalnu higijenu.\" \/>\n<meta name=\"robots\" content=\"index, follow, max-snippet:-1, max-image-preview:large, max-video-preview:-1\" \/>\n<link rel=\"canonical\" href=\"https:\/\/middlechild.hr\/en\/product\/heorshe-ultra-transformer-poklopac-za-bocice-2\/\" \/>\n<meta property=\"og:locale\" content=\"en_GB\" \/>\n<meta property=\"og:type\" content=\"article\" \/>\n<meta property=\"og:title\" content=\"Transformer poklopac za HeOrShe bo\u010dice bebe | Middle Child\" \/>\n<meta property=\"og:description\" content=\"Prakti\u010dan HeOrShe Ultra Transformer poklopac pretvara va\u0161u bo\u010dicu u spremnik za pohranu hrane ili grickalica. Izra\u0111en od sigurnog silikona za maksimalnu higijenu.\" \/>\n<meta property=\"og:url\" content=\"https:\/\/middlechild.hr\/en\/product\/heorshe-ultra-transformer-poklopac-za-bocice-2\/\" \/>\n<meta property=\"og:site_name\" content=\"Middle Child\" \/>\n<meta property=\"article:modified_time\" content=\"2026-04-06T07:47:17+00:00\" \/>\n<meta property=\"og:image\" content=\"https:\/\/middlechild.hr\/wp-content\/uploads\/2026\/01\/PK.png\" \/>\n\t<meta property=\"og:image:width\" content=\"954\" \/>\n\t<meta property=\"og:image:height\" content=\"873\" \/>\n\t<meta property=\"og:image:type\" content=\"image\/png\" \/>\n<meta name=\"twitter:card\" content=\"summary_large_image\" \/>\n<meta name=\"twitter:label1\" content=\"Estimated reading time\" \/>\n\t<meta name=\"twitter:data1\" content=\"1 minute\" \/>\n<script type=\"application\/ld+json\" class=\"yoast-schema-graph\">{\"@context\":\"https:\/\/schema.org\",\"@graph\":[{\"@type\":\"WebPage\",\"@id\":\"https:\/\/middlechild.hr\/proizvod\/heorshe-ultra-transformer-poklopac-za-bocice-2\/\",\"url\":\"https:\/\/middlechild.hr\/proizvod\/heorshe-ultra-transformer-poklopac-za-bocice-2\/\",\"name\":\"Transformer poklopac za HeOrShe bo\u010dice bebe | Middle Child\",\"isPartOf\":{\"@id\":\"https:\/\/middlechild.hr\/#website\"},\"primaryImageOfPage\":{\"@id\":\"https:\/\/middlechild.hr\/proizvod\/heorshe-ultra-transformer-poklopac-za-bocice-2\/#primaryimage\"},\"image\":{\"@id\":\"https:\/\/middlechild.hr\/proizvod\/heorshe-ultra-transformer-poklopac-za-bocice-2\/#primaryimage\"},\"thumbnailUrl\":\"https:\/\/middlechild.hr\/wp-content\/uploads\/2026\/01\/PK.png\",\"datePublished\":\"2026-01-16T11:14:39+00:00\",\"dateModified\":\"2026-04-06T07:47:17+00:00\",\"description\":\"Prakti\u010dan HeOrShe Ultra Transformer poklopac pretvara va\u0161u bo\u010dicu u spremnik za pohranu hrane ili grickalica. Izra\u0111en od sigurnog silikona za maksimalnu higijenu.\",\"breadcrumb\":{\"@id\":\"https:\/\/middlechild.hr\/proizvod\/heorshe-ultra-transformer-poklopac-za-bocice-2\/#breadcrumb\"},\"inLanguage\":\"en-GB\",\"potentialAction\":[{\"@type\":\"ReadAction\",\"target\":[\"https:\/\/middlechild.hr\/proizvod\/heorshe-ultra-transformer-poklopac-za-bocice-2\/\"]}]},{\"@type\":\"ImageObject\",\"inLanguage\":\"en-GB\",\"@id\":\"https:\/\/middlechild.hr\/proizvod\/heorshe-ultra-transformer-poklopac-za-bocice-2\/#primaryimage\",\"url\":\"https:\/\/middlechild.hr\/wp-content\/uploads\/2026\/01\/PK.png\",\"contentUrl\":\"https:\/\/middlechild.hr\/wp-content\/uploads\/2026\/01\/PK.png\",\"width\":954,\"height\":873,\"caption\":\"HeOrShe Ultra Transformer Poklopac za Bo\u010dice\"},{\"@type\":\"BreadcrumbList\",\"@id\":\"https:\/\/middlechild.hr\/proizvod\/heorshe-ultra-transformer-poklopac-za-bocice-2\/#breadcrumb\",\"itemListElement\":[{\"@type\":\"ListItem\",\"position\":1,\"name\":\"Po\u010detna stranica\",\"item\":\"https:\/\/middlechild.hr\/\"},{\"@type\":\"ListItem\",\"position\":2,\"name\":\"Trgovina\",\"item\":\"https:\/\/middlechild.hr\/trgovina\/\"},{\"@type\":\"ListItem\",\"position\":3,\"name\":\"HeOrShe Ultra Transformer Poklopac za Bo\u010dice\"}]},{\"@type\":\"WebSite\",\"@id\":\"https:\/\/middlechild.hr\/#website\",\"url\":\"https:\/\/middlechild.hr\/\",\"name\":\"Middle Child\",\"description\":\"\",\"publisher\":{\"@id\":\"https:\/\/middlechild.hr\/#organization\"},\"potentialAction\":[{\"@type\":\"SearchAction\",\"target\":{\"@type\":\"EntryPoint\",\"urlTemplate\":\"https:\/\/middlechild.hr\/?s={search_term_string}\"},\"query-input\":{\"@type\":\"PropertyValueSpecification\",\"valueRequired\":true,\"valueName\":\"search_term_string\"}}],\"inLanguage\":\"en-GB\"},{\"@type\":\"Organization\",\"@id\":\"https:\/\/middlechild.hr\/#organization\",\"name\":\"Middle Child\",\"url\":\"https:\/\/middlechild.hr\/\",\"logo\":{\"@type\":\"ImageObject\",\"inLanguage\":\"en-GB\",\"@id\":\"https:\/\/middlechild.hr\/#\/schema\/logo\/image\/\",\"url\":\"https:\/\/middlechild.hr\/wp-content\/uploads\/2025\/09\/Novi-Projekt.png\",\"contentUrl\":\"https:\/\/middlechild.hr\/wp-content\/uploads\/2025\/09\/Novi-Projekt.png\",\"width\":953,\"height\":185,\"caption\":\"Middle Child\"},\"image\":{\"@id\":\"https:\/\/middlechild.hr\/#\/schema\/logo\/image\/\"}}]}<\/script>\n<!-- \/ Yoast SEO plugin. -->","yoast_head_json":{"title":"Transformer poklopac za HeOrShe bo\u010dice bebe | Middle Child","description":"Prakti\u010dan HeOrShe Ultra Transformer poklopac pretvara va\u0161u bo\u010dicu u spremnik za pohranu hrane ili grickalica. Izra\u0111en od sigurnog silikona za maksimalnu higijenu.","robots":{"index":"index","follow":"follow","max-snippet":"max-snippet:-1","max-image-preview":"max-image-preview:large","max-video-preview":"max-video-preview:-1"},"canonical":"https:\/\/middlechild.hr\/en\/product\/heorshe-ultra-transformer-poklopac-za-bocice-2\/","og_locale":"en_GB","og_type":"article","og_title":"Transformer poklopac za HeOrShe bo\u010dice bebe | Middle Child","og_description":"Prakti\u010dan HeOrShe Ultra Transformer poklopac pretvara va\u0161u bo\u010dicu u spremnik za pohranu hrane ili grickalica. Izra\u0111en od sigurnog silikona za maksimalnu higijenu.","og_url":"https:\/\/middlechild.hr\/en\/product\/heorshe-ultra-transformer-poklopac-za-bocice-2\/","og_site_name":"Middle Child","article_modified_time":"2026-04-06T07:47:17+00:00","og_image":[{"width":954,"height":873,"url":"https:\/\/middlechild.hr\/wp-content\/uploads\/2026\/01\/PK.png","type":"image\/png"}],"twitter_card":"summary_large_image","twitter_misc":{"Estimated reading time":"1 minute"},"schema":{"@context":"https:\/\/schema.org","@graph":[{"@type":"WebPage","@id":"https:\/\/middlechild.hr\/proizvod\/heorshe-ultra-transformer-poklopac-za-bocice-2\/","url":"https:\/\/middlechild.hr\/proizvod\/heorshe-ultra-transformer-poklopac-za-bocice-2\/","name":"Transformer poklopac za HeOrShe bo\u010dice bebe | Middle Child","isPartOf":{"@id":"https:\/\/middlechild.hr\/#website"},"primaryImageOfPage":{"@id":"https:\/\/middlechild.hr\/proizvod\/heorshe-ultra-transformer-poklopac-za-bocice-2\/#primaryimage"},"image":{"@id":"https:\/\/middlechild.hr\/proizvod\/heorshe-ultra-transformer-poklopac-za-bocice-2\/#primaryimage"},"thumbnailUrl":"https:\/\/middlechild.hr\/wp-content\/uploads\/2026\/01\/PK.png","datePublished":"2026-01-16T11:14:39+00:00","dateModified":"2026-04-06T07:47:17+00:00","description":"Prakti\u010dan HeOrShe Ultra Transformer poklopac pretvara va\u0161u bo\u010dicu u spremnik za pohranu hrane ili grickalica. Izra\u0111en od sigurnog silikona za maksimalnu higijenu.","breadcrumb":{"@id":"https:\/\/middlechild.hr\/proizvod\/heorshe-ultra-transformer-poklopac-za-bocice-2\/#breadcrumb"},"inLanguage":"en-GB","potentialAction":[{"@type":"ReadAction","target":["https:\/\/middlechild.hr\/proizvod\/heorshe-ultra-transformer-poklopac-za-bocice-2\/"]}]},{"@type":"ImageObject","inLanguage":"en-GB","@id":"https:\/\/middlechild.hr\/proizvod\/heorshe-ultra-transformer-poklopac-za-bocice-2\/#primaryimage","url":"https:\/\/middlechild.hr\/wp-content\/uploads\/2026\/01\/PK.png","contentUrl":"https:\/\/middlechild.hr\/wp-content\/uploads\/2026\/01\/PK.png","width":954,"height":873,"caption":"HeOrShe Ultra Transformer Poklopac za Bo\u010dice"},{"@type":"BreadcrumbList","@id":"https:\/\/middlechild.hr\/proizvod\/heorshe-ultra-transformer-poklopac-za-bocice-2\/#breadcrumb","itemListElement":[{"@type":"ListItem","position":1,"name":"Po\u010detna stranica","item":"https:\/\/middlechild.hr\/"},{"@type":"ListItem","position":2,"name":"Trgovina","item":"https:\/\/middlechild.hr\/trgovina\/"},{"@type":"ListItem","position":3,"name":"HeOrShe Ultra Transformer Poklopac za Bo\u010dice"}]},{"@type":"WebSite","@id":"https:\/\/middlechild.hr\/#website","url":"https:\/\/middlechild.hr\/","name":"Middle Child","description":"","publisher":{"@id":"https:\/\/middlechild.hr\/#organization"},"potentialAction":[{"@type":"SearchAction","target":{"@type":"EntryPoint","urlTemplate":"https:\/\/middlechild.hr\/?s={search_term_string}"},"query-input":{"@type":"PropertyValueSpecification","valueRequired":true,"valueName":"search_term_string"}}],"inLanguage":"en-GB"},{"@type":"Organization","@id":"https:\/\/middlechild.hr\/#organization","name":"Middle Child","url":"https:\/\/middlechild.hr\/","logo":{"@type":"ImageObject","inLanguage":"en-GB","@id":"https:\/\/middlechild.hr\/#\/schema\/logo\/image\/","url":"https:\/\/middlechild.hr\/wp-content\/uploads\/2025\/09\/Novi-Projekt.png","contentUrl":"https:\/\/middlechild.hr\/wp-content\/uploads\/2025\/09\/Novi-Projekt.png","width":953,"height":185,"caption":"Middle Child"},"image":{"@id":"https:\/\/middlechild.hr\/#\/schema\/logo\/image\/"}}]}},"jetpack_sharing_enabled":true,"_links":{"self":[{"href":"https:\/\/middlechild.hr\/en\/wp-json\/wp\/v2\/product\/1937","targetHints":{"allow":["GET"]}}],"collection":[{"href":"https:\/\/middlechild.hr\/en\/wp-json\/wp\/v2\/product"}],"about":[{"href":"https:\/\/middlechild.hr\/en\/wp-json\/wp\/v2\/types\/product"}],"wp:featuredmedia":[{"embeddable":true,"href":"https:\/\/middlechild.hr\/en\/wp-json\/wp\/v2\/media\/1939"}],"wp:attachment":[{"href":"https:\/\/middlechild.hr\/en\/wp-json\/wp\/v2\/media?parent=1937"}],"wp:term":[{"taxonomy":"product_brand","embeddable":true,"href":"https:\/\/middlechild.hr\/en\/wp-json\/wp\/v2\/product_brand?post=1937"},{"taxonomy":"product_cat","embeddable":true,"href":"https:\/\/middlechild.hr\/en\/wp-json\/wp\/v2\/product_cat?post=1937"},{"taxonomy":"product_tag","embeddable":true,"href":"https:\/\/middlechild.hr\/en\/wp-json\/wp\/v2\/product_tag?post=1937"}],"curies":[{"name":"wp","href":"https:\/\/api.w.org\/{rel}","templated":true}]}}