{"id":199,"date":"2025-11-11T10:33:14","date_gmt":"2025-11-11T09:33:14","guid":{"rendered":"https:\/\/middlechild.hr\/?post_type=product&#038;p=199"},"modified":"2026-04-07T08:06:56","modified_gmt":"2026-04-07T06:06:56","slug":"zoy-zoii-animal-termo-boca","status":"publish","type":"product","link":"https:\/\/middlechild.hr\/en\/product\/zoy-zoii-animal-termo-boca\/","title":{"rendered":"Zoy Zoii Yellow Tiger Termo Boca"},"content":{"rendered":"<p data-start=\"0\" data-end=\"122\"><strong data-start=\"0\" data-end=\"36\">Zoy Zoii Yellow Tiger Termo Boca<\/strong>, available in <a href=\"https:\/\/middlechild.hr\/en\/\">Middle Child<\/a> offers, transforms daily hydration into a fun habit.<\/p>\n<p data-start=\"124\" data-end=\"386\">Forget the persuasion \u2013 with this irresistibly sweet thermos bottle, children themselves will want to reach for a sip. The model from the E8 Animal Series with a cheerful yellow tiger motif quickly becomes a favorite companion at school, on excursions and during daily mini-adventures.<\/p>\n<p data-start=\"388\" data-end=\"572\" data-is-last-node=\"\" data-is-only-node=\"\">Practical design adapted to children's hands and playful details motivate children to drink more water. With the Zoy Zoii Thermal Bottle, hydration becomes a game \u2013 and a smile is always included.<\/p>\n<p><iframe title=\"Zoy Zoii\u00ae E8 Animal Series Thermos Bottle\" width=\"800\" height=\"450\" src=\"https:\/\/www.youtube.com\/embed\/3E8XSrWz4wU?feature=oembed\" frameborder=\"0\" allow=\"accelerometer; autoplay; clipboard-write; encrypted-media; gyroscope; picture-in-picture; web-share\" referrerpolicy=\"strict-origin-when-cross-origin\" allowfullscreen><\/iframe><\/p>","protected":false},"excerpt":{"rendered":"<p><strong>WHEN THE TIGAR CALLS FOR A NEW DISCOUNT!<\/strong><\/p>\n<p>Forget about the struggles over drinking water \u2013 with this irresistibly sweet thermos bottle, children will want to reach for a sip on their own. Zoy Zoii Thermos bottle from the E8 Animal Series, with the sympathetic motifs of the yellow tiger, becomes their favourite companion \u2013 at school, on excursions and on daily mini-missions. It motivates children to drink more water \u2013 thanks to cheerful characters and practical design, the bottle becomes a game, not an obligation.<\/p>\n<p>With the Zoy Zoii thermos bottle, children not only stay hydrated \u2013 they do it with a smile!<\/p>\n<p><strong>Characteristics:<\/strong><\/p>\n<p><strong>316 Stainless steel:<\/strong> Made of high-quality 316 stainless steel, it provides superior resistance to oxidation and corrosion, and ensures a non-toxic and long-lasting design.<\/p>\n<p><strong>Food grade silicone:<\/strong> Non-toxic and safe for children, it provides an environmentally friendly drinking solution.<\/p>\n<p><strong>Safety lock and anti-spill cover:<\/strong> It prevents accidental spills and ensures safe use.<\/p>\n<p><strong>Easy cleaning and disassembly:<\/strong> The thermos can be completely disassembled for thorough cleaning, preventing the growth of bacteria and ensuring hygiene.<\/p>\n<p><strong>Long-term insulation:<\/strong> Keeps the drink warm or cold for hours, keeping the ideal temperature throughout the day.<\/p>\n<p><strong>Lightweight and portable:<\/strong> Designed to be lightweight and easy to carry, ideal for school or outdoor adventures.<\/p>\n<p><strong>Waterproof and resistant cover:<\/strong> The Oxford fabric cover protects the thermos and makes it comfortable to wear.<\/p>\n<p><strong>Fun animal motifs:<\/strong> Available in multiple designs with attached DIY stickers to boost creativity.<\/p>\n<p><strong>The perfect choice for a gift:<\/strong> It comes in beautiful gift-packaging, making it an ideal gift for children aged 2-16 years.<\/p>\n<p><strong>Brand:<\/strong> Zoy Zoii<br \/>\n<strong>Main material:<\/strong> Food grade PP + 316 stainless steel (inner layer) + 304 stainless steel (outer shell) + food grade silicone + Oxford fabric cover<br \/>\n<strong>Capacity:<\/strong> 450 ml<br \/>\n<strong>Dimensions:<\/strong> approximately 79 mm (w) \u00d7 79 mm (d) \u00d7 185 mm (v)<br \/>\n<strong>Weight:<\/strong> 265 g<\/p>\n<p><strong>N.B.:<\/strong> Dimensions are measured manually, so minor deviations are possible.<\/p>\n<p>https:\/\/youtu.be\/3E8XSrWz4wU<\/p>","protected":false},"featured_media":1414,"template":"","meta":[],"product_brand":[],"product_cat":[51,98,26,25],"product_tag":[],"class_list":{"0":"post-199","1":"product","2":"type-product","3":"status-publish","4":"has-post-thumbnail","6":"product_cat-animal-serija-serije-zoy-zoii","7":"product_cat-food-grade-pp-316-stainless-steel-liner-304-shell-food-grade-silicone-oxford-cloth-sleeve","8":"product_cat-termo-boce","9":"product_cat-accessories","11":"first","12":"instock","13":"taxable","14":"shipping-taxable","15":"purchasable","16":"product-type-simple","17":"wpzoom-wc-spi-has-enabled"},"yoast_head":"<!-- This site is optimized with the Yoast SEO plugin v27.2 - https:\/\/yoast.com\/product\/yoast-seo-wordpress\/ -->\n<title>Animal termo boce s motivima \u017eivotinja | Middle Child<\/title>\n<meta name=\"description\" content=\"Zoy Zoii termo boca s motivima \u017eivotinja odr\u017eava napitke hladnim ili toplim satima. Izra\u0111ena od nehr\u0111aju\u0107eg \u010delika, savr\u0161ena je za \u0161kolu, izlete i sportske dane.\" \/>\n<meta name=\"robots\" content=\"index, follow, max-snippet:-1, max-image-preview:large, max-video-preview:-1\" \/>\n<link rel=\"canonical\" href=\"https:\/\/middlechild.hr\/en\/product\/zoy-zoii-animal-termo-boca\/\" \/>\n<meta property=\"og:locale\" content=\"en_GB\" \/>\n<meta property=\"og:type\" content=\"article\" \/>\n<meta property=\"og:title\" content=\"Animal termo boce s motivima \u017eivotinja | Middle Child\" \/>\n<meta property=\"og:description\" content=\"Zoy Zoii termo boca s motivima \u017eivotinja odr\u017eava napitke hladnim ili toplim satima. Izra\u0111ena od nehr\u0111aju\u0107eg \u010delika, savr\u0161ena je za \u0161kolu, izlete i sportske dane.\" \/>\n<meta property=\"og:url\" content=\"https:\/\/middlechild.hr\/en\/product\/zoy-zoii-animal-termo-boca\/\" \/>\n<meta property=\"og:site_name\" content=\"Middle Child\" \/>\n<meta property=\"article:modified_time\" content=\"2026-04-07T06:06:56+00:00\" \/>\n<meta property=\"og:image\" content=\"https:\/\/middlechild.hr\/wp-content\/uploads\/2025\/05\/zoyzoii-animal-series-thermos-bottle-tiger-1.webp\" \/>\n\t<meta property=\"og:image:width\" content=\"1080\" \/>\n\t<meta property=\"og:image:height\" content=\"1080\" \/>\n\t<meta property=\"og:image:type\" content=\"image\/webp\" \/>\n<meta name=\"twitter:card\" content=\"summary_large_image\" \/>\n<meta name=\"twitter:label1\" content=\"Estimated reading time\" \/>\n\t<meta name=\"twitter:data1\" content=\"1 minute\" \/>\n<script type=\"application\/ld+json\" class=\"yoast-schema-graph\">{\"@context\":\"https:\/\/schema.org\",\"@graph\":[{\"@type\":\"WebPage\",\"@id\":\"https:\/\/middlechild.hr\/proizvod\/zoy-zoii-animal-termo-boca\/\",\"url\":\"https:\/\/middlechild.hr\/proizvod\/zoy-zoii-animal-termo-boca\/\",\"name\":\"Animal termo boce s motivima \u017eivotinja | Middle Child\",\"isPartOf\":{\"@id\":\"https:\/\/middlechild.hr\/#website\"},\"primaryImageOfPage\":{\"@id\":\"https:\/\/middlechild.hr\/proizvod\/zoy-zoii-animal-termo-boca\/#primaryimage\"},\"image\":{\"@id\":\"https:\/\/middlechild.hr\/proizvod\/zoy-zoii-animal-termo-boca\/#primaryimage\"},\"thumbnailUrl\":\"https:\/\/middlechild.hr\/wp-content\/uploads\/2025\/05\/zoyzoii-animal-series-thermos-bottle-tiger-1.webp\",\"datePublished\":\"2025-11-11T09:33:14+00:00\",\"dateModified\":\"2026-04-07T06:06:56+00:00\",\"description\":\"Zoy Zoii termo boca s motivima \u017eivotinja odr\u017eava napitke hladnim ili toplim satima. Izra\u0111ena od nehr\u0111aju\u0107eg \u010delika, savr\u0161ena je za \u0161kolu, izlete i sportske dane.\",\"breadcrumb\":{\"@id\":\"https:\/\/middlechild.hr\/proizvod\/zoy-zoii-animal-termo-boca\/#breadcrumb\"},\"inLanguage\":\"en-GB\",\"potentialAction\":[{\"@type\":\"ReadAction\",\"target\":[\"https:\/\/middlechild.hr\/proizvod\/zoy-zoii-animal-termo-boca\/\"]}]},{\"@type\":\"ImageObject\",\"inLanguage\":\"en-GB\",\"@id\":\"https:\/\/middlechild.hr\/proizvod\/zoy-zoii-animal-termo-boca\/#primaryimage\",\"url\":\"https:\/\/middlechild.hr\/wp-content\/uploads\/2025\/05\/zoyzoii-animal-series-thermos-bottle-tiger-1.webp\",\"contentUrl\":\"https:\/\/middlechild.hr\/wp-content\/uploads\/2025\/05\/zoyzoii-animal-series-thermos-bottle-tiger-1.webp\",\"width\":1080,\"height\":1080,\"caption\":\"Zoy Zoii Yellow Tiger Termo Boca\"},{\"@type\":\"BreadcrumbList\",\"@id\":\"https:\/\/middlechild.hr\/proizvod\/zoy-zoii-animal-termo-boca\/#breadcrumb\",\"itemListElement\":[{\"@type\":\"ListItem\",\"position\":1,\"name\":\"Po\u010detna stranica\",\"item\":\"https:\/\/middlechild.hr\/\"},{\"@type\":\"ListItem\",\"position\":2,\"name\":\"Trgovina\",\"item\":\"https:\/\/middlechild.hr\/trgovina\/\"},{\"@type\":\"ListItem\",\"position\":3,\"name\":\"Zoy Zoii Yellow Tiger Termo Boca\"}]},{\"@type\":\"WebSite\",\"@id\":\"https:\/\/middlechild.hr\/#website\",\"url\":\"https:\/\/middlechild.hr\/\",\"name\":\"Middle Child\",\"description\":\"\",\"publisher\":{\"@id\":\"https:\/\/middlechild.hr\/#organization\"},\"potentialAction\":[{\"@type\":\"SearchAction\",\"target\":{\"@type\":\"EntryPoint\",\"urlTemplate\":\"https:\/\/middlechild.hr\/?s={search_term_string}\"},\"query-input\":{\"@type\":\"PropertyValueSpecification\",\"valueRequired\":true,\"valueName\":\"search_term_string\"}}],\"inLanguage\":\"en-GB\"},{\"@type\":\"Organization\",\"@id\":\"https:\/\/middlechild.hr\/#organization\",\"name\":\"Middle Child\",\"url\":\"https:\/\/middlechild.hr\/\",\"logo\":{\"@type\":\"ImageObject\",\"inLanguage\":\"en-GB\",\"@id\":\"https:\/\/middlechild.hr\/#\/schema\/logo\/image\/\",\"url\":\"https:\/\/middlechild.hr\/wp-content\/uploads\/2025\/09\/Novi-Projekt.png\",\"contentUrl\":\"https:\/\/middlechild.hr\/wp-content\/uploads\/2025\/09\/Novi-Projekt.png\",\"width\":953,\"height\":185,\"caption\":\"Middle Child\"},\"image\":{\"@id\":\"https:\/\/middlechild.hr\/#\/schema\/logo\/image\/\"}}]}<\/script>\n<!-- \/ Yoast SEO plugin. -->","yoast_head_json":{"title":"Animal termo boce s motivima \u017eivotinja | Middle Child","description":"Zoy Zoii termo boca s motivima \u017eivotinja odr\u017eava napitke hladnim ili toplim satima. Izra\u0111ena od nehr\u0111aju\u0107eg \u010delika, savr\u0161ena je za \u0161kolu, izlete i sportske dane.","robots":{"index":"index","follow":"follow","max-snippet":"max-snippet:-1","max-image-preview":"max-image-preview:large","max-video-preview":"max-video-preview:-1"},"canonical":"https:\/\/middlechild.hr\/en\/product\/zoy-zoii-animal-termo-boca\/","og_locale":"en_GB","og_type":"article","og_title":"Animal termo boce s motivima \u017eivotinja | Middle Child","og_description":"Zoy Zoii termo boca s motivima \u017eivotinja odr\u017eava napitke hladnim ili toplim satima. Izra\u0111ena od nehr\u0111aju\u0107eg \u010delika, savr\u0161ena je za \u0161kolu, izlete i sportske dane.","og_url":"https:\/\/middlechild.hr\/en\/product\/zoy-zoii-animal-termo-boca\/","og_site_name":"Middle Child","article_modified_time":"2026-04-07T06:06:56+00:00","og_image":[{"width":1080,"height":1080,"url":"https:\/\/middlechild.hr\/wp-content\/uploads\/2025\/05\/zoyzoii-animal-series-thermos-bottle-tiger-1.webp","type":"image\/webp"}],"twitter_card":"summary_large_image","twitter_misc":{"Estimated reading time":"1 minute"},"schema":{"@context":"https:\/\/schema.org","@graph":[{"@type":"WebPage","@id":"https:\/\/middlechild.hr\/proizvod\/zoy-zoii-animal-termo-boca\/","url":"https:\/\/middlechild.hr\/proizvod\/zoy-zoii-animal-termo-boca\/","name":"Animal termo boce s motivima \u017eivotinja | Middle Child","isPartOf":{"@id":"https:\/\/middlechild.hr\/#website"},"primaryImageOfPage":{"@id":"https:\/\/middlechild.hr\/proizvod\/zoy-zoii-animal-termo-boca\/#primaryimage"},"image":{"@id":"https:\/\/middlechild.hr\/proizvod\/zoy-zoii-animal-termo-boca\/#primaryimage"},"thumbnailUrl":"https:\/\/middlechild.hr\/wp-content\/uploads\/2025\/05\/zoyzoii-animal-series-thermos-bottle-tiger-1.webp","datePublished":"2025-11-11T09:33:14+00:00","dateModified":"2026-04-07T06:06:56+00:00","description":"Zoy Zoii termo boca s motivima \u017eivotinja odr\u017eava napitke hladnim ili toplim satima. Izra\u0111ena od nehr\u0111aju\u0107eg \u010delika, savr\u0161ena je za \u0161kolu, izlete i sportske dane.","breadcrumb":{"@id":"https:\/\/middlechild.hr\/proizvod\/zoy-zoii-animal-termo-boca\/#breadcrumb"},"inLanguage":"en-GB","potentialAction":[{"@type":"ReadAction","target":["https:\/\/middlechild.hr\/proizvod\/zoy-zoii-animal-termo-boca\/"]}]},{"@type":"ImageObject","inLanguage":"en-GB","@id":"https:\/\/middlechild.hr\/proizvod\/zoy-zoii-animal-termo-boca\/#primaryimage","url":"https:\/\/middlechild.hr\/wp-content\/uploads\/2025\/05\/zoyzoii-animal-series-thermos-bottle-tiger-1.webp","contentUrl":"https:\/\/middlechild.hr\/wp-content\/uploads\/2025\/05\/zoyzoii-animal-series-thermos-bottle-tiger-1.webp","width":1080,"height":1080,"caption":"Zoy Zoii Yellow Tiger Termo Boca"},{"@type":"BreadcrumbList","@id":"https:\/\/middlechild.hr\/proizvod\/zoy-zoii-animal-termo-boca\/#breadcrumb","itemListElement":[{"@type":"ListItem","position":1,"name":"Po\u010detna stranica","item":"https:\/\/middlechild.hr\/"},{"@type":"ListItem","position":2,"name":"Trgovina","item":"https:\/\/middlechild.hr\/trgovina\/"},{"@type":"ListItem","position":3,"name":"Zoy Zoii Yellow Tiger Termo Boca"}]},{"@type":"WebSite","@id":"https:\/\/middlechild.hr\/#website","url":"https:\/\/middlechild.hr\/","name":"Middle Child","description":"","publisher":{"@id":"https:\/\/middlechild.hr\/#organization"},"potentialAction":[{"@type":"SearchAction","target":{"@type":"EntryPoint","urlTemplate":"https:\/\/middlechild.hr\/?s={search_term_string}"},"query-input":{"@type":"PropertyValueSpecification","valueRequired":true,"valueName":"search_term_string"}}],"inLanguage":"en-GB"},{"@type":"Organization","@id":"https:\/\/middlechild.hr\/#organization","name":"Middle Child","url":"https:\/\/middlechild.hr\/","logo":{"@type":"ImageObject","inLanguage":"en-GB","@id":"https:\/\/middlechild.hr\/#\/schema\/logo\/image\/","url":"https:\/\/middlechild.hr\/wp-content\/uploads\/2025\/09\/Novi-Projekt.png","contentUrl":"https:\/\/middlechild.hr\/wp-content\/uploads\/2025\/09\/Novi-Projekt.png","width":953,"height":185,"caption":"Middle Child"},"image":{"@id":"https:\/\/middlechild.hr\/#\/schema\/logo\/image\/"}}]}},"jetpack_sharing_enabled":true,"_links":{"self":[{"href":"https:\/\/middlechild.hr\/en\/wp-json\/wp\/v2\/product\/199","targetHints":{"allow":["GET"]}}],"collection":[{"href":"https:\/\/middlechild.hr\/en\/wp-json\/wp\/v2\/product"}],"about":[{"href":"https:\/\/middlechild.hr\/en\/wp-json\/wp\/v2\/types\/product"}],"wp:featuredmedia":[{"embeddable":true,"href":"https:\/\/middlechild.hr\/en\/wp-json\/wp\/v2\/media\/1414"}],"wp:attachment":[{"href":"https:\/\/middlechild.hr\/en\/wp-json\/wp\/v2\/media?parent=199"}],"wp:term":[{"taxonomy":"product_brand","embeddable":true,"href":"https:\/\/middlechild.hr\/en\/wp-json\/wp\/v2\/product_brand?post=199"},{"taxonomy":"product_cat","embeddable":true,"href":"https:\/\/middlechild.hr\/en\/wp-json\/wp\/v2\/product_cat?post=199"},{"taxonomy":"product_tag","embeddable":true,"href":"https:\/\/middlechild.hr\/en\/wp-json\/wp\/v2\/product_tag?post=199"}],"curies":[{"name":"wp","href":"https:\/\/api.w.org\/{rel}","templated":true}]}}