{"id":232,"date":"2025-06-19T15:22:25","date_gmt":"2025-06-19T13:22:25","guid":{"rendered":"https:\/\/middlechild.hr\/?post_type=product&#038;p=232"},"modified":"2026-04-07T08:11:43","modified_gmt":"2026-04-07T06:11:43","slug":"heorshe-ultra-wide-neck-bocica-za-bebe-240-ml-njezno-roza","status":"publish","type":"product","link":"https:\/\/middlechild.hr\/en\/product\/heorshe-ultra-wide-neck-bocica-za-bebe-240-ml-njezno-roza\/","title":{"rendered":"HeOrShe Ultra Wide Neck Baby Bottle 240 ml Gently Pink"},"content":{"rendered":"<h2>HeOrShe Wide Bottle 240 ml Gently Pink<\/h2>\n<p>The HeOrShe 240 ml wide bottle of gently pink, available in the Middle Child range, is designed to provide a natural, comfortable and safe feeding experience for your baby.<\/p>\n<p>The ultra wide neck of the vial allows easy filling, cleaning and sterilization. Thanks to its clever design, parents can easily maintain hygiene without extra effort.<\/p>\n<p>Soft mulberry made of 100% medical silicone mimics the feeling of mother's skin. This helps the baby to more easily combine breastfeeding and bottle feeding. A special design also reduces air intake during feeding, which can help reduce cramps and discomfort, making this <a href=\"https:\/\/middlechild.hr\/en\/product-category\/heorshe\/dental-care-casica\/\"><strong>Anti colic vial<\/strong><\/a> Ideal choice for babies.<\/p>\n<p>The 240 ml bottle is ideal for babies 6 months and older, when feeding needs increase. It is lightweight, safe and made of BPA-free materials, making it suitable for everyday use.<\/p>\n<p>With the HeOrShe wide bottle of 240 ml gently pink from the Middle Child range, every feeding becomes simpler, more comfortable and more natural \u2013 for both the baby and the parents.<\/p>\n<p><strong>Materials:<\/strong><\/p>\n<p><strong>Silicone<\/strong> (base vial and mulberry)<\/p>\n<p><strong>PPSU<\/strong> (bottle neck)<\/p>\n<p><strong>PP<\/strong> (plug and ring)<\/p>\n<p><strong>Maximum temperature:<\/strong> 100 \u00b0C<\/p>\n<p><strong>Available sizes:<\/strong><\/p>\n<p><strong>240 ml \/ 8 oz F-flow<\/strong> \u2013 for babies from 6 months onwards<\/p>\n<p><strong>Why choose HEORSHE?<\/strong><\/p>\n<p>\u2714\u2714\u2714 Supports natural feeding method<\/p>\n<p>\u2714\u2714 Grows together with your child<\/p>\n<p>\u2714\u2714\u2714 Facilitates parents' daily routine<\/p>\n<p>\u2714\u2714\u2714 Eco-friendly and long-lasting design<\/p>\n<p>\u2714\u2714\u2714 Stylish look that matches contemporary lifestyle<\/p>\n<p>\u2714\u203aWinner of the Red Dot Awards for Best Product 2024<\/p>\n<p>\u2714\u203aThe winner of the iF award for the best design in 2025<\/p>\n<p>&nbsp;<\/p>\n<p><iframe title=\"HEORSHE Ultra Wide Neck Baby Bottle\" width=\"800\" height=\"450\" src=\"https:\/\/www.youtube.com\/embed\/jsARjGi6DZo?feature=oembed\" frameborder=\"0\" allow=\"accelerometer; autoplay; clipboard-write; encrypted-media; gyroscope; picture-in-picture; web-share\" referrerpolicy=\"strict-origin-when-cross-origin\" allowfullscreen><\/iframe><\/p>\n<p>&nbsp;<\/p>","protected":false},"excerpt":{"rendered":"<p><strong>HEORSHE baby bottle \u2013 the gentle start your baby deserves.<\/strong><\/p>\n<p>Ultra Wide Neck Baby Bottle - Designed for a perfect start<\/p>\n<p>Parenting is a wonderful journey and every parent wants the best for their baby. Heorshe baby bottle with ultra wide neck makes it easy to combine breastfeeding and feeding on the bottle effortlessly.<\/p>\n<p>With its unique ultra wide neck design, it helps your baby experience the natural feeling of feeding. Made of 100% medical silicone, soft and flexible mulberry mimics the feeling of mother's skin, providing a soothing and relaxing feeding experience. It also reduces air intake, minimizing the risk of cramping and vomiting.<\/p>\n<p>Improve your baby's feeding experience with HEORSHE ultra-wide baby bottle in elegant pink - perfect for babies 6 months and older. Combining an elegant design with modern functionality, this vial makes feeding smoother and more comfortable.<\/p>\n<p>Winner of the 2024 Red Dot Award for Best Product<\/p>\n<p>Winner of the iF Award for Best Design in 2025<\/p>\n<p><strong>Main features:<\/strong><\/p>\n<p><strong>A natural feeling like mother's skin<\/strong><\/p>\n<p>Soft and flexible mulberry is made of 100% Silicone, and the ultra-wide throat mimics the feeling of breastfeeding, facilitating the transition from the breast to the vial.<\/p>\n<p><strong>Ultra wide neck for easy cleaning and filling<\/strong><\/p>\n<p>The large door opening makes it easy to handle formula or milk and is easy to clean manually or with sterilization tools.<\/p>\n<p><strong>Built-in double ventilation system<\/strong><\/p>\n<p>Ventilation openings reduce swallowed air, helping to reduce cramps, gases and spasms for pleasure and undisturbed feeding.<\/p>\n<p><strong>Ergonomic grip<\/strong><\/p>\n<p>The ergonomic design of the bottle ensures a comfortable grip for both parents and babies, making feeding more comfortable.<\/p>\n<p><strong>Award-winning and carefully designed<\/strong><\/p>\n<p>This bottle combines style and convenience \u2013 bringing a sleek look to your children's room without compromising on functionality.<\/p>\n<p><strong>Safe and durable materials<\/strong><br \/>\nThe vial is made of high-quality, medically safe materials \u2013 silicone (base and mulberry), PPSU (bottle neck) and PP (plug and thread). Free from BPA and other harmful substances.- Safe, soft, durable and break resistant.<\/p>\n<p><strong>Suitable for dishwasher washing and microwave use<\/strong><\/p>\n<p>The bottle can be washed in a dishwasher for easy cleaning and in a microwave for convenient heating.<\/p>\n<p><strong>Elegant pink color<\/strong><\/p>\n<p>The soft pink color adds a touch of elegance, making it the perfect addition to your baby's basic feeding necessities.<\/p>\n<p>Whether you're transitioning from breastfeeding or looking for a reliable bottle for your baby, the HEORSHE Ultra Wide Neck Baby Bottle offers the perfect blend of design, safety and functionality.<\/p>\n<p>The 240 ml ultra wide neck baby bottle comes with the F-flow pacifier and is recommended for babies over 6 months of age.<\/p>\n<p>https:\/\/youtu.be\/jsARjGi6DZo<\/p>\n<p>&nbsp;<\/p>","protected":false},"featured_media":937,"template":"","meta":[],"product_brand":[],"product_cat":[53,54],"product_tag":[],"class_list":{"0":"post-232","1":"product","2":"type-product","3":"status-publish","4":"has-post-thumbnail","6":"product_cat-heorshe","7":"product_cat-ultra-wide-neck-bocica-za-bebe","9":"first","10":"instock","11":"taxable","12":"shipping-taxable","13":"purchasable","14":"product-type-simple","15":"wpzoom-wc-spi-has-enabled"},"yoast_head":"<!-- This site is optimized with the Yoast SEO plugin v27.2 - https:\/\/yoast.com\/product\/yoast-seo-wordpress\/ -->\n<title>Roza bo\u010dica sa \u0161irokim grlom za bebe 240ml | Middle Child<\/title>\n<meta name=\"description\" content=\"HeOrShe bo\u010dica od 240 ml u nje\u017eno rozoj boji nudi prirodan osje\u0107aj hranjenja. Ultra \u0161iroko grlo omogu\u0107uje lako pranje, a mekani silikon sprje\u010dava pojavu neugodnih kolika.\" \/>\n<meta name=\"robots\" content=\"index, follow, max-snippet:-1, max-image-preview:large, max-video-preview:-1\" \/>\n<link rel=\"canonical\" href=\"https:\/\/middlechild.hr\/en\/product\/heorshe-ultra-wide-neck-bocica-za-bebe-240-ml-njezno-roza\/\" \/>\n<meta property=\"og:locale\" content=\"en_GB\" \/>\n<meta property=\"og:type\" content=\"article\" \/>\n<meta property=\"og:title\" content=\"Roza bo\u010dica sa \u0161irokim grlom za bebe 240ml | Middle Child\" \/>\n<meta property=\"og:description\" content=\"HeOrShe bo\u010dica od 240 ml u nje\u017eno rozoj boji nudi prirodan osje\u0107aj hranjenja. Ultra \u0161iroko grlo omogu\u0107uje lako pranje, a mekani silikon sprje\u010dava pojavu neugodnih kolika.\" \/>\n<meta property=\"og:url\" content=\"https:\/\/middlechild.hr\/en\/product\/heorshe-ultra-wide-neck-bocica-za-bebe-240-ml-njezno-roza\/\" \/>\n<meta property=\"og:site_name\" content=\"Middle Child\" \/>\n<meta property=\"article:modified_time\" content=\"2026-04-07T06:11:43+00:00\" \/>\n<meta property=\"og:image\" content=\"https:\/\/middlechild.hr\/wp-content\/uploads\/2025\/06\/96.webp\" \/>\n\t<meta property=\"og:image:width\" content=\"1080\" \/>\n\t<meta property=\"og:image:height\" content=\"1080\" \/>\n\t<meta property=\"og:image:type\" content=\"image\/webp\" \/>\n<meta name=\"twitter:card\" content=\"summary_large_image\" \/>\n<meta name=\"twitter:label1\" content=\"Estimated reading time\" \/>\n\t<meta name=\"twitter:data1\" content=\"2 minutes\" \/>\n<script type=\"application\/ld+json\" class=\"yoast-schema-graph\">{\"@context\":\"https:\/\/schema.org\",\"@graph\":[{\"@type\":\"WebPage\",\"@id\":\"https:\/\/middlechild.hr\/proizvod\/heorshe-ultra-wide-neck-bocica-za-bebe-240-ml-njezno-roza\/\",\"url\":\"https:\/\/middlechild.hr\/proizvod\/heorshe-ultra-wide-neck-bocica-za-bebe-240-ml-njezno-roza\/\",\"name\":\"Roza bo\u010dica sa \u0161irokim grlom za bebe 240ml | Middle Child\",\"isPartOf\":{\"@id\":\"https:\/\/middlechild.hr\/#website\"},\"primaryImageOfPage\":{\"@id\":\"https:\/\/middlechild.hr\/proizvod\/heorshe-ultra-wide-neck-bocica-za-bebe-240-ml-njezno-roza\/#primaryimage\"},\"image\":{\"@id\":\"https:\/\/middlechild.hr\/proizvod\/heorshe-ultra-wide-neck-bocica-za-bebe-240-ml-njezno-roza\/#primaryimage\"},\"thumbnailUrl\":\"https:\/\/middlechild.hr\/wp-content\/uploads\/2025\/06\/96.webp\",\"datePublished\":\"2025-06-19T13:22:25+00:00\",\"dateModified\":\"2026-04-07T06:11:43+00:00\",\"description\":\"HeOrShe bo\u010dica od 240 ml u nje\u017eno rozoj boji nudi prirodan osje\u0107aj hranjenja. Ultra \u0161iroko grlo omogu\u0107uje lako pranje, a mekani silikon sprje\u010dava pojavu neugodnih kolika.\",\"breadcrumb\":{\"@id\":\"https:\/\/middlechild.hr\/proizvod\/heorshe-ultra-wide-neck-bocica-za-bebe-240-ml-njezno-roza\/#breadcrumb\"},\"inLanguage\":\"en-GB\",\"potentialAction\":[{\"@type\":\"ReadAction\",\"target\":[\"https:\/\/middlechild.hr\/proizvod\/heorshe-ultra-wide-neck-bocica-za-bebe-240-ml-njezno-roza\/\"]}]},{\"@type\":\"ImageObject\",\"inLanguage\":\"en-GB\",\"@id\":\"https:\/\/middlechild.hr\/proizvod\/heorshe-ultra-wide-neck-bocica-za-bebe-240-ml-njezno-roza\/#primaryimage\",\"url\":\"https:\/\/middlechild.hr\/wp-content\/uploads\/2025\/06\/96.webp\",\"contentUrl\":\"https:\/\/middlechild.hr\/wp-content\/uploads\/2025\/06\/96.webp\",\"width\":1080,\"height\":1080,\"caption\":\"Heorshe \u0161iroka bo\u010dica 240 ml nje\u017eno roza\"},{\"@type\":\"BreadcrumbList\",\"@id\":\"https:\/\/middlechild.hr\/proizvod\/heorshe-ultra-wide-neck-bocica-za-bebe-240-ml-njezno-roza\/#breadcrumb\",\"itemListElement\":[{\"@type\":\"ListItem\",\"position\":1,\"name\":\"Po\u010detna stranica\",\"item\":\"https:\/\/middlechild.hr\/\"},{\"@type\":\"ListItem\",\"position\":2,\"name\":\"Trgovina\",\"item\":\"https:\/\/middlechild.hr\/trgovina\/\"},{\"@type\":\"ListItem\",\"position\":3,\"name\":\"HeOrShe Ultra Wide Neck Bo\u010dica Za Bebe 240 ml Nje\u017eno Roza\"}]},{\"@type\":\"WebSite\",\"@id\":\"https:\/\/middlechild.hr\/#website\",\"url\":\"https:\/\/middlechild.hr\/\",\"name\":\"Middle Child\",\"description\":\"\",\"publisher\":{\"@id\":\"https:\/\/middlechild.hr\/#organization\"},\"potentialAction\":[{\"@type\":\"SearchAction\",\"target\":{\"@type\":\"EntryPoint\",\"urlTemplate\":\"https:\/\/middlechild.hr\/?s={search_term_string}\"},\"query-input\":{\"@type\":\"PropertyValueSpecification\",\"valueRequired\":true,\"valueName\":\"search_term_string\"}}],\"inLanguage\":\"en-GB\"},{\"@type\":\"Organization\",\"@id\":\"https:\/\/middlechild.hr\/#organization\",\"name\":\"Middle Child\",\"url\":\"https:\/\/middlechild.hr\/\",\"logo\":{\"@type\":\"ImageObject\",\"inLanguage\":\"en-GB\",\"@id\":\"https:\/\/middlechild.hr\/#\/schema\/logo\/image\/\",\"url\":\"https:\/\/middlechild.hr\/wp-content\/uploads\/2025\/09\/Novi-Projekt.png\",\"contentUrl\":\"https:\/\/middlechild.hr\/wp-content\/uploads\/2025\/09\/Novi-Projekt.png\",\"width\":953,\"height\":185,\"caption\":\"Middle Child\"},\"image\":{\"@id\":\"https:\/\/middlechild.hr\/#\/schema\/logo\/image\/\"}}]}<\/script>\n<!-- \/ Yoast SEO plugin. -->","yoast_head_json":{"title":"Roza bo\u010dica sa \u0161irokim grlom za bebe 240ml | Middle Child","description":"HeOrShe bo\u010dica od 240 ml u nje\u017eno rozoj boji nudi prirodan osje\u0107aj hranjenja. Ultra \u0161iroko grlo omogu\u0107uje lako pranje, a mekani silikon sprje\u010dava pojavu neugodnih kolika.","robots":{"index":"index","follow":"follow","max-snippet":"max-snippet:-1","max-image-preview":"max-image-preview:large","max-video-preview":"max-video-preview:-1"},"canonical":"https:\/\/middlechild.hr\/en\/product\/heorshe-ultra-wide-neck-bocica-za-bebe-240-ml-njezno-roza\/","og_locale":"en_GB","og_type":"article","og_title":"Roza bo\u010dica sa \u0161irokim grlom za bebe 240ml | Middle Child","og_description":"HeOrShe bo\u010dica od 240 ml u nje\u017eno rozoj boji nudi prirodan osje\u0107aj hranjenja. Ultra \u0161iroko grlo omogu\u0107uje lako pranje, a mekani silikon sprje\u010dava pojavu neugodnih kolika.","og_url":"https:\/\/middlechild.hr\/en\/product\/heorshe-ultra-wide-neck-bocica-za-bebe-240-ml-njezno-roza\/","og_site_name":"Middle Child","article_modified_time":"2026-04-07T06:11:43+00:00","og_image":[{"width":1080,"height":1080,"url":"https:\/\/middlechild.hr\/wp-content\/uploads\/2025\/06\/96.webp","type":"image\/webp"}],"twitter_card":"summary_large_image","twitter_misc":{"Estimated reading time":"2 minutes"},"schema":{"@context":"https:\/\/schema.org","@graph":[{"@type":"WebPage","@id":"https:\/\/middlechild.hr\/proizvod\/heorshe-ultra-wide-neck-bocica-za-bebe-240-ml-njezno-roza\/","url":"https:\/\/middlechild.hr\/proizvod\/heorshe-ultra-wide-neck-bocica-za-bebe-240-ml-njezno-roza\/","name":"Roza bo\u010dica sa \u0161irokim grlom za bebe 240ml | Middle Child","isPartOf":{"@id":"https:\/\/middlechild.hr\/#website"},"primaryImageOfPage":{"@id":"https:\/\/middlechild.hr\/proizvod\/heorshe-ultra-wide-neck-bocica-za-bebe-240-ml-njezno-roza\/#primaryimage"},"image":{"@id":"https:\/\/middlechild.hr\/proizvod\/heorshe-ultra-wide-neck-bocica-za-bebe-240-ml-njezno-roza\/#primaryimage"},"thumbnailUrl":"https:\/\/middlechild.hr\/wp-content\/uploads\/2025\/06\/96.webp","datePublished":"2025-06-19T13:22:25+00:00","dateModified":"2026-04-07T06:11:43+00:00","description":"HeOrShe bo\u010dica od 240 ml u nje\u017eno rozoj boji nudi prirodan osje\u0107aj hranjenja. Ultra \u0161iroko grlo omogu\u0107uje lako pranje, a mekani silikon sprje\u010dava pojavu neugodnih kolika.","breadcrumb":{"@id":"https:\/\/middlechild.hr\/proizvod\/heorshe-ultra-wide-neck-bocica-za-bebe-240-ml-njezno-roza\/#breadcrumb"},"inLanguage":"en-GB","potentialAction":[{"@type":"ReadAction","target":["https:\/\/middlechild.hr\/proizvod\/heorshe-ultra-wide-neck-bocica-za-bebe-240-ml-njezno-roza\/"]}]},{"@type":"ImageObject","inLanguage":"en-GB","@id":"https:\/\/middlechild.hr\/proizvod\/heorshe-ultra-wide-neck-bocica-za-bebe-240-ml-njezno-roza\/#primaryimage","url":"https:\/\/middlechild.hr\/wp-content\/uploads\/2025\/06\/96.webp","contentUrl":"https:\/\/middlechild.hr\/wp-content\/uploads\/2025\/06\/96.webp","width":1080,"height":1080,"caption":"Heorshe \u0161iroka bo\u010dica 240 ml nje\u017eno roza"},{"@type":"BreadcrumbList","@id":"https:\/\/middlechild.hr\/proizvod\/heorshe-ultra-wide-neck-bocica-za-bebe-240-ml-njezno-roza\/#breadcrumb","itemListElement":[{"@type":"ListItem","position":1,"name":"Po\u010detna stranica","item":"https:\/\/middlechild.hr\/"},{"@type":"ListItem","position":2,"name":"Trgovina","item":"https:\/\/middlechild.hr\/trgovina\/"},{"@type":"ListItem","position":3,"name":"HeOrShe Ultra Wide Neck Bo\u010dica Za Bebe 240 ml Nje\u017eno Roza"}]},{"@type":"WebSite","@id":"https:\/\/middlechild.hr\/#website","url":"https:\/\/middlechild.hr\/","name":"Middle Child","description":"","publisher":{"@id":"https:\/\/middlechild.hr\/#organization"},"potentialAction":[{"@type":"SearchAction","target":{"@type":"EntryPoint","urlTemplate":"https:\/\/middlechild.hr\/?s={search_term_string}"},"query-input":{"@type":"PropertyValueSpecification","valueRequired":true,"valueName":"search_term_string"}}],"inLanguage":"en-GB"},{"@type":"Organization","@id":"https:\/\/middlechild.hr\/#organization","name":"Middle Child","url":"https:\/\/middlechild.hr\/","logo":{"@type":"ImageObject","inLanguage":"en-GB","@id":"https:\/\/middlechild.hr\/#\/schema\/logo\/image\/","url":"https:\/\/middlechild.hr\/wp-content\/uploads\/2025\/09\/Novi-Projekt.png","contentUrl":"https:\/\/middlechild.hr\/wp-content\/uploads\/2025\/09\/Novi-Projekt.png","width":953,"height":185,"caption":"Middle Child"},"image":{"@id":"https:\/\/middlechild.hr\/#\/schema\/logo\/image\/"}}]}},"jetpack_sharing_enabled":true,"_links":{"self":[{"href":"https:\/\/middlechild.hr\/en\/wp-json\/wp\/v2\/product\/232","targetHints":{"allow":["GET"]}}],"collection":[{"href":"https:\/\/middlechild.hr\/en\/wp-json\/wp\/v2\/product"}],"about":[{"href":"https:\/\/middlechild.hr\/en\/wp-json\/wp\/v2\/types\/product"}],"wp:featuredmedia":[{"embeddable":true,"href":"https:\/\/middlechild.hr\/en\/wp-json\/wp\/v2\/media\/937"}],"wp:attachment":[{"href":"https:\/\/middlechild.hr\/en\/wp-json\/wp\/v2\/media?parent=232"}],"wp:term":[{"taxonomy":"product_brand","embeddable":true,"href":"https:\/\/middlechild.hr\/en\/wp-json\/wp\/v2\/product_brand?post=232"},{"taxonomy":"product_cat","embeddable":true,"href":"https:\/\/middlechild.hr\/en\/wp-json\/wp\/v2\/product_cat?post=232"},{"taxonomy":"product_tag","embeddable":true,"href":"https:\/\/middlechild.hr\/en\/wp-json\/wp\/v2\/product_tag?post=232"}],"curies":[{"name":"wp","href":"https:\/\/api.w.org\/{rel}","templated":true}]}}