{"id":250,"date":"2025-11-19T21:28:14","date_gmt":"2025-11-19T20:28:14","guid":{"rendered":"https:\/\/middlechild.hr\/?post_type=product&#038;p=250"},"modified":"2026-04-06T09:47:26","modified_gmt":"2026-04-06T07:47:26","slug":"heorshe-dental-care-casica-210-ml-6m-njezno-roza","status":"publish","type":"product","link":"https:\/\/middlechild.hr\/en\/product\/heorshe-dental-care-casica-210-ml-6m-njezno-roza\/","title":{"rendered":"HeOrShe Dental Care Cup 210 ml (6M+) Gently Pink"},"content":{"rendered":"<p data-start=\"0\" data-end=\"164\"><strong data-start=\"0\" data-end=\"57\">HeOrShe Dental Care Cup 210 ml (6M+) - Gently Pink<\/strong>, available in <a href=\"https:\/\/middlechild.hr\/en\/\">Middle Child<\/a> offers, provides your baby a healthy and safe start in the development of independent drinking.<\/p>\n<p data-start=\"166\" data-end=\"379\">It is carefully designed to support natural oral development and foster independence from an early age. Thanks to its spill-resistant system, it is ideal for everyday use at home and on the go.<\/p>\n<p data-start=\"381\" data-end=\"630\" data-is-last-node=\"\" data-is-only-node=\"\">The specially shaped mulberry with small wings allows even distribution of pressure during sucking. This reduces the load on the growing teeth and jaw. A balanced distribution of force helps to preserve the natural and healthy development of children's teeth.<\/p>\n<p><strong>Materials:<\/strong><\/p>\n<p><strong>PPSU<\/strong> (body cup)<\/p>\n<p><strong>Silicone<\/strong> (straw and mulberry)<\/p>\n<p><strong>PP<\/strong> (plug, handles and ring)<\/p>\n<p><strong>Dimensions: <\/strong><strong>S (210 ml)<\/strong>\u00a0 \u2013 recommended from 6 months<\/p>\n<p><strong>Maximum temperature:<\/strong> 200 \u00b0C<\/p>\n<p>&nbsp;<\/p>\n<p><strong>Why choose HEORSHE Dental-Care drinking glass?<\/strong><\/p>\n<p>\u2714\u2714\u2714 Supports healthy development of teeth and jaws<\/p>\n<p>\u2714\u2714\u2714 Relieves discomfort in teeth eruption<\/p>\n<p>\u2714\u2714Provides proper posture and self-drinking from any angle<\/p>\n<p>\u2714\u2714 Reduces the risk of reflux and air ingestion<\/p>\n<p>\u2714\u2714\u2714 Made from safe, high quality non-toxic materials without BPA<\/p>\n<p>\u2714\u2714\u2714 Ideal for bottle-to-cup transition phase<\/p>\n<p>\u2714 Safe, lightweight and ergonomic design<\/p>\n<p><iframe title=\"HEORSHE Dental Care Sippy Cup!\" width=\"800\" height=\"450\" src=\"https:\/\/www.youtube.com\/embed\/5yyhy1IYoFM?feature=oembed\" frameborder=\"0\" allow=\"accelerometer; autoplay; clipboard-write; encrypted-media; gyroscope; picture-in-picture; web-share\" referrerpolicy=\"strict-origin-when-cross-origin\" allowfullscreen><\/iframe><\/p>","protected":false},"excerpt":{"rendered":"<p><strong>HEORSHE Dental Care Sippy Cup \u2013 smartly designed for healthy first teeth development and easy learning to drink independently.<\/strong><\/p>\n<p>Give your baby a healthy and confident start with a Heorshe shed-resistant sucking cup, carefully designed to support natural oral development and encourage self-feeding.<\/p>\n<p>This innovative cup has a specially designed teat with small wings for even distribution of sucking pressure, reducing stress on growing teeth and jaw. By promoting a balanced distribution of force, sucking cups help ensure that your baby's teeth grow in a natural and healthy way.<\/p>\n<p><strong>Why choose Dental-Care Sippy Cup?<\/strong><\/p>\n<p>Dental-friendly design: Unique wings with a mulberry protect the teeth that break out with an even distribution of pressure.<\/p>\n<p>360\u00b0 hard bottom straw: It monitors the liquid, allowing your baby to drink comfortably in any position.<\/p>\n<p>Upright feeding to reduce reflux: The upright position of feeding recommended by doctors reduces reflux.<\/p>\n<p>Double valve against colic: Reduces air intake to prevent gases and discomfort.<\/p>\n<p>Easy hold for small hands: The ergonomic design of the bottle stopper makes it easy for babies to hold and use themselves.<\/p>\n<p>Boost good habits and healthy growth with the Heorshe Dental Care Spill-Proof Sippy Cup - the perfect companion for weaning and beyond!<\/p>\n<p><strong>Main Features:<\/strong><\/p>\n<p><strong>Protection of the First Teeth<\/strong><br \/>\nA specially designed mulberry with \u201csmall wings\u201d evenly distributes pressure during sucking, reducing the load on the teeth and jaw and helping the teeth to grow properly.<\/p>\n<p><strong>Relief for gums in teeth eruption<\/strong><br \/>\nThe wings soothe sensitive gums and reduce discomfort when growing the first teeth.<\/p>\n<p><strong>Drinking from any angle \u2013 360\u00b0 straw<\/strong><br \/>\nA flexible weight straw that accompanies the liquid in every position, allowing natural, upright drinking that helps prevent reflux.<\/p>\n<p><strong>Easy grip for small hands<\/strong><br \/>\nThe ergonomically designed handle and cap allow easy grip and self-use.<\/p>\n<p><strong>Anti-collision ventilation system<\/strong><br \/>\nThe double valve reduces air intake during drinking and reduces the risk of bloating and discomfort.<\/p>\n<p>https:\/\/youtu.be\/5yyhy1IYoFM<\/p>","protected":false},"featured_media":968,"template":"","meta":[],"product_brand":[],"product_cat":[55,53],"product_tag":[],"class_list":{"0":"post-250","1":"product","2":"type-product","3":"status-publish","4":"has-post-thumbnail","6":"product_cat-dental-care-casica","7":"product_cat-heorshe","9":"first","10":"instock","11":"taxable","12":"shipping-taxable","13":"purchasable","14":"product-type-simple","15":"wpzoom-wc-spi-has-enabled"},"yoast_head":"<!-- This site is optimized with the Yoast SEO plugin v27.2 - https:\/\/yoast.com\/product\/yoast-seo-wordpress\/ -->\n<title>Nje\u017eno roza dental care \u010da\u0161ica za prve zube | Middle Child<\/title>\n<meta name=\"description\" content=\"HeOrShe Dental Care \u010da\u0161ica u nje\u017eno rozoj boji idealna je za samostalno pijenje od 6. mjeseca. Ergonomski dizajn \u0161titi desni i poti\u010de pravilan razvoj dje\u010djih zubi.\" \/>\n<meta name=\"robots\" content=\"index, follow, max-snippet:-1, max-image-preview:large, max-video-preview:-1\" \/>\n<link rel=\"canonical\" href=\"https:\/\/middlechild.hr\/en\/product\/heorshe-dental-care-casica-210-ml-6m-njezno-roza\/\" \/>\n<meta property=\"og:locale\" content=\"en_GB\" \/>\n<meta property=\"og:type\" content=\"article\" \/>\n<meta property=\"og:title\" content=\"Nje\u017eno roza dental care \u010da\u0161ica za prve zube | Middle Child\" \/>\n<meta property=\"og:description\" content=\"HeOrShe Dental Care \u010da\u0161ica u nje\u017eno rozoj boji idealna je za samostalno pijenje od 6. mjeseca. Ergonomski dizajn \u0161titi desni i poti\u010de pravilan razvoj dje\u010djih zubi.\" \/>\n<meta property=\"og:url\" content=\"https:\/\/middlechild.hr\/en\/product\/heorshe-dental-care-casica-210-ml-6m-njezno-roza\/\" \/>\n<meta property=\"og:site_name\" content=\"Middle Child\" \/>\n<meta property=\"article:modified_time\" content=\"2026-04-06T07:47:26+00:00\" \/>\n<meta property=\"og:image\" content=\"https:\/\/middlechild.hr\/wp-content\/uploads\/2025\/06\/99.webp\" \/>\n\t<meta property=\"og:image:width\" content=\"1080\" \/>\n\t<meta property=\"og:image:height\" content=\"1080\" \/>\n\t<meta property=\"og:image:type\" content=\"image\/webp\" \/>\n<meta name=\"twitter:card\" content=\"summary_large_image\" \/>\n<meta name=\"twitter:label1\" content=\"Estimated reading time\" \/>\n\t<meta name=\"twitter:data1\" content=\"2 minutes\" \/>\n<script type=\"application\/ld+json\" class=\"yoast-schema-graph\">{\"@context\":\"https:\/\/schema.org\",\"@graph\":[{\"@type\":\"WebPage\",\"@id\":\"https:\/\/middlechild.hr\/proizvod\/heorshe-dental-care-casica-210-ml-6m-njezno-roza\/\",\"url\":\"https:\/\/middlechild.hr\/proizvod\/heorshe-dental-care-casica-210-ml-6m-njezno-roza\/\",\"name\":\"Nje\u017eno roza dental care \u010da\u0161ica za prve zube | Middle Child\",\"isPartOf\":{\"@id\":\"https:\/\/middlechild.hr\/#website\"},\"primaryImageOfPage\":{\"@id\":\"https:\/\/middlechild.hr\/proizvod\/heorshe-dental-care-casica-210-ml-6m-njezno-roza\/#primaryimage\"},\"image\":{\"@id\":\"https:\/\/middlechild.hr\/proizvod\/heorshe-dental-care-casica-210-ml-6m-njezno-roza\/#primaryimage\"},\"thumbnailUrl\":\"https:\/\/middlechild.hr\/wp-content\/uploads\/2025\/06\/99.webp\",\"datePublished\":\"2025-11-19T20:28:14+00:00\",\"dateModified\":\"2026-04-06T07:47:26+00:00\",\"description\":\"HeOrShe Dental Care \u010da\u0161ica u nje\u017eno rozoj boji idealna je za samostalno pijenje od 6. mjeseca. Ergonomski dizajn \u0161titi desni i poti\u010de pravilan razvoj dje\u010djih zubi.\",\"breadcrumb\":{\"@id\":\"https:\/\/middlechild.hr\/proizvod\/heorshe-dental-care-casica-210-ml-6m-njezno-roza\/#breadcrumb\"},\"inLanguage\":\"en-GB\",\"potentialAction\":[{\"@type\":\"ReadAction\",\"target\":[\"https:\/\/middlechild.hr\/proizvod\/heorshe-dental-care-casica-210-ml-6m-njezno-roza\/\"]}]},{\"@type\":\"ImageObject\",\"inLanguage\":\"en-GB\",\"@id\":\"https:\/\/middlechild.hr\/proizvod\/heorshe-dental-care-casica-210-ml-6m-njezno-roza\/#primaryimage\",\"url\":\"https:\/\/middlechild.hr\/wp-content\/uploads\/2025\/06\/99.webp\",\"contentUrl\":\"https:\/\/middlechild.hr\/wp-content\/uploads\/2025\/06\/99.webp\",\"width\":1080,\"height\":1080,\"caption\":\"HeOrShe Dental Care \u010ca\u0161ica 210 ml (6M+) Nje\u017eno Roza\"},{\"@type\":\"BreadcrumbList\",\"@id\":\"https:\/\/middlechild.hr\/proizvod\/heorshe-dental-care-casica-210-ml-6m-njezno-roza\/#breadcrumb\",\"itemListElement\":[{\"@type\":\"ListItem\",\"position\":1,\"name\":\"Po\u010detna stranica\",\"item\":\"https:\/\/middlechild.hr\/\"},{\"@type\":\"ListItem\",\"position\":2,\"name\":\"Trgovina\",\"item\":\"https:\/\/middlechild.hr\/trgovina\/\"},{\"@type\":\"ListItem\",\"position\":3,\"name\":\"HeOrShe Dental Care \u010ca\u0161ica 210 ml (6M+) Nje\u017eno Roza\"}]},{\"@type\":\"WebSite\",\"@id\":\"https:\/\/middlechild.hr\/#website\",\"url\":\"https:\/\/middlechild.hr\/\",\"name\":\"Middle Child\",\"description\":\"\",\"publisher\":{\"@id\":\"https:\/\/middlechild.hr\/#organization\"},\"potentialAction\":[{\"@type\":\"SearchAction\",\"target\":{\"@type\":\"EntryPoint\",\"urlTemplate\":\"https:\/\/middlechild.hr\/?s={search_term_string}\"},\"query-input\":{\"@type\":\"PropertyValueSpecification\",\"valueRequired\":true,\"valueName\":\"search_term_string\"}}],\"inLanguage\":\"en-GB\"},{\"@type\":\"Organization\",\"@id\":\"https:\/\/middlechild.hr\/#organization\",\"name\":\"Middle Child\",\"url\":\"https:\/\/middlechild.hr\/\",\"logo\":{\"@type\":\"ImageObject\",\"inLanguage\":\"en-GB\",\"@id\":\"https:\/\/middlechild.hr\/#\/schema\/logo\/image\/\",\"url\":\"https:\/\/middlechild.hr\/wp-content\/uploads\/2025\/09\/Novi-Projekt.png\",\"contentUrl\":\"https:\/\/middlechild.hr\/wp-content\/uploads\/2025\/09\/Novi-Projekt.png\",\"width\":953,\"height\":185,\"caption\":\"Middle Child\"},\"image\":{\"@id\":\"https:\/\/middlechild.hr\/#\/schema\/logo\/image\/\"}}]}<\/script>\n<!-- \/ Yoast SEO plugin. -->","yoast_head_json":{"title":"Nje\u017eno roza dental care \u010da\u0161ica za prve zube | Middle Child","description":"HeOrShe Dental Care \u010da\u0161ica u nje\u017eno rozoj boji idealna je za samostalno pijenje od 6. mjeseca. Ergonomski dizajn \u0161titi desni i poti\u010de pravilan razvoj dje\u010djih zubi.","robots":{"index":"index","follow":"follow","max-snippet":"max-snippet:-1","max-image-preview":"max-image-preview:large","max-video-preview":"max-video-preview:-1"},"canonical":"https:\/\/middlechild.hr\/en\/product\/heorshe-dental-care-casica-210-ml-6m-njezno-roza\/","og_locale":"en_GB","og_type":"article","og_title":"Nje\u017eno roza dental care \u010da\u0161ica za prve zube | Middle Child","og_description":"HeOrShe Dental Care \u010da\u0161ica u nje\u017eno rozoj boji idealna je za samostalno pijenje od 6. mjeseca. Ergonomski dizajn \u0161titi desni i poti\u010de pravilan razvoj dje\u010djih zubi.","og_url":"https:\/\/middlechild.hr\/en\/product\/heorshe-dental-care-casica-210-ml-6m-njezno-roza\/","og_site_name":"Middle Child","article_modified_time":"2026-04-06T07:47:26+00:00","og_image":[{"width":1080,"height":1080,"url":"https:\/\/middlechild.hr\/wp-content\/uploads\/2025\/06\/99.webp","type":"image\/webp"}],"twitter_card":"summary_large_image","twitter_misc":{"Estimated reading time":"2 minutes"},"schema":{"@context":"https:\/\/schema.org","@graph":[{"@type":"WebPage","@id":"https:\/\/middlechild.hr\/proizvod\/heorshe-dental-care-casica-210-ml-6m-njezno-roza\/","url":"https:\/\/middlechild.hr\/proizvod\/heorshe-dental-care-casica-210-ml-6m-njezno-roza\/","name":"Nje\u017eno roza dental care \u010da\u0161ica za prve zube | Middle Child","isPartOf":{"@id":"https:\/\/middlechild.hr\/#website"},"primaryImageOfPage":{"@id":"https:\/\/middlechild.hr\/proizvod\/heorshe-dental-care-casica-210-ml-6m-njezno-roza\/#primaryimage"},"image":{"@id":"https:\/\/middlechild.hr\/proizvod\/heorshe-dental-care-casica-210-ml-6m-njezno-roza\/#primaryimage"},"thumbnailUrl":"https:\/\/middlechild.hr\/wp-content\/uploads\/2025\/06\/99.webp","datePublished":"2025-11-19T20:28:14+00:00","dateModified":"2026-04-06T07:47:26+00:00","description":"HeOrShe Dental Care \u010da\u0161ica u nje\u017eno rozoj boji idealna je za samostalno pijenje od 6. mjeseca. Ergonomski dizajn \u0161titi desni i poti\u010de pravilan razvoj dje\u010djih zubi.","breadcrumb":{"@id":"https:\/\/middlechild.hr\/proizvod\/heorshe-dental-care-casica-210-ml-6m-njezno-roza\/#breadcrumb"},"inLanguage":"en-GB","potentialAction":[{"@type":"ReadAction","target":["https:\/\/middlechild.hr\/proizvod\/heorshe-dental-care-casica-210-ml-6m-njezno-roza\/"]}]},{"@type":"ImageObject","inLanguage":"en-GB","@id":"https:\/\/middlechild.hr\/proizvod\/heorshe-dental-care-casica-210-ml-6m-njezno-roza\/#primaryimage","url":"https:\/\/middlechild.hr\/wp-content\/uploads\/2025\/06\/99.webp","contentUrl":"https:\/\/middlechild.hr\/wp-content\/uploads\/2025\/06\/99.webp","width":1080,"height":1080,"caption":"HeOrShe Dental Care \u010ca\u0161ica 210 ml (6M+) Nje\u017eno Roza"},{"@type":"BreadcrumbList","@id":"https:\/\/middlechild.hr\/proizvod\/heorshe-dental-care-casica-210-ml-6m-njezno-roza\/#breadcrumb","itemListElement":[{"@type":"ListItem","position":1,"name":"Po\u010detna stranica","item":"https:\/\/middlechild.hr\/"},{"@type":"ListItem","position":2,"name":"Trgovina","item":"https:\/\/middlechild.hr\/trgovina\/"},{"@type":"ListItem","position":3,"name":"HeOrShe Dental Care \u010ca\u0161ica 210 ml (6M+) Nje\u017eno Roza"}]},{"@type":"WebSite","@id":"https:\/\/middlechild.hr\/#website","url":"https:\/\/middlechild.hr\/","name":"Middle Child","description":"","publisher":{"@id":"https:\/\/middlechild.hr\/#organization"},"potentialAction":[{"@type":"SearchAction","target":{"@type":"EntryPoint","urlTemplate":"https:\/\/middlechild.hr\/?s={search_term_string}"},"query-input":{"@type":"PropertyValueSpecification","valueRequired":true,"valueName":"search_term_string"}}],"inLanguage":"en-GB"},{"@type":"Organization","@id":"https:\/\/middlechild.hr\/#organization","name":"Middle Child","url":"https:\/\/middlechild.hr\/","logo":{"@type":"ImageObject","inLanguage":"en-GB","@id":"https:\/\/middlechild.hr\/#\/schema\/logo\/image\/","url":"https:\/\/middlechild.hr\/wp-content\/uploads\/2025\/09\/Novi-Projekt.png","contentUrl":"https:\/\/middlechild.hr\/wp-content\/uploads\/2025\/09\/Novi-Projekt.png","width":953,"height":185,"caption":"Middle Child"},"image":{"@id":"https:\/\/middlechild.hr\/#\/schema\/logo\/image\/"}}]}},"jetpack_sharing_enabled":true,"_links":{"self":[{"href":"https:\/\/middlechild.hr\/en\/wp-json\/wp\/v2\/product\/250","targetHints":{"allow":["GET"]}}],"collection":[{"href":"https:\/\/middlechild.hr\/en\/wp-json\/wp\/v2\/product"}],"about":[{"href":"https:\/\/middlechild.hr\/en\/wp-json\/wp\/v2\/types\/product"}],"wp:featuredmedia":[{"embeddable":true,"href":"https:\/\/middlechild.hr\/en\/wp-json\/wp\/v2\/media\/968"}],"wp:attachment":[{"href":"https:\/\/middlechild.hr\/en\/wp-json\/wp\/v2\/media?parent=250"}],"wp:term":[{"taxonomy":"product_brand","embeddable":true,"href":"https:\/\/middlechild.hr\/en\/wp-json\/wp\/v2\/product_brand?post=250"},{"taxonomy":"product_cat","embeddable":true,"href":"https:\/\/middlechild.hr\/en\/wp-json\/wp\/v2\/product_cat?post=250"},{"taxonomy":"product_tag","embeddable":true,"href":"https:\/\/middlechild.hr\/en\/wp-json\/wp\/v2\/product_tag?post=250"}],"curies":[{"name":"wp","href":"https:\/\/api.w.org\/{rel}","templated":true}]}}