{"id":281,"date":"2025-11-19T21:26:32","date_gmt":"2025-11-19T20:26:32","guid":{"rendered":"https:\/\/middlechild.hr\/?post_type=product&#038;p=281"},"modified":"2026-02-28T05:37:08","modified_gmt":"2026-02-28T04:37:08","slug":"heorshe-day-night-set","status":"publish","type":"product","link":"https:\/\/middlechild.hr\/en\/product\/heorshe-day-night-set\/","title":{"rendered":"HeOrShe Day &amp; Night Set"},"content":{"rendered":"<p data-start=\"0\" data-end=\"126\"><strong data-start=\"0\" data-end=\"47\">HeOrShe Day &amp; Night Set \u2013 dude for day and night<\/strong>, available in <a href=\"https:\/\/middlechild.hr\/en\/\">Middle Child<\/a> offers, provides comfort adjusted to any time.<\/p>\n<p data-start=\"128\" data-end=\"324\">Babies explore the world and find comfort through sucking. That is why the HeOrShe dude for day and night is carefully designed to ensure peace, tenderness and safety throughout the day \u2013 but also on a quiet night.<\/p>\n<p data-start=\"326\" data-end=\"524\" data-is-last-node=\"\" data-is-only-node=\"\">Ergonomic shape and delicate materials provide a natural feeling, while thoughtful design supports healthy oral development. The perfect choice for parents who want a reliable and quality pacifier for every stage of the day.<\/p>\n<p><strong>Materials:<\/strong><\/p>\n<p><strong>Silicone<\/strong> (duda)<\/p>\n<p><strong>PP<\/strong> (dude box)<\/p>\n<p><strong>Size:<\/strong> 51 \u00d7 41 \u00d7 45 mm<\/p>\n<p><strong>Weight:<\/strong> 25.5 g<\/p>\n<p><strong>Age:<\/strong> from 0 months +<\/p>\n<p><strong>Maximum cleaning temperature:<\/strong> 200 \u00b0C<\/p>\n<p>In the package you get two dudes:<\/p>\n<ul>\n<li><strong>Daily<\/strong> with a round shape that mimics breastfeeding to provide familiar, mother's comfort.<\/li>\n<li><strong>Night<\/strong> with a flat shape that accompanies the natural angle of bite and promotes the proper development of teeth and jaws<\/li>\n<\/ul>\n<p>&nbsp;<\/p>\n<p><strong>Why choose HEORSHE Day &amp; Night dude?<\/strong><\/p>\n<p>\u2714\u2714\u2714 Supports healthy oral development<\/p>\n<p>\u2714\u2714\u2714 Imitates breastfeeding for greater comfort<\/p>\n<p>\u2714\u203aHygienic and safe \u2013 no joints and hard-to-reach parts<\/p>\n<p>\u2714\u2714\u2714 Two shapes in one pacifier \u2013 day and night<\/p>\n<p>\u2714\u2714\u2714 Breathable and gentle on the skin<\/p>\n<p>\u2714 Practical, elegant and easy to use<\/p>\n<p>&nbsp;<\/p>\n<p><iframe title=\"HEORSHE Day &amp; Night Pacifier 2\" width=\"800\" height=\"450\" src=\"https:\/\/www.youtube.com\/embed\/-1YIple8eDA?feature=oembed\" frameborder=\"0\" allow=\"accelerometer; autoplay; clipboard-write; encrypted-media; gyroscope; picture-in-picture; web-share\" referrerpolicy=\"strict-origin-when-cross-origin\" allowfullscreen><\/iframe><\/p>","protected":false},"excerpt":{"rendered":"<p><strong>Dude for day and night - all-weather comfort<\/strong><\/p>\n<p>Babies explore and soothe with sucking, and Heorshe dude for day and night is designed to provide them with comfort, peace and care all day and night.<\/p>\n<p><strong>\u00a0<\/strong>This carefully crafted mulberry offers a unique double design:<\/p>\n<p><strong>Round shape for the day: <\/strong>He mimics breastfeeding to provide familiar, motherly comfort.<\/p>\n<p><strong>Flat shape for the night:<\/strong> It corresponds to the natural bite angle of your baby, stimulating the healthy development of teeth and face.<\/p>\n<p><strong>Why choose a dude for day and night?<\/strong><\/p>\n<p><strong>Comfort like a mother:<\/strong> A design that imitates the breasts keeps your baby safe and calm, feeling close to your mom.<\/p>\n<p><strong>Single piece silicone fabrication - hygienic and safe<\/strong><br \/>\nWithout additional compounds, the HEORSHE mulberry is shaped from one piece of silicone \u2013 meaning <strong>No cracks, no dirt collection<\/strong> and easy cleaning. It can be boiled and used several times.<\/p>\n<p><strong>Breathable and anti-convulsant<\/strong><br \/>\nThe double-ventilated design ensures air flow, which reduces pressure and irritation around the mouth \u2013 for even more comfortable use.<\/p>\n<p><strong>Oral development support:<\/strong> Designed to prevent problems with teeth and face while providing optimal comfort.<\/p>\n<p><strong>Style all in one:<\/strong> A combination of functionality and sweet style, perfect for any occasion.<\/p>\n<p>HoOrShe Day &amp; Night duda comes in carefully selected, modern tones that fit into every parenting style:<\/p>\n<p><strong>Ivory White <\/strong><strong>Obsidian Black<\/strong><\/p>\n<p>Designed not only for comfort, but also for style.<\/p>\n<p>Provide comprehensive care and comfort to your baby with Heorshe Soda for day and night \u2013 the perfect companion for happy days and quiet nights.<\/p>\n<p>https:\/\/youtu.be\/-1YIple8eDA<\/p>\n<p>&nbsp;<\/p>","protected":false},"featured_media":1104,"template":"","meta":[],"product_brand":[],"product_cat":[57,53],"product_tag":[],"class_list":{"0":"post-281","1":"product","2":"type-product","3":"status-publish","4":"has-post-thumbnail","6":"product_cat-day-night-set","7":"product_cat-heorshe","9":"first","10":"instock","11":"taxable","12":"shipping-taxable","13":"purchasable","14":"product-type-simple","15":"wpzoom-wc-spi-has-enabled"},"yoast_head":"<!-- This site is optimized with the Yoast SEO plugin v27.2 - https:\/\/yoast.com\/product\/yoast-seo-wordpress\/ -->\n<title>Heorshe Day &amp; Night Set dodaci | Middle Child<\/title>\n<meta name=\"description\" content=\"Heorshe Day &amp; Night set uklju\u010duje dude za dnevne i no\u0107ne rutine stabilan hvat i jednostavno \u010di\u0161\u0107enje za sretan po\u010detak i mirnu ve\u010der i dan.\" \/>\n<meta name=\"robots\" content=\"index, follow, max-snippet:-1, max-image-preview:large, max-video-preview:-1\" \/>\n<link rel=\"canonical\" href=\"https:\/\/middlechild.hr\/en\/product\/heorshe-day-night-set\/\" \/>\n<meta property=\"og:locale\" content=\"en_GB\" \/>\n<meta property=\"og:type\" content=\"article\" \/>\n<meta property=\"og:title\" content=\"Heorshe Day &amp; Night Set dodaci | Middle Child\" \/>\n<meta property=\"og:description\" content=\"Heorshe Day &amp; Night set uklju\u010duje dude za dnevne i no\u0107ne rutine stabilan hvat i jednostavno \u010di\u0161\u0107enje za sretan po\u010detak i mirnu ve\u010der i dan.\" \/>\n<meta property=\"og:url\" content=\"https:\/\/middlechild.hr\/en\/product\/heorshe-day-night-set\/\" \/>\n<meta property=\"og:site_name\" content=\"Middle Child\" \/>\n<meta property=\"article:modified_time\" content=\"2026-02-28T04:37:08+00:00\" \/>\n<meta property=\"og:image\" content=\"https:\/\/middlechild.hr\/wp-content\/uploads\/2025\/06\/2-1-1024x640.png\" \/>\n\t<meta property=\"og:image:width\" content=\"1024\" \/>\n\t<meta property=\"og:image:height\" content=\"640\" \/>\n\t<meta property=\"og:image:type\" content=\"image\/png\" \/>\n<meta name=\"twitter:card\" content=\"summary_large_image\" \/>\n<meta name=\"twitter:label1\" content=\"Estimated reading time\" \/>\n\t<meta name=\"twitter:data1\" content=\"2 minutes\" \/>\n<script type=\"application\/ld+json\" class=\"yoast-schema-graph\">{\"@context\":\"https:\/\/schema.org\",\"@graph\":[{\"@type\":\"WebPage\",\"@id\":\"https:\/\/middlechild.hr\/proizvod\/heorshe-day-night-set\/\",\"url\":\"https:\/\/middlechild.hr\/proizvod\/heorshe-day-night-set\/\",\"name\":\"Heorshe Day & Night Set dodaci | Middle Child\",\"isPartOf\":{\"@id\":\"https:\/\/middlechild.hr\/#website\"},\"primaryImageOfPage\":{\"@id\":\"https:\/\/middlechild.hr\/proizvod\/heorshe-day-night-set\/#primaryimage\"},\"image\":{\"@id\":\"https:\/\/middlechild.hr\/proizvod\/heorshe-day-night-set\/#primaryimage\"},\"thumbnailUrl\":\"https:\/\/middlechild.hr\/wp-content\/uploads\/2025\/06\/2-1.png\",\"datePublished\":\"2025-11-19T20:26:32+00:00\",\"dateModified\":\"2026-02-28T04:37:08+00:00\",\"description\":\"Heorshe Day & Night set uklju\u010duje dude za dnevne i no\u0107ne rutine stabilan hvat i jednostavno \u010di\u0161\u0107enje za sretan po\u010detak i mirnu ve\u010der i dan.\",\"breadcrumb\":{\"@id\":\"https:\/\/middlechild.hr\/proizvod\/heorshe-day-night-set\/#breadcrumb\"},\"inLanguage\":\"en-GB\",\"potentialAction\":[{\"@type\":\"ReadAction\",\"target\":[\"https:\/\/middlechild.hr\/proizvod\/heorshe-day-night-set\/\"]}]},{\"@type\":\"ImageObject\",\"inLanguage\":\"en-GB\",\"@id\":\"https:\/\/middlechild.hr\/proizvod\/heorshe-day-night-set\/#primaryimage\",\"url\":\"https:\/\/middlechild.hr\/wp-content\/uploads\/2025\/06\/2-1.png\",\"contentUrl\":\"https:\/\/middlechild.hr\/wp-content\/uploads\/2025\/06\/2-1.png\",\"width\":2560,\"height\":1600,\"caption\":\"HeOrShe Day &amp; Night Set\"},{\"@type\":\"BreadcrumbList\",\"@id\":\"https:\/\/middlechild.hr\/proizvod\/heorshe-day-night-set\/#breadcrumb\",\"itemListElement\":[{\"@type\":\"ListItem\",\"position\":1,\"name\":\"Po\u010detna stranica\",\"item\":\"https:\/\/middlechild.hr\/\"},{\"@type\":\"ListItem\",\"position\":2,\"name\":\"Trgovina\",\"item\":\"https:\/\/middlechild.hr\/trgovina\/\"},{\"@type\":\"ListItem\",\"position\":3,\"name\":\"HeOrShe Day &amp; Night Set\"}]},{\"@type\":\"WebSite\",\"@id\":\"https:\/\/middlechild.hr\/#website\",\"url\":\"https:\/\/middlechild.hr\/\",\"name\":\"Middle Child\",\"description\":\"\",\"publisher\":{\"@id\":\"https:\/\/middlechild.hr\/#organization\"},\"potentialAction\":[{\"@type\":\"SearchAction\",\"target\":{\"@type\":\"EntryPoint\",\"urlTemplate\":\"https:\/\/middlechild.hr\/?s={search_term_string}\"},\"query-input\":{\"@type\":\"PropertyValueSpecification\",\"valueRequired\":true,\"valueName\":\"search_term_string\"}}],\"inLanguage\":\"en-GB\"},{\"@type\":\"Organization\",\"@id\":\"https:\/\/middlechild.hr\/#organization\",\"name\":\"Middle Child\",\"url\":\"https:\/\/middlechild.hr\/\",\"logo\":{\"@type\":\"ImageObject\",\"inLanguage\":\"en-GB\",\"@id\":\"https:\/\/middlechild.hr\/#\/schema\/logo\/image\/\",\"url\":\"https:\/\/middlechild.hr\/wp-content\/uploads\/2025\/09\/Novi-Projekt.png\",\"contentUrl\":\"https:\/\/middlechild.hr\/wp-content\/uploads\/2025\/09\/Novi-Projekt.png\",\"width\":953,\"height\":185,\"caption\":\"Middle Child\"},\"image\":{\"@id\":\"https:\/\/middlechild.hr\/#\/schema\/logo\/image\/\"}}]}<\/script>\n<!-- \/ Yoast SEO plugin. -->","yoast_head_json":{"title":"Heorshe Day & Night Set dodaci | Middle Child","description":"Heorshe Day & Night set uklju\u010duje dude za dnevne i no\u0107ne rutine stabilan hvat i jednostavno \u010di\u0161\u0107enje za sretan po\u010detak i mirnu ve\u010der i dan.","robots":{"index":"index","follow":"follow","max-snippet":"max-snippet:-1","max-image-preview":"max-image-preview:large","max-video-preview":"max-video-preview:-1"},"canonical":"https:\/\/middlechild.hr\/en\/product\/heorshe-day-night-set\/","og_locale":"en_GB","og_type":"article","og_title":"Heorshe Day & Night Set dodaci | Middle Child","og_description":"Heorshe Day & Night set uklju\u010duje dude za dnevne i no\u0107ne rutine stabilan hvat i jednostavno \u010di\u0161\u0107enje za sretan po\u010detak i mirnu ve\u010der i dan.","og_url":"https:\/\/middlechild.hr\/en\/product\/heorshe-day-night-set\/","og_site_name":"Middle Child","article_modified_time":"2026-02-28T04:37:08+00:00","og_image":[{"width":1024,"height":640,"url":"https:\/\/middlechild.hr\/wp-content\/uploads\/2025\/06\/2-1-1024x640.png","type":"image\/png"}],"twitter_card":"summary_large_image","twitter_misc":{"Estimated reading time":"2 minutes"},"schema":{"@context":"https:\/\/schema.org","@graph":[{"@type":"WebPage","@id":"https:\/\/middlechild.hr\/proizvod\/heorshe-day-night-set\/","url":"https:\/\/middlechild.hr\/proizvod\/heorshe-day-night-set\/","name":"Heorshe Day & Night Set dodaci | Middle Child","isPartOf":{"@id":"https:\/\/middlechild.hr\/#website"},"primaryImageOfPage":{"@id":"https:\/\/middlechild.hr\/proizvod\/heorshe-day-night-set\/#primaryimage"},"image":{"@id":"https:\/\/middlechild.hr\/proizvod\/heorshe-day-night-set\/#primaryimage"},"thumbnailUrl":"https:\/\/middlechild.hr\/wp-content\/uploads\/2025\/06\/2-1.png","datePublished":"2025-11-19T20:26:32+00:00","dateModified":"2026-02-28T04:37:08+00:00","description":"Heorshe Day & Night set uklju\u010duje dude za dnevne i no\u0107ne rutine stabilan hvat i jednostavno \u010di\u0161\u0107enje za sretan po\u010detak i mirnu ve\u010der i dan.","breadcrumb":{"@id":"https:\/\/middlechild.hr\/proizvod\/heorshe-day-night-set\/#breadcrumb"},"inLanguage":"en-GB","potentialAction":[{"@type":"ReadAction","target":["https:\/\/middlechild.hr\/proizvod\/heorshe-day-night-set\/"]}]},{"@type":"ImageObject","inLanguage":"en-GB","@id":"https:\/\/middlechild.hr\/proizvod\/heorshe-day-night-set\/#primaryimage","url":"https:\/\/middlechild.hr\/wp-content\/uploads\/2025\/06\/2-1.png","contentUrl":"https:\/\/middlechild.hr\/wp-content\/uploads\/2025\/06\/2-1.png","width":2560,"height":1600,"caption":"HeOrShe Day &amp; Night Set"},{"@type":"BreadcrumbList","@id":"https:\/\/middlechild.hr\/proizvod\/heorshe-day-night-set\/#breadcrumb","itemListElement":[{"@type":"ListItem","position":1,"name":"Po\u010detna stranica","item":"https:\/\/middlechild.hr\/"},{"@type":"ListItem","position":2,"name":"Trgovina","item":"https:\/\/middlechild.hr\/trgovina\/"},{"@type":"ListItem","position":3,"name":"HeOrShe Day &amp; Night Set"}]},{"@type":"WebSite","@id":"https:\/\/middlechild.hr\/#website","url":"https:\/\/middlechild.hr\/","name":"Middle Child","description":"","publisher":{"@id":"https:\/\/middlechild.hr\/#organization"},"potentialAction":[{"@type":"SearchAction","target":{"@type":"EntryPoint","urlTemplate":"https:\/\/middlechild.hr\/?s={search_term_string}"},"query-input":{"@type":"PropertyValueSpecification","valueRequired":true,"valueName":"search_term_string"}}],"inLanguage":"en-GB"},{"@type":"Organization","@id":"https:\/\/middlechild.hr\/#organization","name":"Middle Child","url":"https:\/\/middlechild.hr\/","logo":{"@type":"ImageObject","inLanguage":"en-GB","@id":"https:\/\/middlechild.hr\/#\/schema\/logo\/image\/","url":"https:\/\/middlechild.hr\/wp-content\/uploads\/2025\/09\/Novi-Projekt.png","contentUrl":"https:\/\/middlechild.hr\/wp-content\/uploads\/2025\/09\/Novi-Projekt.png","width":953,"height":185,"caption":"Middle Child"},"image":{"@id":"https:\/\/middlechild.hr\/#\/schema\/logo\/image\/"}}]}},"jetpack_sharing_enabled":true,"_links":{"self":[{"href":"https:\/\/middlechild.hr\/en\/wp-json\/wp\/v2\/product\/281","targetHints":{"allow":["GET"]}}],"collection":[{"href":"https:\/\/middlechild.hr\/en\/wp-json\/wp\/v2\/product"}],"about":[{"href":"https:\/\/middlechild.hr\/en\/wp-json\/wp\/v2\/types\/product"}],"wp:featuredmedia":[{"embeddable":true,"href":"https:\/\/middlechild.hr\/en\/wp-json\/wp\/v2\/media\/1104"}],"wp:attachment":[{"href":"https:\/\/middlechild.hr\/en\/wp-json\/wp\/v2\/media?parent=281"}],"wp:term":[{"taxonomy":"product_brand","embeddable":true,"href":"https:\/\/middlechild.hr\/en\/wp-json\/wp\/v2\/product_brand?post=281"},{"taxonomy":"product_cat","embeddable":true,"href":"https:\/\/middlechild.hr\/en\/wp-json\/wp\/v2\/product_cat?post=281"},{"taxonomy":"product_tag","embeddable":true,"href":"https:\/\/middlechild.hr\/en\/wp-json\/wp\/v2\/product_tag?post=281"}],"curies":[{"name":"wp","href":"https:\/\/api.w.org\/{rel}","templated":true}]}}