{"id":301,"date":"2026-01-27T11:42:02","date_gmt":"2026-01-27T10:42:02","guid":{"rendered":"https:\/\/middlechild.hr\/?post_type=product&#038;p=301"},"modified":"2026-04-06T09:59:26","modified_gmt":"2026-04-06T07:59:26","slug":"heorshe-tiny-rattle-set","status":"publish","type":"product","link":"https:\/\/middlechild.hr\/en\/product\/heorshe-tiny-rattle-set\/","title":{"rendered":"HeOrShe Tiny Rattle Set"},"content":{"rendered":"<h2 data-start=\"0\" data-end=\"164\">HeOrShe Tiny Rattle Set<\/h2>\n<p data-start=\"0\" data-end=\"164\">HeOrShe Tiny Rattle Set, available in <a href=\"https:\/\/middlechild.hr\/en\/\">Middle Child<\/a> offer \u2013 more than a toy. It is a small ally in the great development of your child from the first weeks to the first year.<\/p>\n<p data-start=\"166\" data-end=\"395\">This set offers a safe, gentle and stimulating game tailored to the youngest \u2013 from the first capture to the first steps in development. It tracks a child's growth through various stages, from reflex movements to conscious play and exploring the world around it.<\/p>\n<p data-start=\"397\" data-end=\"663\" data-is-last-node=\"\" data-is-only-node=\"\">Designed to stimulate early sensory-motor development, Tiny Rattle Set develops hearing, attention and early cognitive skills through play. Gentle sounds of the rattle attract the baby's interest, while a variety of textures and materials help develop fine motor skills and hand coordination.<\/p>","protected":false},"excerpt":{"rendered":"<p><strong>A GREAT GAME FOR SMALL HANDS AND GREAT STEPS IN DEVELOPMENT!<\/strong><\/p>\n<p><strong>HeOrShe Tiny Rattle Set<\/strong> \u2013 more than a toy. It is a small ally in the great development of your child from the first weeks to the first year.<\/p>\n<p>Tiny Rattle Set offers a safe and stimulating game, adapted to the youngest \u2013 from the first capture to the first steps in development. It tracks the growth and development of the child through various stages \u2013 from the first reflexes to conscious play and research. \u00a0It is designed to stimulate the early sensory-motor development of the child through play. Gentle rattle sounds attract the attention of babies, stimulate hearing development and early cognitive skills, while diverse textures and materials develop fine motor skills.<\/p>\n<p><strong data-start=\"1006\" data-end=\"1049\">Why choose HeOrShe Tiny Rattle Set?<\/strong><br data-start=\"1049\" data-end=\"1052\" \/>Because it combines your child's developmental needs with the gentle design that parents love. First sounds, first smiles and first games \u2013 everything starts here.<\/p>\n<p><strong>Sound stimulation<\/strong><br \/>\nThe gentle sounds of the rattle help develop hearing abilities and stimulate research through sound and movement.<\/p>\n<p><strong>Development of fine motor skills<\/strong><br \/>\nDesigned for small hands so babies can easily catch, shake and explore them \u2013 various shapes and textures encourage eye-hand capture, research and coordination.<\/p>\n<p><strong>Safety first<\/strong><\/p>\n<ul data-start=\"54\" data-end=\"282\">\n<li data-start=\"54\" data-end=\"174\">\n<p data-start=\"56\" data-end=\"174\">Food grade silicone \u2014 non-toxic, mild for children\u2019s skin.<\/p>\n<\/li>\n<li data-start=\"175\" data-end=\"282\">\n<p data-start=\"177\" data-end=\"282\">BPA-free plastics (free of bisphenol A) \u2014 safe material for children.<\/p>\n<\/li>\n<li data-start=\"175\" data-end=\"282\">With rounded, smooth edges that protect sensitive baby's skin from scratches<\/li>\n<\/ul>\n<p><strong>Soft colours and safe materials<\/strong><br \/>\nPastel colors and delicate materials create a soothing environment for the baby. It also includes a silicone biting part \u2013 perfect for the tooth growth period.<\/p>\n<p><strong>Easy cleaning<\/strong><br \/>\nThe rattles are easy to maintain \u2013 they can be wiped or sterilized, and the design allows for quick drying thanks to efficient drains.<\/p>\n<p><strong>The perfect gift<\/strong><br \/>\nIt comes in an attractive box in the form of a suitcase, ideal for giving at baby showers, birthdays or as a careful gift for a newborn.<\/p>\n<p>&nbsp;<\/p>","protected":false},"featured_media":303,"template":"","meta":[],"product_brand":[],"product_cat":[70,58],"product_tag":[],"class_list":{"0":"post-301","1":"product","2":"type-product","3":"status-publish","4":"has-post-thumbnail","6":"product_cat-heorshe-baby-toy","7":"product_cat-tiny-rattle-set","9":"first","10":"instock","11":"taxable","12":"shipping-taxable","13":"purchasable","14":"product-type-simple","15":"wpzoom-wc-spi-has-enabled"},"yoast_head":"<!-- This site is optimized with the Yoast SEO plugin v27.2 - https:\/\/yoast.com\/product\/yoast-seo-wordpress\/ -->\n<title>Tiny Rattle set senzornih zve\u010dki za bebe | Middle Child<\/title>\n<meta name=\"description\" content=\"HeOrShe Tiny Rattle set zve\u010dki poti\u010de razvoj bebinih osjetila i motorike. Izra\u0111ene od sigurnog silikona bez BPA, ove zve\u010dke su idealne za prve mjeseci istra\u017eivanja.\" \/>\n<meta name=\"robots\" content=\"index, follow, max-snippet:-1, max-image-preview:large, max-video-preview:-1\" \/>\n<link rel=\"canonical\" href=\"https:\/\/middlechild.hr\/en\/product\/heorshe-tiny-rattle-set\/\" \/>\n<meta property=\"og:locale\" content=\"en_GB\" \/>\n<meta property=\"og:type\" content=\"article\" \/>\n<meta property=\"og:title\" content=\"Tiny Rattle set senzornih zve\u010dki za bebe | Middle Child\" \/>\n<meta property=\"og:description\" content=\"HeOrShe Tiny Rattle set zve\u010dki poti\u010de razvoj bebinih osjetila i motorike. Izra\u0111ene od sigurnog silikona bez BPA, ove zve\u010dke su idealne za prve mjeseci istra\u017eivanja.\" \/>\n<meta property=\"og:url\" content=\"https:\/\/middlechild.hr\/en\/product\/heorshe-tiny-rattle-set\/\" \/>\n<meta property=\"og:site_name\" content=\"Middle Child\" \/>\n<meta property=\"article:modified_time\" content=\"2026-04-06T07:59:26+00:00\" \/>\n<meta property=\"og:image\" content=\"https:\/\/middlechild.hr\/wp-content\/uploads\/2025\/06\/142257-1.png\" \/>\n\t<meta property=\"og:image:width\" content=\"1280\" \/>\n\t<meta property=\"og:image:height\" content=\"1614\" \/>\n\t<meta property=\"og:image:type\" content=\"image\/png\" \/>\n<meta name=\"twitter:card\" content=\"summary_large_image\" \/>\n<meta name=\"twitter:label1\" content=\"Estimated reading time\" \/>\n\t<meta name=\"twitter:data1\" content=\"1 minute\" \/>\n<script type=\"application\/ld+json\" class=\"yoast-schema-graph\">{\"@context\":\"https:\/\/schema.org\",\"@graph\":[{\"@type\":\"WebPage\",\"@id\":\"https:\/\/middlechild.hr\/proizvod\/heorshe-tiny-rattle-set\/\",\"url\":\"https:\/\/middlechild.hr\/proizvod\/heorshe-tiny-rattle-set\/\",\"name\":\"Tiny Rattle set senzornih zve\u010dki za bebe | Middle Child\",\"isPartOf\":{\"@id\":\"https:\/\/middlechild.hr\/#website\"},\"primaryImageOfPage\":{\"@id\":\"https:\/\/middlechild.hr\/proizvod\/heorshe-tiny-rattle-set\/#primaryimage\"},\"image\":{\"@id\":\"https:\/\/middlechild.hr\/proizvod\/heorshe-tiny-rattle-set\/#primaryimage\"},\"thumbnailUrl\":\"https:\/\/middlechild.hr\/wp-content\/uploads\/2025\/06\/142257-1.png\",\"datePublished\":\"2026-01-27T10:42:02+00:00\",\"dateModified\":\"2026-04-06T07:59:26+00:00\",\"description\":\"HeOrShe Tiny Rattle set zve\u010dki poti\u010de razvoj bebinih osjetila i motorike. Izra\u0111ene od sigurnog silikona bez BPA, ove zve\u010dke su idealne za prve mjeseci istra\u017eivanja.\",\"breadcrumb\":{\"@id\":\"https:\/\/middlechild.hr\/proizvod\/heorshe-tiny-rattle-set\/#breadcrumb\"},\"inLanguage\":\"en-GB\",\"potentialAction\":[{\"@type\":\"ReadAction\",\"target\":[\"https:\/\/middlechild.hr\/proizvod\/heorshe-tiny-rattle-set\/\"]}]},{\"@type\":\"ImageObject\",\"inLanguage\":\"en-GB\",\"@id\":\"https:\/\/middlechild.hr\/proizvod\/heorshe-tiny-rattle-set\/#primaryimage\",\"url\":\"https:\/\/middlechild.hr\/wp-content\/uploads\/2025\/06\/142257-1.png\",\"contentUrl\":\"https:\/\/middlechild.hr\/wp-content\/uploads\/2025\/06\/142257-1.png\",\"width\":1280,\"height\":1614},{\"@type\":\"BreadcrumbList\",\"@id\":\"https:\/\/middlechild.hr\/proizvod\/heorshe-tiny-rattle-set\/#breadcrumb\",\"itemListElement\":[{\"@type\":\"ListItem\",\"position\":1,\"name\":\"Po\u010detna stranica\",\"item\":\"https:\/\/middlechild.hr\/\"},{\"@type\":\"ListItem\",\"position\":2,\"name\":\"Trgovina\",\"item\":\"https:\/\/middlechild.hr\/trgovina\/\"},{\"@type\":\"ListItem\",\"position\":3,\"name\":\"HeOrShe Tiny Rattle Set\"}]},{\"@type\":\"WebSite\",\"@id\":\"https:\/\/middlechild.hr\/#website\",\"url\":\"https:\/\/middlechild.hr\/\",\"name\":\"Middle Child\",\"description\":\"\",\"publisher\":{\"@id\":\"https:\/\/middlechild.hr\/#organization\"},\"potentialAction\":[{\"@type\":\"SearchAction\",\"target\":{\"@type\":\"EntryPoint\",\"urlTemplate\":\"https:\/\/middlechild.hr\/?s={search_term_string}\"},\"query-input\":{\"@type\":\"PropertyValueSpecification\",\"valueRequired\":true,\"valueName\":\"search_term_string\"}}],\"inLanguage\":\"en-GB\"},{\"@type\":\"Organization\",\"@id\":\"https:\/\/middlechild.hr\/#organization\",\"name\":\"Middle Child\",\"url\":\"https:\/\/middlechild.hr\/\",\"logo\":{\"@type\":\"ImageObject\",\"inLanguage\":\"en-GB\",\"@id\":\"https:\/\/middlechild.hr\/#\/schema\/logo\/image\/\",\"url\":\"https:\/\/middlechild.hr\/wp-content\/uploads\/2025\/09\/Novi-Projekt.png\",\"contentUrl\":\"https:\/\/middlechild.hr\/wp-content\/uploads\/2025\/09\/Novi-Projekt.png\",\"width\":953,\"height\":185,\"caption\":\"Middle Child\"},\"image\":{\"@id\":\"https:\/\/middlechild.hr\/#\/schema\/logo\/image\/\"}}]}<\/script>\n<!-- \/ Yoast SEO plugin. -->","yoast_head_json":{"title":"Tiny Rattle set senzornih zve\u010dki za bebe | Middle Child","description":"HeOrShe Tiny Rattle set zve\u010dki poti\u010de razvoj bebinih osjetila i motorike. Izra\u0111ene od sigurnog silikona bez BPA, ove zve\u010dke su idealne za prve mjeseci istra\u017eivanja.","robots":{"index":"index","follow":"follow","max-snippet":"max-snippet:-1","max-image-preview":"max-image-preview:large","max-video-preview":"max-video-preview:-1"},"canonical":"https:\/\/middlechild.hr\/en\/product\/heorshe-tiny-rattle-set\/","og_locale":"en_GB","og_type":"article","og_title":"Tiny Rattle set senzornih zve\u010dki za bebe | Middle Child","og_description":"HeOrShe Tiny Rattle set zve\u010dki poti\u010de razvoj bebinih osjetila i motorike. Izra\u0111ene od sigurnog silikona bez BPA, ove zve\u010dke su idealne za prve mjeseci istra\u017eivanja.","og_url":"https:\/\/middlechild.hr\/en\/product\/heorshe-tiny-rattle-set\/","og_site_name":"Middle Child","article_modified_time":"2026-04-06T07:59:26+00:00","og_image":[{"width":1280,"height":1614,"url":"https:\/\/middlechild.hr\/wp-content\/uploads\/2025\/06\/142257-1.png","type":"image\/png"}],"twitter_card":"summary_large_image","twitter_misc":{"Estimated reading time":"1 minute"},"schema":{"@context":"https:\/\/schema.org","@graph":[{"@type":"WebPage","@id":"https:\/\/middlechild.hr\/proizvod\/heorshe-tiny-rattle-set\/","url":"https:\/\/middlechild.hr\/proizvod\/heorshe-tiny-rattle-set\/","name":"Tiny Rattle set senzornih zve\u010dki za bebe | Middle Child","isPartOf":{"@id":"https:\/\/middlechild.hr\/#website"},"primaryImageOfPage":{"@id":"https:\/\/middlechild.hr\/proizvod\/heorshe-tiny-rattle-set\/#primaryimage"},"image":{"@id":"https:\/\/middlechild.hr\/proizvod\/heorshe-tiny-rattle-set\/#primaryimage"},"thumbnailUrl":"https:\/\/middlechild.hr\/wp-content\/uploads\/2025\/06\/142257-1.png","datePublished":"2026-01-27T10:42:02+00:00","dateModified":"2026-04-06T07:59:26+00:00","description":"HeOrShe Tiny Rattle set zve\u010dki poti\u010de razvoj bebinih osjetila i motorike. Izra\u0111ene od sigurnog silikona bez BPA, ove zve\u010dke su idealne za prve mjeseci istra\u017eivanja.","breadcrumb":{"@id":"https:\/\/middlechild.hr\/proizvod\/heorshe-tiny-rattle-set\/#breadcrumb"},"inLanguage":"en-GB","potentialAction":[{"@type":"ReadAction","target":["https:\/\/middlechild.hr\/proizvod\/heorshe-tiny-rattle-set\/"]}]},{"@type":"ImageObject","inLanguage":"en-GB","@id":"https:\/\/middlechild.hr\/proizvod\/heorshe-tiny-rattle-set\/#primaryimage","url":"https:\/\/middlechild.hr\/wp-content\/uploads\/2025\/06\/142257-1.png","contentUrl":"https:\/\/middlechild.hr\/wp-content\/uploads\/2025\/06\/142257-1.png","width":1280,"height":1614},{"@type":"BreadcrumbList","@id":"https:\/\/middlechild.hr\/proizvod\/heorshe-tiny-rattle-set\/#breadcrumb","itemListElement":[{"@type":"ListItem","position":1,"name":"Po\u010detna stranica","item":"https:\/\/middlechild.hr\/"},{"@type":"ListItem","position":2,"name":"Trgovina","item":"https:\/\/middlechild.hr\/trgovina\/"},{"@type":"ListItem","position":3,"name":"HeOrShe Tiny Rattle Set"}]},{"@type":"WebSite","@id":"https:\/\/middlechild.hr\/#website","url":"https:\/\/middlechild.hr\/","name":"Middle Child","description":"","publisher":{"@id":"https:\/\/middlechild.hr\/#organization"},"potentialAction":[{"@type":"SearchAction","target":{"@type":"EntryPoint","urlTemplate":"https:\/\/middlechild.hr\/?s={search_term_string}"},"query-input":{"@type":"PropertyValueSpecification","valueRequired":true,"valueName":"search_term_string"}}],"inLanguage":"en-GB"},{"@type":"Organization","@id":"https:\/\/middlechild.hr\/#organization","name":"Middle Child","url":"https:\/\/middlechild.hr\/","logo":{"@type":"ImageObject","inLanguage":"en-GB","@id":"https:\/\/middlechild.hr\/#\/schema\/logo\/image\/","url":"https:\/\/middlechild.hr\/wp-content\/uploads\/2025\/09\/Novi-Projekt.png","contentUrl":"https:\/\/middlechild.hr\/wp-content\/uploads\/2025\/09\/Novi-Projekt.png","width":953,"height":185,"caption":"Middle Child"},"image":{"@id":"https:\/\/middlechild.hr\/#\/schema\/logo\/image\/"}}]}},"jetpack_sharing_enabled":true,"_links":{"self":[{"href":"https:\/\/middlechild.hr\/en\/wp-json\/wp\/v2\/product\/301","targetHints":{"allow":["GET"]}}],"collection":[{"href":"https:\/\/middlechild.hr\/en\/wp-json\/wp\/v2\/product"}],"about":[{"href":"https:\/\/middlechild.hr\/en\/wp-json\/wp\/v2\/types\/product"}],"wp:featuredmedia":[{"embeddable":true,"href":"https:\/\/middlechild.hr\/en\/wp-json\/wp\/v2\/media\/303"}],"wp:attachment":[{"href":"https:\/\/middlechild.hr\/en\/wp-json\/wp\/v2\/media?parent=301"}],"wp:term":[{"taxonomy":"product_brand","embeddable":true,"href":"https:\/\/middlechild.hr\/en\/wp-json\/wp\/v2\/product_brand?post=301"},{"taxonomy":"product_cat","embeddable":true,"href":"https:\/\/middlechild.hr\/en\/wp-json\/wp\/v2\/product_cat?post=301"},{"taxonomy":"product_tag","embeddable":true,"href":"https:\/\/middlechild.hr\/en\/wp-json\/wp\/v2\/product_tag?post=301"}],"curies":[{"name":"wp","href":"https:\/\/api.w.org\/{rel}","templated":true}]}}