{"id":312,"date":"2025-11-10T10:30:25","date_gmt":"2025-11-10T09:30:25","guid":{"rendered":"https:\/\/middlechild.hr\/?post_type=product&#038;p=312"},"modified":"2026-03-02T11:22:51","modified_gmt":"2026-03-02T10:22:51","slug":"zoy-zoii-candy-rainbow-ruksak","status":"publish","type":"product","link":"https:\/\/middlechild.hr\/en\/product\/zoy-zoii-candy-rainbow-ruksak\/","title":{"rendered":"Zoy Zoii Candy Rainbow"},"content":{"rendered":"<p data-start=\"0\" data-end=\"123\">Zoy Zoii Candy Rainbow, available in <a href=\"https:\/\/middlechild.hr\/en\/\">Middle Child<\/a> Offer, it's a magic backpack that looks like it came straight from the rainbow.<\/p>\n<p data-start=\"125\" data-end=\"324\">Zoy Zoii 3D Candy Rainbow backpack is part of the imaginative B8 Dream Series. Its playful colors remind of the rainbow and bring joy to every child's day. It is perfect for kindergarten, excursions and everyday adventures.<\/p>\n<p data-start=\"326\" data-end=\"507\" data-is-last-node=\"\" data-is-only-node=\"\">Inspired by the magic of the sky after the rain, this backpack brings joy, color and tenderness. Pastel tones create a feeling of warmth and play, while the cute 3D design wins at first glance.<\/p>\n<p><iframe title=\"Zoy Zoii\u00ae B8 Dream Series Backpack Rainbow\" width=\"800\" height=\"450\" src=\"https:\/\/www.youtube.com\/embed\/_y6I9e8nA4c?feature=oembed\" frameborder=\"0\" allow=\"accelerometer; autoplay; clipboard-write; encrypted-media; gyroscope; picture-in-picture; web-share\" referrerpolicy=\"strict-origin-when-cross-origin\" allowfullscreen><\/iframe><\/p>","protected":false},"excerpt":{"rendered":"<p><strong>WARNING CAROLIA AFTER KI\u0160E!<\/strong><\/p>\n<p>Meet Zoy Zoii 3D Candy Rainbow Backpack - a wonderful companion who seems to have fallen straight from the rainbow! Part of the imaginative B8 Dream Series, this playful-colored backpack like a rainbow dash on your little one's back is perfect for all the little adventures he carries every day. Inspired by the magic of the sky after rain, the Candy Rainbow Backpack brings joy, color and tenderness to everyday life. Its pastel tones create a feeling of warmth and play, while the cute design wins at first glance.<\/p>\n<p><strong>Main Features:<\/strong><\/p>\n<p><strong>Attractive design:<\/strong> Unique 3D <strong>design of the rainbow<\/strong> It stimulates children's imagination, joy and curiosity.<\/p>\n<p><strong>Easy and comfortable:<\/strong> Made of durable, high-quality EVA material, which provides a lightweight (456 g) but stable and sturdy structure.<\/p>\n<p><strong>Spacious and organized:<\/strong> A cleverly designed indoor space with enough space for books, snacks and all children's necessities.<\/p>\n<p><strong>Soft, adjustable shoulder straps:<\/strong> Wide, padded shoulder straps provide maximum comfort, even during long days.<\/p>\n<p><strong>Non-slip H-button: \u00a0<\/strong>It evenly distributes weight over the shoulders and back, reducing stress. Keep your backpack firmly in place and during the most lively children's activities.<\/p>\n<p><strong>Ergonomic design with spinal support:<\/strong> Monitors the natural curvature of the child's spine, providing optimal support and safety.<\/p>\n<p><strong>Interactive details:<\/strong> Includes PVC stickers and a toy on the zipper, adding an extra dose of fun and creativity.<\/p>\n<p><strong>The perfect choice for a gift:<\/strong> It comes in a beautiful gift-package, making it an ideal gift for children aged 3 to 8.<\/p>\n<p><strong>Zoy Zoii Candy Rainbow Backpack<\/strong> is a colorful adventure on the move, created for children who love to fantasize, create and explore. Whether it's a school, a trip or an outdoor game, this backpack will become their favorite companion full of colors and joy.<\/p>\n<p><strong>Brand:<\/strong> Zoy Zoii<br \/>\n<strong>Main material:<\/strong> EVA + polyester<br \/>\n<strong>Size:<\/strong> One size<br \/>\n<strong>Dimensions (approximately):<\/strong> 290 mm (width) \u00d7 130 mm (depth) \u00d7 220 mm (height)<br \/>\n<strong>Weight:<\/strong> 456 g<\/p>\n<p><strong>N.B.:<\/strong> Dimensions are measured with a fully loaded bag, so minor deviations may occur.<\/p>\n<p>https:\/\/youtu.be\/_y6I9e8nA4c<\/p>\n<p>&nbsp;<\/p>\n<p>&nbsp;<\/p>\n<p>&nbsp;<\/p>\n<p>&nbsp;<\/p>","protected":false},"featured_media":1371,"template":"","meta":[],"product_brand":[],"product_cat":[23,101,49,19,52],"product_tag":[],"class_list":{"0":"post-312","1":"product","2":"type-product","3":"status-publish","4":"has-post-thumbnail","6":"product_cat-eva","7":"product_cat-3d-ruksak","8":"product_cat-dream-serija","9":"product_cat-ruksak","10":"product_cat-zoy-zoii","12":"first","13":"instock","14":"taxable","15":"shipping-taxable","16":"purchasable","17":"product-type-simple","18":"wpzoom-wc-spi-has-enabled"},"yoast_head":"<!-- This site is optimized with the Yoast SEO plugin v27.2 - https:\/\/yoast.com\/product\/yoast-seo-wordpress\/ -->\n<title>Zoy Zoii Candy Rainbow dje\u010dji 3D ruksak | Middle Child<\/title>\n<meta name=\"description\" content=\"Zoy Zoii Candy Rainbow ruksak nudi \u0161areni izgled, dovoljno prostora za sitnice i udobne naramenice za no\u0161enje u \u0161koli, na izletima ili u svakodnevnim avanturama.\" \/>\n<meta name=\"robots\" content=\"index, follow, max-snippet:-1, max-image-preview:large, max-video-preview:-1\" \/>\n<link rel=\"canonical\" href=\"https:\/\/middlechild.hr\/en\/product\/zoy-zoii-candy-rainbow-ruksak\/\" \/>\n<meta property=\"og:locale\" content=\"en_GB\" \/>\n<meta property=\"og:type\" content=\"article\" \/>\n<meta property=\"og:title\" content=\"Zoy Zoii Candy Rainbow dje\u010dji 3D ruksak | Middle Child\" \/>\n<meta property=\"og:description\" content=\"Zoy Zoii Candy Rainbow ruksak nudi \u0161areni izgled, dovoljno prostora za sitnice i udobne naramenice za no\u0161enje u \u0161koli, na izletima ili u svakodnevnim avanturama.\" \/>\n<meta property=\"og:url\" content=\"https:\/\/middlechild.hr\/en\/product\/zoy-zoii-candy-rainbow-ruksak\/\" \/>\n<meta property=\"og:site_name\" content=\"Middle Child\" \/>\n<meta property=\"article:modified_time\" content=\"2026-03-02T10:22:51+00:00\" \/>\n<meta property=\"og:image\" content=\"https:\/\/middlechild.hr\/wp-content\/uploads\/2025\/06\/zoyzoii-dream-series-kids-backpack-rainbow-1.webp\" \/>\n\t<meta property=\"og:image:width\" content=\"1080\" \/>\n\t<meta property=\"og:image:height\" content=\"1080\" \/>\n\t<meta property=\"og:image:type\" content=\"image\/webp\" \/>\n<meta name=\"twitter:card\" content=\"summary_large_image\" \/>\n<meta name=\"twitter:label1\" content=\"Estimated reading time\" \/>\n\t<meta name=\"twitter:data1\" content=\"1 minute\" \/>\n<script type=\"application\/ld+json\" class=\"yoast-schema-graph\">{\"@context\":\"https:\/\/schema.org\",\"@graph\":[{\"@type\":\"WebPage\",\"@id\":\"https:\/\/middlechild.hr\/proizvod\/zoy-zoii-candy-rainbow-ruksak\/\",\"url\":\"https:\/\/middlechild.hr\/proizvod\/zoy-zoii-candy-rainbow-ruksak\/\",\"name\":\"Zoy Zoii Candy Rainbow dje\u010dji 3D ruksak | Middle Child\",\"isPartOf\":{\"@id\":\"https:\/\/middlechild.hr\/#website\"},\"primaryImageOfPage\":{\"@id\":\"https:\/\/middlechild.hr\/proizvod\/zoy-zoii-candy-rainbow-ruksak\/#primaryimage\"},\"image\":{\"@id\":\"https:\/\/middlechild.hr\/proizvod\/zoy-zoii-candy-rainbow-ruksak\/#primaryimage\"},\"thumbnailUrl\":\"https:\/\/middlechild.hr\/wp-content\/uploads\/2025\/06\/zoyzoii-dream-series-kids-backpack-rainbow-1.webp\",\"datePublished\":\"2025-11-10T09:30:25+00:00\",\"dateModified\":\"2026-03-02T10:22:51+00:00\",\"description\":\"Zoy Zoii Candy Rainbow ruksak nudi \u0161areni izgled, dovoljno prostora za sitnice i udobne naramenice za no\u0161enje u \u0161koli, na izletima ili u svakodnevnim avanturama.\",\"breadcrumb\":{\"@id\":\"https:\/\/middlechild.hr\/proizvod\/zoy-zoii-candy-rainbow-ruksak\/#breadcrumb\"},\"inLanguage\":\"en-GB\",\"potentialAction\":[{\"@type\":\"ReadAction\",\"target\":[\"https:\/\/middlechild.hr\/proizvod\/zoy-zoii-candy-rainbow-ruksak\/\"]}]},{\"@type\":\"ImageObject\",\"inLanguage\":\"en-GB\",\"@id\":\"https:\/\/middlechild.hr\/proizvod\/zoy-zoii-candy-rainbow-ruksak\/#primaryimage\",\"url\":\"https:\/\/middlechild.hr\/wp-content\/uploads\/2025\/06\/zoyzoii-dream-series-kids-backpack-rainbow-1.webp\",\"contentUrl\":\"https:\/\/middlechild.hr\/wp-content\/uploads\/2025\/06\/zoyzoii-dream-series-kids-backpack-rainbow-1.webp\",\"width\":1080,\"height\":1080,\"caption\":\"Zoy Zoii Candy Rainbow\"},{\"@type\":\"BreadcrumbList\",\"@id\":\"https:\/\/middlechild.hr\/proizvod\/zoy-zoii-candy-rainbow-ruksak\/#breadcrumb\",\"itemListElement\":[{\"@type\":\"ListItem\",\"position\":1,\"name\":\"Po\u010detna stranica\",\"item\":\"https:\/\/middlechild.hr\/\"},{\"@type\":\"ListItem\",\"position\":2,\"name\":\"Trgovina\",\"item\":\"https:\/\/middlechild.hr\/trgovina\/\"},{\"@type\":\"ListItem\",\"position\":3,\"name\":\"Zoy Zoii Candy Rainbow\"}]},{\"@type\":\"WebSite\",\"@id\":\"https:\/\/middlechild.hr\/#website\",\"url\":\"https:\/\/middlechild.hr\/\",\"name\":\"Middle Child\",\"description\":\"\",\"publisher\":{\"@id\":\"https:\/\/middlechild.hr\/#organization\"},\"potentialAction\":[{\"@type\":\"SearchAction\",\"target\":{\"@type\":\"EntryPoint\",\"urlTemplate\":\"https:\/\/middlechild.hr\/?s={search_term_string}\"},\"query-input\":{\"@type\":\"PropertyValueSpecification\",\"valueRequired\":true,\"valueName\":\"search_term_string\"}}],\"inLanguage\":\"en-GB\"},{\"@type\":\"Organization\",\"@id\":\"https:\/\/middlechild.hr\/#organization\",\"name\":\"Middle Child\",\"url\":\"https:\/\/middlechild.hr\/\",\"logo\":{\"@type\":\"ImageObject\",\"inLanguage\":\"en-GB\",\"@id\":\"https:\/\/middlechild.hr\/#\/schema\/logo\/image\/\",\"url\":\"https:\/\/middlechild.hr\/wp-content\/uploads\/2025\/09\/Novi-Projekt.png\",\"contentUrl\":\"https:\/\/middlechild.hr\/wp-content\/uploads\/2025\/09\/Novi-Projekt.png\",\"width\":953,\"height\":185,\"caption\":\"Middle Child\"},\"image\":{\"@id\":\"https:\/\/middlechild.hr\/#\/schema\/logo\/image\/\"}}]}<\/script>\n<!-- \/ Yoast SEO plugin. -->","yoast_head_json":{"title":"Zoy Zoii Candy Rainbow dje\u010dji 3D ruksak | Middle Child","description":"Zoy Zoii Candy Rainbow ruksak nudi \u0161areni izgled, dovoljno prostora za sitnice i udobne naramenice za no\u0161enje u \u0161koli, na izletima ili u svakodnevnim avanturama.","robots":{"index":"index","follow":"follow","max-snippet":"max-snippet:-1","max-image-preview":"max-image-preview:large","max-video-preview":"max-video-preview:-1"},"canonical":"https:\/\/middlechild.hr\/en\/product\/zoy-zoii-candy-rainbow-ruksak\/","og_locale":"en_GB","og_type":"article","og_title":"Zoy Zoii Candy Rainbow dje\u010dji 3D ruksak | Middle Child","og_description":"Zoy Zoii Candy Rainbow ruksak nudi \u0161areni izgled, dovoljno prostora za sitnice i udobne naramenice za no\u0161enje u \u0161koli, na izletima ili u svakodnevnim avanturama.","og_url":"https:\/\/middlechild.hr\/en\/product\/zoy-zoii-candy-rainbow-ruksak\/","og_site_name":"Middle Child","article_modified_time":"2026-03-02T10:22:51+00:00","og_image":[{"width":1080,"height":1080,"url":"https:\/\/middlechild.hr\/wp-content\/uploads\/2025\/06\/zoyzoii-dream-series-kids-backpack-rainbow-1.webp","type":"image\/webp"}],"twitter_card":"summary_large_image","twitter_misc":{"Estimated reading time":"1 minute"},"schema":{"@context":"https:\/\/schema.org","@graph":[{"@type":"WebPage","@id":"https:\/\/middlechild.hr\/proizvod\/zoy-zoii-candy-rainbow-ruksak\/","url":"https:\/\/middlechild.hr\/proizvod\/zoy-zoii-candy-rainbow-ruksak\/","name":"Zoy Zoii Candy Rainbow dje\u010dji 3D ruksak | Middle Child","isPartOf":{"@id":"https:\/\/middlechild.hr\/#website"},"primaryImageOfPage":{"@id":"https:\/\/middlechild.hr\/proizvod\/zoy-zoii-candy-rainbow-ruksak\/#primaryimage"},"image":{"@id":"https:\/\/middlechild.hr\/proizvod\/zoy-zoii-candy-rainbow-ruksak\/#primaryimage"},"thumbnailUrl":"https:\/\/middlechild.hr\/wp-content\/uploads\/2025\/06\/zoyzoii-dream-series-kids-backpack-rainbow-1.webp","datePublished":"2025-11-10T09:30:25+00:00","dateModified":"2026-03-02T10:22:51+00:00","description":"Zoy Zoii Candy Rainbow ruksak nudi \u0161areni izgled, dovoljno prostora za sitnice i udobne naramenice za no\u0161enje u \u0161koli, na izletima ili u svakodnevnim avanturama.","breadcrumb":{"@id":"https:\/\/middlechild.hr\/proizvod\/zoy-zoii-candy-rainbow-ruksak\/#breadcrumb"},"inLanguage":"en-GB","potentialAction":[{"@type":"ReadAction","target":["https:\/\/middlechild.hr\/proizvod\/zoy-zoii-candy-rainbow-ruksak\/"]}]},{"@type":"ImageObject","inLanguage":"en-GB","@id":"https:\/\/middlechild.hr\/proizvod\/zoy-zoii-candy-rainbow-ruksak\/#primaryimage","url":"https:\/\/middlechild.hr\/wp-content\/uploads\/2025\/06\/zoyzoii-dream-series-kids-backpack-rainbow-1.webp","contentUrl":"https:\/\/middlechild.hr\/wp-content\/uploads\/2025\/06\/zoyzoii-dream-series-kids-backpack-rainbow-1.webp","width":1080,"height":1080,"caption":"Zoy Zoii Candy Rainbow"},{"@type":"BreadcrumbList","@id":"https:\/\/middlechild.hr\/proizvod\/zoy-zoii-candy-rainbow-ruksak\/#breadcrumb","itemListElement":[{"@type":"ListItem","position":1,"name":"Po\u010detna stranica","item":"https:\/\/middlechild.hr\/"},{"@type":"ListItem","position":2,"name":"Trgovina","item":"https:\/\/middlechild.hr\/trgovina\/"},{"@type":"ListItem","position":3,"name":"Zoy Zoii Candy Rainbow"}]},{"@type":"WebSite","@id":"https:\/\/middlechild.hr\/#website","url":"https:\/\/middlechild.hr\/","name":"Middle Child","description":"","publisher":{"@id":"https:\/\/middlechild.hr\/#organization"},"potentialAction":[{"@type":"SearchAction","target":{"@type":"EntryPoint","urlTemplate":"https:\/\/middlechild.hr\/?s={search_term_string}"},"query-input":{"@type":"PropertyValueSpecification","valueRequired":true,"valueName":"search_term_string"}}],"inLanguage":"en-GB"},{"@type":"Organization","@id":"https:\/\/middlechild.hr\/#organization","name":"Middle Child","url":"https:\/\/middlechild.hr\/","logo":{"@type":"ImageObject","inLanguage":"en-GB","@id":"https:\/\/middlechild.hr\/#\/schema\/logo\/image\/","url":"https:\/\/middlechild.hr\/wp-content\/uploads\/2025\/09\/Novi-Projekt.png","contentUrl":"https:\/\/middlechild.hr\/wp-content\/uploads\/2025\/09\/Novi-Projekt.png","width":953,"height":185,"caption":"Middle Child"},"image":{"@id":"https:\/\/middlechild.hr\/#\/schema\/logo\/image\/"}}]}},"jetpack_sharing_enabled":true,"_links":{"self":[{"href":"https:\/\/middlechild.hr\/en\/wp-json\/wp\/v2\/product\/312","targetHints":{"allow":["GET"]}}],"collection":[{"href":"https:\/\/middlechild.hr\/en\/wp-json\/wp\/v2\/product"}],"about":[{"href":"https:\/\/middlechild.hr\/en\/wp-json\/wp\/v2\/types\/product"}],"wp:featuredmedia":[{"embeddable":true,"href":"https:\/\/middlechild.hr\/en\/wp-json\/wp\/v2\/media\/1371"}],"wp:attachment":[{"href":"https:\/\/middlechild.hr\/en\/wp-json\/wp\/v2\/media?parent=312"}],"wp:term":[{"taxonomy":"product_brand","embeddable":true,"href":"https:\/\/middlechild.hr\/en\/wp-json\/wp\/v2\/product_brand?post=312"},{"taxonomy":"product_cat","embeddable":true,"href":"https:\/\/middlechild.hr\/en\/wp-json\/wp\/v2\/product_cat?post=312"},{"taxonomy":"product_tag","embeddable":true,"href":"https:\/\/middlechild.hr\/en\/wp-json\/wp\/v2\/product_tag?post=312"}],"curies":[{"name":"wp","href":"https:\/\/api.w.org\/{rel}","templated":true}]}}