{"id":317,"date":"2025-11-11T09:37:16","date_gmt":"2025-11-11T08:37:16","guid":{"rendered":"https:\/\/middlechild.hr\/?post_type=product&#038;p=317"},"modified":"2026-04-06T09:53:10","modified_gmt":"2026-04-06T07:53:10","slug":"zoy-zoii-mushroom-crossbody","status":"publish","type":"product","link":"https:\/\/middlechild.hr\/en\/product\/zoy-zoii-mushroom-crossbody\/","title":{"rendered":"Zoy Zoii Mushroom Crossbody"},"content":{"rendered":"<h2>Zoy Zoii Mushroom Crossbody<\/h2>\n<p data-start=\"0\" data-end=\"131\">Zoy Zoii Mushroom Crossbody Bag, available in <a href=\"https:\/\/middlechild.hr\/en\/\">Middle Child<\/a> offers, brings a touch of fairy tale into the daily adventures of your little one.<\/p>\n<p data-start=\"133\" data-end=\"266\">The model from the playful B39 Series has the shape of a colorful mushroom. This purse is not only practical, but also a fun accessory that children adore.<\/p>\n<p data-start=\"268\" data-end=\"420\">It is perfect for small explorers who love unusual and cheerful fashion details. It offers enough space for a snack, small toys or especially \u201ctreasure\u201d from the excursion.<\/p>\n<p data-start=\"422\" data-end=\"501\" data-is-last-node=\"\" data-is-only-node=\"\">It is lightweight and comfortable to carry over your shoulder, ready for any new adventure.<\/p>\n<p>&nbsp;<\/p>\n<p><iframe title=\"Zoy Zoii\u00aeB39 Crossbody Bag\" width=\"800\" height=\"450\" src=\"https:\/\/www.youtube.com\/embed\/rOXvZv_jflM?feature=oembed\" frameborder=\"0\" allow=\"accelerometer; autoplay; clipboard-write; encrypted-media; gyroscope; picture-in-picture; web-share\" referrerpolicy=\"strict-origin-when-cross-origin\" allowfullscreen><\/iframe><\/p>","protected":false},"excerpt":{"rendered":"<p><strong>LITTLE TORBICA, LARGE MACHINE!<\/strong><\/p>\n<p>Zoy Zoii Mushroom Crossbody Bag from the playful B39 Series brings a touch of fairy tale to your little one's everyday adventures! With the shape of a colorful mushroom, this pouch is not only practical \u2013 it is a real magic on the move. Perfect for all small explorers who love unusual and fun accessories. The purse offers enough space for small things such as snacks, toys or your favourite excursion treasure \u2013 all with easy and comfortable shoulder-wearing.<\/p>\n<p><strong>Main Features:<\/strong><\/p>\n<p><strong>Light and compact:<\/strong> Perfect sizes for children who want to carry their small valuables without feeling heavier.<br \/>\n<strong>Durable and children's materials:<\/strong> Made of high-quality, environmentally friendly materials that ensure longevity and gentleness towards children's hands.<br \/>\n<strong>Playful mushroom design:<\/strong> Inspired by the beauty of the forest, it encourages children to explore and connect with nature.<br \/>\n<strong>Safe and easy access:<\/strong> Equipped with a smooth zipper that keeps small items safe and easily accessible.<br \/>\n<strong>Multifunctional way of wearing:<\/strong> It comes with a detachable strap that allows you to carry it as a bag over your chest, around your waist or on your shoulder \u2014 for maximum flexibility.<\/p>\n<p><strong>The perfect choice for a gift: <\/strong>It comes in a beautiful gift-package, making it an excellent gift for children aged 3 to 12.<\/p>\n<p>Zoy Zoii Mushroom Crossbody Bag is not just a purse \u2013 it is a small dose of magic that children love to wear wherever they go!<\/p>\n<p><strong>Brand:<\/strong> Zoy Zoii<br \/>\n<strong>Main material:<\/strong> 100% Neoprene + Polyester Fiber<br \/>\n<strong>Size:<\/strong> One size<br \/>\n<strong>Dimensions:<\/strong> approximately 110 mm (w) \u00d7 110 mm (d) \u00d7 200 mm (v)<br \/>\n<strong>Weight:<\/strong> 154 g<\/p>\n<p><strong>N.B.:<\/strong> Dimensions are measured with a fully charged purse, so minor deviations are possible.<\/p>\n<p>https:\/\/youtu.be\/rOXvZv_jflM<\/p>","protected":false},"featured_media":318,"template":"","meta":[],"product_brand":[],"product_cat":[24,71,18,52],"product_tag":[],"class_list":{"0":"post-317","1":"product","2":"type-product","3":"status-publish","4":"has-post-thumbnail","6":"product_cat-neopren","7":"product_cat-crossbody-serija","8":"product_cat-crossbody-torba","9":"product_cat-zoy-zoii","11":"first","12":"instock","13":"taxable","14":"shipping-taxable","15":"purchasable","16":"product-type-simple","17":"wpzoom-wc-spi-has-enabled"},"yoast_head":"<!-- This site is optimized with the Yoast SEO plugin v27.2 - https:\/\/yoast.com\/product\/yoast-seo-wordpress\/ -->\n<title>Mushroom torbica u obliku \u0161umske gljive | Middle Child<\/title>\n<meta name=\"description\" content=\"Zoy Zoii digitalni fotoaparat Watermelon omogu\u0107uje djeci da zabilje\u017ee svoje uspomene. Zabavan dizajn lubenice i jednostavne funkcije poti\u010du dje\u010dju kreativnost svaki dan.\" \/>\n<meta name=\"robots\" content=\"index, follow, max-snippet:-1, max-image-preview:large, max-video-preview:-1\" \/>\n<link rel=\"canonical\" href=\"https:\/\/middlechild.hr\/en\/product\/zoy-zoii-mushroom-crossbody\/\" \/>\n<meta property=\"og:locale\" content=\"en_GB\" \/>\n<meta property=\"og:type\" content=\"article\" \/>\n<meta property=\"og:title\" content=\"Mushroom torbica u obliku \u0161umske gljive | Middle Child\" \/>\n<meta property=\"og:description\" content=\"Zoy Zoii digitalni fotoaparat Watermelon omogu\u0107uje djeci da zabilje\u017ee svoje uspomene. Zabavan dizajn lubenice i jednostavne funkcije poti\u010du dje\u010dju kreativnost svaki dan.\" \/>\n<meta property=\"og:url\" content=\"https:\/\/middlechild.hr\/en\/product\/zoy-zoii-mushroom-crossbody\/\" \/>\n<meta property=\"og:site_name\" content=\"Middle Child\" \/>\n<meta property=\"article:modified_time\" content=\"2026-04-06T07:53:10+00:00\" \/>\n<meta name=\"twitter:card\" content=\"summary_large_image\" \/>\n<meta name=\"twitter:label1\" content=\"Estimated reading time\" \/>\n\t<meta name=\"twitter:data1\" content=\"1 minute\" \/>\n<script type=\"application\/ld+json\" class=\"yoast-schema-graph\">{\"@context\":\"https:\/\/schema.org\",\"@graph\":[{\"@type\":\"WebPage\",\"@id\":\"https:\/\/middlechild.hr\/proizvod\/zoy-zoii-mushroom-crossbody\/\",\"url\":\"https:\/\/middlechild.hr\/proizvod\/zoy-zoii-mushroom-crossbody\/\",\"name\":\"Mushroom torbica u obliku \u0161umske gljive | Middle Child\",\"isPartOf\":{\"@id\":\"https:\/\/middlechild.hr\/#website\"},\"primaryImageOfPage\":{\"@id\":\"https:\/\/middlechild.hr\/proizvod\/zoy-zoii-mushroom-crossbody\/#primaryimage\"},\"image\":{\"@id\":\"https:\/\/middlechild.hr\/proizvod\/zoy-zoii-mushroom-crossbody\/#primaryimage\"},\"thumbnailUrl\":\"https:\/\/middlechild.hr\/wp-content\/uploads\/2025\/06\/H631da28bcacb4baf8f77985f13cc968bC.avif\",\"datePublished\":\"2025-11-11T08:37:16+00:00\",\"dateModified\":\"2026-04-06T07:53:10+00:00\",\"description\":\"Zoy Zoii digitalni fotoaparat Watermelon omogu\u0107uje djeci da zabilje\u017ee svoje uspomene. Zabavan dizajn lubenice i jednostavne funkcije poti\u010du dje\u010dju kreativnost svaki dan.\",\"breadcrumb\":{\"@id\":\"https:\/\/middlechild.hr\/proizvod\/zoy-zoii-mushroom-crossbody\/#breadcrumb\"},\"inLanguage\":\"en-GB\",\"potentialAction\":[{\"@type\":\"ReadAction\",\"target\":[\"https:\/\/middlechild.hr\/proizvod\/zoy-zoii-mushroom-crossbody\/\"]}]},{\"@type\":\"ImageObject\",\"inLanguage\":\"en-GB\",\"@id\":\"https:\/\/middlechild.hr\/proizvod\/zoy-zoii-mushroom-crossbody\/#primaryimage\",\"url\":\"https:\/\/middlechild.hr\/wp-content\/uploads\/2025\/06\/H631da28bcacb4baf8f77985f13cc968bC.avif\",\"contentUrl\":\"https:\/\/middlechild.hr\/wp-content\/uploads\/2025\/06\/H631da28bcacb4baf8f77985f13cc968bC.avif\",\"width\":800,\"height\":800,\"caption\":\"Zoy Zoii Mushroom Crossbody\"},{\"@type\":\"BreadcrumbList\",\"@id\":\"https:\/\/middlechild.hr\/proizvod\/zoy-zoii-mushroom-crossbody\/#breadcrumb\",\"itemListElement\":[{\"@type\":\"ListItem\",\"position\":1,\"name\":\"Po\u010detna stranica\",\"item\":\"https:\/\/middlechild.hr\/\"},{\"@type\":\"ListItem\",\"position\":2,\"name\":\"Trgovina\",\"item\":\"https:\/\/middlechild.hr\/trgovina\/\"},{\"@type\":\"ListItem\",\"position\":3,\"name\":\"Zoy Zoii Mushroom Crossbody\"}]},{\"@type\":\"WebSite\",\"@id\":\"https:\/\/middlechild.hr\/#website\",\"url\":\"https:\/\/middlechild.hr\/\",\"name\":\"Middle Child\",\"description\":\"\",\"publisher\":{\"@id\":\"https:\/\/middlechild.hr\/#organization\"},\"potentialAction\":[{\"@type\":\"SearchAction\",\"target\":{\"@type\":\"EntryPoint\",\"urlTemplate\":\"https:\/\/middlechild.hr\/?s={search_term_string}\"},\"query-input\":{\"@type\":\"PropertyValueSpecification\",\"valueRequired\":true,\"valueName\":\"search_term_string\"}}],\"inLanguage\":\"en-GB\"},{\"@type\":\"Organization\",\"@id\":\"https:\/\/middlechild.hr\/#organization\",\"name\":\"Middle Child\",\"url\":\"https:\/\/middlechild.hr\/\",\"logo\":{\"@type\":\"ImageObject\",\"inLanguage\":\"en-GB\",\"@id\":\"https:\/\/middlechild.hr\/#\/schema\/logo\/image\/\",\"url\":\"https:\/\/middlechild.hr\/wp-content\/uploads\/2025\/09\/Novi-Projekt.png\",\"contentUrl\":\"https:\/\/middlechild.hr\/wp-content\/uploads\/2025\/09\/Novi-Projekt.png\",\"width\":953,\"height\":185,\"caption\":\"Middle Child\"},\"image\":{\"@id\":\"https:\/\/middlechild.hr\/#\/schema\/logo\/image\/\"}}]}<\/script>\n<!-- \/ Yoast SEO plugin. -->","yoast_head_json":{"title":"Mushroom torbica u obliku \u0161umske gljive | Middle Child","description":"Zoy Zoii digitalni fotoaparat Watermelon omogu\u0107uje djeci da zabilje\u017ee svoje uspomene. Zabavan dizajn lubenice i jednostavne funkcije poti\u010du dje\u010dju kreativnost svaki dan.","robots":{"index":"index","follow":"follow","max-snippet":"max-snippet:-1","max-image-preview":"max-image-preview:large","max-video-preview":"max-video-preview:-1"},"canonical":"https:\/\/middlechild.hr\/en\/product\/zoy-zoii-mushroom-crossbody\/","og_locale":"en_GB","og_type":"article","og_title":"Mushroom torbica u obliku \u0161umske gljive | Middle Child","og_description":"Zoy Zoii digitalni fotoaparat Watermelon omogu\u0107uje djeci da zabilje\u017ee svoje uspomene. Zabavan dizajn lubenice i jednostavne funkcije poti\u010du dje\u010dju kreativnost svaki dan.","og_url":"https:\/\/middlechild.hr\/en\/product\/zoy-zoii-mushroom-crossbody\/","og_site_name":"Middle Child","article_modified_time":"2026-04-06T07:53:10+00:00","twitter_card":"summary_large_image","twitter_misc":{"Estimated reading time":"1 minute"},"schema":{"@context":"https:\/\/schema.org","@graph":[{"@type":"WebPage","@id":"https:\/\/middlechild.hr\/proizvod\/zoy-zoii-mushroom-crossbody\/","url":"https:\/\/middlechild.hr\/proizvod\/zoy-zoii-mushroom-crossbody\/","name":"Mushroom torbica u obliku \u0161umske gljive | Middle Child","isPartOf":{"@id":"https:\/\/middlechild.hr\/#website"},"primaryImageOfPage":{"@id":"https:\/\/middlechild.hr\/proizvod\/zoy-zoii-mushroom-crossbody\/#primaryimage"},"image":{"@id":"https:\/\/middlechild.hr\/proizvod\/zoy-zoii-mushroom-crossbody\/#primaryimage"},"thumbnailUrl":"https:\/\/middlechild.hr\/wp-content\/uploads\/2025\/06\/H631da28bcacb4baf8f77985f13cc968bC.avif","datePublished":"2025-11-11T08:37:16+00:00","dateModified":"2026-04-06T07:53:10+00:00","description":"Zoy Zoii digitalni fotoaparat Watermelon omogu\u0107uje djeci da zabilje\u017ee svoje uspomene. Zabavan dizajn lubenice i jednostavne funkcije poti\u010du dje\u010dju kreativnost svaki dan.","breadcrumb":{"@id":"https:\/\/middlechild.hr\/proizvod\/zoy-zoii-mushroom-crossbody\/#breadcrumb"},"inLanguage":"en-GB","potentialAction":[{"@type":"ReadAction","target":["https:\/\/middlechild.hr\/proizvod\/zoy-zoii-mushroom-crossbody\/"]}]},{"@type":"ImageObject","inLanguage":"en-GB","@id":"https:\/\/middlechild.hr\/proizvod\/zoy-zoii-mushroom-crossbody\/#primaryimage","url":"https:\/\/middlechild.hr\/wp-content\/uploads\/2025\/06\/H631da28bcacb4baf8f77985f13cc968bC.avif","contentUrl":"https:\/\/middlechild.hr\/wp-content\/uploads\/2025\/06\/H631da28bcacb4baf8f77985f13cc968bC.avif","width":800,"height":800,"caption":"Zoy Zoii Mushroom Crossbody"},{"@type":"BreadcrumbList","@id":"https:\/\/middlechild.hr\/proizvod\/zoy-zoii-mushroom-crossbody\/#breadcrumb","itemListElement":[{"@type":"ListItem","position":1,"name":"Po\u010detna stranica","item":"https:\/\/middlechild.hr\/"},{"@type":"ListItem","position":2,"name":"Trgovina","item":"https:\/\/middlechild.hr\/trgovina\/"},{"@type":"ListItem","position":3,"name":"Zoy Zoii Mushroom Crossbody"}]},{"@type":"WebSite","@id":"https:\/\/middlechild.hr\/#website","url":"https:\/\/middlechild.hr\/","name":"Middle Child","description":"","publisher":{"@id":"https:\/\/middlechild.hr\/#organization"},"potentialAction":[{"@type":"SearchAction","target":{"@type":"EntryPoint","urlTemplate":"https:\/\/middlechild.hr\/?s={search_term_string}"},"query-input":{"@type":"PropertyValueSpecification","valueRequired":true,"valueName":"search_term_string"}}],"inLanguage":"en-GB"},{"@type":"Organization","@id":"https:\/\/middlechild.hr\/#organization","name":"Middle Child","url":"https:\/\/middlechild.hr\/","logo":{"@type":"ImageObject","inLanguage":"en-GB","@id":"https:\/\/middlechild.hr\/#\/schema\/logo\/image\/","url":"https:\/\/middlechild.hr\/wp-content\/uploads\/2025\/09\/Novi-Projekt.png","contentUrl":"https:\/\/middlechild.hr\/wp-content\/uploads\/2025\/09\/Novi-Projekt.png","width":953,"height":185,"caption":"Middle Child"},"image":{"@id":"https:\/\/middlechild.hr\/#\/schema\/logo\/image\/"}}]}},"jetpack_sharing_enabled":true,"_links":{"self":[{"href":"https:\/\/middlechild.hr\/en\/wp-json\/wp\/v2\/product\/317","targetHints":{"allow":["GET"]}}],"collection":[{"href":"https:\/\/middlechild.hr\/en\/wp-json\/wp\/v2\/product"}],"about":[{"href":"https:\/\/middlechild.hr\/en\/wp-json\/wp\/v2\/types\/product"}],"wp:featuredmedia":[{"embeddable":true,"href":"https:\/\/middlechild.hr\/en\/wp-json\/wp\/v2\/media\/318"}],"wp:attachment":[{"href":"https:\/\/middlechild.hr\/en\/wp-json\/wp\/v2\/media?parent=317"}],"wp:term":[{"taxonomy":"product_brand","embeddable":true,"href":"https:\/\/middlechild.hr\/en\/wp-json\/wp\/v2\/product_brand?post=317"},{"taxonomy":"product_cat","embeddable":true,"href":"https:\/\/middlechild.hr\/en\/wp-json\/wp\/v2\/product_cat?post=317"},{"taxonomy":"product_tag","embeddable":true,"href":"https:\/\/middlechild.hr\/en\/wp-json\/wp\/v2\/product_tag?post=317"}],"curies":[{"name":"wp","href":"https:\/\/api.w.org\/{rel}","templated":true}]}}