{"id":347,"date":"2025-11-10T10:34:29","date_gmt":"2025-11-10T09:34:29","guid":{"rendered":"https:\/\/middlechild.hr\/?post_type=product&#038;p=347"},"modified":"2026-04-07T08:15:15","modified_gmt":"2026-04-07T06:15:15","slug":"zoy-zoii-yellow-green-string","status":"publish","type":"product","link":"https:\/\/middlechild.hr\/en\/product\/zoy-zoii-yellow-green-string\/","title":{"rendered":"Zoy Zoii Yellow Green String"},"content":{"rendered":"<h2>Zoy Zoii Yellow Green String<\/h2>\n<p data-start=\"0\" data-end=\"135\">Zoy Zoii Yellow Green String, available in <a href=\"https:\/\/middlechild.hr\/en\/\">Middle Child<\/a> Offers, it is perfect for small explorers who love to wander and discover the world.<\/p>\n<p data-start=\"137\" data-end=\"316\">Zoy Zoii Soft Foldable Outdoor Backpack from B86 Drawstring Series comes in cool yellow-green tones. It is lightweight, comfortable and waterproof, so it follows every step, jump and bike ride.<\/p>\n<p data-start=\"318\" data-end=\"422\">The backpack also includes a mini-bag for keeping small \u201csecrets\u201d such as coins, candies or favorite little things.<\/p>\n<p data-start=\"424\" data-end=\"524\" data-is-last-node=\"\" data-is-only-node=\"\">The practical design makes it ideal for forest adventures, excursions and daily outdoor walks.<\/p>","protected":false},"excerpt":{"rendered":"<p><strong>A small explorer at work!<\/strong><\/p>\n<p>For small explorers who love to wander and discover the world. Zoy Zoii Soft Foldable - Outdoor backpack from the B86 Drawstring Series in cool yellow-green tones is the right choice for all small explorers! Lightweight, comfortable and waterproof \u2013 this backpack accompanies every step, jump and bike ride. There is also a mini-bag to keep the most important \u201csecrets\u201d \u2013 coins, candies or favorite little things! It is the perfect companion for any outdoor adventure. Designed with an emphasis on convenience, this backpack is ideal for forest adventures, excursions or daily walks.<\/p>\n<p><strong>Main Features:<\/strong><\/p>\n<ul>\n<li><strong>Adjustable multi-purpose straps:<\/strong> It can be worn in three ways \u2013 as a backpack, shoulder bag or handbag \u2013 to adapt to any adventure and provide maximum comfort.<\/li>\n<li><strong>Multi-purpose cord closure:<\/strong> Easy opening and closing allows quick access to things while keeping them safe.<\/li>\n<li><strong>It comes with inspiring accessories:<\/strong> It includes small, themed, research-inspired pendants that inspire children to curiosity and discovery.<\/li>\n<\/ul>\n<ul>\n<li><strong>Waterproof:<\/strong>\u00a0Perfect for all weather conditions \u2013 protects the content both in the rain and in the sun<\/li>\n<\/ul>\n<p>From nature walks to everyday outings, it is designed to carry small valuables, snacks and basic necessities with ease. Its lightweight, flexible and durable design makes it the perfect choice for any little adventurer.<\/p>\n<p><strong>Brand:<\/strong> Zoy Zoii<br \/>\n<strong>Main material:<\/strong> Nylon Twill (Nylon Plaid)<br \/>\n<strong>Size:<\/strong> One size<br \/>\n<strong>Approximate dimensions:<\/strong> 335 mm (W) \u00d7 110 mm (D) \u00d7 360 mm (V)<\/p>\n<p><strong>Weight:<\/strong> approx. 170 g \/ approx. 33 g (small extra bag)<\/p>\n<p><strong>N.B.:<\/strong> Dimensions are measured with a fully loaded bag and minor deviations are possible.<\/p>","protected":false},"featured_media":1661,"template":"","meta":[],"product_brand":[],"product_cat":[72,16,74,19,103,52],"product_tag":[],"class_list":{"0":"post-347","1":"product","2":"type-product","3":"status-publish","4":"has-post-thumbnail","6":"product_cat-drawstring-serija","7":"product_cat-nekategorizirano","8":"product_cat-nylon","9":"product_cat-ruksak","10":"product_cat-soft-foldable-ruksak","11":"product_cat-zoy-zoii","13":"first","14":"instock","15":"taxable","16":"shipping-taxable","17":"purchasable","18":"product-type-simple","19":"wpzoom-wc-spi-has-enabled"},"yoast_head":"<!-- This site is optimized with the Yoast SEO plugin v27.2 - https:\/\/yoast.com\/product\/yoast-seo-wordpress\/ -->\n<title>Yellow Green ruksak \u017euto zelene kombinacije | Middle Child<\/title>\n<meta name=\"description\" content=\"Zoy Zoii Yellow Green String dje\u010dja torba kombinira atraktivan dizajn i prakti\u010dnost. Kvalitetna izrada jam\u010di otpornost, a \u017eivo zelena boja privla\u010di sve poglede.\" \/>\n<meta name=\"robots\" content=\"index, follow, max-snippet:-1, max-image-preview:large, max-video-preview:-1\" \/>\n<link rel=\"canonical\" href=\"https:\/\/middlechild.hr\/en\/product\/zoy-zoii-yellow-green-string\/\" \/>\n<meta property=\"og:locale\" content=\"en_GB\" \/>\n<meta property=\"og:type\" content=\"article\" \/>\n<meta property=\"og:title\" content=\"Yellow Green ruksak \u017euto zelene kombinacije | Middle Child\" \/>\n<meta property=\"og:description\" content=\"Zoy Zoii Yellow Green String dje\u010dja torba kombinira atraktivan dizajn i prakti\u010dnost. Kvalitetna izrada jam\u010di otpornost, a \u017eivo zelena boja privla\u010di sve poglede.\" \/>\n<meta property=\"og:url\" content=\"https:\/\/middlechild.hr\/en\/product\/zoy-zoii-yellow-green-string\/\" \/>\n<meta property=\"og:site_name\" content=\"Middle Child\" \/>\n<meta property=\"article:modified_time\" content=\"2026-04-07T06:15:15+00:00\" \/>\n<meta property=\"og:image\" content=\"https:\/\/middlechild.hr\/wp-content\/uploads\/2025\/06\/27cb1fe880b91268146d1da8081595f5-1-scaled.jpg\" \/>\n\t<meta property=\"og:image:width\" content=\"1921\" \/>\n\t<meta property=\"og:image:height\" content=\"2560\" \/>\n\t<meta property=\"og:image:type\" content=\"image\/jpeg\" \/>\n<meta name=\"twitter:card\" content=\"summary_large_image\" \/>\n<meta name=\"twitter:label1\" content=\"Estimated reading time\" \/>\n\t<meta name=\"twitter:data1\" content=\"1 minute\" \/>\n<script type=\"application\/ld+json\" class=\"yoast-schema-graph\">{\"@context\":\"https:\/\/schema.org\",\"@graph\":[{\"@type\":\"WebPage\",\"@id\":\"https:\/\/middlechild.hr\/proizvod\/zoy-zoii-yellow-green-string\/\",\"url\":\"https:\/\/middlechild.hr\/proizvod\/zoy-zoii-yellow-green-string\/\",\"name\":\"Yellow Green ruksak \u017euto zelene kombinacije | Middle Child\",\"isPartOf\":{\"@id\":\"https:\/\/middlechild.hr\/#website\"},\"primaryImageOfPage\":{\"@id\":\"https:\/\/middlechild.hr\/proizvod\/zoy-zoii-yellow-green-string\/#primaryimage\"},\"image\":{\"@id\":\"https:\/\/middlechild.hr\/proizvod\/zoy-zoii-yellow-green-string\/#primaryimage\"},\"thumbnailUrl\":\"https:\/\/middlechild.hr\/wp-content\/uploads\/2025\/06\/27cb1fe880b91268146d1da8081595f5-1-scaled.jpg\",\"datePublished\":\"2025-11-10T09:34:29+00:00\",\"dateModified\":\"2026-04-07T06:15:15+00:00\",\"description\":\"Zoy Zoii Yellow Green String dje\u010dja torba kombinira atraktivan dizajn i prakti\u010dnost. Kvalitetna izrada jam\u010di otpornost, a \u017eivo zelena boja privla\u010di sve poglede.\",\"breadcrumb\":{\"@id\":\"https:\/\/middlechild.hr\/proizvod\/zoy-zoii-yellow-green-string\/#breadcrumb\"},\"inLanguage\":\"en-GB\",\"potentialAction\":[{\"@type\":\"ReadAction\",\"target\":[\"https:\/\/middlechild.hr\/proizvod\/zoy-zoii-yellow-green-string\/\"]}]},{\"@type\":\"ImageObject\",\"inLanguage\":\"en-GB\",\"@id\":\"https:\/\/middlechild.hr\/proizvod\/zoy-zoii-yellow-green-string\/#primaryimage\",\"url\":\"https:\/\/middlechild.hr\/wp-content\/uploads\/2025\/06\/27cb1fe880b91268146d1da8081595f5-1-scaled.jpg\",\"contentUrl\":\"https:\/\/middlechild.hr\/wp-content\/uploads\/2025\/06\/27cb1fe880b91268146d1da8081595f5-1-scaled.jpg\",\"width\":1921,\"height\":2560,\"caption\":\"Zoy Zoii Yellow Green String\"},{\"@type\":\"BreadcrumbList\",\"@id\":\"https:\/\/middlechild.hr\/proizvod\/zoy-zoii-yellow-green-string\/#breadcrumb\",\"itemListElement\":[{\"@type\":\"ListItem\",\"position\":1,\"name\":\"Po\u010detna stranica\",\"item\":\"https:\/\/middlechild.hr\/\"},{\"@type\":\"ListItem\",\"position\":2,\"name\":\"Trgovina\",\"item\":\"https:\/\/middlechild.hr\/trgovina\/\"},{\"@type\":\"ListItem\",\"position\":3,\"name\":\"Zoy Zoii Yellow Green String\"}]},{\"@type\":\"WebSite\",\"@id\":\"https:\/\/middlechild.hr\/#website\",\"url\":\"https:\/\/middlechild.hr\/\",\"name\":\"Middle Child\",\"description\":\"\",\"publisher\":{\"@id\":\"https:\/\/middlechild.hr\/#organization\"},\"potentialAction\":[{\"@type\":\"SearchAction\",\"target\":{\"@type\":\"EntryPoint\",\"urlTemplate\":\"https:\/\/middlechild.hr\/?s={search_term_string}\"},\"query-input\":{\"@type\":\"PropertyValueSpecification\",\"valueRequired\":true,\"valueName\":\"search_term_string\"}}],\"inLanguage\":\"en-GB\"},{\"@type\":\"Organization\",\"@id\":\"https:\/\/middlechild.hr\/#organization\",\"name\":\"Middle Child\",\"url\":\"https:\/\/middlechild.hr\/\",\"logo\":{\"@type\":\"ImageObject\",\"inLanguage\":\"en-GB\",\"@id\":\"https:\/\/middlechild.hr\/#\/schema\/logo\/image\/\",\"url\":\"https:\/\/middlechild.hr\/wp-content\/uploads\/2025\/09\/Novi-Projekt.png\",\"contentUrl\":\"https:\/\/middlechild.hr\/wp-content\/uploads\/2025\/09\/Novi-Projekt.png\",\"width\":953,\"height\":185,\"caption\":\"Middle Child\"},\"image\":{\"@id\":\"https:\/\/middlechild.hr\/#\/schema\/logo\/image\/\"}}]}<\/script>\n<!-- \/ Yoast SEO plugin. -->","yoast_head_json":{"title":"Yellow Green ruksak \u017euto zelene kombinacije | Middle Child","description":"Zoy Zoii Yellow Green String dje\u010dja torba kombinira atraktivan dizajn i prakti\u010dnost. Kvalitetna izrada jam\u010di otpornost, a \u017eivo zelena boja privla\u010di sve poglede.","robots":{"index":"index","follow":"follow","max-snippet":"max-snippet:-1","max-image-preview":"max-image-preview:large","max-video-preview":"max-video-preview:-1"},"canonical":"https:\/\/middlechild.hr\/en\/product\/zoy-zoii-yellow-green-string\/","og_locale":"en_GB","og_type":"article","og_title":"Yellow Green ruksak \u017euto zelene kombinacije | Middle Child","og_description":"Zoy Zoii Yellow Green String dje\u010dja torba kombinira atraktivan dizajn i prakti\u010dnost. Kvalitetna izrada jam\u010di otpornost, a \u017eivo zelena boja privla\u010di sve poglede.","og_url":"https:\/\/middlechild.hr\/en\/product\/zoy-zoii-yellow-green-string\/","og_site_name":"Middle Child","article_modified_time":"2026-04-07T06:15:15+00:00","og_image":[{"width":1921,"height":2560,"url":"https:\/\/middlechild.hr\/wp-content\/uploads\/2025\/06\/27cb1fe880b91268146d1da8081595f5-1-scaled.jpg","type":"image\/jpeg"}],"twitter_card":"summary_large_image","twitter_misc":{"Estimated reading time":"1 minute"},"schema":{"@context":"https:\/\/schema.org","@graph":[{"@type":"WebPage","@id":"https:\/\/middlechild.hr\/proizvod\/zoy-zoii-yellow-green-string\/","url":"https:\/\/middlechild.hr\/proizvod\/zoy-zoii-yellow-green-string\/","name":"Yellow Green ruksak \u017euto zelene kombinacije | Middle Child","isPartOf":{"@id":"https:\/\/middlechild.hr\/#website"},"primaryImageOfPage":{"@id":"https:\/\/middlechild.hr\/proizvod\/zoy-zoii-yellow-green-string\/#primaryimage"},"image":{"@id":"https:\/\/middlechild.hr\/proizvod\/zoy-zoii-yellow-green-string\/#primaryimage"},"thumbnailUrl":"https:\/\/middlechild.hr\/wp-content\/uploads\/2025\/06\/27cb1fe880b91268146d1da8081595f5-1-scaled.jpg","datePublished":"2025-11-10T09:34:29+00:00","dateModified":"2026-04-07T06:15:15+00:00","description":"Zoy Zoii Yellow Green String dje\u010dja torba kombinira atraktivan dizajn i prakti\u010dnost. Kvalitetna izrada jam\u010di otpornost, a \u017eivo zelena boja privla\u010di sve poglede.","breadcrumb":{"@id":"https:\/\/middlechild.hr\/proizvod\/zoy-zoii-yellow-green-string\/#breadcrumb"},"inLanguage":"en-GB","potentialAction":[{"@type":"ReadAction","target":["https:\/\/middlechild.hr\/proizvod\/zoy-zoii-yellow-green-string\/"]}]},{"@type":"ImageObject","inLanguage":"en-GB","@id":"https:\/\/middlechild.hr\/proizvod\/zoy-zoii-yellow-green-string\/#primaryimage","url":"https:\/\/middlechild.hr\/wp-content\/uploads\/2025\/06\/27cb1fe880b91268146d1da8081595f5-1-scaled.jpg","contentUrl":"https:\/\/middlechild.hr\/wp-content\/uploads\/2025\/06\/27cb1fe880b91268146d1da8081595f5-1-scaled.jpg","width":1921,"height":2560,"caption":"Zoy Zoii Yellow Green String"},{"@type":"BreadcrumbList","@id":"https:\/\/middlechild.hr\/proizvod\/zoy-zoii-yellow-green-string\/#breadcrumb","itemListElement":[{"@type":"ListItem","position":1,"name":"Po\u010detna stranica","item":"https:\/\/middlechild.hr\/"},{"@type":"ListItem","position":2,"name":"Trgovina","item":"https:\/\/middlechild.hr\/trgovina\/"},{"@type":"ListItem","position":3,"name":"Zoy Zoii Yellow Green String"}]},{"@type":"WebSite","@id":"https:\/\/middlechild.hr\/#website","url":"https:\/\/middlechild.hr\/","name":"Middle Child","description":"","publisher":{"@id":"https:\/\/middlechild.hr\/#organization"},"potentialAction":[{"@type":"SearchAction","target":{"@type":"EntryPoint","urlTemplate":"https:\/\/middlechild.hr\/?s={search_term_string}"},"query-input":{"@type":"PropertyValueSpecification","valueRequired":true,"valueName":"search_term_string"}}],"inLanguage":"en-GB"},{"@type":"Organization","@id":"https:\/\/middlechild.hr\/#organization","name":"Middle Child","url":"https:\/\/middlechild.hr\/","logo":{"@type":"ImageObject","inLanguage":"en-GB","@id":"https:\/\/middlechild.hr\/#\/schema\/logo\/image\/","url":"https:\/\/middlechild.hr\/wp-content\/uploads\/2025\/09\/Novi-Projekt.png","contentUrl":"https:\/\/middlechild.hr\/wp-content\/uploads\/2025\/09\/Novi-Projekt.png","width":953,"height":185,"caption":"Middle Child"},"image":{"@id":"https:\/\/middlechild.hr\/#\/schema\/logo\/image\/"}}]}},"jetpack_sharing_enabled":true,"_links":{"self":[{"href":"https:\/\/middlechild.hr\/en\/wp-json\/wp\/v2\/product\/347","targetHints":{"allow":["GET"]}}],"collection":[{"href":"https:\/\/middlechild.hr\/en\/wp-json\/wp\/v2\/product"}],"about":[{"href":"https:\/\/middlechild.hr\/en\/wp-json\/wp\/v2\/types\/product"}],"wp:featuredmedia":[{"embeddable":true,"href":"https:\/\/middlechild.hr\/en\/wp-json\/wp\/v2\/media\/1661"}],"wp:attachment":[{"href":"https:\/\/middlechild.hr\/en\/wp-json\/wp\/v2\/media?parent=347"}],"wp:term":[{"taxonomy":"product_brand","embeddable":true,"href":"https:\/\/middlechild.hr\/en\/wp-json\/wp\/v2\/product_brand?post=347"},{"taxonomy":"product_cat","embeddable":true,"href":"https:\/\/middlechild.hr\/en\/wp-json\/wp\/v2\/product_cat?post=347"},{"taxonomy":"product_tag","embeddable":true,"href":"https:\/\/middlechild.hr\/en\/wp-json\/wp\/v2\/product_tag?post=347"}],"curies":[{"name":"wp","href":"https:\/\/api.w.org\/{rel}","templated":true}]}}