{"id":75,"date":"2025-05-14T13:13:14","date_gmt":"2025-05-14T11:13:14","guid":{"rendered":"https:\/\/middlechild.hr\/?post_type=product&#038;p=75"},"modified":"2026-04-06T09:55:01","modified_gmt":"2026-04-06T07:55:01","slug":"zoy-zoii-cream-cake","status":"publish","type":"product","link":"https:\/\/middlechild.hr\/en\/product\/zoy-zoii-cream-cake\/","title":{"rendered":"Zoy Zoii Cream Cake"},"content":{"rendered":"<p>Looking for a backpack that everyone will notice? Zoy Zoii 3D Cream Cake Backpack from the B18 Dessert Series, available in the Middle Child range, brings a perfect blend of style, entertainment and functionality.<\/p>\n<p>Inspired by sweet cream cakes, this <a href=\"https:\/\/middlechild.hr\/en\/product-category\/zoy-zoii\/\">Zoy Zoii<\/a> Cream Cake backpack comes in gentle pastel tones. Its playful 3D design immediately attracts attention and delights children.<\/p>\n<p>The backpack is lightweight, comfortable and ideal for everyday adventures. It is perfect for kindergarten, walks, excursions or trips.<\/p>\n<p>Children get a fun and unique accessory. Parents get quality and convenience.<\/p>\n<p><iframe title=\"Zoyzoii\u00ae B18 Dessert Series Backpack\" width=\"800\" height=\"450\" src=\"https:\/\/www.youtube.com\/embed\/P7ixvFefGCM?feature=oembed\" frameborder=\"0\" allow=\"accelerometer; autoplay; clipboard-write; encrypted-media; gyroscope; picture-in-picture; web-share\" referrerpolicy=\"strict-origin-when-cross-origin\" allowfullscreen><\/iframe><\/p>","protected":false},"excerpt":{"rendered":"<p><strong>WHEN THE FATHER'S SUCCESSING STYLE!<\/strong><\/p>\n<p>If you are looking for a backpack that looks so good that everyone notices it \u2013 you have just found it. Inspired by the most delicious creamy cakes, this Zoy Zoii 3D Cream Cake Backpack from the B18 Dessert Series perfectly blends delicate pastel tones and unmistakable aesthetic appeal. For children who want something special, and parents who want quality in charming packaging \u2013 with an effect that excites enthusiasm wherever it appears.<\/p>\n<p>Zoy Zoii Cream Cake The backpack is a real treat - \u201cA dessert that is worn, not eaten\u201d!<\/p>\n<p><strong>Main Features:<\/strong><\/p>\n<p><strong>Attractive design:<\/strong> Unique 3D design in the form of a strawberry cake that stimulates children's imagination and curiosity.<\/p>\n<p><strong>Easy and comfortable:<\/strong> Made of durable, high-quality EVA material that provides a lightweight (456 g) but solid structure.<\/p>\n<p><strong>Spacious and organized:<\/strong> Smartly designed indoor space with enough space for books, snacks and other children's necessities.<\/p>\n<p><strong>Soft, adjustable shoulder straps:<\/strong> Wide, padded shoulder straps provide maximum comfort, even during long days.<\/p>\n<p><strong>Non-slip H-button: \u00a0<\/strong>It evenly distributes weight over the shoulders and back, reducing stress. Keep your backpack firmly in place and during the most lively children's activities.<\/p>\n<p><strong>Ergonomic design with spinal support:<\/strong> Designed to accompany the natural curvature of the children's spine, providing excellent support and comfort.<\/p>\n<p><strong>Soft and durable handle:<\/strong> The comfortable top handle makes it easy to carry in your hand when needed.<\/p>\n<p><strong>Cute pendants on the zipper:<\/strong> It comes with fruit pendants that also serve as a small toy, adding an extra note of fun!<\/p>\n<p><strong>The perfect choice for a gift:<\/strong> It comes in elegant gift-packing, making it an excellent gift for children aged 3 to 8.<\/p>\n<p>For children who love cute motifs and playful adventures, Zoy Zoii Cream Cake backpack is the perfect combination of fashion and functionality. With its light but firm construction, it is an ideal companion for school, travel and everyday activities!<\/p>\n<p><strong>Brand:<\/strong> Zoy Zoii<br \/>\n<strong>Main material:<\/strong> EVA + polyester<br \/>\n<strong>Size:<\/strong> One size<br \/>\n<strong>Dimensions (approximately):<\/strong> 282.67 mm (width) \u00d7 131.99 mm (depth) \u00d7 236.48 mm (height)<br \/>\n<strong>Weight:<\/strong> 456 g<\/p>\n<p><strong>N.B.:<\/strong> Dimensions are taken with a fully loaded bag, so minor deviations may occur.<\/p>\n<p>https:\/\/youtu.be\/P7ixvFefGCM<\/p>\n<p>&nbsp;<\/p>","protected":false},"featured_media":225,"template":"","meta":[],"product_brand":[],"product_cat":[23,101,76,19,52],"product_tag":[],"class_list":{"0":"post-75","1":"product","2":"type-product","3":"status-publish","4":"has-post-thumbnail","6":"product_cat-eva","7":"product_cat-3d-ruksak","8":"product_cat-dessert-serija","9":"product_cat-ruksak","10":"product_cat-zoy-zoii","12":"first","13":"instock","14":"taxable","15":"shipping-taxable","16":"purchasable","17":"product-type-simple","18":"wpzoom-wc-spi-has-enabled"},"yoast_head":"<!-- This site is optimized with the Yoast SEO plugin v27.2 - https:\/\/yoast.com\/product\/yoast-seo-wordpress\/ -->\n<title>Cream Cake ruksak s motivom kremaste torte | Middle Child<\/title>\n<meta name=\"description\" content=\"Zoy Zoii Spaceship ruksak u obliku svemirskog broda vodi mali\u0161ane u nove galaksije. Inovativan dizajn i reflektiraju\u0107i detalji pru\u017eaju sigurnost i privla\u010de poglede.\" \/>\n<meta name=\"robots\" content=\"index, follow, max-snippet:-1, max-image-preview:large, max-video-preview:-1\" \/>\n<link rel=\"canonical\" href=\"https:\/\/middlechild.hr\/en\/product\/zoy-zoii-cream-cake\/\" \/>\n<meta property=\"og:locale\" content=\"en_GB\" \/>\n<meta property=\"og:type\" content=\"article\" \/>\n<meta property=\"og:title\" content=\"Cream Cake ruksak s motivom kremaste torte | Middle Child\" \/>\n<meta property=\"og:description\" content=\"Zoy Zoii Spaceship ruksak u obliku svemirskog broda vodi mali\u0161ane u nove galaksije. Inovativan dizajn i reflektiraju\u0107i detalji pru\u017eaju sigurnost i privla\u010de poglede.\" \/>\n<meta property=\"og:url\" content=\"https:\/\/middlechild.hr\/en\/product\/zoy-zoii-cream-cake\/\" \/>\n<meta property=\"og:site_name\" content=\"Middle Child\" \/>\n<meta property=\"article:modified_time\" content=\"2026-04-06T07:55:01+00:00\" \/>\n<meta property=\"og:image\" content=\"https:\/\/middlechild.hr\/wp-content\/uploads\/2025\/05\/1-7.jpg\" \/>\n\t<meta property=\"og:image:width\" content=\"1000\" \/>\n\t<meta property=\"og:image:height\" content=\"1000\" \/>\n\t<meta property=\"og:image:type\" content=\"image\/jpeg\" \/>\n<meta name=\"twitter:card\" content=\"summary_large_image\" \/>\n<meta name=\"twitter:label1\" content=\"Estimated reading time\" \/>\n\t<meta name=\"twitter:data1\" content=\"1 minute\" \/>\n<script type=\"application\/ld+json\" class=\"yoast-schema-graph\">{\"@context\":\"https:\/\/schema.org\",\"@graph\":[{\"@type\":\"WebPage\",\"@id\":\"https:\/\/middlechild.hr\/proizvod\/zoy-zoii-cream-cake\/\",\"url\":\"https:\/\/middlechild.hr\/proizvod\/zoy-zoii-cream-cake\/\",\"name\":\"Cream Cake ruksak s motivom kremaste torte | Middle Child\",\"isPartOf\":{\"@id\":\"https:\/\/middlechild.hr\/#website\"},\"primaryImageOfPage\":{\"@id\":\"https:\/\/middlechild.hr\/proizvod\/zoy-zoii-cream-cake\/#primaryimage\"},\"image\":{\"@id\":\"https:\/\/middlechild.hr\/proizvod\/zoy-zoii-cream-cake\/#primaryimage\"},\"thumbnailUrl\":\"https:\/\/middlechild.hr\/wp-content\/uploads\/2025\/05\/1-7.jpg\",\"datePublished\":\"2025-05-14T11:13:14+00:00\",\"dateModified\":\"2026-04-06T07:55:01+00:00\",\"description\":\"Zoy Zoii Spaceship ruksak u obliku svemirskog broda vodi mali\u0161ane u nove galaksije. Inovativan dizajn i reflektiraju\u0107i detalji pru\u017eaju sigurnost i privla\u010de poglede.\",\"breadcrumb\":{\"@id\":\"https:\/\/middlechild.hr\/proizvod\/zoy-zoii-cream-cake\/#breadcrumb\"},\"inLanguage\":\"en-GB\",\"potentialAction\":[{\"@type\":\"ReadAction\",\"target\":[\"https:\/\/middlechild.hr\/proizvod\/zoy-zoii-cream-cake\/\"]}]},{\"@type\":\"ImageObject\",\"inLanguage\":\"en-GB\",\"@id\":\"https:\/\/middlechild.hr\/proizvod\/zoy-zoii-cream-cake\/#primaryimage\",\"url\":\"https:\/\/middlechild.hr\/wp-content\/uploads\/2025\/05\/1-7.jpg\",\"contentUrl\":\"https:\/\/middlechild.hr\/wp-content\/uploads\/2025\/05\/1-7.jpg\",\"width\":1000,\"height\":1000,\"caption\":\"Zoy Zoii Cream Cake\"},{\"@type\":\"BreadcrumbList\",\"@id\":\"https:\/\/middlechild.hr\/proizvod\/zoy-zoii-cream-cake\/#breadcrumb\",\"itemListElement\":[{\"@type\":\"ListItem\",\"position\":1,\"name\":\"Po\u010detna stranica\",\"item\":\"https:\/\/middlechild.hr\/\"},{\"@type\":\"ListItem\",\"position\":2,\"name\":\"Trgovina\",\"item\":\"https:\/\/middlechild.hr\/trgovina\/\"},{\"@type\":\"ListItem\",\"position\":3,\"name\":\"Zoy Zoii Cream Cake\"}]},{\"@type\":\"WebSite\",\"@id\":\"https:\/\/middlechild.hr\/#website\",\"url\":\"https:\/\/middlechild.hr\/\",\"name\":\"Middle Child\",\"description\":\"\",\"publisher\":{\"@id\":\"https:\/\/middlechild.hr\/#organization\"},\"potentialAction\":[{\"@type\":\"SearchAction\",\"target\":{\"@type\":\"EntryPoint\",\"urlTemplate\":\"https:\/\/middlechild.hr\/?s={search_term_string}\"},\"query-input\":{\"@type\":\"PropertyValueSpecification\",\"valueRequired\":true,\"valueName\":\"search_term_string\"}}],\"inLanguage\":\"en-GB\"},{\"@type\":\"Organization\",\"@id\":\"https:\/\/middlechild.hr\/#organization\",\"name\":\"Middle Child\",\"url\":\"https:\/\/middlechild.hr\/\",\"logo\":{\"@type\":\"ImageObject\",\"inLanguage\":\"en-GB\",\"@id\":\"https:\/\/middlechild.hr\/#\/schema\/logo\/image\/\",\"url\":\"https:\/\/middlechild.hr\/wp-content\/uploads\/2025\/09\/Novi-Projekt.png\",\"contentUrl\":\"https:\/\/middlechild.hr\/wp-content\/uploads\/2025\/09\/Novi-Projekt.png\",\"width\":953,\"height\":185,\"caption\":\"Middle Child\"},\"image\":{\"@id\":\"https:\/\/middlechild.hr\/#\/schema\/logo\/image\/\"}}]}<\/script>\n<!-- \/ Yoast SEO plugin. -->","yoast_head_json":{"title":"Cream Cake ruksak s motivom kremaste torte | Middle Child","description":"Zoy Zoii Spaceship ruksak u obliku svemirskog broda vodi mali\u0161ane u nove galaksije. Inovativan dizajn i reflektiraju\u0107i detalji pru\u017eaju sigurnost i privla\u010de poglede.","robots":{"index":"index","follow":"follow","max-snippet":"max-snippet:-1","max-image-preview":"max-image-preview:large","max-video-preview":"max-video-preview:-1"},"canonical":"https:\/\/middlechild.hr\/en\/product\/zoy-zoii-cream-cake\/","og_locale":"en_GB","og_type":"article","og_title":"Cream Cake ruksak s motivom kremaste torte | Middle Child","og_description":"Zoy Zoii Spaceship ruksak u obliku svemirskog broda vodi mali\u0161ane u nove galaksije. Inovativan dizajn i reflektiraju\u0107i detalji pru\u017eaju sigurnost i privla\u010de poglede.","og_url":"https:\/\/middlechild.hr\/en\/product\/zoy-zoii-cream-cake\/","og_site_name":"Middle Child","article_modified_time":"2026-04-06T07:55:01+00:00","og_image":[{"width":1000,"height":1000,"url":"https:\/\/middlechild.hr\/wp-content\/uploads\/2025\/05\/1-7.jpg","type":"image\/jpeg"}],"twitter_card":"summary_large_image","twitter_misc":{"Estimated reading time":"1 minute"},"schema":{"@context":"https:\/\/schema.org","@graph":[{"@type":"WebPage","@id":"https:\/\/middlechild.hr\/proizvod\/zoy-zoii-cream-cake\/","url":"https:\/\/middlechild.hr\/proizvod\/zoy-zoii-cream-cake\/","name":"Cream Cake ruksak s motivom kremaste torte | Middle Child","isPartOf":{"@id":"https:\/\/middlechild.hr\/#website"},"primaryImageOfPage":{"@id":"https:\/\/middlechild.hr\/proizvod\/zoy-zoii-cream-cake\/#primaryimage"},"image":{"@id":"https:\/\/middlechild.hr\/proizvod\/zoy-zoii-cream-cake\/#primaryimage"},"thumbnailUrl":"https:\/\/middlechild.hr\/wp-content\/uploads\/2025\/05\/1-7.jpg","datePublished":"2025-05-14T11:13:14+00:00","dateModified":"2026-04-06T07:55:01+00:00","description":"Zoy Zoii Spaceship ruksak u obliku svemirskog broda vodi mali\u0161ane u nove galaksije. Inovativan dizajn i reflektiraju\u0107i detalji pru\u017eaju sigurnost i privla\u010de poglede.","breadcrumb":{"@id":"https:\/\/middlechild.hr\/proizvod\/zoy-zoii-cream-cake\/#breadcrumb"},"inLanguage":"en-GB","potentialAction":[{"@type":"ReadAction","target":["https:\/\/middlechild.hr\/proizvod\/zoy-zoii-cream-cake\/"]}]},{"@type":"ImageObject","inLanguage":"en-GB","@id":"https:\/\/middlechild.hr\/proizvod\/zoy-zoii-cream-cake\/#primaryimage","url":"https:\/\/middlechild.hr\/wp-content\/uploads\/2025\/05\/1-7.jpg","contentUrl":"https:\/\/middlechild.hr\/wp-content\/uploads\/2025\/05\/1-7.jpg","width":1000,"height":1000,"caption":"Zoy Zoii Cream Cake"},{"@type":"BreadcrumbList","@id":"https:\/\/middlechild.hr\/proizvod\/zoy-zoii-cream-cake\/#breadcrumb","itemListElement":[{"@type":"ListItem","position":1,"name":"Po\u010detna stranica","item":"https:\/\/middlechild.hr\/"},{"@type":"ListItem","position":2,"name":"Trgovina","item":"https:\/\/middlechild.hr\/trgovina\/"},{"@type":"ListItem","position":3,"name":"Zoy Zoii Cream Cake"}]},{"@type":"WebSite","@id":"https:\/\/middlechild.hr\/#website","url":"https:\/\/middlechild.hr\/","name":"Middle Child","description":"","publisher":{"@id":"https:\/\/middlechild.hr\/#organization"},"potentialAction":[{"@type":"SearchAction","target":{"@type":"EntryPoint","urlTemplate":"https:\/\/middlechild.hr\/?s={search_term_string}"},"query-input":{"@type":"PropertyValueSpecification","valueRequired":true,"valueName":"search_term_string"}}],"inLanguage":"en-GB"},{"@type":"Organization","@id":"https:\/\/middlechild.hr\/#organization","name":"Middle Child","url":"https:\/\/middlechild.hr\/","logo":{"@type":"ImageObject","inLanguage":"en-GB","@id":"https:\/\/middlechild.hr\/#\/schema\/logo\/image\/","url":"https:\/\/middlechild.hr\/wp-content\/uploads\/2025\/09\/Novi-Projekt.png","contentUrl":"https:\/\/middlechild.hr\/wp-content\/uploads\/2025\/09\/Novi-Projekt.png","width":953,"height":185,"caption":"Middle Child"},"image":{"@id":"https:\/\/middlechild.hr\/#\/schema\/logo\/image\/"}}]}},"jetpack_sharing_enabled":true,"_links":{"self":[{"href":"https:\/\/middlechild.hr\/en\/wp-json\/wp\/v2\/product\/75","targetHints":{"allow":["GET"]}}],"collection":[{"href":"https:\/\/middlechild.hr\/en\/wp-json\/wp\/v2\/product"}],"about":[{"href":"https:\/\/middlechild.hr\/en\/wp-json\/wp\/v2\/types\/product"}],"wp:featuredmedia":[{"embeddable":true,"href":"https:\/\/middlechild.hr\/en\/wp-json\/wp\/v2\/media\/225"}],"wp:attachment":[{"href":"https:\/\/middlechild.hr\/en\/wp-json\/wp\/v2\/media?parent=75"}],"wp:term":[{"taxonomy":"product_brand","embeddable":true,"href":"https:\/\/middlechild.hr\/en\/wp-json\/wp\/v2\/product_brand?post=75"},{"taxonomy":"product_cat","embeddable":true,"href":"https:\/\/middlechild.hr\/en\/wp-json\/wp\/v2\/product_cat?post=75"},{"taxonomy":"product_tag","embeddable":true,"href":"https:\/\/middlechild.hr\/en\/wp-json\/wp\/v2\/product_tag?post=75"}],"curies":[{"name":"wp","href":"https:\/\/api.w.org\/{rel}","templated":true}]}}