{"id":960,"date":"2025-10-13T14:24:16","date_gmt":"2025-10-13T12:24:16","guid":{"rendered":"https:\/\/middlechild.hr\/?post_type=product&#038;p=960"},"modified":"2026-04-07T08:08:36","modified_gmt":"2026-04-07T06:08:36","slug":"heorshe-ultra-wide-neck-bocica-za-bebe-160-ml-siva","status":"publish","type":"product","link":"https:\/\/middlechild.hr\/en\/product\/heorshe-ultra-wide-neck-bocica-za-bebe-160-ml-siva\/","title":{"rendered":"HeOrShe Ultra Wide Neck Bottle For Babies 160 ml Gray"},"content":{"rendered":"<h2>HeOrShe Ultra Wide Neck Bottle For Babies 160 ml Gray<\/h2>\n<p>HeOrShe Ultra Wide Neck Baby Bottle 160 ml - Grey is designed to give your baby a calm, natural and comfortable feeding experience from the first days.<\/p>\n<p>Perfect size for newborns and babies up to 3 months old, this vial has an ultra-wide opening that makes it easy to fill, clean and sterilize \u2013 without the need for a special brush.<\/p>\n<p>Ultra soft silicone mulberry mimics the feeling of mother's skin, which helps to smooth the transition from breastfeeding to bottle feeding. The special design also reduces air intake, thus reducing the risk of spasms and spasms and helping the baby to stay calm and satisfied.<\/p>\n<p>It is made of BPA-free food grade materials, lightweight, durable and suitable for everyday use and frequent washing. Elegant gray color gives a modern and gentle look, combining convenience and style in one product.<\/p>\n<p><strong>Materials:<\/strong><\/p>\n<p><strong>Silicone<\/strong> (base vial and mulberry)<\/p>\n<p><strong>PPSU<\/strong> (bottle neck)<\/p>\n<p><strong>PP<\/strong> (plug and ring)<\/p>\n<p><strong>Maximum temperature:<\/strong> 100 \u00b0C<\/p>\n<p><strong>Available sizes:<\/strong><\/p>\n<p><strong>160 ml \/ 5 oz S-flow<\/strong> \u2013 for babies 0-3 months old<\/p>\n<p>&nbsp;<\/p>\n<p><iframe title=\"HEORSHE Ultra Wide Neck Baby Bottle\" width=\"800\" height=\"450\" src=\"https:\/\/www.youtube.com\/embed\/jsARjGi6DZo?feature=oembed\" frameborder=\"0\" allow=\"accelerometer; autoplay; clipboard-write; encrypted-media; gyroscope; picture-in-picture; web-share\" referrerpolicy=\"strict-origin-when-cross-origin\" allowfullscreen><\/iframe><\/p>","protected":false},"excerpt":{"rendered":"<p><strong>Ultra Wide Neck Baby Bottle - Designed for a perfect start<\/strong><\/p>\n<p>Give your toddler a calming start with HEORSHE 160 ml ultra wide neck baby bottle in soft pink - perfect size for newborns and infants up to 3 months (with optional dude upgrade as they grow). Its ultra-wide opening makes cleaning, filling and sterilization easy \u2013 the vial brush is not required.<\/p>\n<p>Ultra soft silicone mulberry feels like a real one, helping to facilitate the transition from breastfeeding to bottle feeding. Carefully designed to limit excessive air intake, this vial helps reduce cramps and spasms \u2013 keeping your baby calm and comfortable.<\/p>\n<p>Made from premium BPA-free materials of nutritional quality, this bottle is lightweight but durable \u2013 made for everyday use and frequent cleaning. Gently pink shade adds a subtle, charming touch, making this bottle practical and beautiful.<\/p>\n<p>Whether you're at home or outside, the 160ml HEORSHE bottle gently pink provides safe, soothing feeding with simplicity and style.<\/p>\n<p><strong>Main Features:<\/strong><\/p>\n<p><strong>Feelings of feeding like breastfeeding<\/strong><\/p>\n<p>The soft, ultra-flexible silicone mulberry mimics the feeling of the skin, gently inviting babies to suck and helping to reduce the confusion of the nipples during the transition from breastfeeding.<\/p>\n<p><strong>Ultra wide neck for easy use<\/strong><\/p>\n<p>The spacious 65 mm door opening makes it easy to pour the formula, manual cleaning and sterilization - the preparation of feeding remains stress-free for working parents.<\/p>\n<p><strong>Design against colic<\/strong><\/p>\n<p>The built-in dual airflow features help to reduce ingested air, reducing the likelihood of colic, gases and spasms \u2013 encouraging calmer and more comfortable feeding.<\/p>\n<p><strong>Safe and durable materials<\/strong><\/p>\n<p>Made entirely from BPA-free medical quality materials, this bottle is designed to withstand everyday use while prioritising your baby's health.<\/p>\n<p><strong>Suitable for dishwasher washing and microwave use<\/strong><\/p>\n<p>The bottle can be washed in a dishwasher for easy cleaning and in a microwave for convenient heating.<\/p>\n<p><strong>Compact and ergonomic<\/strong><\/p>\n<p>With its sleek silhouette and lightweight construction, the 160 ml HEORSHE bottle is easy to hold, even in small hands \u2013 perfect for feeding on the go or cuddling late in the evening.<\/p>\n<p>Children's bottle with an ultra wide 160 ml neck comes with a S-flow pacifier and is recommended for babies from 0-3 months.<\/p>\n<p>This versatile vial combines gentle feeding, easy cleaning and reliable safety \u2013 making it thoughtful and essential for early parenting days.<\/p>\n<p>https:\/\/youtu.be\/jsARjGi6DZo<\/p>","protected":false},"featured_media":961,"template":"","meta":[],"product_brand":[],"product_cat":[53,54],"product_tag":[],"class_list":{"0":"post-960","1":"product","2":"type-product","3":"status-publish","4":"has-post-thumbnail","6":"product_cat-heorshe","7":"product_cat-ultra-wide-neck-bocica-za-bebe","9":"first","10":"instock","11":"taxable","12":"shipping-taxable","13":"purchasable","14":"product-type-simple","15":"wpzoom-wc-spi-has-enabled"},"yoast_head":"<!-- This site is optimized with the Yoast SEO plugin v27.2 - https:\/\/yoast.com\/product\/yoast-seo-wordpress\/ -->\n<title>Siva bo\u010dica za bebe zapremnine od 160 ml | Middle Child<\/title>\n<meta name=\"description\" content=\"HeOrShe siva bo\u010dica od 160 ml opona\u0161a maj\u010dinu dojku i olak\u0161ava hranjenje. Antibakterijski materijal i sustav protiv gr\u010deva pru\u017eaju maksimalnu sigurnost va\u0161oj bebi.\" \/>\n<meta name=\"robots\" content=\"index, follow, max-snippet:-1, max-image-preview:large, max-video-preview:-1\" \/>\n<link rel=\"canonical\" href=\"https:\/\/middlechild.hr\/en\/product\/heorshe-ultra-wide-neck-bocica-za-bebe-160-ml-siva\/\" \/>\n<meta property=\"og:locale\" content=\"en_GB\" \/>\n<meta property=\"og:type\" content=\"article\" \/>\n<meta property=\"og:title\" content=\"Siva bo\u010dica za bebe zapremnine od 160 ml | Middle Child\" \/>\n<meta property=\"og:description\" content=\"HeOrShe siva bo\u010dica od 160 ml opona\u0161a maj\u010dinu dojku i olak\u0161ava hranjenje. Antibakterijski materijal i sustav protiv gr\u010deva pru\u017eaju maksimalnu sigurnost va\u0161oj bebi.\" \/>\n<meta property=\"og:url\" content=\"https:\/\/middlechild.hr\/en\/product\/heorshe-ultra-wide-neck-bocica-za-bebe-160-ml-siva\/\" \/>\n<meta property=\"og:site_name\" content=\"Middle Child\" \/>\n<meta property=\"article:modified_time\" content=\"2026-04-07T06:08:36+00:00\" \/>\n<meta property=\"og:image\" content=\"https:\/\/middlechild.hr\/wp-content\/uploads\/2025\/10\/grey_bottle_sm.webp\" \/>\n\t<meta property=\"og:image:width\" content=\"1080\" \/>\n\t<meta property=\"og:image:height\" content=\"1080\" \/>\n\t<meta property=\"og:image:type\" content=\"image\/webp\" \/>\n<meta name=\"twitter:card\" content=\"summary_large_image\" \/>\n<meta name=\"twitter:label1\" content=\"Estimated reading time\" \/>\n\t<meta name=\"twitter:data1\" content=\"2 minutes\" \/>\n<script type=\"application\/ld+json\" class=\"yoast-schema-graph\">{\"@context\":\"https:\/\/schema.org\",\"@graph\":[{\"@type\":\"WebPage\",\"@id\":\"https:\/\/middlechild.hr\/proizvod\/heorshe-ultra-wide-neck-bocica-za-bebe-160-ml-siva\/\",\"url\":\"https:\/\/middlechild.hr\/proizvod\/heorshe-ultra-wide-neck-bocica-za-bebe-160-ml-siva\/\",\"name\":\"Siva bo\u010dica za bebe zapremnine od 160 ml | Middle Child\",\"isPartOf\":{\"@id\":\"https:\/\/middlechild.hr\/#website\"},\"primaryImageOfPage\":{\"@id\":\"https:\/\/middlechild.hr\/proizvod\/heorshe-ultra-wide-neck-bocica-za-bebe-160-ml-siva\/#primaryimage\"},\"image\":{\"@id\":\"https:\/\/middlechild.hr\/proizvod\/heorshe-ultra-wide-neck-bocica-za-bebe-160-ml-siva\/#primaryimage\"},\"thumbnailUrl\":\"https:\/\/middlechild.hr\/wp-content\/uploads\/2025\/10\/grey_bottle_sm.webp\",\"datePublished\":\"2025-10-13T12:24:16+00:00\",\"dateModified\":\"2026-04-07T06:08:36+00:00\",\"description\":\"HeOrShe siva bo\u010dica od 160 ml opona\u0161a maj\u010dinu dojku i olak\u0161ava hranjenje. Antibakterijski materijal i sustav protiv gr\u010deva pru\u017eaju maksimalnu sigurnost va\u0161oj bebi.\",\"breadcrumb\":{\"@id\":\"https:\/\/middlechild.hr\/proizvod\/heorshe-ultra-wide-neck-bocica-za-bebe-160-ml-siva\/#breadcrumb\"},\"inLanguage\":\"en-GB\",\"potentialAction\":[{\"@type\":\"ReadAction\",\"target\":[\"https:\/\/middlechild.hr\/proizvod\/heorshe-ultra-wide-neck-bocica-za-bebe-160-ml-siva\/\"]}]},{\"@type\":\"ImageObject\",\"inLanguage\":\"en-GB\",\"@id\":\"https:\/\/middlechild.hr\/proizvod\/heorshe-ultra-wide-neck-bocica-za-bebe-160-ml-siva\/#primaryimage\",\"url\":\"https:\/\/middlechild.hr\/wp-content\/uploads\/2025\/10\/grey_bottle_sm.webp\",\"contentUrl\":\"https:\/\/middlechild.hr\/wp-content\/uploads\/2025\/10\/grey_bottle_sm.webp\",\"width\":1080,\"height\":1080,\"caption\":\"HeOrShe Ultra Wide Neck Bo\u010dica Za Bebe 160 ml Siva\"},{\"@type\":\"BreadcrumbList\",\"@id\":\"https:\/\/middlechild.hr\/proizvod\/heorshe-ultra-wide-neck-bocica-za-bebe-160-ml-siva\/#breadcrumb\",\"itemListElement\":[{\"@type\":\"ListItem\",\"position\":1,\"name\":\"Po\u010detna stranica\",\"item\":\"https:\/\/middlechild.hr\/\"},{\"@type\":\"ListItem\",\"position\":2,\"name\":\"Trgovina\",\"item\":\"https:\/\/middlechild.hr\/trgovina\/\"},{\"@type\":\"ListItem\",\"position\":3,\"name\":\"HeOrShe Ultra Wide Neck Bo\u010dica Za Bebe 160 ml Siva\"}]},{\"@type\":\"WebSite\",\"@id\":\"https:\/\/middlechild.hr\/#website\",\"url\":\"https:\/\/middlechild.hr\/\",\"name\":\"Middle Child\",\"description\":\"\",\"publisher\":{\"@id\":\"https:\/\/middlechild.hr\/#organization\"},\"potentialAction\":[{\"@type\":\"SearchAction\",\"target\":{\"@type\":\"EntryPoint\",\"urlTemplate\":\"https:\/\/middlechild.hr\/?s={search_term_string}\"},\"query-input\":{\"@type\":\"PropertyValueSpecification\",\"valueRequired\":true,\"valueName\":\"search_term_string\"}}],\"inLanguage\":\"en-GB\"},{\"@type\":\"Organization\",\"@id\":\"https:\/\/middlechild.hr\/#organization\",\"name\":\"Middle Child\",\"url\":\"https:\/\/middlechild.hr\/\",\"logo\":{\"@type\":\"ImageObject\",\"inLanguage\":\"en-GB\",\"@id\":\"https:\/\/middlechild.hr\/#\/schema\/logo\/image\/\",\"url\":\"https:\/\/middlechild.hr\/wp-content\/uploads\/2025\/09\/Novi-Projekt.png\",\"contentUrl\":\"https:\/\/middlechild.hr\/wp-content\/uploads\/2025\/09\/Novi-Projekt.png\",\"width\":953,\"height\":185,\"caption\":\"Middle Child\"},\"image\":{\"@id\":\"https:\/\/middlechild.hr\/#\/schema\/logo\/image\/\"}}]}<\/script>\n<!-- \/ Yoast SEO plugin. -->","yoast_head_json":{"title":"Siva bo\u010dica za bebe zapremnine od 160 ml | Middle Child","description":"HeOrShe siva bo\u010dica od 160 ml opona\u0161a maj\u010dinu dojku i olak\u0161ava hranjenje. Antibakterijski materijal i sustav protiv gr\u010deva pru\u017eaju maksimalnu sigurnost va\u0161oj bebi.","robots":{"index":"index","follow":"follow","max-snippet":"max-snippet:-1","max-image-preview":"max-image-preview:large","max-video-preview":"max-video-preview:-1"},"canonical":"https:\/\/middlechild.hr\/en\/product\/heorshe-ultra-wide-neck-bocica-za-bebe-160-ml-siva\/","og_locale":"en_GB","og_type":"article","og_title":"Siva bo\u010dica za bebe zapremnine od 160 ml | Middle Child","og_description":"HeOrShe siva bo\u010dica od 160 ml opona\u0161a maj\u010dinu dojku i olak\u0161ava hranjenje. Antibakterijski materijal i sustav protiv gr\u010deva pru\u017eaju maksimalnu sigurnost va\u0161oj bebi.","og_url":"https:\/\/middlechild.hr\/en\/product\/heorshe-ultra-wide-neck-bocica-za-bebe-160-ml-siva\/","og_site_name":"Middle Child","article_modified_time":"2026-04-07T06:08:36+00:00","og_image":[{"width":1080,"height":1080,"url":"https:\/\/middlechild.hr\/wp-content\/uploads\/2025\/10\/grey_bottle_sm.webp","type":"image\/webp"}],"twitter_card":"summary_large_image","twitter_misc":{"Estimated reading time":"2 minutes"},"schema":{"@context":"https:\/\/schema.org","@graph":[{"@type":"WebPage","@id":"https:\/\/middlechild.hr\/proizvod\/heorshe-ultra-wide-neck-bocica-za-bebe-160-ml-siva\/","url":"https:\/\/middlechild.hr\/proizvod\/heorshe-ultra-wide-neck-bocica-za-bebe-160-ml-siva\/","name":"Siva bo\u010dica za bebe zapremnine od 160 ml | Middle Child","isPartOf":{"@id":"https:\/\/middlechild.hr\/#website"},"primaryImageOfPage":{"@id":"https:\/\/middlechild.hr\/proizvod\/heorshe-ultra-wide-neck-bocica-za-bebe-160-ml-siva\/#primaryimage"},"image":{"@id":"https:\/\/middlechild.hr\/proizvod\/heorshe-ultra-wide-neck-bocica-za-bebe-160-ml-siva\/#primaryimage"},"thumbnailUrl":"https:\/\/middlechild.hr\/wp-content\/uploads\/2025\/10\/grey_bottle_sm.webp","datePublished":"2025-10-13T12:24:16+00:00","dateModified":"2026-04-07T06:08:36+00:00","description":"HeOrShe siva bo\u010dica od 160 ml opona\u0161a maj\u010dinu dojku i olak\u0161ava hranjenje. Antibakterijski materijal i sustav protiv gr\u010deva pru\u017eaju maksimalnu sigurnost va\u0161oj bebi.","breadcrumb":{"@id":"https:\/\/middlechild.hr\/proizvod\/heorshe-ultra-wide-neck-bocica-za-bebe-160-ml-siva\/#breadcrumb"},"inLanguage":"en-GB","potentialAction":[{"@type":"ReadAction","target":["https:\/\/middlechild.hr\/proizvod\/heorshe-ultra-wide-neck-bocica-za-bebe-160-ml-siva\/"]}]},{"@type":"ImageObject","inLanguage":"en-GB","@id":"https:\/\/middlechild.hr\/proizvod\/heorshe-ultra-wide-neck-bocica-za-bebe-160-ml-siva\/#primaryimage","url":"https:\/\/middlechild.hr\/wp-content\/uploads\/2025\/10\/grey_bottle_sm.webp","contentUrl":"https:\/\/middlechild.hr\/wp-content\/uploads\/2025\/10\/grey_bottle_sm.webp","width":1080,"height":1080,"caption":"HeOrShe Ultra Wide Neck Bo\u010dica Za Bebe 160 ml Siva"},{"@type":"BreadcrumbList","@id":"https:\/\/middlechild.hr\/proizvod\/heorshe-ultra-wide-neck-bocica-za-bebe-160-ml-siva\/#breadcrumb","itemListElement":[{"@type":"ListItem","position":1,"name":"Po\u010detna stranica","item":"https:\/\/middlechild.hr\/"},{"@type":"ListItem","position":2,"name":"Trgovina","item":"https:\/\/middlechild.hr\/trgovina\/"},{"@type":"ListItem","position":3,"name":"HeOrShe Ultra Wide Neck Bo\u010dica Za Bebe 160 ml Siva"}]},{"@type":"WebSite","@id":"https:\/\/middlechild.hr\/#website","url":"https:\/\/middlechild.hr\/","name":"Middle Child","description":"","publisher":{"@id":"https:\/\/middlechild.hr\/#organization"},"potentialAction":[{"@type":"SearchAction","target":{"@type":"EntryPoint","urlTemplate":"https:\/\/middlechild.hr\/?s={search_term_string}"},"query-input":{"@type":"PropertyValueSpecification","valueRequired":true,"valueName":"search_term_string"}}],"inLanguage":"en-GB"},{"@type":"Organization","@id":"https:\/\/middlechild.hr\/#organization","name":"Middle Child","url":"https:\/\/middlechild.hr\/","logo":{"@type":"ImageObject","inLanguage":"en-GB","@id":"https:\/\/middlechild.hr\/#\/schema\/logo\/image\/","url":"https:\/\/middlechild.hr\/wp-content\/uploads\/2025\/09\/Novi-Projekt.png","contentUrl":"https:\/\/middlechild.hr\/wp-content\/uploads\/2025\/09\/Novi-Projekt.png","width":953,"height":185,"caption":"Middle Child"},"image":{"@id":"https:\/\/middlechild.hr\/#\/schema\/logo\/image\/"}}]}},"jetpack_sharing_enabled":true,"_links":{"self":[{"href":"https:\/\/middlechild.hr\/en\/wp-json\/wp\/v2\/product\/960","targetHints":{"allow":["GET"]}}],"collection":[{"href":"https:\/\/middlechild.hr\/en\/wp-json\/wp\/v2\/product"}],"about":[{"href":"https:\/\/middlechild.hr\/en\/wp-json\/wp\/v2\/types\/product"}],"wp:featuredmedia":[{"embeddable":true,"href":"https:\/\/middlechild.hr\/en\/wp-json\/wp\/v2\/media\/961"}],"wp:attachment":[{"href":"https:\/\/middlechild.hr\/en\/wp-json\/wp\/v2\/media?parent=960"}],"wp:term":[{"taxonomy":"product_brand","embeddable":true,"href":"https:\/\/middlechild.hr\/en\/wp-json\/wp\/v2\/product_brand?post=960"},{"taxonomy":"product_cat","embeddable":true,"href":"https:\/\/middlechild.hr\/en\/wp-json\/wp\/v2\/product_cat?post=960"},{"taxonomy":"product_tag","embeddable":true,"href":"https:\/\/middlechild.hr\/en\/wp-json\/wp\/v2\/product_tag?post=960"}],"curies":[{"name":"wp","href":"https:\/\/api.w.org\/{rel}","templated":true}]}}